{"id":41309,"date":"2023-04-14T22:01:56","date_gmt":"2023-04-14T22:01:56","guid":{"rendered":"https:\/\/toys.lt\/produktas\/clementoni-bernu-rotallietu-projektors-lady-bug\/"},"modified":"2026-04-08T00:02:55","modified_gmt":"2026-04-08T00:02:55","slug":"clementoni-bernu-rotallietu-projektors-lady-bug","status":"publish","type":"product","link":"https:\/\/toys.lt\/lv\/produktas\/clementoni-bernu-rotallietu-projektors-lady-bug\/","title":{"rendered":"Clementoni B\u0113rnu rota\u013clietu projektors &#8220;Lady Bug&#8221;"},"content":{"rendered":"<p class=\"MsoNormal\" style=\"margin: 0px;font-size: medium;color: #7a7a7a;padding: 0px;line-height: inherit;border: 0px;font-family: Roboto, sans-serif;background-color: #fefefe;text-align: center\" align=\"center\"><i style=\"line-height: inherit;margin: 0px;padding: 0px;border: 0px;font-variant: inherit;font-weight: inherit;font-size: inherit;font-family: inherit\"><span style=\"margin: 0px;padding: 0px;border: 0px;font-style: inherit;font-variant: inherit;font-weight: inherit;font-size: 8.5pt;line-height: inherit;font-family: Verdana, sans-serif;color: #000000\">Clementoni &#8211; dibin\u0101ts It\u0101lij\u0101 un veiksm\u012bgi darbojas jau vair\u0101k nek\u0101 50 gadus! Uz\u0146\u0113muma misija ir rad\u012bt sp\u0113les, kas pal\u012bdz b\u0113rniem augt.   <\/span><\/i><\/p>\n<p class=\"MsoNormal\" style=\"margin: 0px;font-size: medium;color: #7a7a7a;padding: 0px;line-height: inherit;border: 0px;font-family: Roboto, sans-serif;background-color: #fefefe;text-align: center\" align=\"center\"><i style=\"line-height: inherit;margin: 0px;padding: 0px;border: 0px;font-variant: inherit;font-weight: inherit;font-size: inherit;font-family: inherit\"><span style=\"margin: 0px;padding: 0px;border: 0px;font-style: inherit;font-variant: inherit;font-weight: inherit;font-size: 8.5pt;line-height: inherit;font-family: Verdana, sans-serif;color: #000000\">Tas viss ir izstr\u0101d\u0101ts, lai apmierin\u0101tu jaunie\u0161u vajadz\u012bbas, \u0146emot v\u0113r\u0101 m\u016bsdienu tehnolo\u0123ijas un glob\u0101l\u0101s izgl\u012bt\u012bbas tendences.<\/span><\/i><\/p>\n<p><strong>Funkcijas:<\/strong><\/p>\n<ul style=\"list-style-type: square\">\n<li>Gaismas projekcija<\/li>\n<li>Nomierino\u0161as melodijas, kas pal\u012bdz mazulim aizmigt<\/li>\n<li>\u0112rti piestiprin\u0101ms pie b\u0113rnu gulti\u0146as vai to var novietot<\/li>\n<\/ul>\n","protected":false},"excerpt":{"rendered":"<p>Preces veids: projektors<\/p>\n<p>Z\u012bmola nosaukums: Clementoni<\/p>\n<p>Izcelsmes valsts: It\u0101lija<\/p>\n<p>Izm\u0113ri: 25 x 10 x 22 cm<\/p>\n<p>Ieteicamais vecums: no 0 gadiem<\/p>\n<p>Nepiecie\u0161amie elementi: 3 x AA<\/p>\n","protected":false},"featured_media":39135,"comment_status":"open","ping_status":"closed","template":"","meta":[],"product_brand":[384],"product_cat":[1183,1157,1155],"product_tag":[],"class_list":{"0":"post-41309","1":"product","2":"type-product","3":"status-publish","4":"has-post-thumbnail","6":"product_brand-clementoni-2","7":"product_cat-rotallietas-maziem-berniem","8":"product_cat-izglitojosas-un-interaktivas-rotallietas","9":"product_cat-leti","10":"pa_amziaus-grupe-0-lv","11":"pa_prek-s-tipas-muzikalas-rotallietas","12":"pa_prekes-zenklas-clementoni-lv","14":"first","15":"outofstock","16":"sale","17":"taxable","18":"shipping-taxable","19":"purchasable","20":"product-type-simple"},"yoast_head":"<!-- This site is optimized with the Yoast SEO plugin v26.3 - https:\/\/yoast.com\/wordpress\/plugins\/seo\/ -->\n<title>Clementoni B\u0113rnu rota\u013clietu projektors &quot;Lady Bug&quot; - Toys.lt<\/title>\n<meta name=\"robots\" content=\"index, follow, max-snippet:-1, max-image-preview:large, max-video-preview:-1\" \/>\n<link rel=\"canonical\" href=\"https:\/\/toys.lt\/lv\/produktas\/clementoni-bernu-rotallietu-projektors-lady-bug\/\" \/>\n<meta property=\"og:locale\" content=\"lv_LV\" \/>\n<meta property=\"og:type\" content=\"article\" \/>\n<meta property=\"og:title\" content=\"Clementoni B\u0113rnu rota\u013clietu projektors &quot;Lady Bug&quot; - Toys.lt\" \/>\n<meta property=\"og:description\" content=\"Preces veids: projektors Z\u012bmola nosaukums: Clementoni Izcelsmes valsts: It\u0101lija Izm\u0113ri: 25 x 10 x 22 cm Ieteicamais vecums: no 0 gadiem Nepiecie\u0161amie elementi: 3 x AA\" \/>\n<meta property=\"og:url\" content=\"https:\/\/toys.lt\/lv\/produktas\/clementoni-bernu-rotallietu-projektors-lady-bug\/\" \/>\n<meta property=\"og:site_name\" content=\"Toys.lt\" \/>\n<meta property=\"article:modified_time\" content=\"2026-04-08T00:02:55+00:00\" \/>\n<meta property=\"og:image\" content=\"https:\/\/toys.lt\/wp-content\/uploads\/2023\/04\/products-4598.jpg\" \/>\n\t<meta property=\"og:image:width\" content=\"1500\" \/>\n\t<meta property=\"og:image:height\" content=\"901\" \/>\n\t<meta property=\"og:image:type\" content=\"image\/jpeg\" \/>\n<meta name=\"twitter:card\" content=\"summary_large_image\" \/>\n<script type=\"application\/ld+json\" class=\"yoast-schema-graph\">{\"@context\":\"https:\/\/schema.org\",\"@graph\":[{\"@type\":\"WebPage\",\"@id\":\"https:\/\/toys.lt\/lv\/produktas\/clementoni-bernu-rotallietu-projektors-lady-bug\/\",\"url\":\"https:\/\/toys.lt\/lv\/produktas\/clementoni-bernu-rotallietu-projektors-lady-bug\/\",\"name\":\"Clementoni B\u0113rnu rota\u013clietu projektors \\\"Lady Bug\\\" - Toys.lt\",\"isPartOf\":{\"@id\":\"https:\/\/toys.lt\/lv\/#website\"},\"primaryImageOfPage\":{\"@id\":\"https:\/\/toys.lt\/lv\/produktas\/clementoni-bernu-rotallietu-projektors-lady-bug\/#primaryimage\"},\"image\":{\"@id\":\"https:\/\/toys.lt\/lv\/produktas\/clementoni-bernu-rotallietu-projektors-lady-bug\/#primaryimage\"},\"thumbnailUrl\":\"https:\/\/toys.lt\/wp-content\/uploads\/2023\/04\/products-4598.jpg\",\"datePublished\":\"2023-04-14T22:01:56+00:00\",\"dateModified\":\"2026-04-08T00:02:55+00:00\",\"breadcrumb\":{\"@id\":\"https:\/\/toys.lt\/lv\/produktas\/clementoni-bernu-rotallietu-projektors-lady-bug\/#breadcrumb\"},\"inLanguage\":\"lv-LV\",\"potentialAction\":[{\"@type\":\"ReadAction\",\"target\":[\"https:\/\/toys.lt\/lv\/produktas\/clementoni-bernu-rotallietu-projektors-lady-bug\/\"]}]},{\"@type\":\"ImageObject\",\"inLanguage\":\"lv-LV\",\"@id\":\"https:\/\/toys.lt\/lv\/produktas\/clementoni-bernu-rotallietu-projektors-lady-bug\/#primaryimage\",\"url\":\"https:\/\/toys.lt\/wp-content\/uploads\/2023\/04\/products-4598.jpg\",\"contentUrl\":\"https:\/\/toys.lt\/wp-content\/uploads\/2023\/04\/products-4598.jpg\",\"width\":1500,\"height\":901,\"caption\":\"Clementoni Baby \u017eaislas &#8211; projektorius &#8220;Lady Bug&#8221;\"},{\"@type\":\"BreadcrumbList\",\"@id\":\"https:\/\/toys.lt\/lv\/produktas\/clementoni-bernu-rotallietu-projektors-lady-bug\/#breadcrumb\",\"itemListElement\":[{\"@type\":\"ListItem\",\"position\":1,\"name\":\"Home\",\"item\":\"https:\/\/toys.lt\/lv\/\"},{\"@type\":\"ListItem\",\"position\":2,\"name\":\"Veikals\",\"item\":\"https:\/\/toys.lt\/lv\/shop\/\"},{\"@type\":\"ListItem\",\"position\":3,\"name\":\"Clementoni B\u0113rnu rota\u013clietu projektors &#8222;Lady Bug&#8221;\"}]},{\"@type\":\"WebSite\",\"@id\":\"https:\/\/toys.lt\/lv\/#website\",\"url\":\"https:\/\/toys.lt\/lv\/\",\"name\":\"Toys.lt\",\"description\":\"\",\"potentialAction\":[{\"@type\":\"SearchAction\",\"target\":{\"@type\":\"EntryPoint\",\"urlTemplate\":\"https:\/\/toys.lt\/lv\/?s={search_term_string}\"},\"query-input\":{\"@type\":\"PropertyValueSpecification\",\"valueRequired\":true,\"valueName\":\"search_term_string\"}}],\"inLanguage\":\"lv-LV\"}]}<\/script>\n<!-- \/ Yoast SEO plugin. -->","yoast_head_json":{"title":"Clementoni B\u0113rnu rota\u013clietu projektors \"Lady Bug\" - Toys.lt","robots":{"index":"index","follow":"follow","max-snippet":"max-snippet:-1","max-image-preview":"max-image-preview:large","max-video-preview":"max-video-preview:-1"},"canonical":"https:\/\/toys.lt\/lv\/produktas\/clementoni-bernu-rotallietu-projektors-lady-bug\/","og_locale":"lv_LV","og_type":"article","og_title":"Clementoni B\u0113rnu rota\u013clietu projektors \"Lady Bug\" - Toys.lt","og_description":"Preces veids: projektors Z\u012bmola nosaukums: Clementoni Izcelsmes valsts: It\u0101lija Izm\u0113ri: 25 x 10 x 22 cm Ieteicamais vecums: no 0 gadiem Nepiecie\u0161amie elementi: 3 x AA","og_url":"https:\/\/toys.lt\/lv\/produktas\/clementoni-bernu-rotallietu-projektors-lady-bug\/","og_site_name":"Toys.lt","article_modified_time":"2026-04-08T00:02:55+00:00","og_image":[{"width":1500,"height":901,"url":"https:\/\/toys.lt\/wp-content\/uploads\/2023\/04\/products-4598.jpg","type":"image\/jpeg"}],"twitter_card":"summary_large_image","schema":{"@context":"https:\/\/schema.org","@graph":[{"@type":"WebPage","@id":"https:\/\/toys.lt\/lv\/produktas\/clementoni-bernu-rotallietu-projektors-lady-bug\/","url":"https:\/\/toys.lt\/lv\/produktas\/clementoni-bernu-rotallietu-projektors-lady-bug\/","name":"Clementoni B\u0113rnu rota\u013clietu projektors \"Lady Bug\" - Toys.lt","isPartOf":{"@id":"https:\/\/toys.lt\/lv\/#website"},"primaryImageOfPage":{"@id":"https:\/\/toys.lt\/lv\/produktas\/clementoni-bernu-rotallietu-projektors-lady-bug\/#primaryimage"},"image":{"@id":"https:\/\/toys.lt\/lv\/produktas\/clementoni-bernu-rotallietu-projektors-lady-bug\/#primaryimage"},"thumbnailUrl":"https:\/\/toys.lt\/wp-content\/uploads\/2023\/04\/products-4598.jpg","datePublished":"2023-04-14T22:01:56+00:00","dateModified":"2026-04-08T00:02:55+00:00","breadcrumb":{"@id":"https:\/\/toys.lt\/lv\/produktas\/clementoni-bernu-rotallietu-projektors-lady-bug\/#breadcrumb"},"inLanguage":"lv-LV","potentialAction":[{"@type":"ReadAction","target":["https:\/\/toys.lt\/lv\/produktas\/clementoni-bernu-rotallietu-projektors-lady-bug\/"]}]},{"@type":"ImageObject","inLanguage":"lv-LV","@id":"https:\/\/toys.lt\/lv\/produktas\/clementoni-bernu-rotallietu-projektors-lady-bug\/#primaryimage","url":"https:\/\/toys.lt\/wp-content\/uploads\/2023\/04\/products-4598.jpg","contentUrl":"https:\/\/toys.lt\/wp-content\/uploads\/2023\/04\/products-4598.jpg","width":1500,"height":901,"caption":"Clementoni Baby \u017eaislas &#8211; projektorius &#8220;Lady Bug&#8221;"},{"@type":"BreadcrumbList","@id":"https:\/\/toys.lt\/lv\/produktas\/clementoni-bernu-rotallietu-projektors-lady-bug\/#breadcrumb","itemListElement":[{"@type":"ListItem","position":1,"name":"Home","item":"https:\/\/toys.lt\/lv\/"},{"@type":"ListItem","position":2,"name":"Veikals","item":"https:\/\/toys.lt\/lv\/shop\/"},{"@type":"ListItem","position":3,"name":"Clementoni B\u0113rnu rota\u013clietu projektors &#8222;Lady Bug&#8221;"}]},{"@type":"WebSite","@id":"https:\/\/toys.lt\/lv\/#website","url":"https:\/\/toys.lt\/lv\/","name":"Toys.lt","description":"","potentialAction":[{"@type":"SearchAction","target":{"@type":"EntryPoint","urlTemplate":"https:\/\/toys.lt\/lv\/?s={search_term_string}"},"query-input":{"@type":"PropertyValueSpecification","valueRequired":true,"valueName":"search_term_string"}}],"inLanguage":"lv-LV"}]}},"_links":{"self":[{"href":"https:\/\/toys.lt\/lv\/wp-json\/wp\/v2\/product\/41309","targetHints":{"allow":["GET"]}}],"collection":[{"href":"https:\/\/toys.lt\/lv\/wp-json\/wp\/v2\/product"}],"about":[{"href":"https:\/\/toys.lt\/lv\/wp-json\/wp\/v2\/types\/product"}],"replies":[{"embeddable":true,"href":"https:\/\/toys.lt\/lv\/wp-json\/wp\/v2\/comments?post=41309"}],"version-history":[{"count":2,"href":"https:\/\/toys.lt\/lv\/wp-json\/wp\/v2\/product\/41309\/revisions"}],"predecessor-version":[{"id":45901,"href":"https:\/\/toys.lt\/lv\/wp-json\/wp\/v2\/product\/41309\/revisions\/45901"}],"wp:featuredmedia":[{"embeddable":true,"href":"https:\/\/toys.lt\/lv\/wp-json\/wp\/v2\/media\/39135"}],"wp:attachment":[{"href":"https:\/\/toys.lt\/lv\/wp-json\/wp\/v2\/media?parent=41309"}],"wp:term":[{"taxonomy":"product_brand","embeddable":true,"href":"https:\/\/toys.lt\/lv\/wp-json\/wp\/v2\/product_brand?post=41309"},{"taxonomy":"product_cat","embeddable":true,"href":"https:\/\/toys.lt\/lv\/wp-json\/wp\/v2\/product_cat?post=41309"},{"taxonomy":"product_tag","embeddable":true,"href":"https:\/\/toys.lt\/lv\/wp-json\/wp\/v2\/product_tag?post=41309"}],"curies":[{"name":"wp","href":"https:\/\/api.w.org\/{rel}","templated":true}]}}