{"id":41306,"date":"2023-03-19T18:18:04","date_gmt":"2023-03-19T18:18:04","guid":{"rendered":"https:\/\/toys.lt\/produktas\/ara-baseins-intex-easy-set-305x76-cm-ar-udens-filtru\/"},"modified":"2026-04-08T00:03:09","modified_gmt":"2026-04-08T00:03:09","slug":"ara-baseins-intex-easy-set-305x76-cm-ar-udens-filtru","status":"publish","type":"product","link":"https:\/\/toys.lt\/lv\/produktas\/ara-baseins-intex-easy-set-305x76-cm-ar-udens-filtru\/","title":{"rendered":"\u0100ra baseins INTEX Easy Set 305&#215;76 cm, ar \u016bdens filtru"},"content":{"rendered":"<p>Viegli un \u0101tri uzst\u0101d\u0101ms <strong>piep\u016b\u0161amais \u0101ra baseins<\/strong>. Vienk\u0101r\u0161i novietojiet uz l\u012bdzenas virsmas, piep\u016bst un piepildiet ar \u016bdeni. S\u016bknis \u0101tri piepilda baseinu, un Krystal Clear k\u0101rtrid\u017ea filtrs nodro\u0161ina t\u012bru \u016bdeni.  <\/p>\n<ul style=\"list-style-type: disc;\">\n<li>Baseina izm\u0113ri: 305 x 76 cm<\/li>\n<li>Iepakojuma izm\u0113ri: 39 x 38 x 11 cm<\/li>\n<li>Svars: 30 kg<\/li>\n<li>\u016adens tilpums: 3853 litri (80%)<\/li>\n<li>S\u016bk\u0146a pl\u016bsma: 250 l\/h<\/li>\n<li>\u016adens uzpildes laiks: 10 min\u016btes<\/li>\n<\/ul>\n","protected":false},"excerpt":{"rendered":"<p>Izstr\u0101d\u0101juma veids: baseins<\/p>\n<p>Baseina izm\u0113ri: 305 x 76 cm<\/p>\n<p>Iepakojuma izm\u0113ri: 39 x 38 x 11 cm<\/p>\n<p>Svars: 10 kg<\/p>\n<p>\u016adens tilpums: 3853 litri (80%)<\/p>\n<p>S\u016bk\u0146a pl\u016bsmas \u0101trums: 250 l\/h<\/p>\n<p>Uzpild\u012b\u0161anas laiks: 10 min\u016btes<\/p>\n<p>Ieteicamais vecums: 6 gadi un vair\u0101k<\/p>\n","protected":false},"featured_media":38715,"comment_status":"open","ping_status":"closed","template":"","meta":[],"product_brand":[],"product_cat":[1201,1155],"product_tag":[],"class_list":{"0":"post-41306","1":"product","2":"type-product","3":"status-publish","4":"has-post-thumbnail","6":"product_cat-peldbaseini","7":"product_cat-leti","8":"pa_amziaus-grupe-6-lv","9":"pa_prek-s-tipas-peldbaseini","10":"pa_prekes-zenklas-intex-lv","12":"first","13":"instock","14":"taxable","15":"shipping-taxable","16":"purchasable","17":"product-type-simple"},"yoast_head":"<!-- This site is optimized with the Yoast SEO plugin v26.3 - https:\/\/yoast.com\/wordpress\/plugins\/seo\/ -->\n<title>\u0100ra baseins INTEX Easy Set 305x76 cm, ar \u016bdens filtru - Toys.lt<\/title>\n<meta name=\"robots\" content=\"index, follow, max-snippet:-1, max-image-preview:large, max-video-preview:-1\" \/>\n<link rel=\"canonical\" href=\"https:\/\/toys.lt\/lv\/produktas\/ara-baseins-intex-easy-set-305x76-cm-ar-udens-filtru\/\" \/>\n<meta property=\"og:locale\" content=\"lv_LV\" \/>\n<meta property=\"og:type\" content=\"article\" \/>\n<meta property=\"og:title\" content=\"\u0100ra baseins INTEX Easy Set 305x76 cm, ar \u016bdens filtru - Toys.lt\" \/>\n<meta property=\"og:description\" content=\"Izstr\u0101d\u0101juma veids: baseins Baseina izm\u0113ri: 305 x 76 cm Iepakojuma izm\u0113ri: 39 x 38 x 11 cm Svars: 10 kg \u016adens tilpums: 3853 litri (80%) S\u016bk\u0146a pl\u016bsmas \u0101trums: 250 l\/h Uzpild\u012b\u0161anas laiks: 10 min\u016btes Ieteicamais vecums: 6 gadi un vair\u0101k\" \/>\n<meta property=\"og:url\" content=\"https:\/\/toys.lt\/lv\/produktas\/ara-baseins-intex-easy-set-305x76-cm-ar-udens-filtru\/\" \/>\n<meta property=\"og:site_name\" content=\"Toys.lt\" \/>\n<meta property=\"article:modified_time\" content=\"2026-04-08T00:03:09+00:00\" \/>\n<meta property=\"og:image\" content=\"https:\/\/toys.lt\/wp-content\/uploads\/2023\/03\/products-3700-scaled.jpg\" \/>\n\t<meta property=\"og:image:width\" content=\"2560\" \/>\n\t<meta property=\"og:image:height\" content=\"1778\" \/>\n\t<meta property=\"og:image:type\" content=\"image\/jpeg\" \/>\n<meta name=\"twitter:card\" content=\"summary_large_image\" \/>\n<script type=\"application\/ld+json\" class=\"yoast-schema-graph\">{\"@context\":\"https:\/\/schema.org\",\"@graph\":[{\"@type\":\"WebPage\",\"@id\":\"https:\/\/toys.lt\/lv\/produktas\/ara-baseins-intex-easy-set-305x76-cm-ar-udens-filtru\/\",\"url\":\"https:\/\/toys.lt\/lv\/produktas\/ara-baseins-intex-easy-set-305x76-cm-ar-udens-filtru\/\",\"name\":\"\u0100ra baseins INTEX Easy Set 305x76 cm, ar \u016bdens filtru - Toys.lt\",\"isPartOf\":{\"@id\":\"https:\/\/toys.lt\/lv\/#website\"},\"primaryImageOfPage\":{\"@id\":\"https:\/\/toys.lt\/lv\/produktas\/ara-baseins-intex-easy-set-305x76-cm-ar-udens-filtru\/#primaryimage\"},\"image\":{\"@id\":\"https:\/\/toys.lt\/lv\/produktas\/ara-baseins-intex-easy-set-305x76-cm-ar-udens-filtru\/#primaryimage\"},\"thumbnailUrl\":\"https:\/\/toys.lt\/wp-content\/uploads\/2023\/03\/products-3700-scaled.jpg\",\"datePublished\":\"2023-03-19T18:18:04+00:00\",\"dateModified\":\"2026-04-08T00:03:09+00:00\",\"breadcrumb\":{\"@id\":\"https:\/\/toys.lt\/lv\/produktas\/ara-baseins-intex-easy-set-305x76-cm-ar-udens-filtru\/#breadcrumb\"},\"inLanguage\":\"lv-LV\",\"potentialAction\":[{\"@type\":\"ReadAction\",\"target\":[\"https:\/\/toys.lt\/lv\/produktas\/ara-baseins-intex-easy-set-305x76-cm-ar-udens-filtru\/\"]}]},{\"@type\":\"ImageObject\",\"inLanguage\":\"lv-LV\",\"@id\":\"https:\/\/toys.lt\/lv\/produktas\/ara-baseins-intex-easy-set-305x76-cm-ar-udens-filtru\/#primaryimage\",\"url\":\"https:\/\/toys.lt\/wp-content\/uploads\/2023\/03\/products-3700-scaled.jpg\",\"contentUrl\":\"https:\/\/toys.lt\/wp-content\/uploads\/2023\/03\/products-3700-scaled.jpg\",\"width\":2560,\"height\":1778,\"caption\":\"Lauko baseinas INTEX Easy Set 305&#215;76 cm, su vandens filtru\"},{\"@type\":\"BreadcrumbList\",\"@id\":\"https:\/\/toys.lt\/lv\/produktas\/ara-baseins-intex-easy-set-305x76-cm-ar-udens-filtru\/#breadcrumb\",\"itemListElement\":[{\"@type\":\"ListItem\",\"position\":1,\"name\":\"Home\",\"item\":\"https:\/\/toys.lt\/lv\/\"},{\"@type\":\"ListItem\",\"position\":2,\"name\":\"Veikals\",\"item\":\"https:\/\/toys.lt\/lv\/shop\/\"},{\"@type\":\"ListItem\",\"position\":3,\"name\":\"\u0100ra baseins INTEX Easy Set 305&#215;76 cm, ar \u016bdens filtru\"}]},{\"@type\":\"WebSite\",\"@id\":\"https:\/\/toys.lt\/lv\/#website\",\"url\":\"https:\/\/toys.lt\/lv\/\",\"name\":\"Toys.lt\",\"description\":\"\",\"potentialAction\":[{\"@type\":\"SearchAction\",\"target\":{\"@type\":\"EntryPoint\",\"urlTemplate\":\"https:\/\/toys.lt\/lv\/?s={search_term_string}\"},\"query-input\":{\"@type\":\"PropertyValueSpecification\",\"valueRequired\":true,\"valueName\":\"search_term_string\"}}],\"inLanguage\":\"lv-LV\"}]}<\/script>\n<!-- \/ Yoast SEO plugin. -->","yoast_head_json":{"title":"\u0100ra baseins INTEX Easy Set 305x76 cm, ar \u016bdens filtru - Toys.lt","robots":{"index":"index","follow":"follow","max-snippet":"max-snippet:-1","max-image-preview":"max-image-preview:large","max-video-preview":"max-video-preview:-1"},"canonical":"https:\/\/toys.lt\/lv\/produktas\/ara-baseins-intex-easy-set-305x76-cm-ar-udens-filtru\/","og_locale":"lv_LV","og_type":"article","og_title":"\u0100ra baseins INTEX Easy Set 305x76 cm, ar \u016bdens filtru - Toys.lt","og_description":"Izstr\u0101d\u0101juma veids: baseins Baseina izm\u0113ri: 305 x 76 cm Iepakojuma izm\u0113ri: 39 x 38 x 11 cm Svars: 10 kg \u016adens tilpums: 3853 litri (80%) S\u016bk\u0146a pl\u016bsmas \u0101trums: 250 l\/h Uzpild\u012b\u0161anas laiks: 10 min\u016btes Ieteicamais vecums: 6 gadi un vair\u0101k","og_url":"https:\/\/toys.lt\/lv\/produktas\/ara-baseins-intex-easy-set-305x76-cm-ar-udens-filtru\/","og_site_name":"Toys.lt","article_modified_time":"2026-04-08T00:03:09+00:00","og_image":[{"width":2560,"height":1778,"url":"https:\/\/toys.lt\/wp-content\/uploads\/2023\/03\/products-3700-scaled.jpg","type":"image\/jpeg"}],"twitter_card":"summary_large_image","schema":{"@context":"https:\/\/schema.org","@graph":[{"@type":"WebPage","@id":"https:\/\/toys.lt\/lv\/produktas\/ara-baseins-intex-easy-set-305x76-cm-ar-udens-filtru\/","url":"https:\/\/toys.lt\/lv\/produktas\/ara-baseins-intex-easy-set-305x76-cm-ar-udens-filtru\/","name":"\u0100ra baseins INTEX Easy Set 305x76 cm, ar \u016bdens filtru - Toys.lt","isPartOf":{"@id":"https:\/\/toys.lt\/lv\/#website"},"primaryImageOfPage":{"@id":"https:\/\/toys.lt\/lv\/produktas\/ara-baseins-intex-easy-set-305x76-cm-ar-udens-filtru\/#primaryimage"},"image":{"@id":"https:\/\/toys.lt\/lv\/produktas\/ara-baseins-intex-easy-set-305x76-cm-ar-udens-filtru\/#primaryimage"},"thumbnailUrl":"https:\/\/toys.lt\/wp-content\/uploads\/2023\/03\/products-3700-scaled.jpg","datePublished":"2023-03-19T18:18:04+00:00","dateModified":"2026-04-08T00:03:09+00:00","breadcrumb":{"@id":"https:\/\/toys.lt\/lv\/produktas\/ara-baseins-intex-easy-set-305x76-cm-ar-udens-filtru\/#breadcrumb"},"inLanguage":"lv-LV","potentialAction":[{"@type":"ReadAction","target":["https:\/\/toys.lt\/lv\/produktas\/ara-baseins-intex-easy-set-305x76-cm-ar-udens-filtru\/"]}]},{"@type":"ImageObject","inLanguage":"lv-LV","@id":"https:\/\/toys.lt\/lv\/produktas\/ara-baseins-intex-easy-set-305x76-cm-ar-udens-filtru\/#primaryimage","url":"https:\/\/toys.lt\/wp-content\/uploads\/2023\/03\/products-3700-scaled.jpg","contentUrl":"https:\/\/toys.lt\/wp-content\/uploads\/2023\/03\/products-3700-scaled.jpg","width":2560,"height":1778,"caption":"Lauko baseinas INTEX Easy Set 305&#215;76 cm, su vandens filtru"},{"@type":"BreadcrumbList","@id":"https:\/\/toys.lt\/lv\/produktas\/ara-baseins-intex-easy-set-305x76-cm-ar-udens-filtru\/#breadcrumb","itemListElement":[{"@type":"ListItem","position":1,"name":"Home","item":"https:\/\/toys.lt\/lv\/"},{"@type":"ListItem","position":2,"name":"Veikals","item":"https:\/\/toys.lt\/lv\/shop\/"},{"@type":"ListItem","position":3,"name":"\u0100ra baseins INTEX Easy Set 305&#215;76 cm, ar \u016bdens filtru"}]},{"@type":"WebSite","@id":"https:\/\/toys.lt\/lv\/#website","url":"https:\/\/toys.lt\/lv\/","name":"Toys.lt","description":"","potentialAction":[{"@type":"SearchAction","target":{"@type":"EntryPoint","urlTemplate":"https:\/\/toys.lt\/lv\/?s={search_term_string}"},"query-input":{"@type":"PropertyValueSpecification","valueRequired":true,"valueName":"search_term_string"}}],"inLanguage":"lv-LV"}]}},"_links":{"self":[{"href":"https:\/\/toys.lt\/lv\/wp-json\/wp\/v2\/product\/41306","targetHints":{"allow":["GET"]}}],"collection":[{"href":"https:\/\/toys.lt\/lv\/wp-json\/wp\/v2\/product"}],"about":[{"href":"https:\/\/toys.lt\/lv\/wp-json\/wp\/v2\/types\/product"}],"replies":[{"embeddable":true,"href":"https:\/\/toys.lt\/lv\/wp-json\/wp\/v2\/comments?post=41306"}],"version-history":[{"count":1,"href":"https:\/\/toys.lt\/lv\/wp-json\/wp\/v2\/product\/41306\/revisions"}],"predecessor-version":[{"id":41308,"href":"https:\/\/toys.lt\/lv\/wp-json\/wp\/v2\/product\/41306\/revisions\/41308"}],"wp:featuredmedia":[{"embeddable":true,"href":"https:\/\/toys.lt\/lv\/wp-json\/wp\/v2\/media\/38715"}],"wp:attachment":[{"href":"https:\/\/toys.lt\/lv\/wp-json\/wp\/v2\/media?parent=41306"}],"wp:term":[{"taxonomy":"product_brand","embeddable":true,"href":"https:\/\/toys.lt\/lv\/wp-json\/wp\/v2\/product_brand?post=41306"},{"taxonomy":"product_cat","embeddable":true,"href":"https:\/\/toys.lt\/lv\/wp-json\/wp\/v2\/product_cat?post=41306"},{"taxonomy":"product_tag","embeddable":true,"href":"https:\/\/toys.lt\/lv\/wp-json\/wp\/v2\/product_tag?post=41306"}],"curies":[{"name":"wp","href":"https:\/\/api.w.org\/{rel}","templated":true}]}}