{"id":41301,"date":"2023-04-14T21:04:40","date_gmt":"2023-04-14T21:04:40","guid":{"rendered":"https:\/\/toys.lt\/produktas\/clementoni-bernu-muzikas-kresls\/"},"modified":"2026-04-08T00:02:56","modified_gmt":"2026-04-08T00:02:56","slug":"clementoni-bernu-muzikas-kresls","status":"publish","type":"product","link":"https:\/\/toys.lt\/lv\/produktas\/clementoni-bernu-muzikas-kresls\/","title":{"rendered":"Clementoni B\u0113rnu m\u016bzikas kr\u0113sls"},"content":{"rendered":"<p><strong>Interakt\u012bv\u0101 Clementoni rota\u013clieta &#8211; muzik\u0101lais kr\u0113sls<\/strong>. T\u0101 ir daudzfunkcion\u0101la rota\u013clieta, kas izklaid\u0113s j\u016bsu mazu\u013cus ar melodij\u0101m un rosin\u0101s vi\u0146us iesaist\u012bties sp\u0113l\u0113 un muzic\u0113\u0161an\u0101. <\/p>\n<p><strong>Funkcijas:<\/strong><\/p>\n<ul style=\"list-style-type:square;\">\n<li>Funkcion\u0101lais s\u0113deklis. Kad b\u0113rns aps\u0113\u017eas vai piece\u013cas, sensors rea\u0123\u0113 un atskan melodija. <\/li>\n<li>S\u0113deklim ir nodal\u012bjums<\/li>\n<li>Pogas uz atzveltnes \u013cauj izv\u0113l\u0113ties ska\u0146as un sp\u0113les.<\/li>\n<li>S\u0113dek\u013ca stabilais dizains ne\u013caus j\u016bsu mazulim nokrist.<\/li>\n<li>Att\u012bsta klaus\u012b\u0161an\u0101s un ska\u0146u iz\u0161\u0137ir\u0161anas prasmes<\/li>\n<li>Uzlabo kognit\u012bv\u0101s sp\u0113jas<\/li>\n<li>Dro\u0161s b\u0113rnu vesel\u012bbai<\/li>\n<li>Rattlesnake iek\u013cauts<\/li>\n<\/ul>\n","protected":false},"excerpt":{"rendered":"<p>Preces veids: muzik\u0101la rota\u013clieta<\/p>\n<p>Z\u012bmola nosaukums: Clementoni<\/p>\n<p>Izcelsmes valsts: It\u0101lija<\/p>\n<p>Iepakojuma izm\u0113ri: 50 x 18 x 39 cm<\/p>\n<p>Ieteicamais vecums: no 12 m\u0113ne\u0161iem<\/p>\n<p>Nepiecie\u0161am\u0101s baterijas: 2xAAA<\/p><\/p>\n","protected":false},"featured_media":39125,"comment_status":"open","ping_status":"open","template":"","meta":[],"product_brand":[384],"product_cat":[1182,1183,1157,1155],"product_tag":[],"class_list":{"0":"post-41301","1":"product","2":"type-product","3":"status-publish","4":"has-post-thumbnail","6":"product_brand-clementoni-2","7":"product_cat-muzikalas-rotallietas","8":"product_cat-rotallietas-maziem-berniem","9":"product_cat-izglitojosas-un-interaktivas-rotallietas","10":"product_cat-leti","11":"pa_amziaus-grupe-12-lv","12":"pa_prek-s-tipas-spelu-rotallietas","13":"pa_prekes-zenklas-clementoni-lv","15":"first","16":"outofstock","17":"taxable","18":"shipping-taxable","19":"purchasable","20":"product-type-simple"},"yoast_head":"<!-- This site is optimized with the Yoast SEO plugin v26.3 - https:\/\/yoast.com\/wordpress\/plugins\/seo\/ -->\n<title>Clementoni B\u0113rnu m\u016bzikas kr\u0113sls - Toys.lt<\/title>\n<meta name=\"robots\" content=\"index, follow, max-snippet:-1, max-image-preview:large, max-video-preview:-1\" \/>\n<link rel=\"canonical\" href=\"https:\/\/toys.lt\/lv\/produktas\/clementoni-bernu-muzikas-kresls\/\" \/>\n<meta property=\"og:locale\" content=\"lv_LV\" \/>\n<meta property=\"og:type\" content=\"article\" \/>\n<meta property=\"og:title\" content=\"Clementoni B\u0113rnu m\u016bzikas kr\u0113sls - Toys.lt\" \/>\n<meta property=\"og:description\" content=\"Preces veids: muzik\u0101la rota\u013clieta Z\u012bmola nosaukums: Clementoni Izcelsmes valsts: It\u0101lija Iepakojuma izm\u0113ri: 50 x 18 x 39 cm Ieteicamais vecums: no 12 m\u0113ne\u0161iem Nepiecie\u0161am\u0101s baterijas: 2xAAA\" \/>\n<meta property=\"og:url\" content=\"https:\/\/toys.lt\/lv\/produktas\/clementoni-bernu-muzikas-kresls\/\" \/>\n<meta property=\"og:site_name\" content=\"Toys.lt\" \/>\n<meta property=\"article:modified_time\" content=\"2026-04-08T00:02:56+00:00\" \/>\n<meta property=\"og:image\" content=\"https:\/\/toys.lt\/wp-content\/uploads\/2023\/04\/products-4581.jpg\" \/>\n\t<meta property=\"og:image:width\" content=\"1166\" \/>\n\t<meta property=\"og:image:height\" content=\"1200\" \/>\n\t<meta property=\"og:image:type\" content=\"image\/jpeg\" \/>\n<meta name=\"twitter:card\" content=\"summary_large_image\" \/>\n<meta name=\"twitter:label1\" content=\"Est. reading time\" \/>\n\t<meta name=\"twitter:data1\" content=\"1 minute\" \/>\n<script type=\"application\/ld+json\" class=\"yoast-schema-graph\">{\"@context\":\"https:\/\/schema.org\",\"@graph\":[{\"@type\":\"WebPage\",\"@id\":\"https:\/\/toys.lt\/lv\/produktas\/clementoni-bernu-muzikas-kresls\/\",\"url\":\"https:\/\/toys.lt\/lv\/produktas\/clementoni-bernu-muzikas-kresls\/\",\"name\":\"Clementoni B\u0113rnu m\u016bzikas kr\u0113sls - Toys.lt\",\"isPartOf\":{\"@id\":\"https:\/\/toys.lt\/lv\/#website\"},\"primaryImageOfPage\":{\"@id\":\"https:\/\/toys.lt\/lv\/produktas\/clementoni-bernu-muzikas-kresls\/#primaryimage\"},\"image\":{\"@id\":\"https:\/\/toys.lt\/lv\/produktas\/clementoni-bernu-muzikas-kresls\/#primaryimage\"},\"thumbnailUrl\":\"https:\/\/toys.lt\/wp-content\/uploads\/2023\/04\/products-4581.jpg\",\"datePublished\":\"2023-04-14T21:04:40+00:00\",\"dateModified\":\"2026-04-08T00:02:56+00:00\",\"breadcrumb\":{\"@id\":\"https:\/\/toys.lt\/lv\/produktas\/clementoni-bernu-muzikas-kresls\/#breadcrumb\"},\"inLanguage\":\"lv-LV\",\"potentialAction\":[{\"@type\":\"ReadAction\",\"target\":[\"https:\/\/toys.lt\/lv\/produktas\/clementoni-bernu-muzikas-kresls\/\"]}]},{\"@type\":\"ImageObject\",\"inLanguage\":\"lv-LV\",\"@id\":\"https:\/\/toys.lt\/lv\/produktas\/clementoni-bernu-muzikas-kresls\/#primaryimage\",\"url\":\"https:\/\/toys.lt\/wp-content\/uploads\/2023\/04\/products-4581.jpg\",\"contentUrl\":\"https:\/\/toys.lt\/wp-content\/uploads\/2023\/04\/products-4581.jpg\",\"width\":1166,\"height\":1200,\"caption\":\"Clementoni Baby muzikin\u0117 k\u0117d\u0117\"},{\"@type\":\"BreadcrumbList\",\"@id\":\"https:\/\/toys.lt\/lv\/produktas\/clementoni-bernu-muzikas-kresls\/#breadcrumb\",\"itemListElement\":[{\"@type\":\"ListItem\",\"position\":1,\"name\":\"Home\",\"item\":\"https:\/\/toys.lt\/lv\/\"},{\"@type\":\"ListItem\",\"position\":2,\"name\":\"Veikals\",\"item\":\"https:\/\/toys.lt\/lv\/shop\/\"},{\"@type\":\"ListItem\",\"position\":3,\"name\":\"Clementoni B\u0113rnu m\u016bzikas kr\u0113sls\"}]},{\"@type\":\"WebSite\",\"@id\":\"https:\/\/toys.lt\/lv\/#website\",\"url\":\"https:\/\/toys.lt\/lv\/\",\"name\":\"Toys.lt\",\"description\":\"\",\"potentialAction\":[{\"@type\":\"SearchAction\",\"target\":{\"@type\":\"EntryPoint\",\"urlTemplate\":\"https:\/\/toys.lt\/lv\/?s={search_term_string}\"},\"query-input\":{\"@type\":\"PropertyValueSpecification\",\"valueRequired\":true,\"valueName\":\"search_term_string\"}}],\"inLanguage\":\"lv-LV\"}]}<\/script>\n<!-- \/ Yoast SEO plugin. -->","yoast_head_json":{"title":"Clementoni B\u0113rnu m\u016bzikas kr\u0113sls - Toys.lt","robots":{"index":"index","follow":"follow","max-snippet":"max-snippet:-1","max-image-preview":"max-image-preview:large","max-video-preview":"max-video-preview:-1"},"canonical":"https:\/\/toys.lt\/lv\/produktas\/clementoni-bernu-muzikas-kresls\/","og_locale":"lv_LV","og_type":"article","og_title":"Clementoni B\u0113rnu m\u016bzikas kr\u0113sls - Toys.lt","og_description":"Preces veids: muzik\u0101la rota\u013clieta Z\u012bmola nosaukums: Clementoni Izcelsmes valsts: It\u0101lija Iepakojuma izm\u0113ri: 50 x 18 x 39 cm Ieteicamais vecums: no 12 m\u0113ne\u0161iem Nepiecie\u0161am\u0101s baterijas: 2xAAA","og_url":"https:\/\/toys.lt\/lv\/produktas\/clementoni-bernu-muzikas-kresls\/","og_site_name":"Toys.lt","article_modified_time":"2026-04-08T00:02:56+00:00","og_image":[{"width":1166,"height":1200,"url":"https:\/\/toys.lt\/wp-content\/uploads\/2023\/04\/products-4581.jpg","type":"image\/jpeg"}],"twitter_card":"summary_large_image","twitter_misc":{"Est. reading time":"1 minute"},"schema":{"@context":"https:\/\/schema.org","@graph":[{"@type":"WebPage","@id":"https:\/\/toys.lt\/lv\/produktas\/clementoni-bernu-muzikas-kresls\/","url":"https:\/\/toys.lt\/lv\/produktas\/clementoni-bernu-muzikas-kresls\/","name":"Clementoni B\u0113rnu m\u016bzikas kr\u0113sls - Toys.lt","isPartOf":{"@id":"https:\/\/toys.lt\/lv\/#website"},"primaryImageOfPage":{"@id":"https:\/\/toys.lt\/lv\/produktas\/clementoni-bernu-muzikas-kresls\/#primaryimage"},"image":{"@id":"https:\/\/toys.lt\/lv\/produktas\/clementoni-bernu-muzikas-kresls\/#primaryimage"},"thumbnailUrl":"https:\/\/toys.lt\/wp-content\/uploads\/2023\/04\/products-4581.jpg","datePublished":"2023-04-14T21:04:40+00:00","dateModified":"2026-04-08T00:02:56+00:00","breadcrumb":{"@id":"https:\/\/toys.lt\/lv\/produktas\/clementoni-bernu-muzikas-kresls\/#breadcrumb"},"inLanguage":"lv-LV","potentialAction":[{"@type":"ReadAction","target":["https:\/\/toys.lt\/lv\/produktas\/clementoni-bernu-muzikas-kresls\/"]}]},{"@type":"ImageObject","inLanguage":"lv-LV","@id":"https:\/\/toys.lt\/lv\/produktas\/clementoni-bernu-muzikas-kresls\/#primaryimage","url":"https:\/\/toys.lt\/wp-content\/uploads\/2023\/04\/products-4581.jpg","contentUrl":"https:\/\/toys.lt\/wp-content\/uploads\/2023\/04\/products-4581.jpg","width":1166,"height":1200,"caption":"Clementoni Baby muzikin\u0117 k\u0117d\u0117"},{"@type":"BreadcrumbList","@id":"https:\/\/toys.lt\/lv\/produktas\/clementoni-bernu-muzikas-kresls\/#breadcrumb","itemListElement":[{"@type":"ListItem","position":1,"name":"Home","item":"https:\/\/toys.lt\/lv\/"},{"@type":"ListItem","position":2,"name":"Veikals","item":"https:\/\/toys.lt\/lv\/shop\/"},{"@type":"ListItem","position":3,"name":"Clementoni B\u0113rnu m\u016bzikas kr\u0113sls"}]},{"@type":"WebSite","@id":"https:\/\/toys.lt\/lv\/#website","url":"https:\/\/toys.lt\/lv\/","name":"Toys.lt","description":"","potentialAction":[{"@type":"SearchAction","target":{"@type":"EntryPoint","urlTemplate":"https:\/\/toys.lt\/lv\/?s={search_term_string}"},"query-input":{"@type":"PropertyValueSpecification","valueRequired":true,"valueName":"search_term_string"}}],"inLanguage":"lv-LV"}]}},"_links":{"self":[{"href":"https:\/\/toys.lt\/lv\/wp-json\/wp\/v2\/product\/41301","targetHints":{"allow":["GET"]}}],"collection":[{"href":"https:\/\/toys.lt\/lv\/wp-json\/wp\/v2\/product"}],"about":[{"href":"https:\/\/toys.lt\/lv\/wp-json\/wp\/v2\/types\/product"}],"replies":[{"embeddable":true,"href":"https:\/\/toys.lt\/lv\/wp-json\/wp\/v2\/comments?post=41301"}],"version-history":[{"count":1,"href":"https:\/\/toys.lt\/lv\/wp-json\/wp\/v2\/product\/41301\/revisions"}],"predecessor-version":[{"id":41303,"href":"https:\/\/toys.lt\/lv\/wp-json\/wp\/v2\/product\/41301\/revisions\/41303"}],"wp:featuredmedia":[{"embeddable":true,"href":"https:\/\/toys.lt\/lv\/wp-json\/wp\/v2\/media\/39125"}],"wp:attachment":[{"href":"https:\/\/toys.lt\/lv\/wp-json\/wp\/v2\/media?parent=41301"}],"wp:term":[{"taxonomy":"product_brand","embeddable":true,"href":"https:\/\/toys.lt\/lv\/wp-json\/wp\/v2\/product_brand?post=41301"},{"taxonomy":"product_cat","embeddable":true,"href":"https:\/\/toys.lt\/lv\/wp-json\/wp\/v2\/product_cat?post=41301"},{"taxonomy":"product_tag","embeddable":true,"href":"https:\/\/toys.lt\/lv\/wp-json\/wp\/v2\/product_tag?post=41301"}],"curies":[{"name":"wp","href":"https:\/\/api.w.org\/{rel}","templated":true}]}}