{"id":41298,"date":"2023-04-07T11:36:34","date_gmt":"2023-04-07T11:36:34","guid":{"rendered":"https:\/\/toys.lt\/produktas\/masazas-baseins-intex-purespa-bubble-massage-spa-196-cm-x-71-cm\/"},"modified":"2026-04-08T00:02:57","modified_gmt":"2026-04-08T00:02:57","slug":"masazas-baseins-intex-purespa-bubble-massage-spa-196-cm-x-71-cm","status":"publish","type":"product","link":"https:\/\/toys.lt\/lv\/produktas\/masazas-baseins-intex-purespa-bubble-massage-spa-196-cm-x-71-cm\/","title":{"rendered":"Mas\u0101\u017eas baseins INTEX PureSpa Bubble Massage Spa 196 cm x 71 cm"},"content":{"rendered":"<p><b>INTEX PureSpa burbu\u013cveida mas\u0101\u017eas baseins <\/b>\u013caus jums izbaud\u012bt spa priekus sav\u0101 pagalm\u0101. Bezvadu re\u017e\u012bm\u0101 regul\u0113jam\u0101 temperat\u016bra un burbu\u013ci nodro\u0161in\u0101s pat\u012bkamu mas\u0101\u017eu, kam\u0113r j\u016bs atp\u016b\u0161aties. <\/p>\n<ul style=\"list-style-type: disc;\">\n<li>Baseina izm\u0113ri: 196 x 71 cm<\/li>\n<li>\u016adens tilpums: 795<\/li>\n<li>&#8220;Fiber-Tech&#8221; konstrukcija un nesmar\u017eojo\u0161s tr\u012bssl\u0101\u0146u lamin\u0113ts materi\u0101ls nodro\u0161ina maksim\u0101lu komfortu, atbalstu un iztur\u012bbu.<\/li>\n<li><b>Intex PureSpa burbu\u013cveida mas\u0101\u017eas spa <\/b>nodro\u0161ina vieglu apkopi ar diviem viegli main\u0101miem filtru kasetn\u0113m.<\/li>\n<li>Basein\u0101 var izmitin\u0101t l\u012bdz 4 person\u0101m<\/li>\n<li>Izol\u0113ts v\u0101ks un sl\u0113dzene, lai samazin\u0101tu siltuma zudumus un nodro\u0161in\u0101tu papildu dro\u0161\u012bbas funkciju.<\/li>\n<li>Komplekt\u0101 ietilpst p\u0101rn\u0113s\u0101\u0161anas soma \u0113rtai uzglab\u0101\u0161anai un transport\u0113\u0161anai<\/li>\n<li>Piep\u016btiet \u0161\u013c\u016bteni.<\/li>\n<li>\u016adens temperat\u016bras diapazons: 20-40 gr\u0101di p\u0113c Celsija &#8211; lai sasniegtu maksim\u0101lo \u016bdens temperat\u016bru, \u0101ra temperat\u016brai j\u0101b\u016bt vismaz 10 gr\u0101di p\u0113c Celsija.<\/li>\n<li>Iek\u0161\u0113jais\/\u0101r\u0113jais diametrs: 1,45 m\/1,96 m Augstums: 71 cm<\/li>\n<\/ul>\n","protected":false},"excerpt":{"rendered":"<p>Izstr\u0101d\u0101juma tips: r\u0101mja baseins<\/p>\n<p>Baseina izm\u0113ri: 196 x 71 cm<\/p>\n<p>Iepakojuma izm\u0113ri: 55 x 81 x 63 cm<\/p>\n<p>Iepakojuma svars: 50,5 kg<\/p>\n<p>\u016adens tilpums: 795 litri<\/p>\n<p>Ieteicamais vecums: no 6 gadiem.<\/p>\n","protected":false},"featured_media":39112,"comment_status":"open","ping_status":"closed","template":"","meta":[],"product_brand":[],"product_cat":[1201,1155],"product_tag":[],"class_list":{"0":"post-41298","1":"product","2":"type-product","3":"status-publish","4":"has-post-thumbnail","6":"product_cat-peldbaseini","7":"product_cat-leti","8":"pa_amziaus-grupe-6-lv","9":"pa_prek-s-tipas-peldbaseini","10":"pa_prekes-zenklas-intex-lv","12":"first","13":"instock","14":"taxable","15":"shipping-taxable","16":"purchasable","17":"product-type-simple"},"yoast_head":"<!-- This site is optimized with the Yoast SEO plugin v26.3 - https:\/\/yoast.com\/wordpress\/plugins\/seo\/ -->\n<title>Mas\u0101\u017eas baseins INTEX PureSpa Bubble Massage Spa 196 cm x 71 cm - Toys.lt<\/title>\n<meta name=\"robots\" content=\"index, follow, max-snippet:-1, max-image-preview:large, max-video-preview:-1\" \/>\n<link rel=\"canonical\" href=\"https:\/\/toys.lt\/lv\/produktas\/masazas-baseins-intex-purespa-bubble-massage-spa-196-cm-x-71-cm\/\" \/>\n<meta property=\"og:locale\" content=\"lv_LV\" \/>\n<meta property=\"og:type\" content=\"article\" \/>\n<meta property=\"og:title\" content=\"Mas\u0101\u017eas baseins INTEX PureSpa Bubble Massage Spa 196 cm x 71 cm - Toys.lt\" \/>\n<meta property=\"og:description\" content=\"Izstr\u0101d\u0101juma tips: r\u0101mja baseins Baseina izm\u0113ri: 196 x 71 cm Iepakojuma izm\u0113ri: 55 x 81 x 63 cm Iepakojuma svars: 50,5 kg \u016adens tilpums: 795 litri Ieteicamais vecums: no 6 gadiem.\" \/>\n<meta property=\"og:url\" content=\"https:\/\/toys.lt\/lv\/produktas\/masazas-baseins-intex-purespa-bubble-massage-spa-196-cm-x-71-cm\/\" \/>\n<meta property=\"og:site_name\" content=\"Toys.lt\" \/>\n<meta property=\"article:modified_time\" content=\"2026-04-08T00:02:57+00:00\" \/>\n<meta property=\"og:image\" content=\"https:\/\/toys.lt\/wp-content\/uploads\/2023\/04\/products-4565-scaled.jpg\" \/>\n\t<meta property=\"og:image:width\" content=\"2560\" \/>\n\t<meta property=\"og:image:height\" content=\"1778\" \/>\n\t<meta property=\"og:image:type\" content=\"image\/jpeg\" \/>\n<meta name=\"twitter:card\" content=\"summary_large_image\" \/>\n<meta name=\"twitter:label1\" content=\"Est. reading time\" \/>\n\t<meta name=\"twitter:data1\" content=\"1 minute\" \/>\n<script type=\"application\/ld+json\" class=\"yoast-schema-graph\">{\"@context\":\"https:\/\/schema.org\",\"@graph\":[{\"@type\":\"WebPage\",\"@id\":\"https:\/\/toys.lt\/lv\/produktas\/masazas-baseins-intex-purespa-bubble-massage-spa-196-cm-x-71-cm\/\",\"url\":\"https:\/\/toys.lt\/lv\/produktas\/masazas-baseins-intex-purespa-bubble-massage-spa-196-cm-x-71-cm\/\",\"name\":\"Mas\u0101\u017eas baseins INTEX PureSpa Bubble Massage Spa 196 cm x 71 cm - Toys.lt\",\"isPartOf\":{\"@id\":\"https:\/\/toys.lt\/lv\/#website\"},\"primaryImageOfPage\":{\"@id\":\"https:\/\/toys.lt\/lv\/produktas\/masazas-baseins-intex-purespa-bubble-massage-spa-196-cm-x-71-cm\/#primaryimage\"},\"image\":{\"@id\":\"https:\/\/toys.lt\/lv\/produktas\/masazas-baseins-intex-purespa-bubble-massage-spa-196-cm-x-71-cm\/#primaryimage\"},\"thumbnailUrl\":\"https:\/\/toys.lt\/wp-content\/uploads\/2023\/04\/products-4565-scaled.jpg\",\"datePublished\":\"2023-04-07T11:36:34+00:00\",\"dateModified\":\"2026-04-08T00:02:57+00:00\",\"breadcrumb\":{\"@id\":\"https:\/\/toys.lt\/lv\/produktas\/masazas-baseins-intex-purespa-bubble-massage-spa-196-cm-x-71-cm\/#breadcrumb\"},\"inLanguage\":\"lv-LV\",\"potentialAction\":[{\"@type\":\"ReadAction\",\"target\":[\"https:\/\/toys.lt\/lv\/produktas\/masazas-baseins-intex-purespa-bubble-massage-spa-196-cm-x-71-cm\/\"]}]},{\"@type\":\"ImageObject\",\"inLanguage\":\"lv-LV\",\"@id\":\"https:\/\/toys.lt\/lv\/produktas\/masazas-baseins-intex-purespa-bubble-massage-spa-196-cm-x-71-cm\/#primaryimage\",\"url\":\"https:\/\/toys.lt\/wp-content\/uploads\/2023\/04\/products-4565-scaled.jpg\",\"contentUrl\":\"https:\/\/toys.lt\/wp-content\/uploads\/2023\/04\/products-4565-scaled.jpg\",\"width\":2560,\"height\":1778,\"caption\":\"Masa\u017einis baseinas INTEX PureSpa Bubble Massage Spa 196 cm x 71 cm\"},{\"@type\":\"BreadcrumbList\",\"@id\":\"https:\/\/toys.lt\/lv\/produktas\/masazas-baseins-intex-purespa-bubble-massage-spa-196-cm-x-71-cm\/#breadcrumb\",\"itemListElement\":[{\"@type\":\"ListItem\",\"position\":1,\"name\":\"Home\",\"item\":\"https:\/\/toys.lt\/lv\/\"},{\"@type\":\"ListItem\",\"position\":2,\"name\":\"Veikals\",\"item\":\"https:\/\/toys.lt\/lv\/shop\/\"},{\"@type\":\"ListItem\",\"position\":3,\"name\":\"Mas\u0101\u017eas baseins INTEX PureSpa Bubble Massage Spa 196 cm x 71 cm\"}]},{\"@type\":\"WebSite\",\"@id\":\"https:\/\/toys.lt\/lv\/#website\",\"url\":\"https:\/\/toys.lt\/lv\/\",\"name\":\"Toys.lt\",\"description\":\"\",\"potentialAction\":[{\"@type\":\"SearchAction\",\"target\":{\"@type\":\"EntryPoint\",\"urlTemplate\":\"https:\/\/toys.lt\/lv\/?s={search_term_string}\"},\"query-input\":{\"@type\":\"PropertyValueSpecification\",\"valueRequired\":true,\"valueName\":\"search_term_string\"}}],\"inLanguage\":\"lv-LV\"}]}<\/script>\n<!-- \/ Yoast SEO plugin. -->","yoast_head_json":{"title":"Mas\u0101\u017eas baseins INTEX PureSpa Bubble Massage Spa 196 cm x 71 cm - Toys.lt","robots":{"index":"index","follow":"follow","max-snippet":"max-snippet:-1","max-image-preview":"max-image-preview:large","max-video-preview":"max-video-preview:-1"},"canonical":"https:\/\/toys.lt\/lv\/produktas\/masazas-baseins-intex-purespa-bubble-massage-spa-196-cm-x-71-cm\/","og_locale":"lv_LV","og_type":"article","og_title":"Mas\u0101\u017eas baseins INTEX PureSpa Bubble Massage Spa 196 cm x 71 cm - Toys.lt","og_description":"Izstr\u0101d\u0101juma tips: r\u0101mja baseins Baseina izm\u0113ri: 196 x 71 cm Iepakojuma izm\u0113ri: 55 x 81 x 63 cm Iepakojuma svars: 50,5 kg \u016adens tilpums: 795 litri Ieteicamais vecums: no 6 gadiem.","og_url":"https:\/\/toys.lt\/lv\/produktas\/masazas-baseins-intex-purespa-bubble-massage-spa-196-cm-x-71-cm\/","og_site_name":"Toys.lt","article_modified_time":"2026-04-08T00:02:57+00:00","og_image":[{"width":2560,"height":1778,"url":"https:\/\/toys.lt\/wp-content\/uploads\/2023\/04\/products-4565-scaled.jpg","type":"image\/jpeg"}],"twitter_card":"summary_large_image","twitter_misc":{"Est. reading time":"1 minute"},"schema":{"@context":"https:\/\/schema.org","@graph":[{"@type":"WebPage","@id":"https:\/\/toys.lt\/lv\/produktas\/masazas-baseins-intex-purespa-bubble-massage-spa-196-cm-x-71-cm\/","url":"https:\/\/toys.lt\/lv\/produktas\/masazas-baseins-intex-purespa-bubble-massage-spa-196-cm-x-71-cm\/","name":"Mas\u0101\u017eas baseins INTEX PureSpa Bubble Massage Spa 196 cm x 71 cm - Toys.lt","isPartOf":{"@id":"https:\/\/toys.lt\/lv\/#website"},"primaryImageOfPage":{"@id":"https:\/\/toys.lt\/lv\/produktas\/masazas-baseins-intex-purespa-bubble-massage-spa-196-cm-x-71-cm\/#primaryimage"},"image":{"@id":"https:\/\/toys.lt\/lv\/produktas\/masazas-baseins-intex-purespa-bubble-massage-spa-196-cm-x-71-cm\/#primaryimage"},"thumbnailUrl":"https:\/\/toys.lt\/wp-content\/uploads\/2023\/04\/products-4565-scaled.jpg","datePublished":"2023-04-07T11:36:34+00:00","dateModified":"2026-04-08T00:02:57+00:00","breadcrumb":{"@id":"https:\/\/toys.lt\/lv\/produktas\/masazas-baseins-intex-purespa-bubble-massage-spa-196-cm-x-71-cm\/#breadcrumb"},"inLanguage":"lv-LV","potentialAction":[{"@type":"ReadAction","target":["https:\/\/toys.lt\/lv\/produktas\/masazas-baseins-intex-purespa-bubble-massage-spa-196-cm-x-71-cm\/"]}]},{"@type":"ImageObject","inLanguage":"lv-LV","@id":"https:\/\/toys.lt\/lv\/produktas\/masazas-baseins-intex-purespa-bubble-massage-spa-196-cm-x-71-cm\/#primaryimage","url":"https:\/\/toys.lt\/wp-content\/uploads\/2023\/04\/products-4565-scaled.jpg","contentUrl":"https:\/\/toys.lt\/wp-content\/uploads\/2023\/04\/products-4565-scaled.jpg","width":2560,"height":1778,"caption":"Masa\u017einis baseinas INTEX PureSpa Bubble Massage Spa 196 cm x 71 cm"},{"@type":"BreadcrumbList","@id":"https:\/\/toys.lt\/lv\/produktas\/masazas-baseins-intex-purespa-bubble-massage-spa-196-cm-x-71-cm\/#breadcrumb","itemListElement":[{"@type":"ListItem","position":1,"name":"Home","item":"https:\/\/toys.lt\/lv\/"},{"@type":"ListItem","position":2,"name":"Veikals","item":"https:\/\/toys.lt\/lv\/shop\/"},{"@type":"ListItem","position":3,"name":"Mas\u0101\u017eas baseins INTEX PureSpa Bubble Massage Spa 196 cm x 71 cm"}]},{"@type":"WebSite","@id":"https:\/\/toys.lt\/lv\/#website","url":"https:\/\/toys.lt\/lv\/","name":"Toys.lt","description":"","potentialAction":[{"@type":"SearchAction","target":{"@type":"EntryPoint","urlTemplate":"https:\/\/toys.lt\/lv\/?s={search_term_string}"},"query-input":{"@type":"PropertyValueSpecification","valueRequired":true,"valueName":"search_term_string"}}],"inLanguage":"lv-LV"}]}},"_links":{"self":[{"href":"https:\/\/toys.lt\/lv\/wp-json\/wp\/v2\/product\/41298","targetHints":{"allow":["GET"]}}],"collection":[{"href":"https:\/\/toys.lt\/lv\/wp-json\/wp\/v2\/product"}],"about":[{"href":"https:\/\/toys.lt\/lv\/wp-json\/wp\/v2\/types\/product"}],"replies":[{"embeddable":true,"href":"https:\/\/toys.lt\/lv\/wp-json\/wp\/v2\/comments?post=41298"}],"version-history":[{"count":1,"href":"https:\/\/toys.lt\/lv\/wp-json\/wp\/v2\/product\/41298\/revisions"}],"predecessor-version":[{"id":41300,"href":"https:\/\/toys.lt\/lv\/wp-json\/wp\/v2\/product\/41298\/revisions\/41300"}],"wp:featuredmedia":[{"embeddable":true,"href":"https:\/\/toys.lt\/lv\/wp-json\/wp\/v2\/media\/39112"}],"wp:attachment":[{"href":"https:\/\/toys.lt\/lv\/wp-json\/wp\/v2\/media?parent=41298"}],"wp:term":[{"taxonomy":"product_brand","embeddable":true,"href":"https:\/\/toys.lt\/lv\/wp-json\/wp\/v2\/product_brand?post=41298"},{"taxonomy":"product_cat","embeddable":true,"href":"https:\/\/toys.lt\/lv\/wp-json\/wp\/v2\/product_cat?post=41298"},{"taxonomy":"product_tag","embeddable":true,"href":"https:\/\/toys.lt\/lv\/wp-json\/wp\/v2\/product_tag?post=41298"}],"curies":[{"name":"wp","href":"https:\/\/api.w.org\/{rel}","templated":true}]}}