{"id":41294,"date":"2023-03-20T20:25:00","date_gmt":"2023-03-20T20:25:00","guid":{"rendered":"https:\/\/toys.lt\/produktas\/ara-baseins-intex-ultra-xtr-taisnstura-formas-baseina-komplekts-975-x-488-x-132-m\/"},"modified":"2026-04-08T00:03:04","modified_gmt":"2026-04-08T00:03:04","slug":"ara-baseins-intex-ultra-xtr-taisnstura-formas-baseina-komplekts-975-x-488-x-132-m","status":"publish","type":"product","link":"https:\/\/toys.lt\/lv\/produktas\/ara-baseins-intex-ultra-xtr-taisnstura-formas-baseina-komplekts-975-x-488-x-132-m\/","title":{"rendered":"\u0100ra baseins INTEX Ultra XTR taisnst\u016bra formas baseina komplekts 9,75 x 4,88 x 1,32 m"},"content":{"rendered":"<p><b>INTEX Ultra XTR s\u0113rija ir <\/b>ide\u0101ls <strong>\u0101ra peldbaseins <\/strong> izklaidei br\u012bv\u0101 dab\u0101, kam rakstur\u012bga kvalit\u0101te, iztur\u012bba un augst\u0101k\u0101s klases tehnolo\u0123ijas.<\/p>\n<ul style=\"list-style-type: disc;\">\n<li>Baseina izm\u0113ri: 975 x 488 x 132 cm<\/li>\n<li>\u016adens tilpums: 54368 litri (90%)<\/li>\n<li>\u016adens uzpildes laiks: 90 min\u016btes<\/li>\n<li><strong>Intex Krystal Clear <\/strong>filtr\u0113\u0161anas sist\u0113ma pret smilt\u012bm, s\u0101li un citiem net\u012brumiem<\/li>\n<li>Iztur\u012bgs r\u0101mis, k\u0101pnes ar no\u0146emamiem pak\u0101pieniem dro\u0161\u012bbai un \u0113rt\u012bbai<\/li>\n<li>Zem baseina ir uzst\u0101d\u012bts baseina p\u0101rsegs un pamatne, kas atrodas zem baseina.<\/li>\n<li>Tr\u012bssl\u0101\u0146u sienas<\/li>\n<li>R\u0101mji izgatavoti ar Easy Lock System\u2122 tehnolo\u0123iju, kas atvieglo mont\u0101\u017eu un savieno\u0161anu.<\/li>\n<\/ul>\n","protected":false},"excerpt":{"rendered":"<p>Izstr\u0101d\u0101juma tips: r\u0101mja baseins<\/p>\n<p>Baseina izm\u0113ri: 975 x 488 x 132 cm<\/p>\n<p>Iepakojuma izm\u0113ri: 151 x 60 x 69 cm + 151 x 60 x 42 cm<\/p>\n<p>Iepakojuma svars: 127 + 97 kg<\/p>\n<p>\u016adens tilpums: 54368 litri (90%)<\/p>\n<p>Uzpild\u012b\u0161anas laiks: 90 min\u016btes<\/p>\n<p>Ieteicamais vecums: no 6 gadiem.<\/p>\n","protected":false},"featured_media":38872,"comment_status":"open","ping_status":"closed","template":"","meta":[],"product_brand":[],"product_cat":[1201,1155],"product_tag":[],"class_list":{"0":"post-41294","1":"product","2":"type-product","3":"status-publish","4":"has-post-thumbnail","6":"product_cat-peldbaseini","7":"product_cat-leti","8":"pa_amziaus-grupe-6-lv","9":"pa_prek-s-tipas-peldbaseini","10":"pa_prekes-zenklas-intex-lv","12":"first","13":"outofstock","14":"taxable","15":"shipping-taxable","16":"purchasable","17":"product-type-simple"},"yoast_head":"<!-- This site is optimized with the Yoast SEO plugin v26.3 - https:\/\/yoast.com\/wordpress\/plugins\/seo\/ -->\n<title>\u0100ra baseins INTEX Ultra XTR taisnst\u016bra formas baseina komplekts 9,75 x 4,88 x 1,32 m - Toys.lt<\/title>\n<meta name=\"robots\" content=\"index, follow, max-snippet:-1, max-image-preview:large, max-video-preview:-1\" \/>\n<link rel=\"canonical\" href=\"https:\/\/toys.lt\/lv\/produktas\/ara-baseins-intex-ultra-xtr-taisnstura-formas-baseina-komplekts-975-x-488-x-132-m\/\" \/>\n<meta property=\"og:locale\" content=\"lv_LV\" \/>\n<meta property=\"og:type\" content=\"article\" \/>\n<meta property=\"og:title\" content=\"\u0100ra baseins INTEX Ultra XTR taisnst\u016bra formas baseina komplekts 9,75 x 4,88 x 1,32 m - Toys.lt\" \/>\n<meta property=\"og:description\" content=\"Izstr\u0101d\u0101juma tips: r\u0101mja baseins Baseina izm\u0113ri: 975 x 488 x 132 cm Iepakojuma izm\u0113ri: 151 x 60 x 69 cm + 151 x 60 x 42 cm Iepakojuma svars: 127 + 97 kg \u016adens tilpums: 54368 litri (90%) Uzpild\u012b\u0161anas laiks: 90 min\u016btes Ieteicamais vecums: no 6 gadiem.\" \/>\n<meta property=\"og:url\" content=\"https:\/\/toys.lt\/lv\/produktas\/ara-baseins-intex-ultra-xtr-taisnstura-formas-baseina-komplekts-975-x-488-x-132-m\/\" \/>\n<meta property=\"og:site_name\" content=\"Toys.lt\" \/>\n<meta property=\"article:modified_time\" content=\"2026-04-08T00:03:04+00:00\" \/>\n<meta property=\"og:image\" content=\"https:\/\/toys.lt\/wp-content\/uploads\/2023\/03\/products-4007-scaled.jpg\" \/>\n\t<meta property=\"og:image:width\" content=\"2560\" \/>\n\t<meta property=\"og:image:height\" content=\"1778\" \/>\n\t<meta property=\"og:image:type\" content=\"image\/jpeg\" \/>\n<meta name=\"twitter:card\" content=\"summary_large_image\" \/>\n<meta name=\"twitter:label1\" content=\"Est. reading time\" \/>\n\t<meta name=\"twitter:data1\" content=\"1 minute\" \/>\n<script type=\"application\/ld+json\" class=\"yoast-schema-graph\">{\"@context\":\"https:\/\/schema.org\",\"@graph\":[{\"@type\":\"WebPage\",\"@id\":\"https:\/\/toys.lt\/lv\/produktas\/ara-baseins-intex-ultra-xtr-taisnstura-formas-baseina-komplekts-975-x-488-x-132-m\/\",\"url\":\"https:\/\/toys.lt\/lv\/produktas\/ara-baseins-intex-ultra-xtr-taisnstura-formas-baseina-komplekts-975-x-488-x-132-m\/\",\"name\":\"\u0100ra baseins INTEX Ultra XTR taisnst\u016bra formas baseina komplekts 9,75 x 4,88 x 1,32 m - Toys.lt\",\"isPartOf\":{\"@id\":\"https:\/\/toys.lt\/lv\/#website\"},\"primaryImageOfPage\":{\"@id\":\"https:\/\/toys.lt\/lv\/produktas\/ara-baseins-intex-ultra-xtr-taisnstura-formas-baseina-komplekts-975-x-488-x-132-m\/#primaryimage\"},\"image\":{\"@id\":\"https:\/\/toys.lt\/lv\/produktas\/ara-baseins-intex-ultra-xtr-taisnstura-formas-baseina-komplekts-975-x-488-x-132-m\/#primaryimage\"},\"thumbnailUrl\":\"https:\/\/toys.lt\/wp-content\/uploads\/2023\/03\/products-4007-scaled.jpg\",\"datePublished\":\"2023-03-20T20:25:00+00:00\",\"dateModified\":\"2026-04-08T00:03:04+00:00\",\"breadcrumb\":{\"@id\":\"https:\/\/toys.lt\/lv\/produktas\/ara-baseins-intex-ultra-xtr-taisnstura-formas-baseina-komplekts-975-x-488-x-132-m\/#breadcrumb\"},\"inLanguage\":\"lv-LV\",\"potentialAction\":[{\"@type\":\"ReadAction\",\"target\":[\"https:\/\/toys.lt\/lv\/produktas\/ara-baseins-intex-ultra-xtr-taisnstura-formas-baseina-komplekts-975-x-488-x-132-m\/\"]}]},{\"@type\":\"ImageObject\",\"inLanguage\":\"lv-LV\",\"@id\":\"https:\/\/toys.lt\/lv\/produktas\/ara-baseins-intex-ultra-xtr-taisnstura-formas-baseina-komplekts-975-x-488-x-132-m\/#primaryimage\",\"url\":\"https:\/\/toys.lt\/wp-content\/uploads\/2023\/03\/products-4007-scaled.jpg\",\"contentUrl\":\"https:\/\/toys.lt\/wp-content\/uploads\/2023\/03\/products-4007-scaled.jpg\",\"width\":2560,\"height\":1778,\"caption\":\"Lauko baseinas INTEX Ultra XTR Rectangular Pool Set 9.75 x 4.88 x 1.32m\"},{\"@type\":\"BreadcrumbList\",\"@id\":\"https:\/\/toys.lt\/lv\/produktas\/ara-baseins-intex-ultra-xtr-taisnstura-formas-baseina-komplekts-975-x-488-x-132-m\/#breadcrumb\",\"itemListElement\":[{\"@type\":\"ListItem\",\"position\":1,\"name\":\"Home\",\"item\":\"https:\/\/toys.lt\/lv\/\"},{\"@type\":\"ListItem\",\"position\":2,\"name\":\"Veikals\",\"item\":\"https:\/\/toys.lt\/lv\/shop\/\"},{\"@type\":\"ListItem\",\"position\":3,\"name\":\"\u0100ra baseins INTEX Ultra XTR taisnst\u016bra formas baseina komplekts 9,75 x 4,88 x 1,32 m\"}]},{\"@type\":\"WebSite\",\"@id\":\"https:\/\/toys.lt\/lv\/#website\",\"url\":\"https:\/\/toys.lt\/lv\/\",\"name\":\"Toys.lt\",\"description\":\"\",\"potentialAction\":[{\"@type\":\"SearchAction\",\"target\":{\"@type\":\"EntryPoint\",\"urlTemplate\":\"https:\/\/toys.lt\/lv\/?s={search_term_string}\"},\"query-input\":{\"@type\":\"PropertyValueSpecification\",\"valueRequired\":true,\"valueName\":\"search_term_string\"}}],\"inLanguage\":\"lv-LV\"}]}<\/script>\n<!-- \/ Yoast SEO plugin. -->","yoast_head_json":{"title":"\u0100ra baseins INTEX Ultra XTR taisnst\u016bra formas baseina komplekts 9,75 x 4,88 x 1,32 m - Toys.lt","robots":{"index":"index","follow":"follow","max-snippet":"max-snippet:-1","max-image-preview":"max-image-preview:large","max-video-preview":"max-video-preview:-1"},"canonical":"https:\/\/toys.lt\/lv\/produktas\/ara-baseins-intex-ultra-xtr-taisnstura-formas-baseina-komplekts-975-x-488-x-132-m\/","og_locale":"lv_LV","og_type":"article","og_title":"\u0100ra baseins INTEX Ultra XTR taisnst\u016bra formas baseina komplekts 9,75 x 4,88 x 1,32 m - Toys.lt","og_description":"Izstr\u0101d\u0101juma tips: r\u0101mja baseins Baseina izm\u0113ri: 975 x 488 x 132 cm Iepakojuma izm\u0113ri: 151 x 60 x 69 cm + 151 x 60 x 42 cm Iepakojuma svars: 127 + 97 kg \u016adens tilpums: 54368 litri (90%) Uzpild\u012b\u0161anas laiks: 90 min\u016btes Ieteicamais vecums: no 6 gadiem.","og_url":"https:\/\/toys.lt\/lv\/produktas\/ara-baseins-intex-ultra-xtr-taisnstura-formas-baseina-komplekts-975-x-488-x-132-m\/","og_site_name":"Toys.lt","article_modified_time":"2026-04-08T00:03:04+00:00","og_image":[{"width":2560,"height":1778,"url":"https:\/\/toys.lt\/wp-content\/uploads\/2023\/03\/products-4007-scaled.jpg","type":"image\/jpeg"}],"twitter_card":"summary_large_image","twitter_misc":{"Est. reading time":"1 minute"},"schema":{"@context":"https:\/\/schema.org","@graph":[{"@type":"WebPage","@id":"https:\/\/toys.lt\/lv\/produktas\/ara-baseins-intex-ultra-xtr-taisnstura-formas-baseina-komplekts-975-x-488-x-132-m\/","url":"https:\/\/toys.lt\/lv\/produktas\/ara-baseins-intex-ultra-xtr-taisnstura-formas-baseina-komplekts-975-x-488-x-132-m\/","name":"\u0100ra baseins INTEX Ultra XTR taisnst\u016bra formas baseina komplekts 9,75 x 4,88 x 1,32 m - Toys.lt","isPartOf":{"@id":"https:\/\/toys.lt\/lv\/#website"},"primaryImageOfPage":{"@id":"https:\/\/toys.lt\/lv\/produktas\/ara-baseins-intex-ultra-xtr-taisnstura-formas-baseina-komplekts-975-x-488-x-132-m\/#primaryimage"},"image":{"@id":"https:\/\/toys.lt\/lv\/produktas\/ara-baseins-intex-ultra-xtr-taisnstura-formas-baseina-komplekts-975-x-488-x-132-m\/#primaryimage"},"thumbnailUrl":"https:\/\/toys.lt\/wp-content\/uploads\/2023\/03\/products-4007-scaled.jpg","datePublished":"2023-03-20T20:25:00+00:00","dateModified":"2026-04-08T00:03:04+00:00","breadcrumb":{"@id":"https:\/\/toys.lt\/lv\/produktas\/ara-baseins-intex-ultra-xtr-taisnstura-formas-baseina-komplekts-975-x-488-x-132-m\/#breadcrumb"},"inLanguage":"lv-LV","potentialAction":[{"@type":"ReadAction","target":["https:\/\/toys.lt\/lv\/produktas\/ara-baseins-intex-ultra-xtr-taisnstura-formas-baseina-komplekts-975-x-488-x-132-m\/"]}]},{"@type":"ImageObject","inLanguage":"lv-LV","@id":"https:\/\/toys.lt\/lv\/produktas\/ara-baseins-intex-ultra-xtr-taisnstura-formas-baseina-komplekts-975-x-488-x-132-m\/#primaryimage","url":"https:\/\/toys.lt\/wp-content\/uploads\/2023\/03\/products-4007-scaled.jpg","contentUrl":"https:\/\/toys.lt\/wp-content\/uploads\/2023\/03\/products-4007-scaled.jpg","width":2560,"height":1778,"caption":"Lauko baseinas INTEX Ultra XTR Rectangular Pool Set 9.75 x 4.88 x 1.32m"},{"@type":"BreadcrumbList","@id":"https:\/\/toys.lt\/lv\/produktas\/ara-baseins-intex-ultra-xtr-taisnstura-formas-baseina-komplekts-975-x-488-x-132-m\/#breadcrumb","itemListElement":[{"@type":"ListItem","position":1,"name":"Home","item":"https:\/\/toys.lt\/lv\/"},{"@type":"ListItem","position":2,"name":"Veikals","item":"https:\/\/toys.lt\/lv\/shop\/"},{"@type":"ListItem","position":3,"name":"\u0100ra baseins INTEX Ultra XTR taisnst\u016bra formas baseina komplekts 9,75 x 4,88 x 1,32 m"}]},{"@type":"WebSite","@id":"https:\/\/toys.lt\/lv\/#website","url":"https:\/\/toys.lt\/lv\/","name":"Toys.lt","description":"","potentialAction":[{"@type":"SearchAction","target":{"@type":"EntryPoint","urlTemplate":"https:\/\/toys.lt\/lv\/?s={search_term_string}"},"query-input":{"@type":"PropertyValueSpecification","valueRequired":true,"valueName":"search_term_string"}}],"inLanguage":"lv-LV"}]}},"_links":{"self":[{"href":"https:\/\/toys.lt\/lv\/wp-json\/wp\/v2\/product\/41294","targetHints":{"allow":["GET"]}}],"collection":[{"href":"https:\/\/toys.lt\/lv\/wp-json\/wp\/v2\/product"}],"about":[{"href":"https:\/\/toys.lt\/lv\/wp-json\/wp\/v2\/types\/product"}],"replies":[{"embeddable":true,"href":"https:\/\/toys.lt\/lv\/wp-json\/wp\/v2\/comments?post=41294"}],"version-history":[{"count":1,"href":"https:\/\/toys.lt\/lv\/wp-json\/wp\/v2\/product\/41294\/revisions"}],"predecessor-version":[{"id":41295,"href":"https:\/\/toys.lt\/lv\/wp-json\/wp\/v2\/product\/41294\/revisions\/41295"}],"wp:featuredmedia":[{"embeddable":true,"href":"https:\/\/toys.lt\/lv\/wp-json\/wp\/v2\/media\/38872"}],"wp:attachment":[{"href":"https:\/\/toys.lt\/lv\/wp-json\/wp\/v2\/media?parent=41294"}],"wp:term":[{"taxonomy":"product_brand","embeddable":true,"href":"https:\/\/toys.lt\/lv\/wp-json\/wp\/v2\/product_brand?post=41294"},{"taxonomy":"product_cat","embeddable":true,"href":"https:\/\/toys.lt\/lv\/wp-json\/wp\/v2\/product_cat?post=41294"},{"taxonomy":"product_tag","embeddable":true,"href":"https:\/\/toys.lt\/lv\/wp-json\/wp\/v2\/product_tag?post=41294"}],"curies":[{"name":"wp","href":"https:\/\/api.w.org\/{rel}","templated":true}]}}