{"id":41289,"date":"2024-05-24T04:02:32","date_gmt":"2024-05-24T04:02:32","guid":{"rendered":"https:\/\/toys.lt\/produktas\/clementoni-baby-spiralveida-miksta-spirale-happy-animals\/"},"modified":"2026-04-08T00:01:55","modified_gmt":"2026-04-08T00:01:55","slug":"clementoni-baby-spiralveida-miksta-spirale-happy-animals","status":"publish","type":"product","link":"https:\/\/toys.lt\/lv\/produktas\/clementoni-baby-spiralveida-miksta-spirale-happy-animals\/","title":{"rendered":"Clementoni Baby Soft Spiral Happy Animals kar\u0101jas rota\u013clieta"},"content":{"rendered":"<p data-start=\"252\" data-end=\"539\"><strong data-start=\"279\" data-end=\"293\">Clementoni<\/strong> Soft Spiral Happy Animals ir m\u012bksts, kr\u0101sains un m\u012bl\u012bgs, tas ir paredz\u0113ts mazu\u013ciem no pirmajiem dz\u012bves m\u0113ne\u0161iem. Spir\u0101li var viegli apt\u012bt ap rati\u0146u rokturi, b\u0113rnu gulti\u0146as malu vai automa\u0161\u012bnas s\u0113dekl\u012bti, un t\u0101 b\u016bs jauks sabiedrotais ce\u013co\u0161anai un ikdienas rota\u013c\u0101m. <\/p>\n<p data-start=\"541\" data-end=\"688\">Rak\u0161uts, v\u0101vere, ezis un putns ir izgatavoti no da\u017e\u0101diem b\u0113rniem dro\u0161iem materi\u0101liem. Katram dz\u012bvniekam ir unik\u0101ls sensorais efekts: <\/p>\n<ul data-start=\"689\" data-end=\"827\">\n<li data-start=\"689\" data-end=\"738\">\n<p data-start=\"691\" data-end=\"738\"><strong data-start=\"691\" data-end=\"705\">V\u0101ver\u012btei<\/strong> ir maigi \u0137emmojo\u0161a aste,<\/p>\n<\/li>\n<li data-start=\"739\" data-end=\"776\">\n<p data-start=\"741\" data-end=\"776\"><strong data-start=\"741\" data-end=\"749\">E\u017es<\/strong> p\u012bkst, kad nospie\u017eat tam v\u0113deru,<\/p>\n<\/li>\n<li data-start=\"777\" data-end=\"827\">\n<p data-start=\"779\" data-end=\"827\"><strong data-start=\"779\" data-end=\"793\">putns<\/strong> zvana iek\u0161\u0101.<\/p>\n<\/li>\n<\/ul>\n<p data-start=\"829\" data-end=\"1004\">Da\u017e\u0101das ska\u0146as un tekst\u016bras att\u012bsta redzi, dzirdi, s\u012bko motoriku un izzi\u0146u. Spir\u0101le ir dro\u0161a zobu rau\u0161anai un ide\u0101li piem\u0113rota b\u0113rna pirmajiem p\u0113t\u012bjumiem. <\/p>\n<hr data-start=\"1006\" data-end=\"1009\">\n<h2 data-start=\"1011\" data-end=\"1025\"><strong data-start=\"1014\" data-end=\"1025\">Funkcijas<\/strong><\/h2>\n<ul data-start=\"1026\" data-end=\"1531\">\n<li data-start=\"1026\" data-end=\"1088\">\n<p data-start=\"1028\" data-end=\"1088\">M\u012bksta, dro\u0161a un elast\u012bga <strong data-start=\"1054\" data-end=\"1086\">piekaram\u0101 spir\u0101le z\u012bdai\u0146iem<\/strong><\/p>\n<\/li>\n<li data-start=\"1089\" data-end=\"1154\">\n<p data-start=\"1091\" data-end=\"1154\">Piem\u0113rots piestiprin\u0101\u0161anai pie b\u0113rnu rati\u0146iem, b\u0113rnu gulti\u0146as, auto s\u0113dekl\u012b\u0161a<\/p>\n<\/li>\n<li data-start=\"1155\" data-end=\"1225\">\n<p data-start=\"1157\" data-end=\"1225\">3 da\u017e\u0101das piekaram\u0101s rota\u013clietas ar sensoriem un ska\u0146as efektiem<\/p>\n<\/li>\n<li data-start=\"1226\" data-end=\"1261\">\n<p data-start=\"1228\" data-end=\"1261\">V\u0101vere ar vicino\u0161u asti<\/p>\n<\/li>\n<li data-start=\"1262\" data-end=\"1292\">\n<p data-start=\"1264\" data-end=\"1292\">E\u017es ar cipsi v\u0113der\u0101<\/p>\n<\/li>\n<li data-start=\"1293\" data-end=\"1327\">\n<p data-start=\"1295\" data-end=\"1327\">Mazais putni\u0146\u0161 ar iek\u0161\u0113jo zvani\u0146u<\/p>\n<\/li>\n<li data-start=\"1328\" data-end=\"1387\">\n<p data-start=\"1330\" data-end=\"1387\">Da\u017e\u0101das tekst\u016bras att\u012bsta taustes un ma\u0146u saj\u016btas.<\/p>\n<\/li>\n<li data-start=\"1388\" data-end=\"1443\">\n<p data-start=\"1390\" data-end=\"1443\">Stimul\u0113 motorisko, vizu\u0101lo un dzirdes uztveri.<\/p>\n<\/li>\n<li data-start=\"1444\" data-end=\"1483\">\n<p data-start=\"1446\" data-end=\"1483\">Ide\u0101la rota\u013clieta no pirmajiem m\u0113ne\u0161iem<\/p>\n<\/li>\n<li data-start=\"1484\" data-end=\"1531\">\n<p data-start=\"1486\" data-end=\"1531\">Izstr\u0101d\u0101ts, projekt\u0113ts un att\u012bst\u012bts It\u0101lij\u0101<\/p>\n<\/li>\n<\/ul>\n<hr data-start=\"1533\" data-end=\"1536\">\n<h2 data-start=\"1538\" data-end=\"1565\"><strong data-start=\"1541\" data-end=\"1565\">Tehnisk\u0101 inform\u0101cija<\/strong><\/h2>\n<ul data-start=\"1566\" data-end=\"1826\">\n<li data-start=\"1566\" data-end=\"1589\">\n<p data-start=\"1568\" data-end=\"1589\"><strong data-start=\"1568\" data-end=\"1579\">Vecums:<\/strong> 0+ m\u0113ne\u0161i<\/p>\n<\/li>\n<li data-start=\"1590\" data-end=\"1631\">\n<p data-start=\"1592\" data-end=\"1631\"><strong data-start=\"1592\" data-end=\"1611\">Iepakojuma izm\u0113rs:<\/strong> 30 \u00d7 33,3 \u00d7 10 cm<\/p>\n<\/li>\n<li data-start=\"1632\" data-end=\"1660\">\n<p data-start=\"1634\" data-end=\"1660\"><strong data-start=\"1634\" data-end=\"1652\">Izstr\u0101d\u0101juma svars:<\/strong> 194 g<\/p>\n<\/li>\n<li data-start=\"1661\" data-end=\"1749\">\n<p data-start=\"1663\" data-end=\"1749\"><strong data-start=\"1663\" data-end=\"1677\">Materi\u0101li:<\/strong> m\u012bksta, netoksiska, dro\u0161a b\u0113rniem tekstila un plastmasas kombin\u0101cija.<\/p>\n<\/li>\n<li data-start=\"1750\" data-end=\"1783\">\n<p data-start=\"1752\" data-end=\"1783\"><strong data-start=\"1752\" data-end=\"1767\">Jauda:<\/strong> nav nepiecie\u0161ama<\/p>\n<\/li>\n<li data-start=\"1784\" data-end=\"1826\">\n<p data-start=\"1786\" data-end=\"1826\"><strong data-start=\"1786\" data-end=\"1803\">Izcelsmes valsts:<\/strong> It\u0101lija \/ Clementoni<\/p>\n<\/li>\n<\/ul>\n<hr data-start=\"1828\" data-end=\"1831\">\n<h2 data-start=\"1833\" data-end=\"1857\"><strong data-start=\"1836\" data-end=\"1857\">Dro\u0161\u012bbas br\u012bdin\u0101jums<\/strong><\/h2>\n<ul data-start=\"1858\" data-end=\"2042\">\n<li data-start=\"1858\" data-end=\"1909\">\n<p data-start=\"1860\" data-end=\"1909\">Pirms lieto\u0161anas no\u0146emiet visas iepakojuma da\u013cas.<\/p>\n<\/li>\n<li data-start=\"1910\" data-end=\"1951\">\n<p data-start=\"1912\" data-end=\"1951\">Lietojiet tikai pieaugu\u0161o uzraudz\u012bb\u0101.<\/p>\n<\/li>\n<li data-start=\"1952\" data-end=\"2001\">\n<p data-start=\"1954\" data-end=\"2001\">Regul\u0101ri p\u0101rbaudiet, vai rota\u013clieta nav boj\u0101ta.<\/p>\n<\/li>\n<li data-start=\"2002\" data-end=\"2042\">\n<p data-start=\"2004\" data-end=\"2042\">Sarg\u0101t no uguns avotiem.<\/p>\n<\/li>\n<\/ul>\n","protected":false},"excerpt":{"rendered":"<ul data-start=\"1566\" data-end=\"1826\">\n<li data-start=\"1566\" data-end=\"1589\">\n<p data-start=\"1568\" data-end=\"1589\"><strong data-start=\"1568\" data-end=\"1579\">Vecums:<\/strong> 0+ m\u0113ne\u0161i<\/p>\n<\/li>\n<li data-start=\"1590\" data-end=\"1631\">\n<p data-start=\"1592\" data-end=\"1631\"><strong data-start=\"1592\" data-end=\"1611\">Iepakojuma izm\u0113rs:<\/strong> 30 \u00d7 33,3 \u00d7 10 cm<\/p>\n<\/li>\n<li data-start=\"1632\" data-end=\"1660\">\n<p data-start=\"1634\" data-end=\"1660\"><strong data-start=\"1634\" data-end=\"1652\">Izstr\u0101d\u0101juma svars:<\/strong> 194 g<\/p>\n<\/li>\n<li data-start=\"1661\" data-end=\"1749\">\n<p data-start=\"1663\" data-end=\"1749\"><strong data-start=\"1663\" data-end=\"1677\">Materi\u0101li:<\/strong> m\u012bksta, netoksiska, dro\u0161a b\u0113rniem tekstila un plastmasas kombin\u0101cija.<\/p>\n<\/li>\n<li data-start=\"1750\" data-end=\"1783\">\n<p data-start=\"1752\" data-end=\"1783\"><strong data-start=\"1752\" data-end=\"1767\">Jauda:<\/strong> nav nepiecie\u0161ama<\/p>\n<\/li>\n<li data-start=\"1784\" data-end=\"1826\">\n<p data-start=\"1786\" data-end=\"1826\"><strong data-start=\"1786\" data-end=\"1803\">Izcelsmes valsts:<\/strong> It\u0101lija \/ Clementoni<\/p>\n<\/li>\n<\/ul>\n","protected":false},"featured_media":40181,"comment_status":"open","ping_status":"closed","template":"","meta":[],"product_brand":[384],"product_cat":[1183,1155],"product_tag":[],"class_list":{"0":"post-41289","1":"product","2":"type-product","3":"status-publish","4":"has-post-thumbnail","6":"product_brand-clementoni-2","7":"product_cat-rotallietas-maziem-berniem","8":"product_cat-leti","9":"pa_amziaus-grupe-0-lv","10":"pa_prek-s-tipas-piekaramas-rotallietas","11":"pa_prekes-zenklas-clementoni-lv","13":"first","14":"instock","15":"taxable","16":"shipping-taxable","17":"purchasable","18":"product-type-simple"},"yoast_head":"<!-- This site is optimized with the Yoast SEO plugin v26.3 - https:\/\/yoast.com\/wordpress\/plugins\/seo\/ -->\n<title>Clementoni Baby Soft Spiral Happy Animals kar\u0101jas rota\u013clieta - Toys.lt<\/title>\n<meta name=\"description\" content=\"Clementoni M\u012bksta spir\u0101le Happy Animals ar da\u017e\u0101d\u0101m ska\u0146\u0101m un tekst\u016br\u0101m. Var piestiprin\u0101t pie b\u0113rnu rati\u0146iem vai gulti\u0146as. Piem\u0113rots z\u012bdai\u0146iem no 0 m\u0113ne\u0161iem.\" \/>\n<meta name=\"robots\" content=\"index, follow, max-snippet:-1, max-image-preview:large, max-video-preview:-1\" \/>\n<link rel=\"canonical\" href=\"https:\/\/toys.lt\/lv\/produktas\/clementoni-baby-spiralveida-miksta-spirale-happy-animals\/\" \/>\n<meta property=\"og:locale\" content=\"lv_LV\" \/>\n<meta property=\"og:type\" content=\"article\" \/>\n<meta property=\"og:title\" content=\"Clementoni Baby Soft Spiral Happy Animals kar\u0101jas rota\u013clieta - Toys.lt\" \/>\n<meta property=\"og:description\" content=\"Clementoni M\u012bksta spir\u0101le Happy Animals ar da\u017e\u0101d\u0101m ska\u0146\u0101m un tekst\u016br\u0101m. Var piestiprin\u0101t pie b\u0113rnu rati\u0146iem vai gulti\u0146as. Piem\u0113rots z\u012bdai\u0146iem no 0 m\u0113ne\u0161iem.\" \/>\n<meta property=\"og:url\" content=\"https:\/\/toys.lt\/lv\/produktas\/clementoni-baby-spiralveida-miksta-spirale-happy-animals\/\" \/>\n<meta property=\"og:site_name\" content=\"Toys.lt\" \/>\n<meta property=\"article:modified_time\" content=\"2026-04-08T00:01:55+00:00\" \/>\n<meta property=\"og:image\" content=\"https:\/\/toys.lt\/wp-content\/uploads\/2024\/05\/products-6535.jpg\" \/>\n\t<meta property=\"og:image:width\" content=\"1500\" \/>\n\t<meta property=\"og:image:height\" content=\"1432\" \/>\n\t<meta property=\"og:image:type\" content=\"image\/jpeg\" \/>\n<meta name=\"twitter:card\" content=\"summary_large_image\" \/>\n<meta name=\"twitter:label1\" content=\"Est. reading time\" \/>\n\t<meta name=\"twitter:data1\" content=\"2 minutes\" \/>\n<script type=\"application\/ld+json\" class=\"yoast-schema-graph\">{\"@context\":\"https:\/\/schema.org\",\"@graph\":[{\"@type\":\"WebPage\",\"@id\":\"https:\/\/toys.lt\/lv\/produktas\/clementoni-baby-spiralveida-miksta-spirale-happy-animals\/\",\"url\":\"https:\/\/toys.lt\/lv\/produktas\/clementoni-baby-spiralveida-miksta-spirale-happy-animals\/\",\"name\":\"Clementoni Baby Soft Spiral Happy Animals kar\u0101jas rota\u013clieta - Toys.lt\",\"isPartOf\":{\"@id\":\"https:\/\/toys.lt\/lv\/#website\"},\"primaryImageOfPage\":{\"@id\":\"https:\/\/toys.lt\/lv\/produktas\/clementoni-baby-spiralveida-miksta-spirale-happy-animals\/#primaryimage\"},\"image\":{\"@id\":\"https:\/\/toys.lt\/lv\/produktas\/clementoni-baby-spiralveida-miksta-spirale-happy-animals\/#primaryimage\"},\"thumbnailUrl\":\"https:\/\/toys.lt\/wp-content\/uploads\/2024\/05\/products-6535.jpg\",\"datePublished\":\"2024-05-24T04:02:32+00:00\",\"dateModified\":\"2026-04-08T00:01:55+00:00\",\"description\":\"Clementoni M\u012bksta spir\u0101le Happy Animals ar da\u017e\u0101d\u0101m ska\u0146\u0101m un tekst\u016br\u0101m. Var piestiprin\u0101t pie b\u0113rnu rati\u0146iem vai gulti\u0146as. Piem\u0113rots z\u012bdai\u0146iem no 0 m\u0113ne\u0161iem.\",\"breadcrumb\":{\"@id\":\"https:\/\/toys.lt\/lv\/produktas\/clementoni-baby-spiralveida-miksta-spirale-happy-animals\/#breadcrumb\"},\"inLanguage\":\"lv-LV\",\"potentialAction\":[{\"@type\":\"ReadAction\",\"target\":[\"https:\/\/toys.lt\/lv\/produktas\/clementoni-baby-spiralveida-miksta-spirale-happy-animals\/\"]}]},{\"@type\":\"ImageObject\",\"inLanguage\":\"lv-LV\",\"@id\":\"https:\/\/toys.lt\/lv\/produktas\/clementoni-baby-spiralveida-miksta-spirale-happy-animals\/#primaryimage\",\"url\":\"https:\/\/toys.lt\/wp-content\/uploads\/2024\/05\/products-6535.jpg\",\"contentUrl\":\"https:\/\/toys.lt\/wp-content\/uploads\/2024\/05\/products-6535.jpg\",\"width\":1500,\"height\":1432,\"caption\":\"Clementoni Baby pakabinamas \u017eaislas, spiral\u0117 &#8220;Soft Spiral Happy Animals&#8221;\"},{\"@type\":\"BreadcrumbList\",\"@id\":\"https:\/\/toys.lt\/lv\/produktas\/clementoni-baby-spiralveida-miksta-spirale-happy-animals\/#breadcrumb\",\"itemListElement\":[{\"@type\":\"ListItem\",\"position\":1,\"name\":\"Home\",\"item\":\"https:\/\/toys.lt\/lv\/\"},{\"@type\":\"ListItem\",\"position\":2,\"name\":\"Veikals\",\"item\":\"https:\/\/toys.lt\/lv\/shop\/\"},{\"@type\":\"ListItem\",\"position\":3,\"name\":\"Clementoni Baby Soft Spiral Happy Animals kar\u0101jas rota\u013clieta\"}]},{\"@type\":\"WebSite\",\"@id\":\"https:\/\/toys.lt\/lv\/#website\",\"url\":\"https:\/\/toys.lt\/lv\/\",\"name\":\"Toys.lt\",\"description\":\"\",\"potentialAction\":[{\"@type\":\"SearchAction\",\"target\":{\"@type\":\"EntryPoint\",\"urlTemplate\":\"https:\/\/toys.lt\/lv\/?s={search_term_string}\"},\"query-input\":{\"@type\":\"PropertyValueSpecification\",\"valueRequired\":true,\"valueName\":\"search_term_string\"}}],\"inLanguage\":\"lv-LV\"}]}<\/script>\n<!-- \/ Yoast SEO plugin. -->","yoast_head_json":{"title":"Clementoni Baby Soft Spiral Happy Animals kar\u0101jas rota\u013clieta - Toys.lt","description":"Clementoni M\u012bksta spir\u0101le Happy Animals ar da\u017e\u0101d\u0101m ska\u0146\u0101m un tekst\u016br\u0101m. Var piestiprin\u0101t pie b\u0113rnu rati\u0146iem vai gulti\u0146as. Piem\u0113rots z\u012bdai\u0146iem no 0 m\u0113ne\u0161iem.","robots":{"index":"index","follow":"follow","max-snippet":"max-snippet:-1","max-image-preview":"max-image-preview:large","max-video-preview":"max-video-preview:-1"},"canonical":"https:\/\/toys.lt\/lv\/produktas\/clementoni-baby-spiralveida-miksta-spirale-happy-animals\/","og_locale":"lv_LV","og_type":"article","og_title":"Clementoni Baby Soft Spiral Happy Animals kar\u0101jas rota\u013clieta - Toys.lt","og_description":"Clementoni M\u012bksta spir\u0101le Happy Animals ar da\u017e\u0101d\u0101m ska\u0146\u0101m un tekst\u016br\u0101m. Var piestiprin\u0101t pie b\u0113rnu rati\u0146iem vai gulti\u0146as. Piem\u0113rots z\u012bdai\u0146iem no 0 m\u0113ne\u0161iem.","og_url":"https:\/\/toys.lt\/lv\/produktas\/clementoni-baby-spiralveida-miksta-spirale-happy-animals\/","og_site_name":"Toys.lt","article_modified_time":"2026-04-08T00:01:55+00:00","og_image":[{"width":1500,"height":1432,"url":"https:\/\/toys.lt\/wp-content\/uploads\/2024\/05\/products-6535.jpg","type":"image\/jpeg"}],"twitter_card":"summary_large_image","twitter_misc":{"Est. reading time":"2 minutes"},"schema":{"@context":"https:\/\/schema.org","@graph":[{"@type":"WebPage","@id":"https:\/\/toys.lt\/lv\/produktas\/clementoni-baby-spiralveida-miksta-spirale-happy-animals\/","url":"https:\/\/toys.lt\/lv\/produktas\/clementoni-baby-spiralveida-miksta-spirale-happy-animals\/","name":"Clementoni Baby Soft Spiral Happy Animals kar\u0101jas rota\u013clieta - Toys.lt","isPartOf":{"@id":"https:\/\/toys.lt\/lv\/#website"},"primaryImageOfPage":{"@id":"https:\/\/toys.lt\/lv\/produktas\/clementoni-baby-spiralveida-miksta-spirale-happy-animals\/#primaryimage"},"image":{"@id":"https:\/\/toys.lt\/lv\/produktas\/clementoni-baby-spiralveida-miksta-spirale-happy-animals\/#primaryimage"},"thumbnailUrl":"https:\/\/toys.lt\/wp-content\/uploads\/2024\/05\/products-6535.jpg","datePublished":"2024-05-24T04:02:32+00:00","dateModified":"2026-04-08T00:01:55+00:00","description":"Clementoni M\u012bksta spir\u0101le Happy Animals ar da\u017e\u0101d\u0101m ska\u0146\u0101m un tekst\u016br\u0101m. Var piestiprin\u0101t pie b\u0113rnu rati\u0146iem vai gulti\u0146as. Piem\u0113rots z\u012bdai\u0146iem no 0 m\u0113ne\u0161iem.","breadcrumb":{"@id":"https:\/\/toys.lt\/lv\/produktas\/clementoni-baby-spiralveida-miksta-spirale-happy-animals\/#breadcrumb"},"inLanguage":"lv-LV","potentialAction":[{"@type":"ReadAction","target":["https:\/\/toys.lt\/lv\/produktas\/clementoni-baby-spiralveida-miksta-spirale-happy-animals\/"]}]},{"@type":"ImageObject","inLanguage":"lv-LV","@id":"https:\/\/toys.lt\/lv\/produktas\/clementoni-baby-spiralveida-miksta-spirale-happy-animals\/#primaryimage","url":"https:\/\/toys.lt\/wp-content\/uploads\/2024\/05\/products-6535.jpg","contentUrl":"https:\/\/toys.lt\/wp-content\/uploads\/2024\/05\/products-6535.jpg","width":1500,"height":1432,"caption":"Clementoni Baby pakabinamas \u017eaislas, spiral\u0117 &#8220;Soft Spiral Happy Animals&#8221;"},{"@type":"BreadcrumbList","@id":"https:\/\/toys.lt\/lv\/produktas\/clementoni-baby-spiralveida-miksta-spirale-happy-animals\/#breadcrumb","itemListElement":[{"@type":"ListItem","position":1,"name":"Home","item":"https:\/\/toys.lt\/lv\/"},{"@type":"ListItem","position":2,"name":"Veikals","item":"https:\/\/toys.lt\/lv\/shop\/"},{"@type":"ListItem","position":3,"name":"Clementoni Baby Soft Spiral Happy Animals kar\u0101jas rota\u013clieta"}]},{"@type":"WebSite","@id":"https:\/\/toys.lt\/lv\/#website","url":"https:\/\/toys.lt\/lv\/","name":"Toys.lt","description":"","potentialAction":[{"@type":"SearchAction","target":{"@type":"EntryPoint","urlTemplate":"https:\/\/toys.lt\/lv\/?s={search_term_string}"},"query-input":{"@type":"PropertyValueSpecification","valueRequired":true,"valueName":"search_term_string"}}],"inLanguage":"lv-LV"}]}},"_links":{"self":[{"href":"https:\/\/toys.lt\/lv\/wp-json\/wp\/v2\/product\/41289","targetHints":{"allow":["GET"]}}],"collection":[{"href":"https:\/\/toys.lt\/lv\/wp-json\/wp\/v2\/product"}],"about":[{"href":"https:\/\/toys.lt\/lv\/wp-json\/wp\/v2\/types\/product"}],"replies":[{"embeddable":true,"href":"https:\/\/toys.lt\/lv\/wp-json\/wp\/v2\/comments?post=41289"}],"version-history":[{"count":3,"href":"https:\/\/toys.lt\/lv\/wp-json\/wp\/v2\/product\/41289\/revisions"}],"predecessor-version":[{"id":48350,"href":"https:\/\/toys.lt\/lv\/wp-json\/wp\/v2\/product\/41289\/revisions\/48350"}],"wp:featuredmedia":[{"embeddable":true,"href":"https:\/\/toys.lt\/lv\/wp-json\/wp\/v2\/media\/40181"}],"wp:attachment":[{"href":"https:\/\/toys.lt\/lv\/wp-json\/wp\/v2\/media?parent=41289"}],"wp:term":[{"taxonomy":"product_brand","embeddable":true,"href":"https:\/\/toys.lt\/lv\/wp-json\/wp\/v2\/product_brand?post=41289"},{"taxonomy":"product_cat","embeddable":true,"href":"https:\/\/toys.lt\/lv\/wp-json\/wp\/v2\/product_cat?post=41289"},{"taxonomy":"product_tag","embeddable":true,"href":"https:\/\/toys.lt\/lv\/wp-json\/wp\/v2\/product_tag?post=41289"}],"curies":[{"name":"wp","href":"https:\/\/api.w.org\/{rel}","templated":true}]}}