{"id":41287,"date":"2023-11-21T04:48:56","date_gmt":"2023-11-21T04:48:56","guid":{"rendered":"https:\/\/toys.lt\/produktas\/creator-6in1-117gab\/"},"modified":"2026-04-08T00:02:30","modified_gmt":"2026-04-08T00:02:30","slug":"creator-6in1-117gab","status":"publish","type":"product","link":"https:\/\/toys.lt\/lv\/produktas\/creator-6in1-117gab\/","title":{"rendered":"CREATOR 6IN1 (117GAB)"},"content":{"rendered":"<p><strong>Funkcijas:<\/strong><\/p>\n<ul style=\"list-style-type: square\">\n<li>Konstruktoru komplekts ma\u0161\u012bnu salik\u0161anai (6 mode\u013ci)<\/li>\n<li>P\u0113c saviem ieskatiem ir iesp\u0113jams izveidot ar\u012b savus mode\u013cus.<\/li>\n<li>117 da\u013cas<\/li>\n<li style=\"margin: 0px;padding: 0px;font: inherit;border: 0px\">Ietver lietot\u0101ja rokasgr\u0101matu<\/li>\n<\/ul>\n","protected":false},"excerpt":{"rendered":"<p>Produkta veids: izgl\u012btojo\u0161s<\/p>\n<p>Izcelsmes valsts: \u0136\u012bna<\/p>\n<p>Iepakojuma izm\u0113ri: 24 x 8 x 40 cm<\/p>\n<p>Ieteicamais vecums: no 5 gadiem.<\/p>\n","protected":false},"featured_media":39615,"comment_status":"open","ping_status":"closed","template":"","meta":[],"product_brand":[],"product_cat":[1158,1155],"product_tag":[],"class_list":{"0":"post-41287","1":"product","2":"type-product","3":"status-publish","4":"has-post-thumbnail","6":"product_cat-konstruktori","7":"product_cat-leti","8":"pa_amziaus-grupe-5-lv","9":"pa_prek-s-tipas-konstruktori-un-modulu-bloki","11":"first","12":"outofstock","13":"taxable","14":"shipping-taxable","15":"purchasable","16":"product-type-simple"},"yoast_head":"<!-- This site is optimized with the Yoast SEO plugin v26.3 - https:\/\/yoast.com\/wordpress\/plugins\/seo\/ -->\n<title>CREATOR 6IN1 (117GAB) - Toys.lt<\/title>\n<meta name=\"robots\" content=\"index, follow, max-snippet:-1, max-image-preview:large, max-video-preview:-1\" \/>\n<link rel=\"canonical\" href=\"https:\/\/toys.lt\/lv\/produktas\/creator-6in1-117gab\/\" \/>\n<meta property=\"og:locale\" content=\"lv_LV\" \/>\n<meta property=\"og:type\" content=\"article\" \/>\n<meta property=\"og:title\" content=\"CREATOR 6IN1 (117GAB) - Toys.lt\" \/>\n<meta property=\"og:description\" content=\"Produkta veids: izgl\u012btojo\u0161s Izcelsmes valsts: \u0136\u012bna Iepakojuma izm\u0113ri: 24 x 8 x 40 cm Ieteicamais vecums: no 5 gadiem.\" \/>\n<meta property=\"og:url\" content=\"https:\/\/toys.lt\/lv\/produktas\/creator-6in1-117gab\/\" \/>\n<meta property=\"og:site_name\" content=\"Toys.lt\" \/>\n<meta property=\"article:modified_time\" content=\"2026-04-08T00:02:30+00:00\" \/>\n<meta property=\"og:image\" content=\"https:\/\/toys.lt\/wp-content\/uploads\/2023\/11\/products-5527.jpg\" \/>\n\t<meta property=\"og:image:width\" content=\"965\" \/>\n\t<meta property=\"og:image:height\" content=\"746\" \/>\n\t<meta property=\"og:image:type\" content=\"image\/jpeg\" \/>\n<meta name=\"twitter:card\" content=\"summary_large_image\" \/>\n<script type=\"application\/ld+json\" class=\"yoast-schema-graph\">{\"@context\":\"https:\/\/schema.org\",\"@graph\":[{\"@type\":\"WebPage\",\"@id\":\"https:\/\/toys.lt\/lv\/produktas\/creator-6in1-117gab\/\",\"url\":\"https:\/\/toys.lt\/lv\/produktas\/creator-6in1-117gab\/\",\"name\":\"CREATOR 6IN1 (117GAB) - Toys.lt\",\"isPartOf\":{\"@id\":\"https:\/\/toys.lt\/lv\/#website\"},\"primaryImageOfPage\":{\"@id\":\"https:\/\/toys.lt\/lv\/produktas\/creator-6in1-117gab\/#primaryimage\"},\"image\":{\"@id\":\"https:\/\/toys.lt\/lv\/produktas\/creator-6in1-117gab\/#primaryimage\"},\"thumbnailUrl\":\"https:\/\/toys.lt\/wp-content\/uploads\/2023\/11\/products-5527.jpg\",\"datePublished\":\"2023-11-21T04:48:56+00:00\",\"dateModified\":\"2026-04-08T00:02:30+00:00\",\"breadcrumb\":{\"@id\":\"https:\/\/toys.lt\/lv\/produktas\/creator-6in1-117gab\/#breadcrumb\"},\"inLanguage\":\"lv-LV\",\"potentialAction\":[{\"@type\":\"ReadAction\",\"target\":[\"https:\/\/toys.lt\/lv\/produktas\/creator-6in1-117gab\/\"]}]},{\"@type\":\"ImageObject\",\"inLanguage\":\"lv-LV\",\"@id\":\"https:\/\/toys.lt\/lv\/produktas\/creator-6in1-117gab\/#primaryimage\",\"url\":\"https:\/\/toys.lt\/wp-content\/uploads\/2023\/11\/products-5527.jpg\",\"contentUrl\":\"https:\/\/toys.lt\/wp-content\/uploads\/2023\/11\/products-5527.jpg\",\"width\":965,\"height\":746,\"caption\":\"Konstruktorius CREATOR 6IN1 (117PCS)\"},{\"@type\":\"BreadcrumbList\",\"@id\":\"https:\/\/toys.lt\/lv\/produktas\/creator-6in1-117gab\/#breadcrumb\",\"itemListElement\":[{\"@type\":\"ListItem\",\"position\":1,\"name\":\"Home\",\"item\":\"https:\/\/toys.lt\/lv\/\"},{\"@type\":\"ListItem\",\"position\":2,\"name\":\"Veikals\",\"item\":\"https:\/\/toys.lt\/lv\/shop\/\"},{\"@type\":\"ListItem\",\"position\":3,\"name\":\"CREATOR 6IN1 (117GAB)\"}]},{\"@type\":\"WebSite\",\"@id\":\"https:\/\/toys.lt\/lv\/#website\",\"url\":\"https:\/\/toys.lt\/lv\/\",\"name\":\"Toys.lt\",\"description\":\"\",\"potentialAction\":[{\"@type\":\"SearchAction\",\"target\":{\"@type\":\"EntryPoint\",\"urlTemplate\":\"https:\/\/toys.lt\/lv\/?s={search_term_string}\"},\"query-input\":{\"@type\":\"PropertyValueSpecification\",\"valueRequired\":true,\"valueName\":\"search_term_string\"}}],\"inLanguage\":\"lv-LV\"}]}<\/script>\n<!-- \/ Yoast SEO plugin. -->","yoast_head_json":{"title":"CREATOR 6IN1 (117GAB) - Toys.lt","robots":{"index":"index","follow":"follow","max-snippet":"max-snippet:-1","max-image-preview":"max-image-preview:large","max-video-preview":"max-video-preview:-1"},"canonical":"https:\/\/toys.lt\/lv\/produktas\/creator-6in1-117gab\/","og_locale":"lv_LV","og_type":"article","og_title":"CREATOR 6IN1 (117GAB) - Toys.lt","og_description":"Produkta veids: izgl\u012btojo\u0161s Izcelsmes valsts: \u0136\u012bna Iepakojuma izm\u0113ri: 24 x 8 x 40 cm Ieteicamais vecums: no 5 gadiem.","og_url":"https:\/\/toys.lt\/lv\/produktas\/creator-6in1-117gab\/","og_site_name":"Toys.lt","article_modified_time":"2026-04-08T00:02:30+00:00","og_image":[{"width":965,"height":746,"url":"https:\/\/toys.lt\/wp-content\/uploads\/2023\/11\/products-5527.jpg","type":"image\/jpeg"}],"twitter_card":"summary_large_image","schema":{"@context":"https:\/\/schema.org","@graph":[{"@type":"WebPage","@id":"https:\/\/toys.lt\/lv\/produktas\/creator-6in1-117gab\/","url":"https:\/\/toys.lt\/lv\/produktas\/creator-6in1-117gab\/","name":"CREATOR 6IN1 (117GAB) - Toys.lt","isPartOf":{"@id":"https:\/\/toys.lt\/lv\/#website"},"primaryImageOfPage":{"@id":"https:\/\/toys.lt\/lv\/produktas\/creator-6in1-117gab\/#primaryimage"},"image":{"@id":"https:\/\/toys.lt\/lv\/produktas\/creator-6in1-117gab\/#primaryimage"},"thumbnailUrl":"https:\/\/toys.lt\/wp-content\/uploads\/2023\/11\/products-5527.jpg","datePublished":"2023-11-21T04:48:56+00:00","dateModified":"2026-04-08T00:02:30+00:00","breadcrumb":{"@id":"https:\/\/toys.lt\/lv\/produktas\/creator-6in1-117gab\/#breadcrumb"},"inLanguage":"lv-LV","potentialAction":[{"@type":"ReadAction","target":["https:\/\/toys.lt\/lv\/produktas\/creator-6in1-117gab\/"]}]},{"@type":"ImageObject","inLanguage":"lv-LV","@id":"https:\/\/toys.lt\/lv\/produktas\/creator-6in1-117gab\/#primaryimage","url":"https:\/\/toys.lt\/wp-content\/uploads\/2023\/11\/products-5527.jpg","contentUrl":"https:\/\/toys.lt\/wp-content\/uploads\/2023\/11\/products-5527.jpg","width":965,"height":746,"caption":"Konstruktorius CREATOR 6IN1 (117PCS)"},{"@type":"BreadcrumbList","@id":"https:\/\/toys.lt\/lv\/produktas\/creator-6in1-117gab\/#breadcrumb","itemListElement":[{"@type":"ListItem","position":1,"name":"Home","item":"https:\/\/toys.lt\/lv\/"},{"@type":"ListItem","position":2,"name":"Veikals","item":"https:\/\/toys.lt\/lv\/shop\/"},{"@type":"ListItem","position":3,"name":"CREATOR 6IN1 (117GAB)"}]},{"@type":"WebSite","@id":"https:\/\/toys.lt\/lv\/#website","url":"https:\/\/toys.lt\/lv\/","name":"Toys.lt","description":"","potentialAction":[{"@type":"SearchAction","target":{"@type":"EntryPoint","urlTemplate":"https:\/\/toys.lt\/lv\/?s={search_term_string}"},"query-input":{"@type":"PropertyValueSpecification","valueRequired":true,"valueName":"search_term_string"}}],"inLanguage":"lv-LV"}]}},"_links":{"self":[{"href":"https:\/\/toys.lt\/lv\/wp-json\/wp\/v2\/product\/41287","targetHints":{"allow":["GET"]}}],"collection":[{"href":"https:\/\/toys.lt\/lv\/wp-json\/wp\/v2\/product"}],"about":[{"href":"https:\/\/toys.lt\/lv\/wp-json\/wp\/v2\/types\/product"}],"replies":[{"embeddable":true,"href":"https:\/\/toys.lt\/lv\/wp-json\/wp\/v2\/comments?post=41287"}],"version-history":[{"count":2,"href":"https:\/\/toys.lt\/lv\/wp-json\/wp\/v2\/product\/41287\/revisions"}],"predecessor-version":[{"id":45784,"href":"https:\/\/toys.lt\/lv\/wp-json\/wp\/v2\/product\/41287\/revisions\/45784"}],"wp:featuredmedia":[{"embeddable":true,"href":"https:\/\/toys.lt\/lv\/wp-json\/wp\/v2\/media\/39615"}],"wp:attachment":[{"href":"https:\/\/toys.lt\/lv\/wp-json\/wp\/v2\/media?parent=41287"}],"wp:term":[{"taxonomy":"product_brand","embeddable":true,"href":"https:\/\/toys.lt\/lv\/wp-json\/wp\/v2\/product_brand?post=41287"},{"taxonomy":"product_cat","embeddable":true,"href":"https:\/\/toys.lt\/lv\/wp-json\/wp\/v2\/product_cat?post=41287"},{"taxonomy":"product_tag","embeddable":true,"href":"https:\/\/toys.lt\/lv\/wp-json\/wp\/v2\/product_tag?post=41287"}],"curies":[{"name":"wp","href":"https:\/\/api.w.org\/{rel}","templated":true}]}}