{"id":41275,"date":"2023-11-22T03:46:09","date_gmt":"2023-11-22T03:46:09","guid":{"rendered":"https:\/\/toys.lt\/produktas\/mag-build-magnetiskais-konstruktors-110gab-ar-apgaismojumu\/"},"modified":"2026-04-08T00:02:25","modified_gmt":"2026-04-08T00:02:25","slug":"mag-build-magnetiskais-konstruktors-110gab-ar-apgaismojumu","status":"publish","type":"product","link":"https:\/\/toys.lt\/lv\/produktas\/mag-build-magnetiskais-konstruktors-110gab-ar-apgaismojumu\/","title":{"rendered":"MAG-BUILD Magn\u0113tiskais konstruktors 110gab (ar apgaismojumu)"},"content":{"rendered":"<p><strong>Mag-Building Magn\u0113tiskais konstruktors<\/strong> ir univers\u0101ls komplekts, kas piem\u0113rots visu vecumu b\u0113rniem no 3 gadu vecuma. J\u016bsu b\u0113rns att\u012bst\u012bs lo\u0123isko dom\u0101\u0161anu, interesi par zin\u0101tni un rado\u0161\u0101s prasmes. <strong>&#8220;Mag-Building&#8221; <\/strong>da\u013cas <strong> <\/strong>ir savstarp\u0113ji savienoti ar magn\u0113tiem. Kad deta\u013cas ir savienotas, t\u0101s var pagriezt vajadz\u012bgaj\u0101 le\u0146\u0137\u012b, lai ar savu izt\u0113li rad\u012btu vissp\u0113c\u012bg\u0101k\u0101s \u0123eometrisk\u0101s fig\u016bras.  Turkl\u0101t deta\u013cas sp\u012bd tums\u0101.<\/p>\n<p>Ir lieto\u0161anas pam\u0101c\u012bba.<\/p>\n","protected":false},"excerpt":{"rendered":"<p>Izstr\u0101d\u0101juma veids &#8211; magn\u0113tisk\u0101 izgl\u012btojo\u0161\u0101 rota\u013clieta<\/p>\n<p>Materi\u0101ls &#8211; plastmasa<\/p>\n<p>Da\u013cu skaits. &#8211; 110 gab. <\/p>\n<p>Iepakojuma izm\u0113ri &#8211; 27 x 35 x 8 cm<\/p>\n<p>Ieteicamais vecums &#8211; 3 gadi un vec\u0101ki<\/p>\n<p>Izcelsmes valsts &#8211; \u0136\u012bna<\/p>\n","protected":false},"featured_media":39685,"comment_status":"open","ping_status":"closed","template":"","meta":[],"product_brand":[],"product_cat":[1158,1155],"product_tag":[],"class_list":{"0":"post-41275","1":"product","2":"type-product","3":"status-publish","4":"has-post-thumbnail","6":"product_cat-konstruktori","7":"product_cat-leti","8":"pa_prek-s-tipas-konstruktori-un-modulu-bloki","9":"pa_spalva-dazadi","11":"first","12":"outofstock","13":"taxable","14":"shipping-taxable","15":"purchasable","16":"product-type-simple"},"yoast_head":"<!-- This site is optimized with the Yoast SEO plugin v26.3 - https:\/\/yoast.com\/wordpress\/plugins\/seo\/ -->\n<title>MAG-BUILD Magn\u0113tiskais konstruktors 110gab (ar apgaismojumu) - Toys.lt<\/title>\n<meta name=\"robots\" content=\"index, follow, max-snippet:-1, max-image-preview:large, max-video-preview:-1\" \/>\n<link rel=\"canonical\" href=\"https:\/\/toys.lt\/lv\/produktas\/mag-build-magnetiskais-konstruktors-110gab-ar-apgaismojumu\/\" \/>\n<meta property=\"og:locale\" content=\"lv_LV\" \/>\n<meta property=\"og:type\" content=\"article\" \/>\n<meta property=\"og:title\" content=\"MAG-BUILD Magn\u0113tiskais konstruktors 110gab (ar apgaismojumu) - Toys.lt\" \/>\n<meta property=\"og:description\" content=\"Izstr\u0101d\u0101juma veids - magn\u0113tisk\u0101 izgl\u012btojo\u0161\u0101 rota\u013clieta Materi\u0101ls - plastmasa Da\u013cu skaits. - 110 gab.  Iepakojuma izm\u0113ri - 27 x 35 x 8 cm Ieteicamais vecums - 3 gadi un vec\u0101ki Izcelsmes valsts - \u0136\u012bna\" \/>\n<meta property=\"og:url\" content=\"https:\/\/toys.lt\/lv\/produktas\/mag-build-magnetiskais-konstruktors-110gab-ar-apgaismojumu\/\" \/>\n<meta property=\"og:site_name\" content=\"Toys.lt\" \/>\n<meta property=\"article:modified_time\" content=\"2026-04-08T00:02:25+00:00\" \/>\n<meta property=\"og:image\" content=\"https:\/\/toys.lt\/wp-content\/uploads\/2023\/11\/products-5641.jpg\" \/>\n\t<meta property=\"og:image:width\" content=\"879\" \/>\n\t<meta property=\"og:image:height\" content=\"857\" \/>\n\t<meta property=\"og:image:type\" content=\"image\/jpeg\" \/>\n<meta name=\"twitter:card\" content=\"summary_large_image\" \/>\n<script type=\"application\/ld+json\" class=\"yoast-schema-graph\">{\"@context\":\"https:\/\/schema.org\",\"@graph\":[{\"@type\":\"WebPage\",\"@id\":\"https:\/\/toys.lt\/lv\/produktas\/mag-build-magnetiskais-konstruktors-110gab-ar-apgaismojumu\/\",\"url\":\"https:\/\/toys.lt\/lv\/produktas\/mag-build-magnetiskais-konstruktors-110gab-ar-apgaismojumu\/\",\"name\":\"MAG-BUILD Magn\u0113tiskais konstruktors 110gab (ar apgaismojumu) - Toys.lt\",\"isPartOf\":{\"@id\":\"https:\/\/toys.lt\/lv\/#website\"},\"primaryImageOfPage\":{\"@id\":\"https:\/\/toys.lt\/lv\/produktas\/mag-build-magnetiskais-konstruktors-110gab-ar-apgaismojumu\/#primaryimage\"},\"image\":{\"@id\":\"https:\/\/toys.lt\/lv\/produktas\/mag-build-magnetiskais-konstruktors-110gab-ar-apgaismojumu\/#primaryimage\"},\"thumbnailUrl\":\"https:\/\/toys.lt\/wp-content\/uploads\/2023\/11\/products-5641.jpg\",\"datePublished\":\"2023-11-22T03:46:09+00:00\",\"dateModified\":\"2026-04-08T00:02:25+00:00\",\"breadcrumb\":{\"@id\":\"https:\/\/toys.lt\/lv\/produktas\/mag-build-magnetiskais-konstruktors-110gab-ar-apgaismojumu\/#breadcrumb\"},\"inLanguage\":\"lv-LV\",\"potentialAction\":[{\"@type\":\"ReadAction\",\"target\":[\"https:\/\/toys.lt\/lv\/produktas\/mag-build-magnetiskais-konstruktors-110gab-ar-apgaismojumu\/\"]}]},{\"@type\":\"ImageObject\",\"inLanguage\":\"lv-LV\",\"@id\":\"https:\/\/toys.lt\/lv\/produktas\/mag-build-magnetiskais-konstruktors-110gab-ar-apgaismojumu\/#primaryimage\",\"url\":\"https:\/\/toys.lt\/wp-content\/uploads\/2023\/11\/products-5641.jpg\",\"contentUrl\":\"https:\/\/toys.lt\/wp-content\/uploads\/2023\/11\/products-5641.jpg\",\"width\":879,\"height\":857,\"caption\":\"Magnetinis konstruktorius MAG-BUILD 110pcs (\u0161vie\u010diantis)\"},{\"@type\":\"BreadcrumbList\",\"@id\":\"https:\/\/toys.lt\/lv\/produktas\/mag-build-magnetiskais-konstruktors-110gab-ar-apgaismojumu\/#breadcrumb\",\"itemListElement\":[{\"@type\":\"ListItem\",\"position\":1,\"name\":\"Home\",\"item\":\"https:\/\/toys.lt\/lv\/\"},{\"@type\":\"ListItem\",\"position\":2,\"name\":\"Veikals\",\"item\":\"https:\/\/toys.lt\/lv\/shop\/\"},{\"@type\":\"ListItem\",\"position\":3,\"name\":\"MAG-BUILD Magn\u0113tiskais konstruktors 110gab (ar apgaismojumu)\"}]},{\"@type\":\"WebSite\",\"@id\":\"https:\/\/toys.lt\/lv\/#website\",\"url\":\"https:\/\/toys.lt\/lv\/\",\"name\":\"Toys.lt\",\"description\":\"\",\"potentialAction\":[{\"@type\":\"SearchAction\",\"target\":{\"@type\":\"EntryPoint\",\"urlTemplate\":\"https:\/\/toys.lt\/lv\/?s={search_term_string}\"},\"query-input\":{\"@type\":\"PropertyValueSpecification\",\"valueRequired\":true,\"valueName\":\"search_term_string\"}}],\"inLanguage\":\"lv-LV\"}]}<\/script>\n<!-- \/ Yoast SEO plugin. -->","yoast_head_json":{"title":"MAG-BUILD Magn\u0113tiskais konstruktors 110gab (ar apgaismojumu) - Toys.lt","robots":{"index":"index","follow":"follow","max-snippet":"max-snippet:-1","max-image-preview":"max-image-preview:large","max-video-preview":"max-video-preview:-1"},"canonical":"https:\/\/toys.lt\/lv\/produktas\/mag-build-magnetiskais-konstruktors-110gab-ar-apgaismojumu\/","og_locale":"lv_LV","og_type":"article","og_title":"MAG-BUILD Magn\u0113tiskais konstruktors 110gab (ar apgaismojumu) - Toys.lt","og_description":"Izstr\u0101d\u0101juma veids - magn\u0113tisk\u0101 izgl\u012btojo\u0161\u0101 rota\u013clieta Materi\u0101ls - plastmasa Da\u013cu skaits. - 110 gab.  Iepakojuma izm\u0113ri - 27 x 35 x 8 cm Ieteicamais vecums - 3 gadi un vec\u0101ki Izcelsmes valsts - \u0136\u012bna","og_url":"https:\/\/toys.lt\/lv\/produktas\/mag-build-magnetiskais-konstruktors-110gab-ar-apgaismojumu\/","og_site_name":"Toys.lt","article_modified_time":"2026-04-08T00:02:25+00:00","og_image":[{"width":879,"height":857,"url":"https:\/\/toys.lt\/wp-content\/uploads\/2023\/11\/products-5641.jpg","type":"image\/jpeg"}],"twitter_card":"summary_large_image","schema":{"@context":"https:\/\/schema.org","@graph":[{"@type":"WebPage","@id":"https:\/\/toys.lt\/lv\/produktas\/mag-build-magnetiskais-konstruktors-110gab-ar-apgaismojumu\/","url":"https:\/\/toys.lt\/lv\/produktas\/mag-build-magnetiskais-konstruktors-110gab-ar-apgaismojumu\/","name":"MAG-BUILD Magn\u0113tiskais konstruktors 110gab (ar apgaismojumu) - Toys.lt","isPartOf":{"@id":"https:\/\/toys.lt\/lv\/#website"},"primaryImageOfPage":{"@id":"https:\/\/toys.lt\/lv\/produktas\/mag-build-magnetiskais-konstruktors-110gab-ar-apgaismojumu\/#primaryimage"},"image":{"@id":"https:\/\/toys.lt\/lv\/produktas\/mag-build-magnetiskais-konstruktors-110gab-ar-apgaismojumu\/#primaryimage"},"thumbnailUrl":"https:\/\/toys.lt\/wp-content\/uploads\/2023\/11\/products-5641.jpg","datePublished":"2023-11-22T03:46:09+00:00","dateModified":"2026-04-08T00:02:25+00:00","breadcrumb":{"@id":"https:\/\/toys.lt\/lv\/produktas\/mag-build-magnetiskais-konstruktors-110gab-ar-apgaismojumu\/#breadcrumb"},"inLanguage":"lv-LV","potentialAction":[{"@type":"ReadAction","target":["https:\/\/toys.lt\/lv\/produktas\/mag-build-magnetiskais-konstruktors-110gab-ar-apgaismojumu\/"]}]},{"@type":"ImageObject","inLanguage":"lv-LV","@id":"https:\/\/toys.lt\/lv\/produktas\/mag-build-magnetiskais-konstruktors-110gab-ar-apgaismojumu\/#primaryimage","url":"https:\/\/toys.lt\/wp-content\/uploads\/2023\/11\/products-5641.jpg","contentUrl":"https:\/\/toys.lt\/wp-content\/uploads\/2023\/11\/products-5641.jpg","width":879,"height":857,"caption":"Magnetinis konstruktorius MAG-BUILD 110pcs (\u0161vie\u010diantis)"},{"@type":"BreadcrumbList","@id":"https:\/\/toys.lt\/lv\/produktas\/mag-build-magnetiskais-konstruktors-110gab-ar-apgaismojumu\/#breadcrumb","itemListElement":[{"@type":"ListItem","position":1,"name":"Home","item":"https:\/\/toys.lt\/lv\/"},{"@type":"ListItem","position":2,"name":"Veikals","item":"https:\/\/toys.lt\/lv\/shop\/"},{"@type":"ListItem","position":3,"name":"MAG-BUILD Magn\u0113tiskais konstruktors 110gab (ar apgaismojumu)"}]},{"@type":"WebSite","@id":"https:\/\/toys.lt\/lv\/#website","url":"https:\/\/toys.lt\/lv\/","name":"Toys.lt","description":"","potentialAction":[{"@type":"SearchAction","target":{"@type":"EntryPoint","urlTemplate":"https:\/\/toys.lt\/lv\/?s={search_term_string}"},"query-input":{"@type":"PropertyValueSpecification","valueRequired":true,"valueName":"search_term_string"}}],"inLanguage":"lv-LV"}]}},"_links":{"self":[{"href":"https:\/\/toys.lt\/lv\/wp-json\/wp\/v2\/product\/41275","targetHints":{"allow":["GET"]}}],"collection":[{"href":"https:\/\/toys.lt\/lv\/wp-json\/wp\/v2\/product"}],"about":[{"href":"https:\/\/toys.lt\/lv\/wp-json\/wp\/v2\/types\/product"}],"replies":[{"embeddable":true,"href":"https:\/\/toys.lt\/lv\/wp-json\/wp\/v2\/comments?post=41275"}],"version-history":[{"count":2,"href":"https:\/\/toys.lt\/lv\/wp-json\/wp\/v2\/product\/41275\/revisions"}],"predecessor-version":[{"id":45796,"href":"https:\/\/toys.lt\/lv\/wp-json\/wp\/v2\/product\/41275\/revisions\/45796"}],"wp:featuredmedia":[{"embeddable":true,"href":"https:\/\/toys.lt\/lv\/wp-json\/wp\/v2\/media\/39685"}],"wp:attachment":[{"href":"https:\/\/toys.lt\/lv\/wp-json\/wp\/v2\/media?parent=41275"}],"wp:term":[{"taxonomy":"product_brand","embeddable":true,"href":"https:\/\/toys.lt\/lv\/wp-json\/wp\/v2\/product_brand?post=41275"},{"taxonomy":"product_cat","embeddable":true,"href":"https:\/\/toys.lt\/lv\/wp-json\/wp\/v2\/product_cat?post=41275"},{"taxonomy":"product_tag","embeddable":true,"href":"https:\/\/toys.lt\/lv\/wp-json\/wp\/v2\/product_tag?post=41275"}],"curies":[{"name":"wp","href":"https:\/\/api.w.org\/{rel}","templated":true}]}}