{"id":41264,"date":"2023-02-21T19:17:06","date_gmt":"2023-02-21T19:17:06","guid":{"rendered":"https:\/\/toys.lt\/produktas\/technok-spelu-galds-mozaika\/"},"modified":"2026-04-08T00:03:11","modified_gmt":"2026-04-08T00:03:11","slug":"technok-spelu-galds-mozaika","status":"publish","type":"product","link":"https:\/\/toys.lt\/lv\/produktas\/technok-spelu-galds-mozaika\/","title":{"rendered":"Technok sp\u0113\u013cu galds &#8211; moza\u012bka"},"content":{"rendered":"<ul style=\"list-style-type: disc;\">\n<li>\u0112rts un funkcion\u0101ls galds ar diviem nodal\u012bjumiem rota\u013cliet\u0101m un priek\u0161metiem. Galdu var novietot uz k\u0101j\u0101m vai novietot uz galda \u0113rt\u012bbas labad. <\/li>\n<li>Galda virsma ir izgatavota no viegli t\u012br\u0101ma materi\u0101la, t\u0101p\u0113c uz t\u0101s var z\u012bm\u0113t ar \u016bdens mar\u0137ieriem.<\/li>\n<li>5 da\u017e\u0101das lapas moza\u012bkas sp\u0113lei<\/li>\n<\/ul>\n","protected":false},"excerpt":{"rendered":"<p>Produkta veids: \u0101rsta komplekts<\/p>\n<p>Izcelsmes valsts: Ukraina<\/p>\n<p>Produkta izm\u0113ri: 43 x 31 x 27 cm<\/p>\n<p>Svars: 2,1 kg<\/p>\n<p>Produkta materi\u0101ls: plastmasa<\/p>\n<p>Ieteicamais vecums: no 3 gadiem.<\/p>\n","protected":false},"featured_media":38681,"comment_status":"open","ping_status":"closed","template":"","meta":[],"product_brand":[],"product_cat":[1280,1180,1176,1155],"product_tag":[],"class_list":{"0":"post-41264","1":"product","2":"type-product","3":"status-publish","4":"has-post-thumbnail","6":"product_cat-galda-speles","7":"product_cat-rotallietas-meitenem","8":"product_cat-rotallietas-zeniem","9":"product_cat-leti","10":"pa_amziaus-grupe-3-lv","11":"pa_prek-s-tipas-arsta-komplekts","13":"first","14":"outofstock","15":"taxable","16":"shipping-taxable","17":"purchasable","18":"product-type-simple"},"yoast_head":"<!-- This site is optimized with the Yoast SEO plugin v26.3 - https:\/\/yoast.com\/wordpress\/plugins\/seo\/ -->\n<title>Technok sp\u0113\u013cu galds - moza\u012bka - Toys.lt<\/title>\n<meta name=\"robots\" content=\"index, follow, max-snippet:-1, max-image-preview:large, max-video-preview:-1\" \/>\n<link rel=\"canonical\" href=\"https:\/\/toys.lt\/lv\/produktas\/technok-spelu-galds-mozaika\/\" \/>\n<meta property=\"og:locale\" content=\"lv_LV\" \/>\n<meta property=\"og:type\" content=\"article\" \/>\n<meta property=\"og:title\" content=\"Technok sp\u0113\u013cu galds - moza\u012bka - Toys.lt\" \/>\n<meta property=\"og:description\" content=\"Produkta veids: \u0101rsta komplekts Izcelsmes valsts: Ukraina Produkta izm\u0113ri: 43 x 31 x 27 cm Svars: 2,1 kg Produkta materi\u0101ls: plastmasa Ieteicamais vecums: no 3 gadiem.\" \/>\n<meta property=\"og:url\" content=\"https:\/\/toys.lt\/lv\/produktas\/technok-spelu-galds-mozaika\/\" \/>\n<meta property=\"og:site_name\" content=\"Toys.lt\" \/>\n<meta property=\"article:modified_time\" content=\"2026-04-08T00:03:11+00:00\" \/>\n<meta property=\"og:image\" content=\"https:\/\/toys.lt\/wp-content\/uploads\/2023\/02\/products-3636.jpg\" \/>\n\t<meta property=\"og:image:width\" content=\"1200\" \/>\n\t<meta property=\"og:image:height\" content=\"800\" \/>\n\t<meta property=\"og:image:type\" content=\"image\/jpeg\" \/>\n<meta name=\"twitter:card\" content=\"summary_large_image\" \/>\n<script type=\"application\/ld+json\" class=\"yoast-schema-graph\">{\"@context\":\"https:\/\/schema.org\",\"@graph\":[{\"@type\":\"WebPage\",\"@id\":\"https:\/\/toys.lt\/lv\/produktas\/technok-spelu-galds-mozaika\/\",\"url\":\"https:\/\/toys.lt\/lv\/produktas\/technok-spelu-galds-mozaika\/\",\"name\":\"Technok sp\u0113\u013cu galds - moza\u012bka - Toys.lt\",\"isPartOf\":{\"@id\":\"https:\/\/toys.lt\/lv\/#website\"},\"primaryImageOfPage\":{\"@id\":\"https:\/\/toys.lt\/lv\/produktas\/technok-spelu-galds-mozaika\/#primaryimage\"},\"image\":{\"@id\":\"https:\/\/toys.lt\/lv\/produktas\/technok-spelu-galds-mozaika\/#primaryimage\"},\"thumbnailUrl\":\"https:\/\/toys.lt\/wp-content\/uploads\/2023\/02\/products-3636.jpg\",\"datePublished\":\"2023-02-21T19:17:06+00:00\",\"dateModified\":\"2026-04-08T00:03:11+00:00\",\"breadcrumb\":{\"@id\":\"https:\/\/toys.lt\/lv\/produktas\/technok-spelu-galds-mozaika\/#breadcrumb\"},\"inLanguage\":\"lv-LV\",\"potentialAction\":[{\"@type\":\"ReadAction\",\"target\":[\"https:\/\/toys.lt\/lv\/produktas\/technok-spelu-galds-mozaika\/\"]}]},{\"@type\":\"ImageObject\",\"inLanguage\":\"lv-LV\",\"@id\":\"https:\/\/toys.lt\/lv\/produktas\/technok-spelu-galds-mozaika\/#primaryimage\",\"url\":\"https:\/\/toys.lt\/wp-content\/uploads\/2023\/02\/products-3636.jpg\",\"contentUrl\":\"https:\/\/toys.lt\/wp-content\/uploads\/2023\/02\/products-3636.jpg\",\"width\":1200,\"height\":800,\"caption\":\"Technok \u017eaidimo stalas &#8211; mozaika\"},{\"@type\":\"BreadcrumbList\",\"@id\":\"https:\/\/toys.lt\/lv\/produktas\/technok-spelu-galds-mozaika\/#breadcrumb\",\"itemListElement\":[{\"@type\":\"ListItem\",\"position\":1,\"name\":\"Home\",\"item\":\"https:\/\/toys.lt\/lv\/\"},{\"@type\":\"ListItem\",\"position\":2,\"name\":\"Veikals\",\"item\":\"https:\/\/toys.lt\/lv\/shop\/\"},{\"@type\":\"ListItem\",\"position\":3,\"name\":\"Technok sp\u0113\u013cu galds &#8211; moza\u012bka\"}]},{\"@type\":\"WebSite\",\"@id\":\"https:\/\/toys.lt\/lv\/#website\",\"url\":\"https:\/\/toys.lt\/lv\/\",\"name\":\"Toys.lt\",\"description\":\"\",\"potentialAction\":[{\"@type\":\"SearchAction\",\"target\":{\"@type\":\"EntryPoint\",\"urlTemplate\":\"https:\/\/toys.lt\/lv\/?s={search_term_string}\"},\"query-input\":{\"@type\":\"PropertyValueSpecification\",\"valueRequired\":true,\"valueName\":\"search_term_string\"}}],\"inLanguage\":\"lv-LV\"}]}<\/script>\n<!-- \/ Yoast SEO plugin. -->","yoast_head_json":{"title":"Technok sp\u0113\u013cu galds - moza\u012bka - Toys.lt","robots":{"index":"index","follow":"follow","max-snippet":"max-snippet:-1","max-image-preview":"max-image-preview:large","max-video-preview":"max-video-preview:-1"},"canonical":"https:\/\/toys.lt\/lv\/produktas\/technok-spelu-galds-mozaika\/","og_locale":"lv_LV","og_type":"article","og_title":"Technok sp\u0113\u013cu galds - moza\u012bka - Toys.lt","og_description":"Produkta veids: \u0101rsta komplekts Izcelsmes valsts: Ukraina Produkta izm\u0113ri: 43 x 31 x 27 cm Svars: 2,1 kg Produkta materi\u0101ls: plastmasa Ieteicamais vecums: no 3 gadiem.","og_url":"https:\/\/toys.lt\/lv\/produktas\/technok-spelu-galds-mozaika\/","og_site_name":"Toys.lt","article_modified_time":"2026-04-08T00:03:11+00:00","og_image":[{"width":1200,"height":800,"url":"https:\/\/toys.lt\/wp-content\/uploads\/2023\/02\/products-3636.jpg","type":"image\/jpeg"}],"twitter_card":"summary_large_image","schema":{"@context":"https:\/\/schema.org","@graph":[{"@type":"WebPage","@id":"https:\/\/toys.lt\/lv\/produktas\/technok-spelu-galds-mozaika\/","url":"https:\/\/toys.lt\/lv\/produktas\/technok-spelu-galds-mozaika\/","name":"Technok sp\u0113\u013cu galds - moza\u012bka - Toys.lt","isPartOf":{"@id":"https:\/\/toys.lt\/lv\/#website"},"primaryImageOfPage":{"@id":"https:\/\/toys.lt\/lv\/produktas\/technok-spelu-galds-mozaika\/#primaryimage"},"image":{"@id":"https:\/\/toys.lt\/lv\/produktas\/technok-spelu-galds-mozaika\/#primaryimage"},"thumbnailUrl":"https:\/\/toys.lt\/wp-content\/uploads\/2023\/02\/products-3636.jpg","datePublished":"2023-02-21T19:17:06+00:00","dateModified":"2026-04-08T00:03:11+00:00","breadcrumb":{"@id":"https:\/\/toys.lt\/lv\/produktas\/technok-spelu-galds-mozaika\/#breadcrumb"},"inLanguage":"lv-LV","potentialAction":[{"@type":"ReadAction","target":["https:\/\/toys.lt\/lv\/produktas\/technok-spelu-galds-mozaika\/"]}]},{"@type":"ImageObject","inLanguage":"lv-LV","@id":"https:\/\/toys.lt\/lv\/produktas\/technok-spelu-galds-mozaika\/#primaryimage","url":"https:\/\/toys.lt\/wp-content\/uploads\/2023\/02\/products-3636.jpg","contentUrl":"https:\/\/toys.lt\/wp-content\/uploads\/2023\/02\/products-3636.jpg","width":1200,"height":800,"caption":"Technok \u017eaidimo stalas &#8211; mozaika"},{"@type":"BreadcrumbList","@id":"https:\/\/toys.lt\/lv\/produktas\/technok-spelu-galds-mozaika\/#breadcrumb","itemListElement":[{"@type":"ListItem","position":1,"name":"Home","item":"https:\/\/toys.lt\/lv\/"},{"@type":"ListItem","position":2,"name":"Veikals","item":"https:\/\/toys.lt\/lv\/shop\/"},{"@type":"ListItem","position":3,"name":"Technok sp\u0113\u013cu galds &#8211; moza\u012bka"}]},{"@type":"WebSite","@id":"https:\/\/toys.lt\/lv\/#website","url":"https:\/\/toys.lt\/lv\/","name":"Toys.lt","description":"","potentialAction":[{"@type":"SearchAction","target":{"@type":"EntryPoint","urlTemplate":"https:\/\/toys.lt\/lv\/?s={search_term_string}"},"query-input":{"@type":"PropertyValueSpecification","valueRequired":true,"valueName":"search_term_string"}}],"inLanguage":"lv-LV"}]}},"_links":{"self":[{"href":"https:\/\/toys.lt\/lv\/wp-json\/wp\/v2\/product\/41264","targetHints":{"allow":["GET"]}}],"collection":[{"href":"https:\/\/toys.lt\/lv\/wp-json\/wp\/v2\/product"}],"about":[{"href":"https:\/\/toys.lt\/lv\/wp-json\/wp\/v2\/types\/product"}],"replies":[{"embeddable":true,"href":"https:\/\/toys.lt\/lv\/wp-json\/wp\/v2\/comments?post=41264"}],"version-history":[{"count":1,"href":"https:\/\/toys.lt\/lv\/wp-json\/wp\/v2\/product\/41264\/revisions"}],"predecessor-version":[{"id":41266,"href":"https:\/\/toys.lt\/lv\/wp-json\/wp\/v2\/product\/41264\/revisions\/41266"}],"wp:featuredmedia":[{"embeddable":true,"href":"https:\/\/toys.lt\/lv\/wp-json\/wp\/v2\/media\/38681"}],"wp:attachment":[{"href":"https:\/\/toys.lt\/lv\/wp-json\/wp\/v2\/media?parent=41264"}],"wp:term":[{"taxonomy":"product_brand","embeddable":true,"href":"https:\/\/toys.lt\/lv\/wp-json\/wp\/v2\/product_brand?post=41264"},{"taxonomy":"product_cat","embeddable":true,"href":"https:\/\/toys.lt\/lv\/wp-json\/wp\/v2\/product_cat?post=41264"},{"taxonomy":"product_tag","embeddable":true,"href":"https:\/\/toys.lt\/lv\/wp-json\/wp\/v2\/product_tag?post=41264"}],"curies":[{"name":"wp","href":"https:\/\/api.w.org\/{rel}","templated":true}]}}