{"id":41247,"date":"2023-11-14T03:19:58","date_gmt":"2023-11-14T03:19:58","guid":{"rendered":"https:\/\/toys.lt\/produktas\/ekskavators-pilsan-06206\/"},"modified":"2026-04-08T00:02:31","modified_gmt":"2026-04-08T00:02:31","slug":"ekskavators-pilsan-06206","status":"publish","type":"product","link":"https:\/\/toys.lt\/lv\/produktas\/ekskavators-pilsan-06206\/","title":{"rendered":"Ekskavators Pilsan 06206"},"content":{"rendered":"<p><strong>Funkcijas:<\/strong><\/p>\n<ul style=\"list-style-type: square;\">\n<li>  Maksim\u0101lais svars: 20 kg<\/li>\n<li>  Mobilais spainis<\/li>\n<li>  J\u016bs varat s\u0113d\u0113t uz t\u0101<\/li>\n<li>  Elegants un ergonomisks dizains<\/li>\n<li>  B\u0113rnu vesel\u012bbai piem\u0113rota izejviela, kas nesatur kancerog\u0113nas vielas<\/li>\n<\/ul>\n","protected":false},"excerpt":{"rendered":"<p>Produkta veids: p\u0101rvieto\u0161an\u0101s pal\u012bgl\u012bdzeklis<\/p>\n<p>Izcelsmes valsts: Turcija<\/p>\n<p>Z\u012bmola nosaukums: Pilsan<\/p>\n<p>Produkta izm\u0113ri: 77 x 32 x 38,5 cm<\/p>\n<p>Svars: 4 kg<\/p>\n<p>Ieteicamais vecums: no 3 gadiem.<\/p>\n","protected":false},"featured_media":39594,"comment_status":"open","ping_status":"closed","template":"","meta":[],"product_brand":[],"product_cat":[1155,1169],"product_tag":[],"class_list":{"0":"post-41247","1":"product","2":"type-product","3":"status-publish","4":"has-post-thumbnail","6":"product_cat-leti","7":"product_cat-uzsezamas-un-pedalu-rotallietu-masinas-un-traktori","8":"pa_amziaus-grupe-3-lv","9":"pa_prek-s-tipas-traktoru-uzbrauksana-un-nobrauksana","10":"pa_prekes-zenklas-citizen","11":"pa_spalva-dzeltenais","13":"first","14":"instock","15":"taxable","16":"shipping-taxable","17":"purchasable","18":"product-type-simple"},"yoast_head":"<!-- This site is optimized with the Yoast SEO plugin v26.3 - https:\/\/yoast.com\/wordpress\/plugins\/seo\/ -->\n<title>Ekskavators Pilsan 06206 - Toys.lt<\/title>\n<meta name=\"robots\" content=\"index, follow, max-snippet:-1, max-image-preview:large, max-video-preview:-1\" \/>\n<link rel=\"canonical\" href=\"https:\/\/toys.lt\/lv\/produktas\/ekskavators-pilsan-06206\/\" \/>\n<meta property=\"og:locale\" content=\"lv_LV\" \/>\n<meta property=\"og:type\" content=\"article\" \/>\n<meta property=\"og:title\" content=\"Ekskavators Pilsan 06206 - Toys.lt\" \/>\n<meta property=\"og:description\" content=\"Produkta veids: p\u0101rvieto\u0161an\u0101s pal\u012bgl\u012bdzeklis Izcelsmes valsts: Turcija Z\u012bmola nosaukums: Pilsan Produkta izm\u0113ri: 77 x 32 x 38,5 cm Svars: 4 kg Ieteicamais vecums: no 3 gadiem.\" \/>\n<meta property=\"og:url\" content=\"https:\/\/toys.lt\/lv\/produktas\/ekskavators-pilsan-06206\/\" \/>\n<meta property=\"og:site_name\" content=\"Toys.lt\" \/>\n<meta property=\"article:modified_time\" content=\"2026-04-08T00:02:31+00:00\" \/>\n<meta property=\"og:image\" content=\"https:\/\/toys.lt\/wp-content\/uploads\/2023\/11\/products-5482.jpg\" \/>\n\t<meta property=\"og:image:width\" content=\"979\" \/>\n\t<meta property=\"og:image:height\" content=\"779\" \/>\n\t<meta property=\"og:image:type\" content=\"image\/jpeg\" \/>\n<meta name=\"twitter:card\" content=\"summary_large_image\" \/>\n<script type=\"application\/ld+json\" class=\"yoast-schema-graph\">{\"@context\":\"https:\/\/schema.org\",\"@graph\":[{\"@type\":\"WebPage\",\"@id\":\"https:\/\/toys.lt\/lv\/produktas\/ekskavators-pilsan-06206\/\",\"url\":\"https:\/\/toys.lt\/lv\/produktas\/ekskavators-pilsan-06206\/\",\"name\":\"Ekskavators Pilsan 06206 - Toys.lt\",\"isPartOf\":{\"@id\":\"https:\/\/toys.lt\/lv\/#website\"},\"primaryImageOfPage\":{\"@id\":\"https:\/\/toys.lt\/lv\/produktas\/ekskavators-pilsan-06206\/#primaryimage\"},\"image\":{\"@id\":\"https:\/\/toys.lt\/lv\/produktas\/ekskavators-pilsan-06206\/#primaryimage\"},\"thumbnailUrl\":\"https:\/\/toys.lt\/wp-content\/uploads\/2023\/11\/products-5482.jpg\",\"datePublished\":\"2023-11-14T03:19:58+00:00\",\"dateModified\":\"2026-04-08T00:02:31+00:00\",\"breadcrumb\":{\"@id\":\"https:\/\/toys.lt\/lv\/produktas\/ekskavators-pilsan-06206\/#breadcrumb\"},\"inLanguage\":\"lv-LV\",\"potentialAction\":[{\"@type\":\"ReadAction\",\"target\":[\"https:\/\/toys.lt\/lv\/produktas\/ekskavators-pilsan-06206\/\"]}]},{\"@type\":\"ImageObject\",\"inLanguage\":\"lv-LV\",\"@id\":\"https:\/\/toys.lt\/lv\/produktas\/ekskavators-pilsan-06206\/#primaryimage\",\"url\":\"https:\/\/toys.lt\/wp-content\/uploads\/2023\/11\/products-5482.jpg\",\"contentUrl\":\"https:\/\/toys.lt\/wp-content\/uploads\/2023\/11\/products-5482.jpg\",\"width\":979,\"height\":779,\"caption\":\"Pilsan U\u017es\u0117damas ekskavatorius 06206\"},{\"@type\":\"BreadcrumbList\",\"@id\":\"https:\/\/toys.lt\/lv\/produktas\/ekskavators-pilsan-06206\/#breadcrumb\",\"itemListElement\":[{\"@type\":\"ListItem\",\"position\":1,\"name\":\"Home\",\"item\":\"https:\/\/toys.lt\/lv\/\"},{\"@type\":\"ListItem\",\"position\":2,\"name\":\"Veikals\",\"item\":\"https:\/\/toys.lt\/lv\/shop\/\"},{\"@type\":\"ListItem\",\"position\":3,\"name\":\"Ekskavators Pilsan 06206\"}]},{\"@type\":\"WebSite\",\"@id\":\"https:\/\/toys.lt\/lv\/#website\",\"url\":\"https:\/\/toys.lt\/lv\/\",\"name\":\"Toys.lt\",\"description\":\"\",\"potentialAction\":[{\"@type\":\"SearchAction\",\"target\":{\"@type\":\"EntryPoint\",\"urlTemplate\":\"https:\/\/toys.lt\/lv\/?s={search_term_string}\"},\"query-input\":{\"@type\":\"PropertyValueSpecification\",\"valueRequired\":true,\"valueName\":\"search_term_string\"}}],\"inLanguage\":\"lv-LV\"}]}<\/script>\n<!-- \/ Yoast SEO plugin. -->","yoast_head_json":{"title":"Ekskavators Pilsan 06206 - Toys.lt","robots":{"index":"index","follow":"follow","max-snippet":"max-snippet:-1","max-image-preview":"max-image-preview:large","max-video-preview":"max-video-preview:-1"},"canonical":"https:\/\/toys.lt\/lv\/produktas\/ekskavators-pilsan-06206\/","og_locale":"lv_LV","og_type":"article","og_title":"Ekskavators Pilsan 06206 - Toys.lt","og_description":"Produkta veids: p\u0101rvieto\u0161an\u0101s pal\u012bgl\u012bdzeklis Izcelsmes valsts: Turcija Z\u012bmola nosaukums: Pilsan Produkta izm\u0113ri: 77 x 32 x 38,5 cm Svars: 4 kg Ieteicamais vecums: no 3 gadiem.","og_url":"https:\/\/toys.lt\/lv\/produktas\/ekskavators-pilsan-06206\/","og_site_name":"Toys.lt","article_modified_time":"2026-04-08T00:02:31+00:00","og_image":[{"width":979,"height":779,"url":"https:\/\/toys.lt\/wp-content\/uploads\/2023\/11\/products-5482.jpg","type":"image\/jpeg"}],"twitter_card":"summary_large_image","schema":{"@context":"https:\/\/schema.org","@graph":[{"@type":"WebPage","@id":"https:\/\/toys.lt\/lv\/produktas\/ekskavators-pilsan-06206\/","url":"https:\/\/toys.lt\/lv\/produktas\/ekskavators-pilsan-06206\/","name":"Ekskavators Pilsan 06206 - Toys.lt","isPartOf":{"@id":"https:\/\/toys.lt\/lv\/#website"},"primaryImageOfPage":{"@id":"https:\/\/toys.lt\/lv\/produktas\/ekskavators-pilsan-06206\/#primaryimage"},"image":{"@id":"https:\/\/toys.lt\/lv\/produktas\/ekskavators-pilsan-06206\/#primaryimage"},"thumbnailUrl":"https:\/\/toys.lt\/wp-content\/uploads\/2023\/11\/products-5482.jpg","datePublished":"2023-11-14T03:19:58+00:00","dateModified":"2026-04-08T00:02:31+00:00","breadcrumb":{"@id":"https:\/\/toys.lt\/lv\/produktas\/ekskavators-pilsan-06206\/#breadcrumb"},"inLanguage":"lv-LV","potentialAction":[{"@type":"ReadAction","target":["https:\/\/toys.lt\/lv\/produktas\/ekskavators-pilsan-06206\/"]}]},{"@type":"ImageObject","inLanguage":"lv-LV","@id":"https:\/\/toys.lt\/lv\/produktas\/ekskavators-pilsan-06206\/#primaryimage","url":"https:\/\/toys.lt\/wp-content\/uploads\/2023\/11\/products-5482.jpg","contentUrl":"https:\/\/toys.lt\/wp-content\/uploads\/2023\/11\/products-5482.jpg","width":979,"height":779,"caption":"Pilsan U\u017es\u0117damas ekskavatorius 06206"},{"@type":"BreadcrumbList","@id":"https:\/\/toys.lt\/lv\/produktas\/ekskavators-pilsan-06206\/#breadcrumb","itemListElement":[{"@type":"ListItem","position":1,"name":"Home","item":"https:\/\/toys.lt\/lv\/"},{"@type":"ListItem","position":2,"name":"Veikals","item":"https:\/\/toys.lt\/lv\/shop\/"},{"@type":"ListItem","position":3,"name":"Ekskavators Pilsan 06206"}]},{"@type":"WebSite","@id":"https:\/\/toys.lt\/lv\/#website","url":"https:\/\/toys.lt\/lv\/","name":"Toys.lt","description":"","potentialAction":[{"@type":"SearchAction","target":{"@type":"EntryPoint","urlTemplate":"https:\/\/toys.lt\/lv\/?s={search_term_string}"},"query-input":{"@type":"PropertyValueSpecification","valueRequired":true,"valueName":"search_term_string"}}],"inLanguage":"lv-LV"}]}},"_links":{"self":[{"href":"https:\/\/toys.lt\/lv\/wp-json\/wp\/v2\/product\/41247","targetHints":{"allow":["GET"]}}],"collection":[{"href":"https:\/\/toys.lt\/lv\/wp-json\/wp\/v2\/product"}],"about":[{"href":"https:\/\/toys.lt\/lv\/wp-json\/wp\/v2\/types\/product"}],"replies":[{"embeddable":true,"href":"https:\/\/toys.lt\/lv\/wp-json\/wp\/v2\/comments?post=41247"}],"version-history":[{"count":1,"href":"https:\/\/toys.lt\/lv\/wp-json\/wp\/v2\/product\/41247\/revisions"}],"predecessor-version":[{"id":41248,"href":"https:\/\/toys.lt\/lv\/wp-json\/wp\/v2\/product\/41247\/revisions\/41248"}],"wp:featuredmedia":[{"embeddable":true,"href":"https:\/\/toys.lt\/lv\/wp-json\/wp\/v2\/media\/39594"}],"wp:attachment":[{"href":"https:\/\/toys.lt\/lv\/wp-json\/wp\/v2\/media?parent=41247"}],"wp:term":[{"taxonomy":"product_brand","embeddable":true,"href":"https:\/\/toys.lt\/lv\/wp-json\/wp\/v2\/product_brand?post=41247"},{"taxonomy":"product_cat","embeddable":true,"href":"https:\/\/toys.lt\/lv\/wp-json\/wp\/v2\/product_cat?post=41247"},{"taxonomy":"product_tag","embeddable":true,"href":"https:\/\/toys.lt\/lv\/wp-json\/wp\/v2\/product_tag?post=41247"}],"curies":[{"name":"wp","href":"https:\/\/api.w.org\/{rel}","templated":true}]}}