{"id":41243,"date":"2023-11-14T05:05:09","date_gmt":"2023-11-14T05:05:09","guid":{"rendered":"https:\/\/toys.lt\/?post_type=product&#038;p=41243"},"modified":"2026-03-30T00:25:07","modified_gmt":"2026-03-30T00:25:07","slug":"r-b-vadams-4wd-dzips-precizejosa-informacija","status":"publish","type":"product","link":"https:\/\/toys.lt\/lv\/produktas\/r-b-vadams-4wd-dzips-precizejosa-informacija\/","title":{"rendered":"R\/B vad\u0101ms 4WD d\u017eips (preciz\u0113jo\u0161a inform\u0101cija)"},"content":{"rendered":"<p><strong>Apr\u012bkojums:<\/strong><\/p>\n<ul style=\"list-style-type: square\">\n<li>RC SUV<\/li>\n<li>t\u0101lvad\u012bbas pults<\/li>\n<li>akumulators<\/li>\n<li>USB uzl\u0101des kabelis<\/li>\n<\/ul>\n<p><strong>Funkcijas:<\/strong><\/p>\n<ul style=\"list-style-type: square\">\n<li>Apgaismes \u0137erme\u0146i<\/li>\n<li>Funkcija: brauk\u0161ana uz priek\u0161u, atpaka\u013cgaita, pagrieziens pa kreisi, pagrieziens pa labi.<\/li>\n<li>Ar stingru satv\u0113rienu un jaud\u012bgu piedzi\u0146u tas var viegli uzbraukt 45\u00b0 nog\u0101z\u0113.<\/li>\n<li>Nodilumiztur\u012bgas TPR riepas ar pretsl\u012bdes virsmu, kas nodro\u0161ina sp\u0113c\u012bgu sa\u0137eri.<\/li>\n<li>2,4 GHz frekvence stabilam sign\u0101lam un prec\u012bzai darb\u012bbai<\/li>\n<li>Jaud\u012bgs motors atvieglo smagu kust\u012bbu, viegli uzk\u0101pjot un nolai\u017eoties nog\u0101z\u0113s.<\/li>\n<li>Augstas kvalit\u0101tes buferi nodro\u0161ina labu aizsardz\u012bbu pret sadursm\u0113m<\/li>\n<li>Augstas stingr\u012bbas \u0161asija atbalsta jaud\u012bgu virsb\u016bvi<\/li>\n<li>Neatkar\u012bg\u0101 \u010detru rite\u0146u balstiek\u0101rta absorb\u0113 vibr\u0101cijas, ko rada nel\u012bdzeni ce\u013ci, nodro\u0161inot elast\u012bgu un stabilu brauk\u0161anu.<\/li>\n<\/ul>\n","protected":false},"excerpt":{"rendered":"<p>Produkta veids: st\u016br\u0113jamas rota\u013clietas<\/p>\n<p>Izcelsmes valsts: \u0136\u012bna<\/p>\n<p>Iepakojuma izm\u0113ri: 25 x 38 x 22 cm<\/p>\n<p>Izstr\u0101d\u0101juma izm\u0113ri: 20 x 30 x 16 cm<\/p>\n<p>Produkta materi\u0101ls: plastmasa<\/p>\n<p>Frekvence: 2,4 GHz<\/p>\n<p>Vad\u012bbas att\u0101lums: l\u012bdz 35 metriem<\/p>\n<p>Sp\u0113les laiks: vair\u0101k nek\u0101 12 min\u016btes<\/p>\n<p>T\u0101lvad\u012bbas pults akumulators: 9 V (iek\u013cauts komplekt\u0101)<\/p>\n<p>RC auto akumulators: 8,4 V Ni-Cd (iek\u013cauts komplekt\u0101)<\/p>\n<p>Ieteicamais vecums: no 8 gadiem<\/p>\n","protected":false},"featured_media":39603,"comment_status":"open","ping_status":"closed","template":"","meta":[],"product_brand":[],"product_cat":[1176,1160,1155],"product_tag":[],"class_list":{"0":"post-41243","1":"product","2":"type-product","3":"status-publish","4":"has-post-thumbnail","6":"product_cat-rotallietas-zeniem","7":"product_cat-kontroletas-rotallietas","8":"product_cat-leti","9":"pa_amziaus-grupe-8-lv","10":"pa_prek-s-spalva-orange","11":"pa_prek-s-spalva-zilais","12":"pa_prek-s-tipas-automasinas","14":"first","15":"instock","16":"taxable","17":"shipping-taxable","18":"product-type-variable"},"yoast_head":"<!-- This site is optimized with the Yoast SEO plugin v26.3 - https:\/\/yoast.com\/wordpress\/plugins\/seo\/ -->\n<title>R\/B vad\u0101ms 4WD d\u017eips (preciz\u0113jo\u0161a inform\u0101cija) - Toys.lt<\/title>\n<meta name=\"robots\" content=\"index, follow, max-snippet:-1, max-image-preview:large, max-video-preview:-1\" \/>\n<link rel=\"canonical\" href=\"https:\/\/toys.lt\/lv\/produktas\/r-b-vadams-4wd-dzips-precizejosa-informacija\/\" \/>\n<meta property=\"og:locale\" content=\"lv_LV\" \/>\n<meta property=\"og:type\" content=\"article\" \/>\n<meta property=\"og:title\" content=\"R\/B vad\u0101ms 4WD d\u017eips (preciz\u0113jo\u0161a inform\u0101cija) - Toys.lt\" \/>\n<meta property=\"og:description\" content=\"Produkta veids: st\u016br\u0113jamas rota\u013clietas Izcelsmes valsts: \u0136\u012bna Iepakojuma izm\u0113ri: 25 x 38 x 22 cm Izstr\u0101d\u0101juma izm\u0113ri: 20 x 30 x 16 cm Produkta materi\u0101ls: plastmasa Frekvence: 2,4 GHz Vad\u012bbas att\u0101lums: l\u012bdz 35 metriem Sp\u0113les laiks: vair\u0101k nek\u0101 12 min\u016btes T\u0101lvad\u012bbas pults akumulators: 9 V (iek\u013cauts komplekt\u0101) RC auto akumulators: 8,4 V Ni-Cd (iek\u013cauts komplekt\u0101) Ieteicamais vecums: no 8 gadiem\" \/>\n<meta property=\"og:url\" content=\"https:\/\/toys.lt\/lv\/produktas\/r-b-vadams-4wd-dzips-precizejosa-informacija\/\" \/>\n<meta property=\"og:site_name\" content=\"Toys.lt\" \/>\n<meta property=\"article:modified_time\" content=\"2026-03-30T00:25:07+00:00\" \/>\n<meta property=\"og:image\" content=\"https:\/\/toys.lt\/wp-content\/uploads\/2023\/11\/products-5494.jpg\" \/>\n\t<meta property=\"og:image:width\" content=\"628\" \/>\n\t<meta property=\"og:image:height\" content=\"433\" \/>\n\t<meta property=\"og:image:type\" content=\"image\/jpeg\" \/>\n<meta name=\"twitter:card\" content=\"summary_large_image\" \/>\n<meta name=\"twitter:label1\" content=\"Est. reading time\" \/>\n\t<meta name=\"twitter:data1\" content=\"1 minute\" \/>\n<script type=\"application\/ld+json\" class=\"yoast-schema-graph\">{\"@context\":\"https:\/\/schema.org\",\"@graph\":[{\"@type\":\"WebPage\",\"@id\":\"https:\/\/toys.lt\/lv\/produktas\/r-b-vadams-4wd-dzips-precizejosa-informacija\/\",\"url\":\"https:\/\/toys.lt\/lv\/produktas\/r-b-vadams-4wd-dzips-precizejosa-informacija\/\",\"name\":\"R\/B vad\u0101ms 4WD d\u017eips (preciz\u0113jo\u0161a inform\u0101cija) - Toys.lt\",\"isPartOf\":{\"@id\":\"https:\/\/toys.lt\/lv\/#website\"},\"primaryImageOfPage\":{\"@id\":\"https:\/\/toys.lt\/lv\/produktas\/r-b-vadams-4wd-dzips-precizejosa-informacija\/#primaryimage\"},\"image\":{\"@id\":\"https:\/\/toys.lt\/lv\/produktas\/r-b-vadams-4wd-dzips-precizejosa-informacija\/#primaryimage\"},\"thumbnailUrl\":\"https:\/\/toys.lt\/wp-content\/uploads\/2023\/11\/products-5494.jpg\",\"datePublished\":\"2023-11-14T05:05:09+00:00\",\"dateModified\":\"2026-03-30T00:25:07+00:00\",\"breadcrumb\":{\"@id\":\"https:\/\/toys.lt\/lv\/produktas\/r-b-vadams-4wd-dzips-precizejosa-informacija\/#breadcrumb\"},\"inLanguage\":\"lv-LV\",\"potentialAction\":[{\"@type\":\"ReadAction\",\"target\":[\"https:\/\/toys.lt\/lv\/produktas\/r-b-vadams-4wd-dzips-precizejosa-informacija\/\"]}]},{\"@type\":\"ImageObject\",\"inLanguage\":\"lv-LV\",\"@id\":\"https:\/\/toys.lt\/lv\/produktas\/r-b-vadams-4wd-dzips-precizejosa-informacija\/#primaryimage\",\"url\":\"https:\/\/toys.lt\/wp-content\/uploads\/2023\/11\/products-5494.jpg\",\"contentUrl\":\"https:\/\/toys.lt\/wp-content\/uploads\/2023\/11\/products-5494.jpg\",\"width\":628,\"height\":433,\"caption\":\"R\/B valdomas 4WD d\u017eipas\"},{\"@type\":\"BreadcrumbList\",\"@id\":\"https:\/\/toys.lt\/lv\/produktas\/r-b-vadams-4wd-dzips-precizejosa-informacija\/#breadcrumb\",\"itemListElement\":[{\"@type\":\"ListItem\",\"position\":1,\"name\":\"Home\",\"item\":\"https:\/\/toys.lt\/lv\/\"},{\"@type\":\"ListItem\",\"position\":2,\"name\":\"Veikals\",\"item\":\"https:\/\/toys.lt\/lv\/shop\/\"},{\"@type\":\"ListItem\",\"position\":3,\"name\":\"R\/B vad\u0101ms 4WD d\u017eips (preciz\u0113jo\u0161a inform\u0101cija)\"}]},{\"@type\":\"WebSite\",\"@id\":\"https:\/\/toys.lt\/lv\/#website\",\"url\":\"https:\/\/toys.lt\/lv\/\",\"name\":\"Toys.lt\",\"description\":\"\",\"potentialAction\":[{\"@type\":\"SearchAction\",\"target\":{\"@type\":\"EntryPoint\",\"urlTemplate\":\"https:\/\/toys.lt\/lv\/?s={search_term_string}\"},\"query-input\":{\"@type\":\"PropertyValueSpecification\",\"valueRequired\":true,\"valueName\":\"search_term_string\"}}],\"inLanguage\":\"lv-LV\"}]}<\/script>\n<!-- \/ Yoast SEO plugin. -->","yoast_head_json":{"title":"R\/B vad\u0101ms 4WD d\u017eips (preciz\u0113jo\u0161a inform\u0101cija) - Toys.lt","robots":{"index":"index","follow":"follow","max-snippet":"max-snippet:-1","max-image-preview":"max-image-preview:large","max-video-preview":"max-video-preview:-1"},"canonical":"https:\/\/toys.lt\/lv\/produktas\/r-b-vadams-4wd-dzips-precizejosa-informacija\/","og_locale":"lv_LV","og_type":"article","og_title":"R\/B vad\u0101ms 4WD d\u017eips (preciz\u0113jo\u0161a inform\u0101cija) - Toys.lt","og_description":"Produkta veids: st\u016br\u0113jamas rota\u013clietas Izcelsmes valsts: \u0136\u012bna Iepakojuma izm\u0113ri: 25 x 38 x 22 cm Izstr\u0101d\u0101juma izm\u0113ri: 20 x 30 x 16 cm Produkta materi\u0101ls: plastmasa Frekvence: 2,4 GHz Vad\u012bbas att\u0101lums: l\u012bdz 35 metriem Sp\u0113les laiks: vair\u0101k nek\u0101 12 min\u016btes T\u0101lvad\u012bbas pults akumulators: 9 V (iek\u013cauts komplekt\u0101) RC auto akumulators: 8,4 V Ni-Cd (iek\u013cauts komplekt\u0101) Ieteicamais vecums: no 8 gadiem","og_url":"https:\/\/toys.lt\/lv\/produktas\/r-b-vadams-4wd-dzips-precizejosa-informacija\/","og_site_name":"Toys.lt","article_modified_time":"2026-03-30T00:25:07+00:00","og_image":[{"width":628,"height":433,"url":"https:\/\/toys.lt\/wp-content\/uploads\/2023\/11\/products-5494.jpg","type":"image\/jpeg"}],"twitter_card":"summary_large_image","twitter_misc":{"Est. reading time":"1 minute"},"schema":{"@context":"https:\/\/schema.org","@graph":[{"@type":"WebPage","@id":"https:\/\/toys.lt\/lv\/produktas\/r-b-vadams-4wd-dzips-precizejosa-informacija\/","url":"https:\/\/toys.lt\/lv\/produktas\/r-b-vadams-4wd-dzips-precizejosa-informacija\/","name":"R\/B vad\u0101ms 4WD d\u017eips (preciz\u0113jo\u0161a inform\u0101cija) - Toys.lt","isPartOf":{"@id":"https:\/\/toys.lt\/lv\/#website"},"primaryImageOfPage":{"@id":"https:\/\/toys.lt\/lv\/produktas\/r-b-vadams-4wd-dzips-precizejosa-informacija\/#primaryimage"},"image":{"@id":"https:\/\/toys.lt\/lv\/produktas\/r-b-vadams-4wd-dzips-precizejosa-informacija\/#primaryimage"},"thumbnailUrl":"https:\/\/toys.lt\/wp-content\/uploads\/2023\/11\/products-5494.jpg","datePublished":"2023-11-14T05:05:09+00:00","dateModified":"2026-03-30T00:25:07+00:00","breadcrumb":{"@id":"https:\/\/toys.lt\/lv\/produktas\/r-b-vadams-4wd-dzips-precizejosa-informacija\/#breadcrumb"},"inLanguage":"lv-LV","potentialAction":[{"@type":"ReadAction","target":["https:\/\/toys.lt\/lv\/produktas\/r-b-vadams-4wd-dzips-precizejosa-informacija\/"]}]},{"@type":"ImageObject","inLanguage":"lv-LV","@id":"https:\/\/toys.lt\/lv\/produktas\/r-b-vadams-4wd-dzips-precizejosa-informacija\/#primaryimage","url":"https:\/\/toys.lt\/wp-content\/uploads\/2023\/11\/products-5494.jpg","contentUrl":"https:\/\/toys.lt\/wp-content\/uploads\/2023\/11\/products-5494.jpg","width":628,"height":433,"caption":"R\/B valdomas 4WD d\u017eipas"},{"@type":"BreadcrumbList","@id":"https:\/\/toys.lt\/lv\/produktas\/r-b-vadams-4wd-dzips-precizejosa-informacija\/#breadcrumb","itemListElement":[{"@type":"ListItem","position":1,"name":"Home","item":"https:\/\/toys.lt\/lv\/"},{"@type":"ListItem","position":2,"name":"Veikals","item":"https:\/\/toys.lt\/lv\/shop\/"},{"@type":"ListItem","position":3,"name":"R\/B vad\u0101ms 4WD d\u017eips (preciz\u0113jo\u0161a inform\u0101cija)"}]},{"@type":"WebSite","@id":"https:\/\/toys.lt\/lv\/#website","url":"https:\/\/toys.lt\/lv\/","name":"Toys.lt","description":"","potentialAction":[{"@type":"SearchAction","target":{"@type":"EntryPoint","urlTemplate":"https:\/\/toys.lt\/lv\/?s={search_term_string}"},"query-input":{"@type":"PropertyValueSpecification","valueRequired":true,"valueName":"search_term_string"}}],"inLanguage":"lv-LV"}]}},"_links":{"self":[{"href":"https:\/\/toys.lt\/lv\/wp-json\/wp\/v2\/product\/41243","targetHints":{"allow":["GET"]}}],"collection":[{"href":"https:\/\/toys.lt\/lv\/wp-json\/wp\/v2\/product"}],"about":[{"href":"https:\/\/toys.lt\/lv\/wp-json\/wp\/v2\/types\/product"}],"replies":[{"embeddable":true,"href":"https:\/\/toys.lt\/lv\/wp-json\/wp\/v2\/comments?post=41243"}],"version-history":[{"count":2,"href":"https:\/\/toys.lt\/lv\/wp-json\/wp\/v2\/product\/41243\/revisions"}],"predecessor-version":[{"id":45778,"href":"https:\/\/toys.lt\/lv\/wp-json\/wp\/v2\/product\/41243\/revisions\/45778"}],"wp:featuredmedia":[{"embeddable":true,"href":"https:\/\/toys.lt\/lv\/wp-json\/wp\/v2\/media\/39603"}],"wp:attachment":[{"href":"https:\/\/toys.lt\/lv\/wp-json\/wp\/v2\/media?parent=41243"}],"wp:term":[{"taxonomy":"product_brand","embeddable":true,"href":"https:\/\/toys.lt\/lv\/wp-json\/wp\/v2\/product_brand?post=41243"},{"taxonomy":"product_cat","embeddable":true,"href":"https:\/\/toys.lt\/lv\/wp-json\/wp\/v2\/product_cat?post=41243"},{"taxonomy":"product_tag","embeddable":true,"href":"https:\/\/toys.lt\/lv\/wp-json\/wp\/v2\/product_tag?post=41243"}],"curies":[{"name":"wp","href":"https:\/\/api.w.org\/{rel}","templated":true}]}}