{"id":41239,"date":"2024-05-24T03:39:01","date_gmt":"2024-05-24T03:39:01","guid":{"rendered":"https:\/\/toys.lt\/produktas\/clementoni-soft-clemmy-klucisi-ar-gramatinu-saldie-dzivnieki\/"},"modified":"2026-04-08T00:01:56","modified_gmt":"2026-04-08T00:01:56","slug":"clementoni-soft-clemmy-klucisi-ar-gramatinu-saldie-dzivnieki","status":"publish","type":"product","link":"https:\/\/toys.lt\/lv\/produktas\/clementoni-soft-clemmy-klucisi-ar-gramatinu-saldie-dzivnieki\/","title":{"rendered":"Clementoni Soft Clemmy kluc\u012b\u0161i ar gr\u0101mati\u0146u &#8220;Saldie dz\u012bvnieki&#8221;"},"content":{"rendered":"<p class=\"MsoNormal\" style=\"margin: 0px;font-size: medium;color: #7a7a7a;padding: 0px;line-height: inherit;border: 0px;font-family: Roboto, sans-serif;background-color: #fefefe;text-align: center\" align=\"center\"><i style=\"line-height: inherit;margin: 0px;padding: 0px;border: 0px;font-variant: inherit;font-weight: inherit;font-size: inherit;font-family: inherit\"><span style=\"margin: 0px;padding: 0px;border: 0px;font-style: inherit;font-variant: inherit;font-weight: inherit;font-size: 8.5pt;line-height: inherit;font-family: Verdana, sans-serif;color: #000000\">Clementoni &#8211; dibin\u0101ts It\u0101lij\u0101 un veiksm\u012bgi darbojas jau vair\u0101k nek\u0101 50 gadus! Uz\u0146\u0113muma misija ir rad\u012bt sp\u0113les, kas pal\u012bdz b\u0113rniem augt.   <\/span><\/i><\/p>\n<p class=\"MsoNormal\" style=\"margin: 0px;font-size: medium;color: #7a7a7a;padding: 0px;line-height: inherit;border: 0px;font-family: Roboto, sans-serif;background-color: #fefefe;text-align: center\" align=\"center\"><i style=\"line-height: inherit;margin: 0px;padding: 0px;border: 0px;font-variant: inherit;font-weight: inherit;font-size: inherit;font-family: inherit\"><span style=\"margin: 0px;padding: 0px;border: 0px;font-style: inherit;font-variant: inherit;font-weight: inherit;font-size: 8.5pt;line-height: inherit;font-family: Verdana, sans-serif;color: #000000\">Tas viss ir izstr\u0101d\u0101ts, lai apmierin\u0101tu jaunie\u0161u vajadz\u012bbas, \u0146emot v\u0113r\u0101 m\u016bsdienu tehnolo\u0123ijas un glob\u0101l\u0101s izgl\u012bt\u012bbas tendences.<\/span><\/i><\/p>\n<p><strong>Funkcijas:<\/strong><\/p>\n<ul style=\"list-style-type: square\">\n<li style=\"margin: 0px;padding: 0px;font: inherit;border: 0px\">6 m\u012bksti bloki, kas ir viegli savienojami un \u016bdensiztur\u012bgi<\/li>\n<li style=\"margin: 0px;padding: 0px;font: inherit;border: 0px\"><span style=\"margin: 0px;padding: 0px;border: 0px;font-style: inherit;font-variant: inherit;font-weight: inherit;font-size: medium;line-height: inherit;font-family: Roboto, sans-serif;color: #0a0a0a;background-color: #fefefe\">&#8220;Clemmyrota\u013clietas ir visdro\u0161\u0101k\u0101 dizaina, piem\u0113rotas pat vismaz\u0101kajiem b\u0113rniem, kuri var ar t\u0101m sp\u0113l\u0113ties, nerisk\u0113jot g\u016bt traumas.<\/span><\/li>\n<li style=\"margin: 0px;padding: 0px;font: inherit;border: 0px\">Bil\u017eu gr\u0101mata st\u0101stiem<\/li>\n<li style=\"margin: 0px;padding: 0px;font: inherit;border: 0px\">3 t\u0113lu fig\u016bri\u0146as<\/li>\n<li style=\"margin: 0px;padding: 0px;font: inherit;border: 0px\">Dro\u0161a un sertific\u0113ta rota\u013clieta<\/li>\n<li style=\"margin: 0px;padding: 0px;font: inherit;border: 0px\">Stimul\u0113 ma\u0146u att\u012bst\u012bbu, izt\u0113li, smalk\u0101s motorikas prasmes.<\/li>\n<\/ul>\n","protected":false},"excerpt":{"rendered":"<p>Produkta veids: konstruktors<\/p>\n<p>Z\u012bmola nosaukums: Clementoni<\/p>\n<p>Izcelsmes valsts: It\u0101lija<\/p>\n<p>Iepakojuma izm\u0113ri: 31 x 7 x 21 cm<\/p>\n<p>Gabalu skaits: 6<\/p>\n<p>Ieteicamais vecums: no 10 m\u0113ne\u0161iem.<\/p>\n","protected":false},"featured_media":40162,"comment_status":"open","ping_status":"closed","template":"","meta":[],"product_brand":[384],"product_cat":[1183,1155],"product_tag":[],"class_list":{"0":"post-41239","1":"product","2":"type-product","3":"status-publish","4":"has-post-thumbnail","6":"product_brand-clementoni-2","7":"product_cat-rotallietas-maziem-berniem","8":"product_cat-leti","9":"pa_amziaus-grupe-10-lv","10":"pa_prek-s-tipas-konstruktori-un-modulu-bloki","11":"pa_prekes-zenklas-clementoni-lv","13":"first","14":"outofstock","15":"taxable","16":"shipping-taxable","17":"purchasable","18":"product-type-simple"},"yoast_head":"<!-- This site is optimized with the Yoast SEO plugin v26.3 - https:\/\/yoast.com\/wordpress\/plugins\/seo\/ -->\n<title>Clementoni Soft Clemmy kluc\u012b\u0161i ar gr\u0101mati\u0146u &quot;Saldie dz\u012bvnieki&quot; - Toys.lt<\/title>\n<meta name=\"robots\" content=\"index, follow, max-snippet:-1, max-image-preview:large, max-video-preview:-1\" \/>\n<link rel=\"canonical\" href=\"https:\/\/toys.lt\/lv\/produktas\/clementoni-soft-clemmy-klucisi-ar-gramatinu-saldie-dzivnieki\/\" \/>\n<meta property=\"og:locale\" content=\"lv_LV\" \/>\n<meta property=\"og:type\" content=\"article\" \/>\n<meta property=\"og:title\" content=\"Clementoni Soft Clemmy kluc\u012b\u0161i ar gr\u0101mati\u0146u &quot;Saldie dz\u012bvnieki&quot; - Toys.lt\" \/>\n<meta property=\"og:description\" content=\"Produkta veids: konstruktors Z\u012bmola nosaukums: Clementoni Izcelsmes valsts: It\u0101lija Iepakojuma izm\u0113ri: 31 x 7 x 21 cm Gabalu skaits: 6 Ieteicamais vecums: no 10 m\u0113ne\u0161iem.\" \/>\n<meta property=\"og:url\" content=\"https:\/\/toys.lt\/lv\/produktas\/clementoni-soft-clemmy-klucisi-ar-gramatinu-saldie-dzivnieki\/\" \/>\n<meta property=\"og:site_name\" content=\"Toys.lt\" \/>\n<meta property=\"article:modified_time\" content=\"2026-04-08T00:01:56+00:00\" \/>\n<meta property=\"og:image\" content=\"https:\/\/toys.lt\/wp-content\/uploads\/2024\/05\/products-6508.jpg\" \/>\n\t<meta property=\"og:image:width\" content=\"1500\" \/>\n\t<meta property=\"og:image:height\" content=\"1102\" \/>\n\t<meta property=\"og:image:type\" content=\"image\/jpeg\" \/>\n<meta name=\"twitter:card\" content=\"summary_large_image\" \/>\n<meta name=\"twitter:label1\" content=\"Est. reading time\" \/>\n\t<meta name=\"twitter:data1\" content=\"1 minute\" \/>\n<script type=\"application\/ld+json\" class=\"yoast-schema-graph\">{\"@context\":\"https:\/\/schema.org\",\"@graph\":[{\"@type\":\"WebPage\",\"@id\":\"https:\/\/toys.lt\/lv\/produktas\/clementoni-soft-clemmy-klucisi-ar-gramatinu-saldie-dzivnieki\/\",\"url\":\"https:\/\/toys.lt\/lv\/produktas\/clementoni-soft-clemmy-klucisi-ar-gramatinu-saldie-dzivnieki\/\",\"name\":\"Clementoni Soft Clemmy kluc\u012b\u0161i ar gr\u0101mati\u0146u \\\"Saldie dz\u012bvnieki\\\" - Toys.lt\",\"isPartOf\":{\"@id\":\"https:\/\/toys.lt\/lv\/#website\"},\"primaryImageOfPage\":{\"@id\":\"https:\/\/toys.lt\/lv\/produktas\/clementoni-soft-clemmy-klucisi-ar-gramatinu-saldie-dzivnieki\/#primaryimage\"},\"image\":{\"@id\":\"https:\/\/toys.lt\/lv\/produktas\/clementoni-soft-clemmy-klucisi-ar-gramatinu-saldie-dzivnieki\/#primaryimage\"},\"thumbnailUrl\":\"https:\/\/toys.lt\/wp-content\/uploads\/2024\/05\/products-6508.jpg\",\"datePublished\":\"2024-05-24T03:39:01+00:00\",\"dateModified\":\"2026-04-08T00:01:56+00:00\",\"breadcrumb\":{\"@id\":\"https:\/\/toys.lt\/lv\/produktas\/clementoni-soft-clemmy-klucisi-ar-gramatinu-saldie-dzivnieki\/#breadcrumb\"},\"inLanguage\":\"lv-LV\",\"potentialAction\":[{\"@type\":\"ReadAction\",\"target\":[\"https:\/\/toys.lt\/lv\/produktas\/clementoni-soft-clemmy-klucisi-ar-gramatinu-saldie-dzivnieki\/\"]}]},{\"@type\":\"ImageObject\",\"inLanguage\":\"lv-LV\",\"@id\":\"https:\/\/toys.lt\/lv\/produktas\/clementoni-soft-clemmy-klucisi-ar-gramatinu-saldie-dzivnieki\/#primaryimage\",\"url\":\"https:\/\/toys.lt\/wp-content\/uploads\/2024\/05\/products-6508.jpg\",\"contentUrl\":\"https:\/\/toys.lt\/wp-content\/uploads\/2024\/05\/products-6508.jpg\",\"width\":1500,\"height\":1102,\"caption\":\"Clementoni kalad\u0117l\u0117s Soft Clemmy su knygute &#8220;Sweet Animals&#8221;\"},{\"@type\":\"BreadcrumbList\",\"@id\":\"https:\/\/toys.lt\/lv\/produktas\/clementoni-soft-clemmy-klucisi-ar-gramatinu-saldie-dzivnieki\/#breadcrumb\",\"itemListElement\":[{\"@type\":\"ListItem\",\"position\":1,\"name\":\"Home\",\"item\":\"https:\/\/toys.lt\/lv\/\"},{\"@type\":\"ListItem\",\"position\":2,\"name\":\"Veikals\",\"item\":\"https:\/\/toys.lt\/lv\/shop\/\"},{\"@type\":\"ListItem\",\"position\":3,\"name\":\"Clementoni Soft Clemmy kluc\u012b\u0161i ar gr\u0101mati\u0146u &#8220;Saldie dz\u012bvnieki&#8221;\"}]},{\"@type\":\"WebSite\",\"@id\":\"https:\/\/toys.lt\/lv\/#website\",\"url\":\"https:\/\/toys.lt\/lv\/\",\"name\":\"Toys.lt\",\"description\":\"\",\"potentialAction\":[{\"@type\":\"SearchAction\",\"target\":{\"@type\":\"EntryPoint\",\"urlTemplate\":\"https:\/\/toys.lt\/lv\/?s={search_term_string}\"},\"query-input\":{\"@type\":\"PropertyValueSpecification\",\"valueRequired\":true,\"valueName\":\"search_term_string\"}}],\"inLanguage\":\"lv-LV\"}]}<\/script>\n<!-- \/ Yoast SEO plugin. -->","yoast_head_json":{"title":"Clementoni Soft Clemmy kluc\u012b\u0161i ar gr\u0101mati\u0146u \"Saldie dz\u012bvnieki\" - Toys.lt","robots":{"index":"index","follow":"follow","max-snippet":"max-snippet:-1","max-image-preview":"max-image-preview:large","max-video-preview":"max-video-preview:-1"},"canonical":"https:\/\/toys.lt\/lv\/produktas\/clementoni-soft-clemmy-klucisi-ar-gramatinu-saldie-dzivnieki\/","og_locale":"lv_LV","og_type":"article","og_title":"Clementoni Soft Clemmy kluc\u012b\u0161i ar gr\u0101mati\u0146u \"Saldie dz\u012bvnieki\" - Toys.lt","og_description":"Produkta veids: konstruktors Z\u012bmola nosaukums: Clementoni Izcelsmes valsts: It\u0101lija Iepakojuma izm\u0113ri: 31 x 7 x 21 cm Gabalu skaits: 6 Ieteicamais vecums: no 10 m\u0113ne\u0161iem.","og_url":"https:\/\/toys.lt\/lv\/produktas\/clementoni-soft-clemmy-klucisi-ar-gramatinu-saldie-dzivnieki\/","og_site_name":"Toys.lt","article_modified_time":"2026-04-08T00:01:56+00:00","og_image":[{"width":1500,"height":1102,"url":"https:\/\/toys.lt\/wp-content\/uploads\/2024\/05\/products-6508.jpg","type":"image\/jpeg"}],"twitter_card":"summary_large_image","twitter_misc":{"Est. reading time":"1 minute"},"schema":{"@context":"https:\/\/schema.org","@graph":[{"@type":"WebPage","@id":"https:\/\/toys.lt\/lv\/produktas\/clementoni-soft-clemmy-klucisi-ar-gramatinu-saldie-dzivnieki\/","url":"https:\/\/toys.lt\/lv\/produktas\/clementoni-soft-clemmy-klucisi-ar-gramatinu-saldie-dzivnieki\/","name":"Clementoni Soft Clemmy kluc\u012b\u0161i ar gr\u0101mati\u0146u \"Saldie dz\u012bvnieki\" - Toys.lt","isPartOf":{"@id":"https:\/\/toys.lt\/lv\/#website"},"primaryImageOfPage":{"@id":"https:\/\/toys.lt\/lv\/produktas\/clementoni-soft-clemmy-klucisi-ar-gramatinu-saldie-dzivnieki\/#primaryimage"},"image":{"@id":"https:\/\/toys.lt\/lv\/produktas\/clementoni-soft-clemmy-klucisi-ar-gramatinu-saldie-dzivnieki\/#primaryimage"},"thumbnailUrl":"https:\/\/toys.lt\/wp-content\/uploads\/2024\/05\/products-6508.jpg","datePublished":"2024-05-24T03:39:01+00:00","dateModified":"2026-04-08T00:01:56+00:00","breadcrumb":{"@id":"https:\/\/toys.lt\/lv\/produktas\/clementoni-soft-clemmy-klucisi-ar-gramatinu-saldie-dzivnieki\/#breadcrumb"},"inLanguage":"lv-LV","potentialAction":[{"@type":"ReadAction","target":["https:\/\/toys.lt\/lv\/produktas\/clementoni-soft-clemmy-klucisi-ar-gramatinu-saldie-dzivnieki\/"]}]},{"@type":"ImageObject","inLanguage":"lv-LV","@id":"https:\/\/toys.lt\/lv\/produktas\/clementoni-soft-clemmy-klucisi-ar-gramatinu-saldie-dzivnieki\/#primaryimage","url":"https:\/\/toys.lt\/wp-content\/uploads\/2024\/05\/products-6508.jpg","contentUrl":"https:\/\/toys.lt\/wp-content\/uploads\/2024\/05\/products-6508.jpg","width":1500,"height":1102,"caption":"Clementoni kalad\u0117l\u0117s Soft Clemmy su knygute &#8220;Sweet Animals&#8221;"},{"@type":"BreadcrumbList","@id":"https:\/\/toys.lt\/lv\/produktas\/clementoni-soft-clemmy-klucisi-ar-gramatinu-saldie-dzivnieki\/#breadcrumb","itemListElement":[{"@type":"ListItem","position":1,"name":"Home","item":"https:\/\/toys.lt\/lv\/"},{"@type":"ListItem","position":2,"name":"Veikals","item":"https:\/\/toys.lt\/lv\/shop\/"},{"@type":"ListItem","position":3,"name":"Clementoni Soft Clemmy kluc\u012b\u0161i ar gr\u0101mati\u0146u &#8220;Saldie dz\u012bvnieki&#8221;"}]},{"@type":"WebSite","@id":"https:\/\/toys.lt\/lv\/#website","url":"https:\/\/toys.lt\/lv\/","name":"Toys.lt","description":"","potentialAction":[{"@type":"SearchAction","target":{"@type":"EntryPoint","urlTemplate":"https:\/\/toys.lt\/lv\/?s={search_term_string}"},"query-input":{"@type":"PropertyValueSpecification","valueRequired":true,"valueName":"search_term_string"}}],"inLanguage":"lv-LV"}]}},"_links":{"self":[{"href":"https:\/\/toys.lt\/lv\/wp-json\/wp\/v2\/product\/41239","targetHints":{"allow":["GET"]}}],"collection":[{"href":"https:\/\/toys.lt\/lv\/wp-json\/wp\/v2\/product"}],"about":[{"href":"https:\/\/toys.lt\/lv\/wp-json\/wp\/v2\/types\/product"}],"replies":[{"embeddable":true,"href":"https:\/\/toys.lt\/lv\/wp-json\/wp\/v2\/comments?post=41239"}],"version-history":[{"count":2,"href":"https:\/\/toys.lt\/lv\/wp-json\/wp\/v2\/product\/41239\/revisions"}],"predecessor-version":[{"id":45724,"href":"https:\/\/toys.lt\/lv\/wp-json\/wp\/v2\/product\/41239\/revisions\/45724"}],"wp:featuredmedia":[{"embeddable":true,"href":"https:\/\/toys.lt\/lv\/wp-json\/wp\/v2\/media\/40162"}],"wp:attachment":[{"href":"https:\/\/toys.lt\/lv\/wp-json\/wp\/v2\/media?parent=41239"}],"wp:term":[{"taxonomy":"product_brand","embeddable":true,"href":"https:\/\/toys.lt\/lv\/wp-json\/wp\/v2\/product_brand?post=41239"},{"taxonomy":"product_cat","embeddable":true,"href":"https:\/\/toys.lt\/lv\/wp-json\/wp\/v2\/product_cat?post=41239"},{"taxonomy":"product_tag","embeddable":true,"href":"https:\/\/toys.lt\/lv\/wp-json\/wp\/v2\/product_tag?post=41239"}],"curies":[{"name":"wp","href":"https:\/\/api.w.org\/{rel}","templated":true}]}}