{"id":41233,"date":"2024-05-21T03:04:21","date_gmt":"2024-05-21T03:04:21","guid":{"rendered":"https:\/\/toys.lt\/produktas\/piepusamais-matracis-intex-queen-dura-beam-prestige-downy-gaisa-gulta-ar-usb-sukni-152x203x30cm\/"},"modified":"2026-04-08T00:02:05","modified_gmt":"2026-04-08T00:02:05","slug":"piepusamais-matracis-intex-queen-dura-beam-prestige-downy-gaisa-gulta-ar-usb-sukni-152x203x30cm","status":"publish","type":"product","link":"https:\/\/toys.lt\/lv\/produktas\/piepusamais-matracis-intex-queen-dura-beam-prestige-downy-gaisa-gulta-ar-usb-sukni-152x203x30cm\/","title":{"rendered":"Piep\u016b\u0161amais matracis INTEX Queen Dura-Beam, Prestige Downy Gaisa gulta ar USB s\u016bkni, 152x203x30cm"},"content":{"rendered":"<p>INTEX <strong>piep\u016b\u0161amais matracis <\/strong> <\/p>\n<ul style=\"list-style-type: disc;\">\n<li>Izgatavots, izmantojot Fiber Tech tehnolo\u0123iju, kas nodro\u0161ina iztur\u012bbu un ilgm\u016b\u017e\u012bbu.<\/li>\n<li>Air Lock sist\u0113ma notur gaisu matrac\u012b.<\/li>\n<li>Matracis piem\u0113rots div\u0101m person\u0101m<\/li>\n<li>Izm\u0113ri 152 x 203 x 30 cm<\/li>\n<li>Maksim\u0101li pie\u013caujam\u0101 slodze 272 kg<\/li>\n<li>Dubultv\u0101rsts gaisa iepl\u016bdei un izpl\u016bdei<\/li>\n<li>Savienojiet USB kabeli ar str\u0101vas avotu, lai piepump\u0113tu matraci.<\/li>\n<\/ul>\n","protected":false},"excerpt":{"rendered":"<p>Matra\u010da izm\u0113ri: 152 x 203 x 30 cm<\/p>\n<p>Iepakojuma izm\u0113ri: 35 x 41 x 15 cm<\/p>\n<p>Svars 5,4 kg<\/p>\n<p>Materi\u0101ls: PVC, vel\u016brs<\/p>\n<p>Maksim\u0101l\u0101 slodze: 272 kg.<\/p>\n","protected":false},"featured_media":39918,"comment_status":"open","ping_status":"closed","template":"","meta":[],"product_brand":[],"product_cat":[1216,1215],"product_tag":[],"class_list":{"0":"post-41233","1":"product","2":"type-product","3":"status-publish","4":"has-post-thumbnail","6":"product_cat-gaisa-matraci","7":"product_cat-sports-atputa-turisms","8":"pa_prek-s-tipas-gaisa-matraci","9":"pa_prekes-zenklas-intex-lv","11":"first","12":"outofstock","13":"taxable","14":"shipping-taxable","15":"purchasable","16":"product-type-simple"},"yoast_head":"<!-- This site is optimized with the Yoast SEO plugin v26.3 - https:\/\/yoast.com\/wordpress\/plugins\/seo\/ -->\n<title>Piep\u016b\u0161amais matracis INTEX Queen Dura-Beam, Prestige Downy Gaisa gulta ar USB s\u016bkni, 152x203x30cm - Toys.lt<\/title>\n<meta name=\"robots\" content=\"index, follow, max-snippet:-1, max-image-preview:large, max-video-preview:-1\" \/>\n<link rel=\"canonical\" href=\"https:\/\/toys.lt\/lv\/produktas\/piepusamais-matracis-intex-queen-dura-beam-prestige-downy-gaisa-gulta-ar-usb-sukni-152x203x30cm\/\" \/>\n<meta property=\"og:locale\" content=\"lv_LV\" \/>\n<meta property=\"og:type\" content=\"article\" \/>\n<meta property=\"og:title\" content=\"Piep\u016b\u0161amais matracis INTEX Queen Dura-Beam, Prestige Downy Gaisa gulta ar USB s\u016bkni, 152x203x30cm - Toys.lt\" \/>\n<meta property=\"og:description\" content=\"Matra\u010da izm\u0113ri: 152 x 203 x 30 cm Iepakojuma izm\u0113ri: 35 x 41 x 15 cm Svars 5,4 kg Materi\u0101ls: PVC, vel\u016brs Maksim\u0101l\u0101 slodze: 272 kg.\" \/>\n<meta property=\"og:url\" content=\"https:\/\/toys.lt\/lv\/produktas\/piepusamais-matracis-intex-queen-dura-beam-prestige-downy-gaisa-gulta-ar-usb-sukni-152x203x30cm\/\" \/>\n<meta property=\"og:site_name\" content=\"Toys.lt\" \/>\n<meta property=\"article:modified_time\" content=\"2026-04-08T00:02:05+00:00\" \/>\n<meta property=\"og:image\" content=\"https:\/\/toys.lt\/wp-content\/uploads\/2024\/05\/products-6063.jpg\" \/>\n\t<meta property=\"og:image:width\" content=\"1586\" \/>\n\t<meta property=\"og:image:height\" content=\"1102\" \/>\n\t<meta property=\"og:image:type\" content=\"image\/jpeg\" \/>\n<meta name=\"twitter:card\" content=\"summary_large_image\" \/>\n<script type=\"application\/ld+json\" class=\"yoast-schema-graph\">{\"@context\":\"https:\/\/schema.org\",\"@graph\":[{\"@type\":\"WebPage\",\"@id\":\"https:\/\/toys.lt\/lv\/produktas\/piepusamais-matracis-intex-queen-dura-beam-prestige-downy-gaisa-gulta-ar-usb-sukni-152x203x30cm\/\",\"url\":\"https:\/\/toys.lt\/lv\/produktas\/piepusamais-matracis-intex-queen-dura-beam-prestige-downy-gaisa-gulta-ar-usb-sukni-152x203x30cm\/\",\"name\":\"Piep\u016b\u0161amais matracis INTEX Queen Dura-Beam, Prestige Downy Gaisa gulta ar USB s\u016bkni, 152x203x30cm - Toys.lt\",\"isPartOf\":{\"@id\":\"https:\/\/toys.lt\/lv\/#website\"},\"primaryImageOfPage\":{\"@id\":\"https:\/\/toys.lt\/lv\/produktas\/piepusamais-matracis-intex-queen-dura-beam-prestige-downy-gaisa-gulta-ar-usb-sukni-152x203x30cm\/#primaryimage\"},\"image\":{\"@id\":\"https:\/\/toys.lt\/lv\/produktas\/piepusamais-matracis-intex-queen-dura-beam-prestige-downy-gaisa-gulta-ar-usb-sukni-152x203x30cm\/#primaryimage\"},\"thumbnailUrl\":\"https:\/\/toys.lt\/wp-content\/uploads\/2024\/05\/products-6063.jpg\",\"datePublished\":\"2024-05-21T03:04:21+00:00\",\"dateModified\":\"2026-04-08T00:02:05+00:00\",\"breadcrumb\":{\"@id\":\"https:\/\/toys.lt\/lv\/produktas\/piepusamais-matracis-intex-queen-dura-beam-prestige-downy-gaisa-gulta-ar-usb-sukni-152x203x30cm\/#breadcrumb\"},\"inLanguage\":\"lv-LV\",\"potentialAction\":[{\"@type\":\"ReadAction\",\"target\":[\"https:\/\/toys.lt\/lv\/produktas\/piepusamais-matracis-intex-queen-dura-beam-prestige-downy-gaisa-gulta-ar-usb-sukni-152x203x30cm\/\"]}]},{\"@type\":\"ImageObject\",\"inLanguage\":\"lv-LV\",\"@id\":\"https:\/\/toys.lt\/lv\/produktas\/piepusamais-matracis-intex-queen-dura-beam-prestige-downy-gaisa-gulta-ar-usb-sukni-152x203x30cm\/#primaryimage\",\"url\":\"https:\/\/toys.lt\/wp-content\/uploads\/2024\/05\/products-6063.jpg\",\"contentUrl\":\"https:\/\/toys.lt\/wp-content\/uploads\/2024\/05\/products-6063.jpg\",\"width\":1586,\"height\":1102,\"caption\":\"Pripu\u010diamas \u010diu\u017einys INTEX Queen Dura-Beam, Prestige Downy Airbed su USB pompa, 152x203x30cm\"},{\"@type\":\"BreadcrumbList\",\"@id\":\"https:\/\/toys.lt\/lv\/produktas\/piepusamais-matracis-intex-queen-dura-beam-prestige-downy-gaisa-gulta-ar-usb-sukni-152x203x30cm\/#breadcrumb\",\"itemListElement\":[{\"@type\":\"ListItem\",\"position\":1,\"name\":\"Home\",\"item\":\"https:\/\/toys.lt\/lv\/\"},{\"@type\":\"ListItem\",\"position\":2,\"name\":\"Veikals\",\"item\":\"https:\/\/toys.lt\/lv\/shop\/\"},{\"@type\":\"ListItem\",\"position\":3,\"name\":\"Piep\u016b\u0161amais matracis INTEX Queen Dura-Beam, Prestige Downy Gaisa gulta ar USB s\u016bkni, 152x203x30cm\"}]},{\"@type\":\"WebSite\",\"@id\":\"https:\/\/toys.lt\/lv\/#website\",\"url\":\"https:\/\/toys.lt\/lv\/\",\"name\":\"Toys.lt\",\"description\":\"\",\"potentialAction\":[{\"@type\":\"SearchAction\",\"target\":{\"@type\":\"EntryPoint\",\"urlTemplate\":\"https:\/\/toys.lt\/lv\/?s={search_term_string}\"},\"query-input\":{\"@type\":\"PropertyValueSpecification\",\"valueRequired\":true,\"valueName\":\"search_term_string\"}}],\"inLanguage\":\"lv-LV\"}]}<\/script>\n<!-- \/ Yoast SEO plugin. -->","yoast_head_json":{"title":"Piep\u016b\u0161amais matracis INTEX Queen Dura-Beam, Prestige Downy Gaisa gulta ar USB s\u016bkni, 152x203x30cm - Toys.lt","robots":{"index":"index","follow":"follow","max-snippet":"max-snippet:-1","max-image-preview":"max-image-preview:large","max-video-preview":"max-video-preview:-1"},"canonical":"https:\/\/toys.lt\/lv\/produktas\/piepusamais-matracis-intex-queen-dura-beam-prestige-downy-gaisa-gulta-ar-usb-sukni-152x203x30cm\/","og_locale":"lv_LV","og_type":"article","og_title":"Piep\u016b\u0161amais matracis INTEX Queen Dura-Beam, Prestige Downy Gaisa gulta ar USB s\u016bkni, 152x203x30cm - Toys.lt","og_description":"Matra\u010da izm\u0113ri: 152 x 203 x 30 cm Iepakojuma izm\u0113ri: 35 x 41 x 15 cm Svars 5,4 kg Materi\u0101ls: PVC, vel\u016brs Maksim\u0101l\u0101 slodze: 272 kg.","og_url":"https:\/\/toys.lt\/lv\/produktas\/piepusamais-matracis-intex-queen-dura-beam-prestige-downy-gaisa-gulta-ar-usb-sukni-152x203x30cm\/","og_site_name":"Toys.lt","article_modified_time":"2026-04-08T00:02:05+00:00","og_image":[{"width":1586,"height":1102,"url":"https:\/\/toys.lt\/wp-content\/uploads\/2024\/05\/products-6063.jpg","type":"image\/jpeg"}],"twitter_card":"summary_large_image","schema":{"@context":"https:\/\/schema.org","@graph":[{"@type":"WebPage","@id":"https:\/\/toys.lt\/lv\/produktas\/piepusamais-matracis-intex-queen-dura-beam-prestige-downy-gaisa-gulta-ar-usb-sukni-152x203x30cm\/","url":"https:\/\/toys.lt\/lv\/produktas\/piepusamais-matracis-intex-queen-dura-beam-prestige-downy-gaisa-gulta-ar-usb-sukni-152x203x30cm\/","name":"Piep\u016b\u0161amais matracis INTEX Queen Dura-Beam, Prestige Downy Gaisa gulta ar USB s\u016bkni, 152x203x30cm - Toys.lt","isPartOf":{"@id":"https:\/\/toys.lt\/lv\/#website"},"primaryImageOfPage":{"@id":"https:\/\/toys.lt\/lv\/produktas\/piepusamais-matracis-intex-queen-dura-beam-prestige-downy-gaisa-gulta-ar-usb-sukni-152x203x30cm\/#primaryimage"},"image":{"@id":"https:\/\/toys.lt\/lv\/produktas\/piepusamais-matracis-intex-queen-dura-beam-prestige-downy-gaisa-gulta-ar-usb-sukni-152x203x30cm\/#primaryimage"},"thumbnailUrl":"https:\/\/toys.lt\/wp-content\/uploads\/2024\/05\/products-6063.jpg","datePublished":"2024-05-21T03:04:21+00:00","dateModified":"2026-04-08T00:02:05+00:00","breadcrumb":{"@id":"https:\/\/toys.lt\/lv\/produktas\/piepusamais-matracis-intex-queen-dura-beam-prestige-downy-gaisa-gulta-ar-usb-sukni-152x203x30cm\/#breadcrumb"},"inLanguage":"lv-LV","potentialAction":[{"@type":"ReadAction","target":["https:\/\/toys.lt\/lv\/produktas\/piepusamais-matracis-intex-queen-dura-beam-prestige-downy-gaisa-gulta-ar-usb-sukni-152x203x30cm\/"]}]},{"@type":"ImageObject","inLanguage":"lv-LV","@id":"https:\/\/toys.lt\/lv\/produktas\/piepusamais-matracis-intex-queen-dura-beam-prestige-downy-gaisa-gulta-ar-usb-sukni-152x203x30cm\/#primaryimage","url":"https:\/\/toys.lt\/wp-content\/uploads\/2024\/05\/products-6063.jpg","contentUrl":"https:\/\/toys.lt\/wp-content\/uploads\/2024\/05\/products-6063.jpg","width":1586,"height":1102,"caption":"Pripu\u010diamas \u010diu\u017einys INTEX Queen Dura-Beam, Prestige Downy Airbed su USB pompa, 152x203x30cm"},{"@type":"BreadcrumbList","@id":"https:\/\/toys.lt\/lv\/produktas\/piepusamais-matracis-intex-queen-dura-beam-prestige-downy-gaisa-gulta-ar-usb-sukni-152x203x30cm\/#breadcrumb","itemListElement":[{"@type":"ListItem","position":1,"name":"Home","item":"https:\/\/toys.lt\/lv\/"},{"@type":"ListItem","position":2,"name":"Veikals","item":"https:\/\/toys.lt\/lv\/shop\/"},{"@type":"ListItem","position":3,"name":"Piep\u016b\u0161amais matracis INTEX Queen Dura-Beam, Prestige Downy Gaisa gulta ar USB s\u016bkni, 152x203x30cm"}]},{"@type":"WebSite","@id":"https:\/\/toys.lt\/lv\/#website","url":"https:\/\/toys.lt\/lv\/","name":"Toys.lt","description":"","potentialAction":[{"@type":"SearchAction","target":{"@type":"EntryPoint","urlTemplate":"https:\/\/toys.lt\/lv\/?s={search_term_string}"},"query-input":{"@type":"PropertyValueSpecification","valueRequired":true,"valueName":"search_term_string"}}],"inLanguage":"lv-LV"}]}},"_links":{"self":[{"href":"https:\/\/toys.lt\/lv\/wp-json\/wp\/v2\/product\/41233","targetHints":{"allow":["GET"]}}],"collection":[{"href":"https:\/\/toys.lt\/lv\/wp-json\/wp\/v2\/product"}],"about":[{"href":"https:\/\/toys.lt\/lv\/wp-json\/wp\/v2\/types\/product"}],"replies":[{"embeddable":true,"href":"https:\/\/toys.lt\/lv\/wp-json\/wp\/v2\/comments?post=41233"}],"version-history":[{"count":1,"href":"https:\/\/toys.lt\/lv\/wp-json\/wp\/v2\/product\/41233\/revisions"}],"predecessor-version":[{"id":41234,"href":"https:\/\/toys.lt\/lv\/wp-json\/wp\/v2\/product\/41233\/revisions\/41234"}],"wp:featuredmedia":[{"embeddable":true,"href":"https:\/\/toys.lt\/lv\/wp-json\/wp\/v2\/media\/39918"}],"wp:attachment":[{"href":"https:\/\/toys.lt\/lv\/wp-json\/wp\/v2\/media?parent=41233"}],"wp:term":[{"taxonomy":"product_brand","embeddable":true,"href":"https:\/\/toys.lt\/lv\/wp-json\/wp\/v2\/product_brand?post=41233"},{"taxonomy":"product_cat","embeddable":true,"href":"https:\/\/toys.lt\/lv\/wp-json\/wp\/v2\/product_cat?post=41233"},{"taxonomy":"product_tag","embeddable":true,"href":"https:\/\/toys.lt\/lv\/wp-json\/wp\/v2\/product_tag?post=41233"}],"curies":[{"name":"wp","href":"https:\/\/api.w.org\/{rel}","templated":true}]}}