{"id":41231,"date":"2024-05-21T05:36:12","date_gmt":"2024-05-21T05:36:12","guid":{"rendered":"https:\/\/toys.lt\/produktas\/piepusamais-matracis-gulamvieta-intex-twin-comfort-plush-gaisa-gulta-w-fiber-tech-rp-ar-sukni-99x191x33cm\/"},"modified":"2026-04-08T00:02:01","modified_gmt":"2026-04-08T00:02:01","slug":"piepusamais-matracis-gulamvieta-intex-twin-comfort-plush-gaisa-gulta-w-fiber-tech-rp-ar-sukni-99x191x33cm","status":"publish","type":"product","link":"https:\/\/toys.lt\/lv\/produktas\/piepusamais-matracis-gulamvieta-intex-twin-comfort-plush-gaisa-gulta-w-fiber-tech-rp-ar-sukni-99x191x33cm\/","title":{"rendered":"Piep\u016b\u0161amais matracis-gu\u013camvieta INTEX Twin Comfort-Plush, Gaisa gulta W\/Fiber-Tech RP ar s\u016bkni, 99x191x33cm"},"content":{"rendered":"<p>INTEX <strong>piep\u016b\u0161amais matracis <\/strong> <\/p>\n<ul style=\"list-style-type: disc;\">\n<li>Izgatavots, izmantojot Fiber Tech tehnolo\u0123iju, kas nodro\u0161ina iztur\u012bbu un ilgm\u016b\u017e\u012bbu.<\/li>\n<li>Air Lock sist\u0113ma notur gaisu matrac\u012b.<\/li>\n<li>Matracis piem\u0113rots vienai personai<\/li>\n<li>Izm\u0113ri 99 x 191 x 33 cm<\/li>\n<li>Maksim\u0101li pie\u013caujam\u0101 slodze 136 kg<\/li>\n<li>Ieb\u016bv\u0113ts elektriskais s\u016bknis \u0101trai piep\u016b\u0161anai un izpl\u016b\u0161anai.<\/li>\n<li>Matra\u010da p\u0101rn\u0113s\u0101\u0161anas soma<\/li>\n<li>Piep\u016b\u0161anas laiks 2 min<\/li>\n<\/ul>\n","protected":false},"excerpt":{"rendered":"<p>Matra\u010da izm\u0113ri: 99 x 191 x 33 cm<\/p>\n<p>Iepakojuma izm\u0113ri: 36 x 41 x 17 cm<\/p>\n<p>Svars 5,7 kg<\/p>\n<p>Materi\u0101ls: PVC, vel\u016brs<\/p>\n<p>Maksim\u0101l\u0101 slodze: 136 kg.<\/p>\n","protected":false},"featured_media":40006,"comment_status":"open","ping_status":"closed","template":"","meta":[],"product_brand":[],"product_cat":[1216,1215],"product_tag":[],"class_list":{"0":"post-41231","1":"product","2":"type-product","3":"status-publish","4":"has-post-thumbnail","6":"product_cat-gaisa-matraci","7":"product_cat-sports-atputa-turisms","8":"pa_prek-s-tipas-gaisa-matraci","9":"pa_prekes-zenklas-intex-lv","11":"first","12":"outofstock","13":"taxable","14":"shipping-taxable","15":"purchasable","16":"product-type-simple"},"yoast_head":"<!-- This site is optimized with the Yoast SEO plugin v26.3 - https:\/\/yoast.com\/wordpress\/plugins\/seo\/ -->\n<title>Piep\u016b\u0161amais matracis-gu\u013camvieta INTEX Twin Comfort-Plush, Gaisa gulta W\/Fiber-Tech RP ar s\u016bkni, 99x191x33cm - Toys.lt<\/title>\n<meta name=\"robots\" content=\"index, follow, max-snippet:-1, max-image-preview:large, max-video-preview:-1\" \/>\n<link rel=\"canonical\" href=\"https:\/\/toys.lt\/lv\/produktas\/piepusamais-matracis-gulamvieta-intex-twin-comfort-plush-gaisa-gulta-w-fiber-tech-rp-ar-sukni-99x191x33cm\/\" \/>\n<meta property=\"og:locale\" content=\"lv_LV\" \/>\n<meta property=\"og:type\" content=\"article\" \/>\n<meta property=\"og:title\" content=\"Piep\u016b\u0161amais matracis-gu\u013camvieta INTEX Twin Comfort-Plush, Gaisa gulta W\/Fiber-Tech RP ar s\u016bkni, 99x191x33cm - Toys.lt\" \/>\n<meta property=\"og:description\" content=\"Matra\u010da izm\u0113ri: 99 x 191 x 33 cm Iepakojuma izm\u0113ri: 36 x 41 x 17 cm Svars 5,7 kg Materi\u0101ls: PVC, vel\u016brs Maksim\u0101l\u0101 slodze: 136 kg.\" \/>\n<meta property=\"og:url\" content=\"https:\/\/toys.lt\/lv\/produktas\/piepusamais-matracis-gulamvieta-intex-twin-comfort-plush-gaisa-gulta-w-fiber-tech-rp-ar-sukni-99x191x33cm\/\" \/>\n<meta property=\"og:site_name\" content=\"Toys.lt\" \/>\n<meta property=\"article:modified_time\" content=\"2026-04-08T00:02:01+00:00\" \/>\n<meta property=\"og:image\" content=\"https:\/\/toys.lt\/wp-content\/uploads\/2024\/05\/products-6233.jpg\" \/>\n\t<meta property=\"og:image:width\" content=\"1586\" \/>\n\t<meta property=\"og:image:height\" content=\"1102\" \/>\n\t<meta property=\"og:image:type\" content=\"image\/jpeg\" \/>\n<meta name=\"twitter:card\" content=\"summary_large_image\" \/>\n<script type=\"application\/ld+json\" class=\"yoast-schema-graph\">{\"@context\":\"https:\/\/schema.org\",\"@graph\":[{\"@type\":\"WebPage\",\"@id\":\"https:\/\/toys.lt\/lv\/produktas\/piepusamais-matracis-gulamvieta-intex-twin-comfort-plush-gaisa-gulta-w-fiber-tech-rp-ar-sukni-99x191x33cm\/\",\"url\":\"https:\/\/toys.lt\/lv\/produktas\/piepusamais-matracis-gulamvieta-intex-twin-comfort-plush-gaisa-gulta-w-fiber-tech-rp-ar-sukni-99x191x33cm\/\",\"name\":\"Piep\u016b\u0161amais matracis-gu\u013camvieta INTEX Twin Comfort-Plush, Gaisa gulta W\/Fiber-Tech RP ar s\u016bkni, 99x191x33cm - Toys.lt\",\"isPartOf\":{\"@id\":\"https:\/\/toys.lt\/lv\/#website\"},\"primaryImageOfPage\":{\"@id\":\"https:\/\/toys.lt\/lv\/produktas\/piepusamais-matracis-gulamvieta-intex-twin-comfort-plush-gaisa-gulta-w-fiber-tech-rp-ar-sukni-99x191x33cm\/#primaryimage\"},\"image\":{\"@id\":\"https:\/\/toys.lt\/lv\/produktas\/piepusamais-matracis-gulamvieta-intex-twin-comfort-plush-gaisa-gulta-w-fiber-tech-rp-ar-sukni-99x191x33cm\/#primaryimage\"},\"thumbnailUrl\":\"https:\/\/toys.lt\/wp-content\/uploads\/2024\/05\/products-6233.jpg\",\"datePublished\":\"2024-05-21T05:36:12+00:00\",\"dateModified\":\"2026-04-08T00:02:01+00:00\",\"breadcrumb\":{\"@id\":\"https:\/\/toys.lt\/lv\/produktas\/piepusamais-matracis-gulamvieta-intex-twin-comfort-plush-gaisa-gulta-w-fiber-tech-rp-ar-sukni-99x191x33cm\/#breadcrumb\"},\"inLanguage\":\"lv-LV\",\"potentialAction\":[{\"@type\":\"ReadAction\",\"target\":[\"https:\/\/toys.lt\/lv\/produktas\/piepusamais-matracis-gulamvieta-intex-twin-comfort-plush-gaisa-gulta-w-fiber-tech-rp-ar-sukni-99x191x33cm\/\"]}]},{\"@type\":\"ImageObject\",\"inLanguage\":\"lv-LV\",\"@id\":\"https:\/\/toys.lt\/lv\/produktas\/piepusamais-matracis-gulamvieta-intex-twin-comfort-plush-gaisa-gulta-w-fiber-tech-rp-ar-sukni-99x191x33cm\/#primaryimage\",\"url\":\"https:\/\/toys.lt\/wp-content\/uploads\/2024\/05\/products-6233.jpg\",\"contentUrl\":\"https:\/\/toys.lt\/wp-content\/uploads\/2024\/05\/products-6233.jpg\",\"width\":1586,\"height\":1102,\"caption\":\"Pripu\u010diamas \u010diu\u017einys-lova INTEX Twin Comfort-Plush, Airbed W\/Fiber-Tech RP su pompa,99x191x33cm\"},{\"@type\":\"BreadcrumbList\",\"@id\":\"https:\/\/toys.lt\/lv\/produktas\/piepusamais-matracis-gulamvieta-intex-twin-comfort-plush-gaisa-gulta-w-fiber-tech-rp-ar-sukni-99x191x33cm\/#breadcrumb\",\"itemListElement\":[{\"@type\":\"ListItem\",\"position\":1,\"name\":\"Home\",\"item\":\"https:\/\/toys.lt\/lv\/\"},{\"@type\":\"ListItem\",\"position\":2,\"name\":\"Veikals\",\"item\":\"https:\/\/toys.lt\/lv\/shop\/\"},{\"@type\":\"ListItem\",\"position\":3,\"name\":\"Piep\u016b\u0161amais matracis-gu\u013camvieta INTEX Twin Comfort-Plush, Gaisa gulta W\/Fiber-Tech RP ar s\u016bkni, 99x191x33cm\"}]},{\"@type\":\"WebSite\",\"@id\":\"https:\/\/toys.lt\/lv\/#website\",\"url\":\"https:\/\/toys.lt\/lv\/\",\"name\":\"Toys.lt\",\"description\":\"\",\"potentialAction\":[{\"@type\":\"SearchAction\",\"target\":{\"@type\":\"EntryPoint\",\"urlTemplate\":\"https:\/\/toys.lt\/lv\/?s={search_term_string}\"},\"query-input\":{\"@type\":\"PropertyValueSpecification\",\"valueRequired\":true,\"valueName\":\"search_term_string\"}}],\"inLanguage\":\"lv-LV\"}]}<\/script>\n<!-- \/ Yoast SEO plugin. -->","yoast_head_json":{"title":"Piep\u016b\u0161amais matracis-gu\u013camvieta INTEX Twin Comfort-Plush, Gaisa gulta W\/Fiber-Tech RP ar s\u016bkni, 99x191x33cm - Toys.lt","robots":{"index":"index","follow":"follow","max-snippet":"max-snippet:-1","max-image-preview":"max-image-preview:large","max-video-preview":"max-video-preview:-1"},"canonical":"https:\/\/toys.lt\/lv\/produktas\/piepusamais-matracis-gulamvieta-intex-twin-comfort-plush-gaisa-gulta-w-fiber-tech-rp-ar-sukni-99x191x33cm\/","og_locale":"lv_LV","og_type":"article","og_title":"Piep\u016b\u0161amais matracis-gu\u013camvieta INTEX Twin Comfort-Plush, Gaisa gulta W\/Fiber-Tech RP ar s\u016bkni, 99x191x33cm - Toys.lt","og_description":"Matra\u010da izm\u0113ri: 99 x 191 x 33 cm Iepakojuma izm\u0113ri: 36 x 41 x 17 cm Svars 5,7 kg Materi\u0101ls: PVC, vel\u016brs Maksim\u0101l\u0101 slodze: 136 kg.","og_url":"https:\/\/toys.lt\/lv\/produktas\/piepusamais-matracis-gulamvieta-intex-twin-comfort-plush-gaisa-gulta-w-fiber-tech-rp-ar-sukni-99x191x33cm\/","og_site_name":"Toys.lt","article_modified_time":"2026-04-08T00:02:01+00:00","og_image":[{"width":1586,"height":1102,"url":"https:\/\/toys.lt\/wp-content\/uploads\/2024\/05\/products-6233.jpg","type":"image\/jpeg"}],"twitter_card":"summary_large_image","schema":{"@context":"https:\/\/schema.org","@graph":[{"@type":"WebPage","@id":"https:\/\/toys.lt\/lv\/produktas\/piepusamais-matracis-gulamvieta-intex-twin-comfort-plush-gaisa-gulta-w-fiber-tech-rp-ar-sukni-99x191x33cm\/","url":"https:\/\/toys.lt\/lv\/produktas\/piepusamais-matracis-gulamvieta-intex-twin-comfort-plush-gaisa-gulta-w-fiber-tech-rp-ar-sukni-99x191x33cm\/","name":"Piep\u016b\u0161amais matracis-gu\u013camvieta INTEX Twin Comfort-Plush, Gaisa gulta W\/Fiber-Tech RP ar s\u016bkni, 99x191x33cm - Toys.lt","isPartOf":{"@id":"https:\/\/toys.lt\/lv\/#website"},"primaryImageOfPage":{"@id":"https:\/\/toys.lt\/lv\/produktas\/piepusamais-matracis-gulamvieta-intex-twin-comfort-plush-gaisa-gulta-w-fiber-tech-rp-ar-sukni-99x191x33cm\/#primaryimage"},"image":{"@id":"https:\/\/toys.lt\/lv\/produktas\/piepusamais-matracis-gulamvieta-intex-twin-comfort-plush-gaisa-gulta-w-fiber-tech-rp-ar-sukni-99x191x33cm\/#primaryimage"},"thumbnailUrl":"https:\/\/toys.lt\/wp-content\/uploads\/2024\/05\/products-6233.jpg","datePublished":"2024-05-21T05:36:12+00:00","dateModified":"2026-04-08T00:02:01+00:00","breadcrumb":{"@id":"https:\/\/toys.lt\/lv\/produktas\/piepusamais-matracis-gulamvieta-intex-twin-comfort-plush-gaisa-gulta-w-fiber-tech-rp-ar-sukni-99x191x33cm\/#breadcrumb"},"inLanguage":"lv-LV","potentialAction":[{"@type":"ReadAction","target":["https:\/\/toys.lt\/lv\/produktas\/piepusamais-matracis-gulamvieta-intex-twin-comfort-plush-gaisa-gulta-w-fiber-tech-rp-ar-sukni-99x191x33cm\/"]}]},{"@type":"ImageObject","inLanguage":"lv-LV","@id":"https:\/\/toys.lt\/lv\/produktas\/piepusamais-matracis-gulamvieta-intex-twin-comfort-plush-gaisa-gulta-w-fiber-tech-rp-ar-sukni-99x191x33cm\/#primaryimage","url":"https:\/\/toys.lt\/wp-content\/uploads\/2024\/05\/products-6233.jpg","contentUrl":"https:\/\/toys.lt\/wp-content\/uploads\/2024\/05\/products-6233.jpg","width":1586,"height":1102,"caption":"Pripu\u010diamas \u010diu\u017einys-lova INTEX Twin Comfort-Plush, Airbed W\/Fiber-Tech RP su pompa,99x191x33cm"},{"@type":"BreadcrumbList","@id":"https:\/\/toys.lt\/lv\/produktas\/piepusamais-matracis-gulamvieta-intex-twin-comfort-plush-gaisa-gulta-w-fiber-tech-rp-ar-sukni-99x191x33cm\/#breadcrumb","itemListElement":[{"@type":"ListItem","position":1,"name":"Home","item":"https:\/\/toys.lt\/lv\/"},{"@type":"ListItem","position":2,"name":"Veikals","item":"https:\/\/toys.lt\/lv\/shop\/"},{"@type":"ListItem","position":3,"name":"Piep\u016b\u0161amais matracis-gu\u013camvieta INTEX Twin Comfort-Plush, Gaisa gulta W\/Fiber-Tech RP ar s\u016bkni, 99x191x33cm"}]},{"@type":"WebSite","@id":"https:\/\/toys.lt\/lv\/#website","url":"https:\/\/toys.lt\/lv\/","name":"Toys.lt","description":"","potentialAction":[{"@type":"SearchAction","target":{"@type":"EntryPoint","urlTemplate":"https:\/\/toys.lt\/lv\/?s={search_term_string}"},"query-input":{"@type":"PropertyValueSpecification","valueRequired":true,"valueName":"search_term_string"}}],"inLanguage":"lv-LV"}]}},"_links":{"self":[{"href":"https:\/\/toys.lt\/lv\/wp-json\/wp\/v2\/product\/41231","targetHints":{"allow":["GET"]}}],"collection":[{"href":"https:\/\/toys.lt\/lv\/wp-json\/wp\/v2\/product"}],"about":[{"href":"https:\/\/toys.lt\/lv\/wp-json\/wp\/v2\/types\/product"}],"replies":[{"embeddable":true,"href":"https:\/\/toys.lt\/lv\/wp-json\/wp\/v2\/comments?post=41231"}],"version-history":[{"count":1,"href":"https:\/\/toys.lt\/lv\/wp-json\/wp\/v2\/product\/41231\/revisions"}],"predecessor-version":[{"id":41232,"href":"https:\/\/toys.lt\/lv\/wp-json\/wp\/v2\/product\/41231\/revisions\/41232"}],"wp:featuredmedia":[{"embeddable":true,"href":"https:\/\/toys.lt\/lv\/wp-json\/wp\/v2\/media\/40006"}],"wp:attachment":[{"href":"https:\/\/toys.lt\/lv\/wp-json\/wp\/v2\/media?parent=41231"}],"wp:term":[{"taxonomy":"product_brand","embeddable":true,"href":"https:\/\/toys.lt\/lv\/wp-json\/wp\/v2\/product_brand?post=41231"},{"taxonomy":"product_cat","embeddable":true,"href":"https:\/\/toys.lt\/lv\/wp-json\/wp\/v2\/product_cat?post=41231"},{"taxonomy":"product_tag","embeddable":true,"href":"https:\/\/toys.lt\/lv\/wp-json\/wp\/v2\/product_tag?post=41231"}],"curies":[{"name":"wp","href":"https:\/\/api.w.org\/{rel}","templated":true}]}}