{"id":41201,"date":"2024-11-15T22:29:34","date_gmt":"2024-11-15T22:29:34","guid":{"rendered":"https:\/\/toys.lt\/produktas\/bernu-boksa-komplekts-karajas\/"},"modified":"2026-04-08T00:01:48","modified_gmt":"2026-04-08T00:01:48","slug":"bernu-boksa-komplekts-karajas","status":"publish","type":"product","link":"https:\/\/toys.lt\/lv\/produktas\/bernu-boksa-komplekts-karajas\/","title":{"rendered":"B\u0113rnu boksa komplekts kar\u0101jas"},"content":{"rendered":"<p><strong>Boksa komplekts<\/strong> ir paredz\u0113ts, lai p\u0101rbaud\u012btu j\u016bsu sitienu sp\u0113ku, precizit\u0101ti un iztur\u012bbu. Tas pal\u012bdz\u0113s uztur\u0113t un uzlabot b\u0113rna fizisko vesel\u012bbu, k\u0101 ar\u012b att\u012bst\u012bt veikl\u012bbu, uzman\u012bbu, kust\u012bbu koordin\u0101ciju un citas prasmes. <\/p>\n<p><strong>Komplekt\u0101 ietilpst:<\/strong><\/p>\n<ul style=\"list-style-type: square\">\n<li style=\"margin: 0px;padding: 0px;font: inherit;border: 0px\">Piekaramais boksa bumbieris<\/li>\n<li style=\"margin: 0px;padding: 0px;font: inherit;border: 0px\">1 cimdu p\u0101ris<\/li>\n<\/ul>\n<p>&nbsp;<\/p>\n","protected":false},"excerpt":{"rendered":"<p>Produkta veids: sporta<\/p>\n<p>Izcelsmes valsts: \u0136\u012bna<\/p>\n<p>Iepakojuma izm\u0113ri: 75 x 25 x 25 cm<\/p>\n<p>Cimdi: 28&#215;24 cm<\/p>\n<p>Ieteicamais vecums: no 3 gadiem.<\/p>\n","protected":false},"featured_media":40344,"comment_status":"open","ping_status":"closed","template":"","meta":[],"product_brand":[],"product_cat":[1176,1277,1155],"product_tag":[],"class_list":{"0":"post-41201","1":"product","2":"type-product","3":"status-publish","4":"has-post-thumbnail","6":"product_cat-rotallietas-zeniem","7":"product_cat-sporta-un-izklaides-rotallietas","8":"product_cat-leti","9":"pa_amziaus-grupe-3-lv","11":"first","12":"outofstock","13":"sale","14":"taxable","15":"shipping-taxable","16":"purchasable","17":"product-type-simple"},"yoast_head":"<!-- This site is optimized with the Yoast SEO plugin v26.3 - https:\/\/yoast.com\/wordpress\/plugins\/seo\/ -->\n<title>B\u0113rnu boksa komplekts kar\u0101jas - Toys.lt<\/title>\n<meta name=\"robots\" content=\"index, follow, max-snippet:-1, max-image-preview:large, max-video-preview:-1\" \/>\n<link rel=\"canonical\" href=\"https:\/\/toys.lt\/lv\/produktas\/bernu-boksa-komplekts-karajas\/\" \/>\n<meta property=\"og:locale\" content=\"lv_LV\" \/>\n<meta property=\"og:type\" content=\"article\" \/>\n<meta property=\"og:title\" content=\"B\u0113rnu boksa komplekts kar\u0101jas - Toys.lt\" \/>\n<meta property=\"og:description\" content=\"Produkta veids: sporta Izcelsmes valsts: \u0136\u012bna Iepakojuma izm\u0113ri: 75 x 25 x 25 cm Cimdi: 28x24 cm Ieteicamais vecums: no 3 gadiem.\" \/>\n<meta property=\"og:url\" content=\"https:\/\/toys.lt\/lv\/produktas\/bernu-boksa-komplekts-karajas\/\" \/>\n<meta property=\"og:site_name\" content=\"Toys.lt\" \/>\n<meta property=\"article:modified_time\" content=\"2026-04-08T00:01:48+00:00\" \/>\n<meta property=\"og:image\" content=\"https:\/\/toys.lt\/wp-content\/uploads\/2024\/11\/37633A-bokso-kriause.jpg\" \/>\n\t<meta property=\"og:image:width\" content=\"813\" \/>\n\t<meta property=\"og:image:height\" content=\"819\" \/>\n\t<meta property=\"og:image:type\" content=\"image\/jpeg\" \/>\n<meta name=\"twitter:card\" content=\"summary_large_image\" \/>\n<script type=\"application\/ld+json\" class=\"yoast-schema-graph\">{\"@context\":\"https:\/\/schema.org\",\"@graph\":[{\"@type\":\"WebPage\",\"@id\":\"https:\/\/toys.lt\/lv\/produktas\/bernu-boksa-komplekts-karajas\/\",\"url\":\"https:\/\/toys.lt\/lv\/produktas\/bernu-boksa-komplekts-karajas\/\",\"name\":\"B\u0113rnu boksa komplekts kar\u0101jas - Toys.lt\",\"isPartOf\":{\"@id\":\"https:\/\/toys.lt\/lv\/#website\"},\"primaryImageOfPage\":{\"@id\":\"https:\/\/toys.lt\/lv\/produktas\/bernu-boksa-komplekts-karajas\/#primaryimage\"},\"image\":{\"@id\":\"https:\/\/toys.lt\/lv\/produktas\/bernu-boksa-komplekts-karajas\/#primaryimage\"},\"thumbnailUrl\":\"https:\/\/toys.lt\/wp-content\/uploads\/2024\/11\/37633A-bokso-kriause.jpg\",\"datePublished\":\"2024-11-15T22:29:34+00:00\",\"dateModified\":\"2026-04-08T00:01:48+00:00\",\"breadcrumb\":{\"@id\":\"https:\/\/toys.lt\/lv\/produktas\/bernu-boksa-komplekts-karajas\/#breadcrumb\"},\"inLanguage\":\"lv-LV\",\"potentialAction\":[{\"@type\":\"ReadAction\",\"target\":[\"https:\/\/toys.lt\/lv\/produktas\/bernu-boksa-komplekts-karajas\/\"]}]},{\"@type\":\"ImageObject\",\"inLanguage\":\"lv-LV\",\"@id\":\"https:\/\/toys.lt\/lv\/produktas\/bernu-boksa-komplekts-karajas\/#primaryimage\",\"url\":\"https:\/\/toys.lt\/wp-content\/uploads\/2024\/11\/37633A-bokso-kriause.jpg\",\"contentUrl\":\"https:\/\/toys.lt\/wp-content\/uploads\/2024\/11\/37633A-bokso-kriause.jpg\",\"width\":813,\"height\":819,\"caption\":\"Vaiki\u0161kas bokso rinkinys su reguliuojamu stovu -pakabinamas\"},{\"@type\":\"BreadcrumbList\",\"@id\":\"https:\/\/toys.lt\/lv\/produktas\/bernu-boksa-komplekts-karajas\/#breadcrumb\",\"itemListElement\":[{\"@type\":\"ListItem\",\"position\":1,\"name\":\"Home\",\"item\":\"https:\/\/toys.lt\/lv\/\"},{\"@type\":\"ListItem\",\"position\":2,\"name\":\"Veikals\",\"item\":\"https:\/\/toys.lt\/lv\/shop\/\"},{\"@type\":\"ListItem\",\"position\":3,\"name\":\"B\u0113rnu boksa komplekts kar\u0101jas\"}]},{\"@type\":\"WebSite\",\"@id\":\"https:\/\/toys.lt\/lv\/#website\",\"url\":\"https:\/\/toys.lt\/lv\/\",\"name\":\"Toys.lt\",\"description\":\"\",\"potentialAction\":[{\"@type\":\"SearchAction\",\"target\":{\"@type\":\"EntryPoint\",\"urlTemplate\":\"https:\/\/toys.lt\/lv\/?s={search_term_string}\"},\"query-input\":{\"@type\":\"PropertyValueSpecification\",\"valueRequired\":true,\"valueName\":\"search_term_string\"}}],\"inLanguage\":\"lv-LV\"}]}<\/script>\n<!-- \/ Yoast SEO plugin. -->","yoast_head_json":{"title":"B\u0113rnu boksa komplekts kar\u0101jas - Toys.lt","robots":{"index":"index","follow":"follow","max-snippet":"max-snippet:-1","max-image-preview":"max-image-preview:large","max-video-preview":"max-video-preview:-1"},"canonical":"https:\/\/toys.lt\/lv\/produktas\/bernu-boksa-komplekts-karajas\/","og_locale":"lv_LV","og_type":"article","og_title":"B\u0113rnu boksa komplekts kar\u0101jas - Toys.lt","og_description":"Produkta veids: sporta Izcelsmes valsts: \u0136\u012bna Iepakojuma izm\u0113ri: 75 x 25 x 25 cm Cimdi: 28x24 cm Ieteicamais vecums: no 3 gadiem.","og_url":"https:\/\/toys.lt\/lv\/produktas\/bernu-boksa-komplekts-karajas\/","og_site_name":"Toys.lt","article_modified_time":"2026-04-08T00:01:48+00:00","og_image":[{"width":813,"height":819,"url":"https:\/\/toys.lt\/wp-content\/uploads\/2024\/11\/37633A-bokso-kriause.jpg","type":"image\/jpeg"}],"twitter_card":"summary_large_image","schema":{"@context":"https:\/\/schema.org","@graph":[{"@type":"WebPage","@id":"https:\/\/toys.lt\/lv\/produktas\/bernu-boksa-komplekts-karajas\/","url":"https:\/\/toys.lt\/lv\/produktas\/bernu-boksa-komplekts-karajas\/","name":"B\u0113rnu boksa komplekts kar\u0101jas - Toys.lt","isPartOf":{"@id":"https:\/\/toys.lt\/lv\/#website"},"primaryImageOfPage":{"@id":"https:\/\/toys.lt\/lv\/produktas\/bernu-boksa-komplekts-karajas\/#primaryimage"},"image":{"@id":"https:\/\/toys.lt\/lv\/produktas\/bernu-boksa-komplekts-karajas\/#primaryimage"},"thumbnailUrl":"https:\/\/toys.lt\/wp-content\/uploads\/2024\/11\/37633A-bokso-kriause.jpg","datePublished":"2024-11-15T22:29:34+00:00","dateModified":"2026-04-08T00:01:48+00:00","breadcrumb":{"@id":"https:\/\/toys.lt\/lv\/produktas\/bernu-boksa-komplekts-karajas\/#breadcrumb"},"inLanguage":"lv-LV","potentialAction":[{"@type":"ReadAction","target":["https:\/\/toys.lt\/lv\/produktas\/bernu-boksa-komplekts-karajas\/"]}]},{"@type":"ImageObject","inLanguage":"lv-LV","@id":"https:\/\/toys.lt\/lv\/produktas\/bernu-boksa-komplekts-karajas\/#primaryimage","url":"https:\/\/toys.lt\/wp-content\/uploads\/2024\/11\/37633A-bokso-kriause.jpg","contentUrl":"https:\/\/toys.lt\/wp-content\/uploads\/2024\/11\/37633A-bokso-kriause.jpg","width":813,"height":819,"caption":"Vaiki\u0161kas bokso rinkinys su reguliuojamu stovu -pakabinamas"},{"@type":"BreadcrumbList","@id":"https:\/\/toys.lt\/lv\/produktas\/bernu-boksa-komplekts-karajas\/#breadcrumb","itemListElement":[{"@type":"ListItem","position":1,"name":"Home","item":"https:\/\/toys.lt\/lv\/"},{"@type":"ListItem","position":2,"name":"Veikals","item":"https:\/\/toys.lt\/lv\/shop\/"},{"@type":"ListItem","position":3,"name":"B\u0113rnu boksa komplekts kar\u0101jas"}]},{"@type":"WebSite","@id":"https:\/\/toys.lt\/lv\/#website","url":"https:\/\/toys.lt\/lv\/","name":"Toys.lt","description":"","potentialAction":[{"@type":"SearchAction","target":{"@type":"EntryPoint","urlTemplate":"https:\/\/toys.lt\/lv\/?s={search_term_string}"},"query-input":{"@type":"PropertyValueSpecification","valueRequired":true,"valueName":"search_term_string"}}],"inLanguage":"lv-LV"}]}},"_links":{"self":[{"href":"https:\/\/toys.lt\/lv\/wp-json\/wp\/v2\/product\/41201","targetHints":{"allow":["GET"]}}],"collection":[{"href":"https:\/\/toys.lt\/lv\/wp-json\/wp\/v2\/product"}],"about":[{"href":"https:\/\/toys.lt\/lv\/wp-json\/wp\/v2\/types\/product"}],"replies":[{"embeddable":true,"href":"https:\/\/toys.lt\/lv\/wp-json\/wp\/v2\/comments?post=41201"}],"version-history":[{"count":2,"href":"https:\/\/toys.lt\/lv\/wp-json\/wp\/v2\/product\/41201\/revisions"}],"predecessor-version":[{"id":45748,"href":"https:\/\/toys.lt\/lv\/wp-json\/wp\/v2\/product\/41201\/revisions\/45748"}],"wp:featuredmedia":[{"embeddable":true,"href":"https:\/\/toys.lt\/lv\/wp-json\/wp\/v2\/media\/40344"}],"wp:attachment":[{"href":"https:\/\/toys.lt\/lv\/wp-json\/wp\/v2\/media?parent=41201"}],"wp:term":[{"taxonomy":"product_brand","embeddable":true,"href":"https:\/\/toys.lt\/lv\/wp-json\/wp\/v2\/product_brand?post=41201"},{"taxonomy":"product_cat","embeddable":true,"href":"https:\/\/toys.lt\/lv\/wp-json\/wp\/v2\/product_cat?post=41201"},{"taxonomy":"product_tag","embeddable":true,"href":"https:\/\/toys.lt\/lv\/wp-json\/wp\/v2\/product_tag?post=41201"}],"curies":[{"name":"wp","href":"https:\/\/api.w.org\/{rel}","templated":true}]}}