{"id":41193,"date":"2024-11-17T01:34:20","date_gmt":"2024-11-17T01:34:20","guid":{"rendered":"https:\/\/toys.lt\/produktas\/r-b-vadams-dzips-2\/"},"modified":"2026-03-30T00:25:06","modified_gmt":"2026-03-30T00:25:06","slug":"r-b-vadams-dzips-2","status":"publish","type":"product","link":"https:\/\/toys.lt\/lv\/produktas\/r-b-vadams-dzips-2\/","title":{"rendered":"R\/B vad\u0101ms d\u017eips"},"content":{"rendered":"<p><strong>Funkcijas:<\/strong><\/p>\n<ul style=\"list-style-type: square;\">\n<li>Virsb\u016bve ir iztur\u012bga un triecieniztur\u012bga.<\/li>\n<li>Vakuuma gumijas riepas izcilai sa\u0137erei<\/li>\n<li>Kust\u012bba visos virzienos<\/li>\n<li style=\"margin: 0px; padding: 0px; font: inherit; border: 0px;\">T\u0101lvad\u012bbas pults<\/li>\n<li style=\"margin: 0px; padding: 0px; font: inherit; border: 0px;\">Iek\u0101rta darbojas ar uzl\u0101d\u0113jamu akumulatoru<\/li>\n<li style=\"margin: 0px; padding: 0px; font: inherit; border: 0px;\">Dro\u0161s b\u0113rna vesel\u012bbai<\/li>\n<li>Maksim\u0101lais att\u0101lums 50 m<\/li>\n<li>Sp\u0113les ilgums 20min<\/li>\n<li style=\"margin: 0px; padding: 0px; font: inherit; border: 0px;\">Piem\u0113rots lieto\u0161anai \u0101rpus telp\u0101m un m\u0101j\u0101s<\/li>\n<li>Pieejama divu kr\u0101su izv\u0113le<\/li>\n<\/ul>\n","protected":false},"excerpt":{"rendered":"<p>Produkta tips: st\u016br\u0113jamas rota\u013clietas<\/p>\n<p>Izcelsmes valsts: \u0136\u012bna<\/p>\n<p>Iepakojuma izm\u0113ri: 38 x 20 x 20 cm<\/p>\n<p>D\u017eipa izm\u0113ri: 27 x 17 x 17 cm<\/p>\n<p>Ieteicamais vecums: no 6 gadiem<\/p>\n<p>Vad\u012bbas ier\u012bce: 2 x AA (nav iek\u013cauta komplekt\u0101)<\/p>\n<p>Autobaterija: 4,8 V<\/p>\n","protected":false},"featured_media":40371,"comment_status":"open","ping_status":"closed","template":"","meta":[],"product_brand":[],"product_cat":[1176,1160,1155],"product_tag":[],"class_list":{"0":"post-41193","1":"product","2":"type-product","3":"status-publish","4":"has-post-thumbnail","6":"product_cat-rotallietas-zeniem","7":"product_cat-kontroletas-rotallietas","8":"product_cat-leti","9":"pa_amziaus-grupe-6-lv","10":"pa_prek-s-spalva-orange","11":"pa_prek-s-spalva-zilais","12":"pa_prek-s-tipas-automasinas","13":"pa_spalva-dazadi","15":"first","16":"instock","17":"taxable","18":"shipping-taxable","19":"purchasable","20":"product-type-variable"},"yoast_head":"<!-- This site is optimized with the Yoast SEO plugin v26.3 - https:\/\/yoast.com\/wordpress\/plugins\/seo\/ -->\n<title>R\/B vad\u0101ms d\u017eips - Toys.lt<\/title>\n<meta name=\"robots\" content=\"index, follow, max-snippet:-1, max-image-preview:large, max-video-preview:-1\" \/>\n<link rel=\"canonical\" href=\"https:\/\/toys.lt\/lv\/produktas\/r-b-vadams-dzips-2\/\" \/>\n<meta property=\"og:locale\" content=\"lv_LV\" \/>\n<meta property=\"og:type\" content=\"article\" \/>\n<meta property=\"og:title\" content=\"R\/B vad\u0101ms d\u017eips - Toys.lt\" \/>\n<meta property=\"og:description\" content=\"Produkta tips: st\u016br\u0113jamas rota\u013clietas Izcelsmes valsts: \u0136\u012bna Iepakojuma izm\u0113ri: 38 x 20 x 20 cm D\u017eipa izm\u0113ri: 27 x 17 x 17 cm Ieteicamais vecums: no 6 gadiem Vad\u012bbas ier\u012bce: 2 x AA (nav iek\u013cauta komplekt\u0101) Autobaterija: 4,8 V\" \/>\n<meta property=\"og:url\" content=\"https:\/\/toys.lt\/lv\/produktas\/r-b-vadams-dzips-2\/\" \/>\n<meta property=\"og:site_name\" content=\"Toys.lt\" \/>\n<meta property=\"article:modified_time\" content=\"2026-03-30T00:25:06+00:00\" \/>\n<meta property=\"og:image\" content=\"https:\/\/toys.lt\/wp-content\/uploads\/2024\/11\/c032-rb-dzipas.jpg\" \/>\n\t<meta property=\"og:image:width\" content=\"763\" \/>\n\t<meta property=\"og:image:height\" content=\"367\" \/>\n\t<meta property=\"og:image:type\" content=\"image\/jpeg\" \/>\n<meta name=\"twitter:card\" content=\"summary_large_image\" \/>\n<script type=\"application\/ld+json\" class=\"yoast-schema-graph\">{\"@context\":\"https:\/\/schema.org\",\"@graph\":[{\"@type\":\"WebPage\",\"@id\":\"https:\/\/toys.lt\/lv\/produktas\/r-b-vadams-dzips-2\/\",\"url\":\"https:\/\/toys.lt\/lv\/produktas\/r-b-vadams-dzips-2\/\",\"name\":\"R\/B vad\u0101ms d\u017eips - Toys.lt\",\"isPartOf\":{\"@id\":\"https:\/\/toys.lt\/lv\/#website\"},\"primaryImageOfPage\":{\"@id\":\"https:\/\/toys.lt\/lv\/produktas\/r-b-vadams-dzips-2\/#primaryimage\"},\"image\":{\"@id\":\"https:\/\/toys.lt\/lv\/produktas\/r-b-vadams-dzips-2\/#primaryimage\"},\"thumbnailUrl\":\"https:\/\/toys.lt\/wp-content\/uploads\/2024\/11\/c032-rb-dzipas.jpg\",\"datePublished\":\"2024-11-17T01:34:20+00:00\",\"dateModified\":\"2026-03-30T00:25:06+00:00\",\"breadcrumb\":{\"@id\":\"https:\/\/toys.lt\/lv\/produktas\/r-b-vadams-dzips-2\/#breadcrumb\"},\"inLanguage\":\"lv-LV\",\"potentialAction\":[{\"@type\":\"ReadAction\",\"target\":[\"https:\/\/toys.lt\/lv\/produktas\/r-b-vadams-dzips-2\/\"]}]},{\"@type\":\"ImageObject\",\"inLanguage\":\"lv-LV\",\"@id\":\"https:\/\/toys.lt\/lv\/produktas\/r-b-vadams-dzips-2\/#primaryimage\",\"url\":\"https:\/\/toys.lt\/wp-content\/uploads\/2024\/11\/c032-rb-dzipas.jpg\",\"contentUrl\":\"https:\/\/toys.lt\/wp-content\/uploads\/2024\/11\/c032-rb-dzipas.jpg\",\"width\":763,\"height\":367,\"caption\":\"R\/B valdomas d\u017eipas\"},{\"@type\":\"BreadcrumbList\",\"@id\":\"https:\/\/toys.lt\/lv\/produktas\/r-b-vadams-dzips-2\/#breadcrumb\",\"itemListElement\":[{\"@type\":\"ListItem\",\"position\":1,\"name\":\"Home\",\"item\":\"https:\/\/toys.lt\/lv\/\"},{\"@type\":\"ListItem\",\"position\":2,\"name\":\"Veikals\",\"item\":\"https:\/\/toys.lt\/lv\/shop\/\"},{\"@type\":\"ListItem\",\"position\":3,\"name\":\"R\/B vad\u0101ms d\u017eips\"}]},{\"@type\":\"WebSite\",\"@id\":\"https:\/\/toys.lt\/lv\/#website\",\"url\":\"https:\/\/toys.lt\/lv\/\",\"name\":\"Toys.lt\",\"description\":\"\",\"potentialAction\":[{\"@type\":\"SearchAction\",\"target\":{\"@type\":\"EntryPoint\",\"urlTemplate\":\"https:\/\/toys.lt\/lv\/?s={search_term_string}\"},\"query-input\":{\"@type\":\"PropertyValueSpecification\",\"valueRequired\":true,\"valueName\":\"search_term_string\"}}],\"inLanguage\":\"lv-LV\"}]}<\/script>\n<!-- \/ Yoast SEO plugin. -->","yoast_head_json":{"title":"R\/B vad\u0101ms d\u017eips - Toys.lt","robots":{"index":"index","follow":"follow","max-snippet":"max-snippet:-1","max-image-preview":"max-image-preview:large","max-video-preview":"max-video-preview:-1"},"canonical":"https:\/\/toys.lt\/lv\/produktas\/r-b-vadams-dzips-2\/","og_locale":"lv_LV","og_type":"article","og_title":"R\/B vad\u0101ms d\u017eips - Toys.lt","og_description":"Produkta tips: st\u016br\u0113jamas rota\u013clietas Izcelsmes valsts: \u0136\u012bna Iepakojuma izm\u0113ri: 38 x 20 x 20 cm D\u017eipa izm\u0113ri: 27 x 17 x 17 cm Ieteicamais vecums: no 6 gadiem Vad\u012bbas ier\u012bce: 2 x AA (nav iek\u013cauta komplekt\u0101) Autobaterija: 4,8 V","og_url":"https:\/\/toys.lt\/lv\/produktas\/r-b-vadams-dzips-2\/","og_site_name":"Toys.lt","article_modified_time":"2026-03-30T00:25:06+00:00","og_image":[{"width":763,"height":367,"url":"https:\/\/toys.lt\/wp-content\/uploads\/2024\/11\/c032-rb-dzipas.jpg","type":"image\/jpeg"}],"twitter_card":"summary_large_image","schema":{"@context":"https:\/\/schema.org","@graph":[{"@type":"WebPage","@id":"https:\/\/toys.lt\/lv\/produktas\/r-b-vadams-dzips-2\/","url":"https:\/\/toys.lt\/lv\/produktas\/r-b-vadams-dzips-2\/","name":"R\/B vad\u0101ms d\u017eips - Toys.lt","isPartOf":{"@id":"https:\/\/toys.lt\/lv\/#website"},"primaryImageOfPage":{"@id":"https:\/\/toys.lt\/lv\/produktas\/r-b-vadams-dzips-2\/#primaryimage"},"image":{"@id":"https:\/\/toys.lt\/lv\/produktas\/r-b-vadams-dzips-2\/#primaryimage"},"thumbnailUrl":"https:\/\/toys.lt\/wp-content\/uploads\/2024\/11\/c032-rb-dzipas.jpg","datePublished":"2024-11-17T01:34:20+00:00","dateModified":"2026-03-30T00:25:06+00:00","breadcrumb":{"@id":"https:\/\/toys.lt\/lv\/produktas\/r-b-vadams-dzips-2\/#breadcrumb"},"inLanguage":"lv-LV","potentialAction":[{"@type":"ReadAction","target":["https:\/\/toys.lt\/lv\/produktas\/r-b-vadams-dzips-2\/"]}]},{"@type":"ImageObject","inLanguage":"lv-LV","@id":"https:\/\/toys.lt\/lv\/produktas\/r-b-vadams-dzips-2\/#primaryimage","url":"https:\/\/toys.lt\/wp-content\/uploads\/2024\/11\/c032-rb-dzipas.jpg","contentUrl":"https:\/\/toys.lt\/wp-content\/uploads\/2024\/11\/c032-rb-dzipas.jpg","width":763,"height":367,"caption":"R\/B valdomas d\u017eipas"},{"@type":"BreadcrumbList","@id":"https:\/\/toys.lt\/lv\/produktas\/r-b-vadams-dzips-2\/#breadcrumb","itemListElement":[{"@type":"ListItem","position":1,"name":"Home","item":"https:\/\/toys.lt\/lv\/"},{"@type":"ListItem","position":2,"name":"Veikals","item":"https:\/\/toys.lt\/lv\/shop\/"},{"@type":"ListItem","position":3,"name":"R\/B vad\u0101ms d\u017eips"}]},{"@type":"WebSite","@id":"https:\/\/toys.lt\/lv\/#website","url":"https:\/\/toys.lt\/lv\/","name":"Toys.lt","description":"","potentialAction":[{"@type":"SearchAction","target":{"@type":"EntryPoint","urlTemplate":"https:\/\/toys.lt\/lv\/?s={search_term_string}"},"query-input":{"@type":"PropertyValueSpecification","valueRequired":true,"valueName":"search_term_string"}}],"inLanguage":"lv-LV"}]}},"_links":{"self":[{"href":"https:\/\/toys.lt\/lv\/wp-json\/wp\/v2\/product\/41193","targetHints":{"allow":["GET"]}}],"collection":[{"href":"https:\/\/toys.lt\/lv\/wp-json\/wp\/v2\/product"}],"about":[{"href":"https:\/\/toys.lt\/lv\/wp-json\/wp\/v2\/types\/product"}],"replies":[{"embeddable":true,"href":"https:\/\/toys.lt\/lv\/wp-json\/wp\/v2\/comments?post=41193"}],"version-history":[{"count":1,"href":"https:\/\/toys.lt\/lv\/wp-json\/wp\/v2\/product\/41193\/revisions"}],"predecessor-version":[{"id":41194,"href":"https:\/\/toys.lt\/lv\/wp-json\/wp\/v2\/product\/41193\/revisions\/41194"}],"wp:featuredmedia":[{"embeddable":true,"href":"https:\/\/toys.lt\/lv\/wp-json\/wp\/v2\/media\/40371"}],"wp:attachment":[{"href":"https:\/\/toys.lt\/lv\/wp-json\/wp\/v2\/media?parent=41193"}],"wp:term":[{"taxonomy":"product_brand","embeddable":true,"href":"https:\/\/toys.lt\/lv\/wp-json\/wp\/v2\/product_brand?post=41193"},{"taxonomy":"product_cat","embeddable":true,"href":"https:\/\/toys.lt\/lv\/wp-json\/wp\/v2\/product_cat?post=41193"},{"taxonomy":"product_tag","embeddable":true,"href":"https:\/\/toys.lt\/lv\/wp-json\/wp\/v2\/product_tag?post=41193"}],"curies":[{"name":"wp","href":"https:\/\/api.w.org\/{rel}","templated":true}]}}