{"id":41183,"date":"2024-11-16T00:48:40","date_gmt":"2024-11-16T00:48:40","guid":{"rendered":"https:\/\/toys.lt\/produktas\/r-b-vadama-masina-metala-stackable\/"},"modified":"2026-03-30T00:25:06","modified_gmt":"2026-03-30T00:25:06","slug":"r-b-vadama-masina-metala-stackable","status":"publish","type":"product","link":"https:\/\/toys.lt\/lv\/produktas\/r-b-vadama-masina-metala-stackable\/","title":{"rendered":"R\/B vad\u0101ma ma\u0161\u012bna &#8211; met\u0101la (stackable)"},"content":{"rendered":"<p><strong>Apr\u012bkojums:<\/strong><\/p>\n<ul style=\"list-style-type: square;\">\n<li>RC met\u0101la ma\u0161\u012bna<\/li>\n<li>t\u0101lvad\u012bbas pults<\/li>\n<li>akumulators<\/li>\n<li>USB uzl\u0101des kabelis<\/li>\n<\/ul>\n<p><strong>Funkcijas:<\/strong><\/p>\n<ul style=\"list-style-type: square;\">\n<li>Funkcija: brauk\u0161ana uz priek\u0161u, atpaka\u013cgaita, pagrieziens pa kreisi, pagrieziens pa labi.<\/li>\n<li>2,4 GHz frekvence stabilam sign\u0101lam un prec\u012bzai darb\u012bbai<\/li>\n<li>Gumijas riepas sa\u0137erei<\/li>\n<\/ul>\n","protected":false},"excerpt":{"rendered":"<p>Produkta tips: st\u016br\u0113jamas rota\u013clietas<\/p>\n<p>Izcelsmes valsts: \u0136\u012bna<\/p>\n<p>Iepakojuma izm\u0113ri: 33 x 18 x 16 cm<\/p>\n<p>Automa\u0161\u012bnas garums: 30 cm<\/p>\n<p>Frekvence: 2.4GHz<\/p>\n<p>T\u0101lvad\u012bbas pults: 2xAA baterijas<\/p>\n<p>RC auto akumulators: 3.7V<\/p>\n<p>Ieteicamais vecums: no 6 gadiem.<\/p>\n","protected":false},"featured_media":40358,"comment_status":"open","ping_status":"closed","template":"","meta":[],"product_brand":[],"product_cat":[1176,1160,1155],"product_tag":[],"class_list":{"0":"post-41183","1":"product","2":"type-product","3":"status-publish","4":"has-post-thumbnail","6":"product_cat-rotallietas-zeniem","7":"product_cat-kontroletas-rotallietas","8":"product_cat-leti","9":"pa_amziaus-grupe-6-lv","10":"pa_prek-s-spalva-dzeltenais","11":"pa_prek-s-spalva-zilais","12":"pa_prek-s-tipas-automasinas","14":"first","15":"instock","16":"taxable","17":"shipping-taxable","18":"purchasable","19":"product-type-variable"},"yoast_head":"<!-- This site is optimized with the Yoast SEO plugin v26.3 - https:\/\/yoast.com\/wordpress\/plugins\/seo\/ -->\n<title>R\/B vad\u0101ma ma\u0161\u012bna - met\u0101la (stackable) - Toys.lt<\/title>\n<meta name=\"robots\" content=\"index, follow, max-snippet:-1, max-image-preview:large, max-video-preview:-1\" \/>\n<link rel=\"canonical\" href=\"https:\/\/toys.lt\/lv\/produktas\/r-b-vadama-masina-metala-stackable\/\" \/>\n<meta property=\"og:locale\" content=\"lv_LV\" \/>\n<meta property=\"og:type\" content=\"article\" \/>\n<meta property=\"og:title\" content=\"R\/B vad\u0101ma ma\u0161\u012bna - met\u0101la (stackable) - Toys.lt\" \/>\n<meta property=\"og:description\" content=\"Produkta tips: st\u016br\u0113jamas rota\u013clietas Izcelsmes valsts: \u0136\u012bna Iepakojuma izm\u0113ri: 33 x 18 x 16 cm Automa\u0161\u012bnas garums: 30 cm Frekvence: 2.4GHz T\u0101lvad\u012bbas pults: 2xAA baterijas RC auto akumulators: 3.7V Ieteicamais vecums: no 6 gadiem.\" \/>\n<meta property=\"og:url\" content=\"https:\/\/toys.lt\/lv\/produktas\/r-b-vadama-masina-metala-stackable\/\" \/>\n<meta property=\"og:site_name\" content=\"Toys.lt\" \/>\n<meta property=\"article:modified_time\" content=\"2026-03-30T00:25:06+00:00\" \/>\n<meta property=\"og:image\" content=\"https:\/\/toys.lt\/wp-content\/uploads\/2024\/11\/8656A-rb-masina-2.jpg\" \/>\n\t<meta property=\"og:image:width\" content=\"390\" \/>\n\t<meta property=\"og:image:height\" content=\"388\" \/>\n\t<meta property=\"og:image:type\" content=\"image\/jpeg\" \/>\n<meta name=\"twitter:card\" content=\"summary_large_image\" \/>\n<script type=\"application\/ld+json\" class=\"yoast-schema-graph\">{\"@context\":\"https:\/\/schema.org\",\"@graph\":[{\"@type\":\"WebPage\",\"@id\":\"https:\/\/toys.lt\/lv\/produktas\/r-b-vadama-masina-metala-stackable\/\",\"url\":\"https:\/\/toys.lt\/lv\/produktas\/r-b-vadama-masina-metala-stackable\/\",\"name\":\"R\/B vad\u0101ma ma\u0161\u012bna - met\u0101la (stackable) - Toys.lt\",\"isPartOf\":{\"@id\":\"https:\/\/toys.lt\/lv\/#website\"},\"primaryImageOfPage\":{\"@id\":\"https:\/\/toys.lt\/lv\/produktas\/r-b-vadama-masina-metala-stackable\/#primaryimage\"},\"image\":{\"@id\":\"https:\/\/toys.lt\/lv\/produktas\/r-b-vadama-masina-metala-stackable\/#primaryimage\"},\"thumbnailUrl\":\"https:\/\/toys.lt\/wp-content\/uploads\/2024\/11\/8656A-rb-masina-2.jpg\",\"datePublished\":\"2024-11-16T00:48:40+00:00\",\"dateModified\":\"2026-03-30T00:25:06+00:00\",\"breadcrumb\":{\"@id\":\"https:\/\/toys.lt\/lv\/produktas\/r-b-vadama-masina-metala-stackable\/#breadcrumb\"},\"inLanguage\":\"lv-LV\",\"potentialAction\":[{\"@type\":\"ReadAction\",\"target\":[\"https:\/\/toys.lt\/lv\/produktas\/r-b-vadama-masina-metala-stackable\/\"]}]},{\"@type\":\"ImageObject\",\"inLanguage\":\"lv-LV\",\"@id\":\"https:\/\/toys.lt\/lv\/produktas\/r-b-vadama-masina-metala-stackable\/#primaryimage\",\"url\":\"https:\/\/toys.lt\/wp-content\/uploads\/2024\/11\/8656A-rb-masina-2.jpg\",\"contentUrl\":\"https:\/\/toys.lt\/wp-content\/uploads\/2024\/11\/8656A-rb-masina-2.jpg\",\"width\":390,\"height\":388,\"caption\":\"R\/B valdoma ma\u0161ina &#8211; metalin\u0117 (kraunama)\"},{\"@type\":\"BreadcrumbList\",\"@id\":\"https:\/\/toys.lt\/lv\/produktas\/r-b-vadama-masina-metala-stackable\/#breadcrumb\",\"itemListElement\":[{\"@type\":\"ListItem\",\"position\":1,\"name\":\"Home\",\"item\":\"https:\/\/toys.lt\/lv\/\"},{\"@type\":\"ListItem\",\"position\":2,\"name\":\"Veikals\",\"item\":\"https:\/\/toys.lt\/lv\/shop\/\"},{\"@type\":\"ListItem\",\"position\":3,\"name\":\"R\/B vad\u0101ma ma\u0161\u012bna &#8211; met\u0101la (stackable)\"}]},{\"@type\":\"WebSite\",\"@id\":\"https:\/\/toys.lt\/lv\/#website\",\"url\":\"https:\/\/toys.lt\/lv\/\",\"name\":\"Toys.lt\",\"description\":\"\",\"potentialAction\":[{\"@type\":\"SearchAction\",\"target\":{\"@type\":\"EntryPoint\",\"urlTemplate\":\"https:\/\/toys.lt\/lv\/?s={search_term_string}\"},\"query-input\":{\"@type\":\"PropertyValueSpecification\",\"valueRequired\":true,\"valueName\":\"search_term_string\"}}],\"inLanguage\":\"lv-LV\"}]}<\/script>\n<!-- \/ Yoast SEO plugin. -->","yoast_head_json":{"title":"R\/B vad\u0101ma ma\u0161\u012bna - met\u0101la (stackable) - Toys.lt","robots":{"index":"index","follow":"follow","max-snippet":"max-snippet:-1","max-image-preview":"max-image-preview:large","max-video-preview":"max-video-preview:-1"},"canonical":"https:\/\/toys.lt\/lv\/produktas\/r-b-vadama-masina-metala-stackable\/","og_locale":"lv_LV","og_type":"article","og_title":"R\/B vad\u0101ma ma\u0161\u012bna - met\u0101la (stackable) - Toys.lt","og_description":"Produkta tips: st\u016br\u0113jamas rota\u013clietas Izcelsmes valsts: \u0136\u012bna Iepakojuma izm\u0113ri: 33 x 18 x 16 cm Automa\u0161\u012bnas garums: 30 cm Frekvence: 2.4GHz T\u0101lvad\u012bbas pults: 2xAA baterijas RC auto akumulators: 3.7V Ieteicamais vecums: no 6 gadiem.","og_url":"https:\/\/toys.lt\/lv\/produktas\/r-b-vadama-masina-metala-stackable\/","og_site_name":"Toys.lt","article_modified_time":"2026-03-30T00:25:06+00:00","og_image":[{"width":390,"height":388,"url":"https:\/\/toys.lt\/wp-content\/uploads\/2024\/11\/8656A-rb-masina-2.jpg","type":"image\/jpeg"}],"twitter_card":"summary_large_image","schema":{"@context":"https:\/\/schema.org","@graph":[{"@type":"WebPage","@id":"https:\/\/toys.lt\/lv\/produktas\/r-b-vadama-masina-metala-stackable\/","url":"https:\/\/toys.lt\/lv\/produktas\/r-b-vadama-masina-metala-stackable\/","name":"R\/B vad\u0101ma ma\u0161\u012bna - met\u0101la (stackable) - Toys.lt","isPartOf":{"@id":"https:\/\/toys.lt\/lv\/#website"},"primaryImageOfPage":{"@id":"https:\/\/toys.lt\/lv\/produktas\/r-b-vadama-masina-metala-stackable\/#primaryimage"},"image":{"@id":"https:\/\/toys.lt\/lv\/produktas\/r-b-vadama-masina-metala-stackable\/#primaryimage"},"thumbnailUrl":"https:\/\/toys.lt\/wp-content\/uploads\/2024\/11\/8656A-rb-masina-2.jpg","datePublished":"2024-11-16T00:48:40+00:00","dateModified":"2026-03-30T00:25:06+00:00","breadcrumb":{"@id":"https:\/\/toys.lt\/lv\/produktas\/r-b-vadama-masina-metala-stackable\/#breadcrumb"},"inLanguage":"lv-LV","potentialAction":[{"@type":"ReadAction","target":["https:\/\/toys.lt\/lv\/produktas\/r-b-vadama-masina-metala-stackable\/"]}]},{"@type":"ImageObject","inLanguage":"lv-LV","@id":"https:\/\/toys.lt\/lv\/produktas\/r-b-vadama-masina-metala-stackable\/#primaryimage","url":"https:\/\/toys.lt\/wp-content\/uploads\/2024\/11\/8656A-rb-masina-2.jpg","contentUrl":"https:\/\/toys.lt\/wp-content\/uploads\/2024\/11\/8656A-rb-masina-2.jpg","width":390,"height":388,"caption":"R\/B valdoma ma\u0161ina &#8211; metalin\u0117 (kraunama)"},{"@type":"BreadcrumbList","@id":"https:\/\/toys.lt\/lv\/produktas\/r-b-vadama-masina-metala-stackable\/#breadcrumb","itemListElement":[{"@type":"ListItem","position":1,"name":"Home","item":"https:\/\/toys.lt\/lv\/"},{"@type":"ListItem","position":2,"name":"Veikals","item":"https:\/\/toys.lt\/lv\/shop\/"},{"@type":"ListItem","position":3,"name":"R\/B vad\u0101ma ma\u0161\u012bna &#8211; met\u0101la (stackable)"}]},{"@type":"WebSite","@id":"https:\/\/toys.lt\/lv\/#website","url":"https:\/\/toys.lt\/lv\/","name":"Toys.lt","description":"","potentialAction":[{"@type":"SearchAction","target":{"@type":"EntryPoint","urlTemplate":"https:\/\/toys.lt\/lv\/?s={search_term_string}"},"query-input":{"@type":"PropertyValueSpecification","valueRequired":true,"valueName":"search_term_string"}}],"inLanguage":"lv-LV"}]}},"_links":{"self":[{"href":"https:\/\/toys.lt\/lv\/wp-json\/wp\/v2\/product\/41183","targetHints":{"allow":["GET"]}}],"collection":[{"href":"https:\/\/toys.lt\/lv\/wp-json\/wp\/v2\/product"}],"about":[{"href":"https:\/\/toys.lt\/lv\/wp-json\/wp\/v2\/types\/product"}],"replies":[{"embeddable":true,"href":"https:\/\/toys.lt\/lv\/wp-json\/wp\/v2\/comments?post=41183"}],"version-history":[{"count":2,"href":"https:\/\/toys.lt\/lv\/wp-json\/wp\/v2\/product\/41183\/revisions"}],"predecessor-version":[{"id":45753,"href":"https:\/\/toys.lt\/lv\/wp-json\/wp\/v2\/product\/41183\/revisions\/45753"}],"wp:featuredmedia":[{"embeddable":true,"href":"https:\/\/toys.lt\/lv\/wp-json\/wp\/v2\/media\/40358"}],"wp:attachment":[{"href":"https:\/\/toys.lt\/lv\/wp-json\/wp\/v2\/media?parent=41183"}],"wp:term":[{"taxonomy":"product_brand","embeddable":true,"href":"https:\/\/toys.lt\/lv\/wp-json\/wp\/v2\/product_brand?post=41183"},{"taxonomy":"product_cat","embeddable":true,"href":"https:\/\/toys.lt\/lv\/wp-json\/wp\/v2\/product_cat?post=41183"},{"taxonomy":"product_tag","embeddable":true,"href":"https:\/\/toys.lt\/lv\/wp-json\/wp\/v2\/product_tag?post=41183"}],"curies":[{"name":"wp","href":"https:\/\/api.w.org\/{rel}","templated":true}]}}