{"id":41162,"date":"2024-11-14T23:09:13","date_gmt":"2024-11-14T23:09:13","guid":{"rendered":"https:\/\/toys.lt\/produktas\/pilsan-saliekama-rotalu-maja-berniem\/"},"modified":"2026-04-08T00:01:48","modified_gmt":"2026-04-08T00:01:48","slug":"pilsan-saliekama-rotalu-maja-berniem","status":"publish","type":"product","link":"https:\/\/toys.lt\/lv\/produktas\/pilsan-saliekama-rotalu-maja-berniem\/","title":{"rendered":"Pilsan saliekam\u0101 rota\u013cu m\u0101ja b\u0113rniem"},"content":{"rendered":"<p><strong>Funkcijas:<\/strong><\/p>\n<ul style=\"list-style-type: square\">\n<li>Liela izmantojam\u0101 plat\u012bba<\/li>\n<li>Iztur\u012bgs un dro\u0161s<\/li>\n<li>Viegla uzst\u0101d\u012b\u0161ana bez skr\u016bv\u0113m un instrumentiem<\/li>\n<li>Durvis un logi tiek gatavoti<\/li>\n<li>Elegants un ergonomisks dizains<\/li>\n<li>B\u0113rnu vesel\u012bbai piem\u0113rota izejviela, kas nesatur kancerog\u0113nas vielas<\/li>\n<li>Pilsan rota\u013clietas no Turcijas izce\u013cas ar augstu kvalit\u0101ti.<\/li>\n<li>Salok\u0101ms l\u012bdzeni, lai to var\u0113tu \u0113rti uzglab\u0101t un ietaup\u012bt vietu <\/li>\n<\/ul>\n","protected":false},"excerpt":{"rendered":"<p>Produkta veids: rota\u013cu m\u0101ja<\/p>\n<p>Izcelsmes valsts: Turcija<\/p>\n<p>Z\u012bmola nosaukums: Pilsan<\/p>\n<p>Iepakojuma izm\u0113ri: 107 x 19 x 85 cm<\/p>\n<p>Produkta izm\u0113ri: 110 x 92 x 109 cm<\/p>\n<p>Svars: 22,61 kg<\/p>\n<p>Ieteicamais vecums: no 3 gadiem.<\/p>\n","protected":false},"featured_media":40336,"comment_status":"open","ping_status":"closed","template":"","meta":[],"product_brand":[],"product_cat":[1162,1168,1155],"product_tag":[],"class_list":{"0":"post-41162","1":"product","2":"type-product","3":"status-publish","4":"has-post-thumbnail","6":"product_cat-ara-un-vasaras-rotallietas","7":"product_cat-bernu-rotalu-majas","8":"product_cat-leti","9":"pa_prekes-zenklas-citizen","11":"first","12":"instock","13":"sale","14":"taxable","15":"shipping-taxable","16":"purchasable","17":"product-type-simple"},"yoast_head":"<!-- This site is optimized with the Yoast SEO plugin v26.3 - https:\/\/yoast.com\/wordpress\/plugins\/seo\/ -->\n<title>Pilsan saliekam\u0101 rota\u013cu m\u0101ja b\u0113rniem - Toys.lt<\/title>\n<meta name=\"robots\" content=\"index, follow, max-snippet:-1, max-image-preview:large, max-video-preview:-1\" \/>\n<link rel=\"canonical\" href=\"https:\/\/toys.lt\/lv\/produktas\/pilsan-saliekama-rotalu-maja-berniem\/\" \/>\n<meta property=\"og:locale\" content=\"lv_LV\" \/>\n<meta property=\"og:type\" content=\"article\" \/>\n<meta property=\"og:title\" content=\"Pilsan saliekam\u0101 rota\u013cu m\u0101ja b\u0113rniem - Toys.lt\" \/>\n<meta property=\"og:description\" content=\"Produkta veids: rota\u013cu m\u0101ja Izcelsmes valsts: Turcija Z\u012bmola nosaukums: Pilsan Iepakojuma izm\u0113ri: 107 x 19 x 85 cm Produkta izm\u0113ri: 110 x 92 x 109 cm Svars: 22,61 kg Ieteicamais vecums: no 3 gadiem.\" \/>\n<meta property=\"og:url\" content=\"https:\/\/toys.lt\/lv\/produktas\/pilsan-saliekama-rotalu-maja-berniem\/\" \/>\n<meta property=\"og:site_name\" content=\"Toys.lt\" \/>\n<meta property=\"article:modified_time\" content=\"2026-04-08T00:01:48+00:00\" \/>\n<meta property=\"og:image\" content=\"https:\/\/toys.lt\/wp-content\/uploads\/2024\/11\/06091-vaikiskas-namelis-1.jpg\" \/>\n\t<meta property=\"og:image:width\" content=\"800\" \/>\n\t<meta property=\"og:image:height\" content=\"800\" \/>\n\t<meta property=\"og:image:type\" content=\"image\/jpeg\" \/>\n<meta name=\"twitter:card\" content=\"summary_large_image\" \/>\n<script type=\"application\/ld+json\" class=\"yoast-schema-graph\">{\"@context\":\"https:\/\/schema.org\",\"@graph\":[{\"@type\":\"WebPage\",\"@id\":\"https:\/\/toys.lt\/lv\/produktas\/pilsan-saliekama-rotalu-maja-berniem\/\",\"url\":\"https:\/\/toys.lt\/lv\/produktas\/pilsan-saliekama-rotalu-maja-berniem\/\",\"name\":\"Pilsan saliekam\u0101 rota\u013cu m\u0101ja b\u0113rniem - Toys.lt\",\"isPartOf\":{\"@id\":\"https:\/\/toys.lt\/lv\/#website\"},\"primaryImageOfPage\":{\"@id\":\"https:\/\/toys.lt\/lv\/produktas\/pilsan-saliekama-rotalu-maja-berniem\/#primaryimage\"},\"image\":{\"@id\":\"https:\/\/toys.lt\/lv\/produktas\/pilsan-saliekama-rotalu-maja-berniem\/#primaryimage\"},\"thumbnailUrl\":\"https:\/\/toys.lt\/wp-content\/uploads\/2024\/11\/06091-vaikiskas-namelis-1.jpg\",\"datePublished\":\"2024-11-14T23:09:13+00:00\",\"dateModified\":\"2026-04-08T00:01:48+00:00\",\"breadcrumb\":{\"@id\":\"https:\/\/toys.lt\/lv\/produktas\/pilsan-saliekama-rotalu-maja-berniem\/#breadcrumb\"},\"inLanguage\":\"lv-LV\",\"potentialAction\":[{\"@type\":\"ReadAction\",\"target\":[\"https:\/\/toys.lt\/lv\/produktas\/pilsan-saliekama-rotalu-maja-berniem\/\"]}]},{\"@type\":\"ImageObject\",\"inLanguage\":\"lv-LV\",\"@id\":\"https:\/\/toys.lt\/lv\/produktas\/pilsan-saliekama-rotalu-maja-berniem\/#primaryimage\",\"url\":\"https:\/\/toys.lt\/wp-content\/uploads\/2024\/11\/06091-vaikiskas-namelis-1.jpg\",\"contentUrl\":\"https:\/\/toys.lt\/wp-content\/uploads\/2024\/11\/06091-vaikiskas-namelis-1.jpg\",\"width\":800,\"height\":800,\"caption\":\"Pilsan vaiki\u0161kas sulankstomas namelis\"},{\"@type\":\"BreadcrumbList\",\"@id\":\"https:\/\/toys.lt\/lv\/produktas\/pilsan-saliekama-rotalu-maja-berniem\/#breadcrumb\",\"itemListElement\":[{\"@type\":\"ListItem\",\"position\":1,\"name\":\"Home\",\"item\":\"https:\/\/toys.lt\/lv\/\"},{\"@type\":\"ListItem\",\"position\":2,\"name\":\"Veikals\",\"item\":\"https:\/\/toys.lt\/lv\/shop\/\"},{\"@type\":\"ListItem\",\"position\":3,\"name\":\"Pilsan saliekam\u0101 rota\u013cu m\u0101ja b\u0113rniem\"}]},{\"@type\":\"WebSite\",\"@id\":\"https:\/\/toys.lt\/lv\/#website\",\"url\":\"https:\/\/toys.lt\/lv\/\",\"name\":\"Toys.lt\",\"description\":\"\",\"potentialAction\":[{\"@type\":\"SearchAction\",\"target\":{\"@type\":\"EntryPoint\",\"urlTemplate\":\"https:\/\/toys.lt\/lv\/?s={search_term_string}\"},\"query-input\":{\"@type\":\"PropertyValueSpecification\",\"valueRequired\":true,\"valueName\":\"search_term_string\"}}],\"inLanguage\":\"lv-LV\"}]}<\/script>\n<!-- \/ Yoast SEO plugin. -->","yoast_head_json":{"title":"Pilsan saliekam\u0101 rota\u013cu m\u0101ja b\u0113rniem - Toys.lt","robots":{"index":"index","follow":"follow","max-snippet":"max-snippet:-1","max-image-preview":"max-image-preview:large","max-video-preview":"max-video-preview:-1"},"canonical":"https:\/\/toys.lt\/lv\/produktas\/pilsan-saliekama-rotalu-maja-berniem\/","og_locale":"lv_LV","og_type":"article","og_title":"Pilsan saliekam\u0101 rota\u013cu m\u0101ja b\u0113rniem - Toys.lt","og_description":"Produkta veids: rota\u013cu m\u0101ja Izcelsmes valsts: Turcija Z\u012bmola nosaukums: Pilsan Iepakojuma izm\u0113ri: 107 x 19 x 85 cm Produkta izm\u0113ri: 110 x 92 x 109 cm Svars: 22,61 kg Ieteicamais vecums: no 3 gadiem.","og_url":"https:\/\/toys.lt\/lv\/produktas\/pilsan-saliekama-rotalu-maja-berniem\/","og_site_name":"Toys.lt","article_modified_time":"2026-04-08T00:01:48+00:00","og_image":[{"width":800,"height":800,"url":"https:\/\/toys.lt\/wp-content\/uploads\/2024\/11\/06091-vaikiskas-namelis-1.jpg","type":"image\/jpeg"}],"twitter_card":"summary_large_image","schema":{"@context":"https:\/\/schema.org","@graph":[{"@type":"WebPage","@id":"https:\/\/toys.lt\/lv\/produktas\/pilsan-saliekama-rotalu-maja-berniem\/","url":"https:\/\/toys.lt\/lv\/produktas\/pilsan-saliekama-rotalu-maja-berniem\/","name":"Pilsan saliekam\u0101 rota\u013cu m\u0101ja b\u0113rniem - Toys.lt","isPartOf":{"@id":"https:\/\/toys.lt\/lv\/#website"},"primaryImageOfPage":{"@id":"https:\/\/toys.lt\/lv\/produktas\/pilsan-saliekama-rotalu-maja-berniem\/#primaryimage"},"image":{"@id":"https:\/\/toys.lt\/lv\/produktas\/pilsan-saliekama-rotalu-maja-berniem\/#primaryimage"},"thumbnailUrl":"https:\/\/toys.lt\/wp-content\/uploads\/2024\/11\/06091-vaikiskas-namelis-1.jpg","datePublished":"2024-11-14T23:09:13+00:00","dateModified":"2026-04-08T00:01:48+00:00","breadcrumb":{"@id":"https:\/\/toys.lt\/lv\/produktas\/pilsan-saliekama-rotalu-maja-berniem\/#breadcrumb"},"inLanguage":"lv-LV","potentialAction":[{"@type":"ReadAction","target":["https:\/\/toys.lt\/lv\/produktas\/pilsan-saliekama-rotalu-maja-berniem\/"]}]},{"@type":"ImageObject","inLanguage":"lv-LV","@id":"https:\/\/toys.lt\/lv\/produktas\/pilsan-saliekama-rotalu-maja-berniem\/#primaryimage","url":"https:\/\/toys.lt\/wp-content\/uploads\/2024\/11\/06091-vaikiskas-namelis-1.jpg","contentUrl":"https:\/\/toys.lt\/wp-content\/uploads\/2024\/11\/06091-vaikiskas-namelis-1.jpg","width":800,"height":800,"caption":"Pilsan vaiki\u0161kas sulankstomas namelis"},{"@type":"BreadcrumbList","@id":"https:\/\/toys.lt\/lv\/produktas\/pilsan-saliekama-rotalu-maja-berniem\/#breadcrumb","itemListElement":[{"@type":"ListItem","position":1,"name":"Home","item":"https:\/\/toys.lt\/lv\/"},{"@type":"ListItem","position":2,"name":"Veikals","item":"https:\/\/toys.lt\/lv\/shop\/"},{"@type":"ListItem","position":3,"name":"Pilsan saliekam\u0101 rota\u013cu m\u0101ja b\u0113rniem"}]},{"@type":"WebSite","@id":"https:\/\/toys.lt\/lv\/#website","url":"https:\/\/toys.lt\/lv\/","name":"Toys.lt","description":"","potentialAction":[{"@type":"SearchAction","target":{"@type":"EntryPoint","urlTemplate":"https:\/\/toys.lt\/lv\/?s={search_term_string}"},"query-input":{"@type":"PropertyValueSpecification","valueRequired":true,"valueName":"search_term_string"}}],"inLanguage":"lv-LV"}]}},"_links":{"self":[{"href":"https:\/\/toys.lt\/lv\/wp-json\/wp\/v2\/product\/41162","targetHints":{"allow":["GET"]}}],"collection":[{"href":"https:\/\/toys.lt\/lv\/wp-json\/wp\/v2\/product"}],"about":[{"href":"https:\/\/toys.lt\/lv\/wp-json\/wp\/v2\/types\/product"}],"replies":[{"embeddable":true,"href":"https:\/\/toys.lt\/lv\/wp-json\/wp\/v2\/comments?post=41162"}],"version-history":[{"count":2,"href":"https:\/\/toys.lt\/lv\/wp-json\/wp\/v2\/product\/41162\/revisions"}],"predecessor-version":[{"id":45751,"href":"https:\/\/toys.lt\/lv\/wp-json\/wp\/v2\/product\/41162\/revisions\/45751"}],"wp:featuredmedia":[{"embeddable":true,"href":"https:\/\/toys.lt\/lv\/wp-json\/wp\/v2\/media\/40336"}],"wp:attachment":[{"href":"https:\/\/toys.lt\/lv\/wp-json\/wp\/v2\/media?parent=41162"}],"wp:term":[{"taxonomy":"product_brand","embeddable":true,"href":"https:\/\/toys.lt\/lv\/wp-json\/wp\/v2\/product_brand?post=41162"},{"taxonomy":"product_cat","embeddable":true,"href":"https:\/\/toys.lt\/lv\/wp-json\/wp\/v2\/product_cat?post=41162"},{"taxonomy":"product_tag","embeddable":true,"href":"https:\/\/toys.lt\/lv\/wp-json\/wp\/v2\/product_tag?post=41162"}],"curies":[{"name":"wp","href":"https:\/\/api.w.org\/{rel}","templated":true}]}}