{"id":41154,"date":"2024-09-24T06:12:55","date_gmt":"2024-09-24T06:12:55","guid":{"rendered":"https:\/\/toys.lt\/produktas\/piepusamais-ritenis-intex-monster-truck-ar-rokturiem-114cm\/"},"modified":"2026-04-09T00:03:28","modified_gmt":"2026-04-09T00:03:28","slug":"piepusamais-ritenis-intex-monster-truck-ar-rokturiem-114cm","status":"publish","type":"product","link":"https:\/\/toys.lt\/lv\/produktas\/piepusamais-ritenis-intex-monster-truck-ar-rokturiem-114cm\/","title":{"rendered":"Piep\u016b\u0161amais ritenis INTEX Monster Truck ar rokturiem 114cm"},"content":{"rendered":"","protected":false},"excerpt":{"rendered":"<ul>\n<li>Produkta veids: piep\u016b\u0161amais plosts<\/li>\n<li>Izm\u0113rs: 114cm<\/li>\n<li>Iepakojuma izm\u0113ri: 20 x 21 x 7 cm<\/li>\n<li>Svars 0,8 kg<\/li>\n<li>Ieteicamais vecums: no 9 gadiem<\/li>\n<\/ul>\n","protected":false},"featured_media":36143,"comment_status":"open","ping_status":"closed","template":"","meta":[],"product_brand":[],"product_cat":[1272],"product_tag":[],"class_list":{"0":"post-41154","1":"product","2":"type-product","3":"status-publish","4":"has-post-thumbnail","6":"product_cat-piepusamie-plosti-pludmales-preces","7":"pa_amziaus-grupe-9-lv","8":"pa_prekes-zenklas-intex-lv","10":"first","11":"instock","12":"sale","13":"taxable","14":"shipping-taxable","15":"purchasable","16":"product-type-simple"},"yoast_head":"<!-- This site is optimized with the Yoast SEO plugin v26.3 - https:\/\/yoast.com\/wordpress\/plugins\/seo\/ -->\n<title>Piep\u016b\u0161amais ritenis INTEX Monster Truck ar rokturiem 114cm - Toys.lt<\/title>\n<meta name=\"robots\" content=\"index, follow, max-snippet:-1, max-image-preview:large, max-video-preview:-1\" \/>\n<link rel=\"canonical\" href=\"https:\/\/toys.lt\/lv\/produktas\/piepusamais-ritenis-intex-monster-truck-ar-rokturiem-114cm\/\" \/>\n<meta property=\"og:locale\" content=\"lv_LV\" \/>\n<meta property=\"og:type\" content=\"article\" \/>\n<meta property=\"og:title\" content=\"Piep\u016b\u0161amais ritenis INTEX Monster Truck ar rokturiem 114cm - Toys.lt\" \/>\n<meta property=\"og:description\" content=\"Produkta veids: piep\u016b\u0161amais plosts  Izm\u0113rs: 114cm  Iepakojuma izm\u0113ri: 20 x 21 x 7 cm  Svars 0,8 kg  Ieteicamais vecums: no 9 gadiem\" \/>\n<meta property=\"og:url\" content=\"https:\/\/toys.lt\/lv\/produktas\/piepusamais-ritenis-intex-monster-truck-ar-rokturiem-114cm\/\" \/>\n<meta property=\"og:site_name\" content=\"Toys.lt\" \/>\n<meta property=\"article:modified_time\" content=\"2026-04-09T00:03:28+00:00\" \/>\n<meta property=\"og:image\" content=\"https:\/\/toys.lt\/wp-content\/uploads\/2024\/09\/wp-image6724-scaled.png\" \/>\n\t<meta property=\"og:image:width\" content=\"2560\" \/>\n\t<meta property=\"og:image:height\" content=\"1778\" \/>\n\t<meta property=\"og:image:type\" content=\"image\/png\" \/>\n<meta name=\"twitter:card\" content=\"summary_large_image\" \/>\n<script type=\"application\/ld+json\" class=\"yoast-schema-graph\">{\"@context\":\"https:\/\/schema.org\",\"@graph\":[{\"@type\":\"WebPage\",\"@id\":\"https:\/\/toys.lt\/lv\/produktas\/piepusamais-ritenis-intex-monster-truck-ar-rokturiem-114cm\/\",\"url\":\"https:\/\/toys.lt\/lv\/produktas\/piepusamais-ritenis-intex-monster-truck-ar-rokturiem-114cm\/\",\"name\":\"Piep\u016b\u0161amais ritenis INTEX Monster Truck ar rokturiem 114cm - Toys.lt\",\"isPartOf\":{\"@id\":\"https:\/\/toys.lt\/lv\/#website\"},\"primaryImageOfPage\":{\"@id\":\"https:\/\/toys.lt\/lv\/produktas\/piepusamais-ritenis-intex-monster-truck-ar-rokturiem-114cm\/#primaryimage\"},\"image\":{\"@id\":\"https:\/\/toys.lt\/lv\/produktas\/piepusamais-ritenis-intex-monster-truck-ar-rokturiem-114cm\/#primaryimage\"},\"thumbnailUrl\":\"https:\/\/toys.lt\/wp-content\/uploads\/2024\/09\/wp-image6724-scaled.png\",\"datePublished\":\"2024-09-24T06:12:55+00:00\",\"dateModified\":\"2026-04-09T00:03:28+00:00\",\"breadcrumb\":{\"@id\":\"https:\/\/toys.lt\/lv\/produktas\/piepusamais-ritenis-intex-monster-truck-ar-rokturiem-114cm\/#breadcrumb\"},\"inLanguage\":\"lv-LV\",\"potentialAction\":[{\"@type\":\"ReadAction\",\"target\":[\"https:\/\/toys.lt\/lv\/produktas\/piepusamais-ritenis-intex-monster-truck-ar-rokturiem-114cm\/\"]}]},{\"@type\":\"ImageObject\",\"inLanguage\":\"lv-LV\",\"@id\":\"https:\/\/toys.lt\/lv\/produktas\/piepusamais-ritenis-intex-monster-truck-ar-rokturiem-114cm\/#primaryimage\",\"url\":\"https:\/\/toys.lt\/wp-content\/uploads\/2024\/09\/wp-image6724-scaled.png\",\"contentUrl\":\"https:\/\/toys.lt\/wp-content\/uploads\/2024\/09\/wp-image6724-scaled.png\",\"width\":2560,\"height\":1778,\"caption\":\"Pripu\u010diamas ratas INTEX Monster Truck su rankenomis 114cm\"},{\"@type\":\"BreadcrumbList\",\"@id\":\"https:\/\/toys.lt\/lv\/produktas\/piepusamais-ritenis-intex-monster-truck-ar-rokturiem-114cm\/#breadcrumb\",\"itemListElement\":[{\"@type\":\"ListItem\",\"position\":1,\"name\":\"Home\",\"item\":\"https:\/\/toys.lt\/lv\/\"},{\"@type\":\"ListItem\",\"position\":2,\"name\":\"Veikals\",\"item\":\"https:\/\/toys.lt\/lv\/shop\/\"},{\"@type\":\"ListItem\",\"position\":3,\"name\":\"Piep\u016b\u0161amais ritenis INTEX Monster Truck ar rokturiem 114cm\"}]},{\"@type\":\"WebSite\",\"@id\":\"https:\/\/toys.lt\/lv\/#website\",\"url\":\"https:\/\/toys.lt\/lv\/\",\"name\":\"Toys.lt\",\"description\":\"\",\"potentialAction\":[{\"@type\":\"SearchAction\",\"target\":{\"@type\":\"EntryPoint\",\"urlTemplate\":\"https:\/\/toys.lt\/lv\/?s={search_term_string}\"},\"query-input\":{\"@type\":\"PropertyValueSpecification\",\"valueRequired\":true,\"valueName\":\"search_term_string\"}}],\"inLanguage\":\"lv-LV\"}]}<\/script>\n<!-- \/ Yoast SEO plugin. -->","yoast_head_json":{"title":"Piep\u016b\u0161amais ritenis INTEX Monster Truck ar rokturiem 114cm - Toys.lt","robots":{"index":"index","follow":"follow","max-snippet":"max-snippet:-1","max-image-preview":"max-image-preview:large","max-video-preview":"max-video-preview:-1"},"canonical":"https:\/\/toys.lt\/lv\/produktas\/piepusamais-ritenis-intex-monster-truck-ar-rokturiem-114cm\/","og_locale":"lv_LV","og_type":"article","og_title":"Piep\u016b\u0161amais ritenis INTEX Monster Truck ar rokturiem 114cm - Toys.lt","og_description":"Produkta veids: piep\u016b\u0161amais plosts  Izm\u0113rs: 114cm  Iepakojuma izm\u0113ri: 20 x 21 x 7 cm  Svars 0,8 kg  Ieteicamais vecums: no 9 gadiem","og_url":"https:\/\/toys.lt\/lv\/produktas\/piepusamais-ritenis-intex-monster-truck-ar-rokturiem-114cm\/","og_site_name":"Toys.lt","article_modified_time":"2026-04-09T00:03:28+00:00","og_image":[{"width":2560,"height":1778,"url":"https:\/\/toys.lt\/wp-content\/uploads\/2024\/09\/wp-image6724-scaled.png","type":"image\/png"}],"twitter_card":"summary_large_image","schema":{"@context":"https:\/\/schema.org","@graph":[{"@type":"WebPage","@id":"https:\/\/toys.lt\/lv\/produktas\/piepusamais-ritenis-intex-monster-truck-ar-rokturiem-114cm\/","url":"https:\/\/toys.lt\/lv\/produktas\/piepusamais-ritenis-intex-monster-truck-ar-rokturiem-114cm\/","name":"Piep\u016b\u0161amais ritenis INTEX Monster Truck ar rokturiem 114cm - Toys.lt","isPartOf":{"@id":"https:\/\/toys.lt\/lv\/#website"},"primaryImageOfPage":{"@id":"https:\/\/toys.lt\/lv\/produktas\/piepusamais-ritenis-intex-monster-truck-ar-rokturiem-114cm\/#primaryimage"},"image":{"@id":"https:\/\/toys.lt\/lv\/produktas\/piepusamais-ritenis-intex-monster-truck-ar-rokturiem-114cm\/#primaryimage"},"thumbnailUrl":"https:\/\/toys.lt\/wp-content\/uploads\/2024\/09\/wp-image6724-scaled.png","datePublished":"2024-09-24T06:12:55+00:00","dateModified":"2026-04-09T00:03:28+00:00","breadcrumb":{"@id":"https:\/\/toys.lt\/lv\/produktas\/piepusamais-ritenis-intex-monster-truck-ar-rokturiem-114cm\/#breadcrumb"},"inLanguage":"lv-LV","potentialAction":[{"@type":"ReadAction","target":["https:\/\/toys.lt\/lv\/produktas\/piepusamais-ritenis-intex-monster-truck-ar-rokturiem-114cm\/"]}]},{"@type":"ImageObject","inLanguage":"lv-LV","@id":"https:\/\/toys.lt\/lv\/produktas\/piepusamais-ritenis-intex-monster-truck-ar-rokturiem-114cm\/#primaryimage","url":"https:\/\/toys.lt\/wp-content\/uploads\/2024\/09\/wp-image6724-scaled.png","contentUrl":"https:\/\/toys.lt\/wp-content\/uploads\/2024\/09\/wp-image6724-scaled.png","width":2560,"height":1778,"caption":"Pripu\u010diamas ratas INTEX Monster Truck su rankenomis 114cm"},{"@type":"BreadcrumbList","@id":"https:\/\/toys.lt\/lv\/produktas\/piepusamais-ritenis-intex-monster-truck-ar-rokturiem-114cm\/#breadcrumb","itemListElement":[{"@type":"ListItem","position":1,"name":"Home","item":"https:\/\/toys.lt\/lv\/"},{"@type":"ListItem","position":2,"name":"Veikals","item":"https:\/\/toys.lt\/lv\/shop\/"},{"@type":"ListItem","position":3,"name":"Piep\u016b\u0161amais ritenis INTEX Monster Truck ar rokturiem 114cm"}]},{"@type":"WebSite","@id":"https:\/\/toys.lt\/lv\/#website","url":"https:\/\/toys.lt\/lv\/","name":"Toys.lt","description":"","potentialAction":[{"@type":"SearchAction","target":{"@type":"EntryPoint","urlTemplate":"https:\/\/toys.lt\/lv\/?s={search_term_string}"},"query-input":{"@type":"PropertyValueSpecification","valueRequired":true,"valueName":"search_term_string"}}],"inLanguage":"lv-LV"}]}},"_links":{"self":[{"href":"https:\/\/toys.lt\/lv\/wp-json\/wp\/v2\/product\/41154","targetHints":{"allow":["GET"]}}],"collection":[{"href":"https:\/\/toys.lt\/lv\/wp-json\/wp\/v2\/product"}],"about":[{"href":"https:\/\/toys.lt\/lv\/wp-json\/wp\/v2\/types\/product"}],"replies":[{"embeddable":true,"href":"https:\/\/toys.lt\/lv\/wp-json\/wp\/v2\/comments?post=41154"}],"version-history":[{"count":1,"href":"https:\/\/toys.lt\/lv\/wp-json\/wp\/v2\/product\/41154\/revisions"}],"predecessor-version":[{"id":41155,"href":"https:\/\/toys.lt\/lv\/wp-json\/wp\/v2\/product\/41154\/revisions\/41155"}],"wp:featuredmedia":[{"embeddable":true,"href":"https:\/\/toys.lt\/lv\/wp-json\/wp\/v2\/media\/36143"}],"wp:attachment":[{"href":"https:\/\/toys.lt\/lv\/wp-json\/wp\/v2\/media?parent=41154"}],"wp:term":[{"taxonomy":"product_brand","embeddable":true,"href":"https:\/\/toys.lt\/lv\/wp-json\/wp\/v2\/product_brand?post=41154"},{"taxonomy":"product_cat","embeddable":true,"href":"https:\/\/toys.lt\/lv\/wp-json\/wp\/v2\/product_cat?post=41154"},{"taxonomy":"product_tag","embeddable":true,"href":"https:\/\/toys.lt\/lv\/wp-json\/wp\/v2\/product_tag?post=41154"}],"curies":[{"name":"wp","href":"https:\/\/api.w.org\/{rel}","templated":true}]}}