{"id":41123,"date":"2025-04-17T14:13:52","date_gmt":"2025-04-17T14:13:52","guid":{"rendered":"https:\/\/toys.lt\/produktas\/rotallietu-pistole-ar-gaismam-un-skanam-3\/"},"modified":"2026-04-08T00:01:34","modified_gmt":"2026-04-08T00:01:34","slug":"rotallietu-pistole-ar-gaismam-un-skanam-3","status":"publish","type":"product","link":"https:\/\/toys.lt\/lv\/produktas\/rotallietu-pistole-ar-gaismam-un-skanam-3\/","title":{"rendered":"Rota\u013clietu pistole ar gaism\u0101m un ska\u0146\u0101m"},"content":{"rendered":"<p><strong>Funkcijas:<\/strong><\/p>\n<ul style=\"list-style-type: square;\">\n<li>Ska\u0146as un gaismas efekti<\/li>\n<li>Vibr\u0101cija \u0161au\u0161anas laik\u0101<\/li>\n<li>Uz priek\u0161u un atpaka\u013c kust\u012bga iero\u010da stobrs<\/li>\n<li>Dro\u0161s b\u0113rnu vesel\u012bbai<\/li>\n<li>Iero\u010da garums 60 cm<\/li>\n<li>Uzlabo precizit\u0101ti, uzman\u012bbu, kust\u012bbu koordin\u0101ciju<\/li>\n<li>Darbi ar elementu pal\u012bdz\u012bbu<\/li>\n<\/ul>\n","protected":false},"excerpt":{"rendered":"<p>Produkta veids: pistole<\/p>\n<p>Izcelsmes valsts: \u0136\u012bna<\/p>\n<p>Iepakojuma izm\u0113ri: 60 x 5 x 28 cm<\/p>\n<p>Produkta materi\u0101ls: plastmasa<\/p>\n<p>Sast\u0101vda\u013cas: 4xAA<\/p>\n<p>Ieteicamais vecums: no 3 gadiem.<\/p>\n","protected":false},"featured_media":40498,"comment_status":"open","ping_status":"closed","template":"","meta":[],"product_brand":[],"product_cat":[1173],"product_tag":[],"class_list":{"0":"post-41123","1":"product","2":"type-product","3":"status-publish","4":"has-post-thumbnail","6":"product_cat-rotalu-pistoles-un-piederumi","7":"pa_amziaus-grupe-3-lv","9":"first","10":"outofstock","11":"taxable","12":"shipping-taxable","13":"purchasable","14":"product-type-simple"},"yoast_head":"<!-- This site is optimized with the Yoast SEO plugin v26.3 - https:\/\/yoast.com\/wordpress\/plugins\/seo\/ -->\n<title>Rota\u013clietu pistole ar gaism\u0101m un ska\u0146\u0101m - Toys.lt<\/title>\n<meta name=\"robots\" content=\"index, follow, max-snippet:-1, max-image-preview:large, max-video-preview:-1\" \/>\n<link rel=\"canonical\" href=\"https:\/\/toys.lt\/lv\/produktas\/rotallietu-pistole-ar-gaismam-un-skanam-3\/\" \/>\n<meta property=\"og:locale\" content=\"lv_LV\" \/>\n<meta property=\"og:type\" content=\"article\" \/>\n<meta property=\"og:title\" content=\"Rota\u013clietu pistole ar gaism\u0101m un ska\u0146\u0101m - Toys.lt\" \/>\n<meta property=\"og:description\" content=\"Produkta veids: pistole Izcelsmes valsts: \u0136\u012bna Iepakojuma izm\u0113ri: 60 x 5 x 28 cm Produkta materi\u0101ls: plastmasa Sast\u0101vda\u013cas: 4xAA Ieteicamais vecums: no 3 gadiem.\" \/>\n<meta property=\"og:url\" content=\"https:\/\/toys.lt\/lv\/produktas\/rotallietu-pistole-ar-gaismam-un-skanam-3\/\" \/>\n<meta property=\"og:site_name\" content=\"Toys.lt\" \/>\n<meta property=\"article:modified_time\" content=\"2026-04-08T00:01:34+00:00\" \/>\n<meta property=\"og:image\" content=\"https:\/\/toys.lt\/wp-content\/uploads\/2025\/04\/jq-zaislinis-ginklas-3.jpg\" \/>\n\t<meta property=\"og:image:width\" content=\"1189\" \/>\n\t<meta property=\"og:image:height\" content=\"584\" \/>\n\t<meta property=\"og:image:type\" content=\"image\/jpeg\" \/>\n<meta name=\"twitter:card\" content=\"summary_large_image\" \/>\n<script type=\"application\/ld+json\" class=\"yoast-schema-graph\">{\"@context\":\"https:\/\/schema.org\",\"@graph\":[{\"@type\":\"WebPage\",\"@id\":\"https:\/\/toys.lt\/lv\/produktas\/rotallietu-pistole-ar-gaismam-un-skanam-3\/\",\"url\":\"https:\/\/toys.lt\/lv\/produktas\/rotallietu-pistole-ar-gaismam-un-skanam-3\/\",\"name\":\"Rota\u013clietu pistole ar gaism\u0101m un ska\u0146\u0101m - Toys.lt\",\"isPartOf\":{\"@id\":\"https:\/\/toys.lt\/lv\/#website\"},\"primaryImageOfPage\":{\"@id\":\"https:\/\/toys.lt\/lv\/produktas\/rotallietu-pistole-ar-gaismam-un-skanam-3\/#primaryimage\"},\"image\":{\"@id\":\"https:\/\/toys.lt\/lv\/produktas\/rotallietu-pistole-ar-gaismam-un-skanam-3\/#primaryimage\"},\"thumbnailUrl\":\"https:\/\/toys.lt\/wp-content\/uploads\/2025\/04\/jq-zaislinis-ginklas-3.jpg\",\"datePublished\":\"2025-04-17T14:13:52+00:00\",\"dateModified\":\"2026-04-08T00:01:34+00:00\",\"breadcrumb\":{\"@id\":\"https:\/\/toys.lt\/lv\/produktas\/rotallietu-pistole-ar-gaismam-un-skanam-3\/#breadcrumb\"},\"inLanguage\":\"lv-LV\",\"potentialAction\":[{\"@type\":\"ReadAction\",\"target\":[\"https:\/\/toys.lt\/lv\/produktas\/rotallietu-pistole-ar-gaismam-un-skanam-3\/\"]}]},{\"@type\":\"ImageObject\",\"inLanguage\":\"lv-LV\",\"@id\":\"https:\/\/toys.lt\/lv\/produktas\/rotallietu-pistole-ar-gaismam-un-skanam-3\/#primaryimage\",\"url\":\"https:\/\/toys.lt\/wp-content\/uploads\/2025\/04\/jq-zaislinis-ginklas-3.jpg\",\"contentUrl\":\"https:\/\/toys.lt\/wp-content\/uploads\/2025\/04\/jq-zaislinis-ginklas-3.jpg\",\"width\":1189,\"height\":584,\"caption\":\"\u017daislinis ginklas su \u0161viesomis ir garsais\"},{\"@type\":\"BreadcrumbList\",\"@id\":\"https:\/\/toys.lt\/lv\/produktas\/rotallietu-pistole-ar-gaismam-un-skanam-3\/#breadcrumb\",\"itemListElement\":[{\"@type\":\"ListItem\",\"position\":1,\"name\":\"Home\",\"item\":\"https:\/\/toys.lt\/lv\/\"},{\"@type\":\"ListItem\",\"position\":2,\"name\":\"Veikals\",\"item\":\"https:\/\/toys.lt\/lv\/shop\/\"},{\"@type\":\"ListItem\",\"position\":3,\"name\":\"Rota\u013clietu pistole ar gaism\u0101m un ska\u0146\u0101m\"}]},{\"@type\":\"WebSite\",\"@id\":\"https:\/\/toys.lt\/lv\/#website\",\"url\":\"https:\/\/toys.lt\/lv\/\",\"name\":\"Toys.lt\",\"description\":\"\",\"potentialAction\":[{\"@type\":\"SearchAction\",\"target\":{\"@type\":\"EntryPoint\",\"urlTemplate\":\"https:\/\/toys.lt\/lv\/?s={search_term_string}\"},\"query-input\":{\"@type\":\"PropertyValueSpecification\",\"valueRequired\":true,\"valueName\":\"search_term_string\"}}],\"inLanguage\":\"lv-LV\"}]}<\/script>\n<!-- \/ Yoast SEO plugin. -->","yoast_head_json":{"title":"Rota\u013clietu pistole ar gaism\u0101m un ska\u0146\u0101m - Toys.lt","robots":{"index":"index","follow":"follow","max-snippet":"max-snippet:-1","max-image-preview":"max-image-preview:large","max-video-preview":"max-video-preview:-1"},"canonical":"https:\/\/toys.lt\/lv\/produktas\/rotallietu-pistole-ar-gaismam-un-skanam-3\/","og_locale":"lv_LV","og_type":"article","og_title":"Rota\u013clietu pistole ar gaism\u0101m un ska\u0146\u0101m - Toys.lt","og_description":"Produkta veids: pistole Izcelsmes valsts: \u0136\u012bna Iepakojuma izm\u0113ri: 60 x 5 x 28 cm Produkta materi\u0101ls: plastmasa Sast\u0101vda\u013cas: 4xAA Ieteicamais vecums: no 3 gadiem.","og_url":"https:\/\/toys.lt\/lv\/produktas\/rotallietu-pistole-ar-gaismam-un-skanam-3\/","og_site_name":"Toys.lt","article_modified_time":"2026-04-08T00:01:34+00:00","og_image":[{"width":1189,"height":584,"url":"https:\/\/toys.lt\/wp-content\/uploads\/2025\/04\/jq-zaislinis-ginklas-3.jpg","type":"image\/jpeg"}],"twitter_card":"summary_large_image","schema":{"@context":"https:\/\/schema.org","@graph":[{"@type":"WebPage","@id":"https:\/\/toys.lt\/lv\/produktas\/rotallietu-pistole-ar-gaismam-un-skanam-3\/","url":"https:\/\/toys.lt\/lv\/produktas\/rotallietu-pistole-ar-gaismam-un-skanam-3\/","name":"Rota\u013clietu pistole ar gaism\u0101m un ska\u0146\u0101m - Toys.lt","isPartOf":{"@id":"https:\/\/toys.lt\/lv\/#website"},"primaryImageOfPage":{"@id":"https:\/\/toys.lt\/lv\/produktas\/rotallietu-pistole-ar-gaismam-un-skanam-3\/#primaryimage"},"image":{"@id":"https:\/\/toys.lt\/lv\/produktas\/rotallietu-pistole-ar-gaismam-un-skanam-3\/#primaryimage"},"thumbnailUrl":"https:\/\/toys.lt\/wp-content\/uploads\/2025\/04\/jq-zaislinis-ginklas-3.jpg","datePublished":"2025-04-17T14:13:52+00:00","dateModified":"2026-04-08T00:01:34+00:00","breadcrumb":{"@id":"https:\/\/toys.lt\/lv\/produktas\/rotallietu-pistole-ar-gaismam-un-skanam-3\/#breadcrumb"},"inLanguage":"lv-LV","potentialAction":[{"@type":"ReadAction","target":["https:\/\/toys.lt\/lv\/produktas\/rotallietu-pistole-ar-gaismam-un-skanam-3\/"]}]},{"@type":"ImageObject","inLanguage":"lv-LV","@id":"https:\/\/toys.lt\/lv\/produktas\/rotallietu-pistole-ar-gaismam-un-skanam-3\/#primaryimage","url":"https:\/\/toys.lt\/wp-content\/uploads\/2025\/04\/jq-zaislinis-ginklas-3.jpg","contentUrl":"https:\/\/toys.lt\/wp-content\/uploads\/2025\/04\/jq-zaislinis-ginklas-3.jpg","width":1189,"height":584,"caption":"\u017daislinis ginklas su \u0161viesomis ir garsais"},{"@type":"BreadcrumbList","@id":"https:\/\/toys.lt\/lv\/produktas\/rotallietu-pistole-ar-gaismam-un-skanam-3\/#breadcrumb","itemListElement":[{"@type":"ListItem","position":1,"name":"Home","item":"https:\/\/toys.lt\/lv\/"},{"@type":"ListItem","position":2,"name":"Veikals","item":"https:\/\/toys.lt\/lv\/shop\/"},{"@type":"ListItem","position":3,"name":"Rota\u013clietu pistole ar gaism\u0101m un ska\u0146\u0101m"}]},{"@type":"WebSite","@id":"https:\/\/toys.lt\/lv\/#website","url":"https:\/\/toys.lt\/lv\/","name":"Toys.lt","description":"","potentialAction":[{"@type":"SearchAction","target":{"@type":"EntryPoint","urlTemplate":"https:\/\/toys.lt\/lv\/?s={search_term_string}"},"query-input":{"@type":"PropertyValueSpecification","valueRequired":true,"valueName":"search_term_string"}}],"inLanguage":"lv-LV"}]}},"_links":{"self":[{"href":"https:\/\/toys.lt\/lv\/wp-json\/wp\/v2\/product\/41123","targetHints":{"allow":["GET"]}}],"collection":[{"href":"https:\/\/toys.lt\/lv\/wp-json\/wp\/v2\/product"}],"about":[{"href":"https:\/\/toys.lt\/lv\/wp-json\/wp\/v2\/types\/product"}],"replies":[{"embeddable":true,"href":"https:\/\/toys.lt\/lv\/wp-json\/wp\/v2\/comments?post=41123"}],"version-history":[{"count":1,"href":"https:\/\/toys.lt\/lv\/wp-json\/wp\/v2\/product\/41123\/revisions"}],"predecessor-version":[{"id":41125,"href":"https:\/\/toys.lt\/lv\/wp-json\/wp\/v2\/product\/41123\/revisions\/41125"}],"wp:featuredmedia":[{"embeddable":true,"href":"https:\/\/toys.lt\/lv\/wp-json\/wp\/v2\/media\/40498"}],"wp:attachment":[{"href":"https:\/\/toys.lt\/lv\/wp-json\/wp\/v2\/media?parent=41123"}],"wp:term":[{"taxonomy":"product_brand","embeddable":true,"href":"https:\/\/toys.lt\/lv\/wp-json\/wp\/v2\/product_brand?post=41123"},{"taxonomy":"product_cat","embeddable":true,"href":"https:\/\/toys.lt\/lv\/wp-json\/wp\/v2\/product_cat?post=41123"},{"taxonomy":"product_tag","embeddable":true,"href":"https:\/\/toys.lt\/lv\/wp-json\/wp\/v2\/product_tag?post=41123"}],"curies":[{"name":"wp","href":"https:\/\/api.w.org\/{rel}","templated":true}]}}