{"id":41091,"date":"2025-02-26T11:02:49","date_gmt":"2025-02-26T11:02:49","guid":{"rendered":"https:\/\/toys.lt\/produktas\/piepusamais-stura-divans-intex-257x203x76-cm\/"},"modified":"2026-04-08T00:01:39","modified_gmt":"2026-04-08T00:01:39","slug":"piepusamais-stura-divans-intex-257x203x76-cm","status":"publish","type":"product","link":"https:\/\/toys.lt\/lv\/produktas\/piepusamais-stura-divans-intex-257x203x76-cm\/","title":{"rendered":"Piep\u016b\u0161amais st\u016bra d\u012bv\u0101ns INTEX 257x203x76 cm"},"content":{"rendered":"<p>INTEX <strong>piep\u016b\u0161am\u0101 d\u012bv\u0101nu gulta <\/strong> <\/p>\n<ul style=\"list-style-type: disc\">\n<li>Samta apdare un smil\u0161kr\u0101sas virsma nodro\u0161ina greznu saj\u016btu<\/li>\n<li>Gaisa blo\u0137\u0113\u0161anas sist\u0113ma Air Lock aiztur gaisu<\/li>\n<li>Dzi\u013ci un m\u012bksti s\u0113dek\u013ci un pla\u0161i un \u0113rti roku balsti<\/li>\n<li>Maksim\u0101li pie\u013caujam\u0101 slodze 400 kg<\/li>\n<li>D\u012bv\u0101na izm\u0113ri 257 x 203 x 76 cm<\/li>\n<li>Dubultv\u0101rsts gaisa iepl\u016bdei un izpl\u016bdei<\/li>\n<li>Lieto\u0161anai iek\u0161telp\u0101s<\/li>\n<\/ul>\n","protected":false},"excerpt":{"rendered":"<p>D\u012bv\u0101na izm\u0113ri: 257 x 203 x 67 cm<\/p>\n<p>Iepakojuma izm\u0113ri: 42 x 52 x 23 cm<\/p>\n<p>Svars 12,3 kg<\/p>\n<p>Materi\u0101ls: PVC, vel\u016brs<\/p>\n<p>Maksim\u0101l\u0101 slodze: 400 kg.<\/p>\n","protected":false},"featured_media":40475,"comment_status":"open","ping_status":"closed","template":"","meta":[],"product_brand":[],"product_cat":[1264,1215,1155],"product_tag":[],"class_list":{"0":"post-41091","1":"product","2":"type-product","3":"status-publish","4":"has-post-thumbnail","6":"product_cat-piepusamas-iekstelpu-mebeles","7":"product_cat-sports-atputa-turisms","8":"product_cat-leti","9":"pa_prek-s-tipas-gaisa-matraci","10":"pa_prekes-zenklas-intex-lv","12":"first","13":"instock","14":"taxable","15":"shipping-taxable","16":"purchasable","17":"product-type-simple"},"yoast_head":"<!-- This site is optimized with the Yoast SEO plugin v26.3 - https:\/\/yoast.com\/wordpress\/plugins\/seo\/ -->\n<title>Piep\u016b\u0161amais st\u016bra d\u012bv\u0101ns INTEX 257x203x76 cm - Toys.lt<\/title>\n<meta name=\"robots\" content=\"index, follow, max-snippet:-1, max-image-preview:large, max-video-preview:-1\" \/>\n<link rel=\"canonical\" href=\"https:\/\/toys.lt\/lv\/produktas\/piepusamais-stura-divans-intex-257x203x76-cm\/\" \/>\n<meta property=\"og:locale\" content=\"lv_LV\" \/>\n<meta property=\"og:type\" content=\"article\" \/>\n<meta property=\"og:title\" content=\"Piep\u016b\u0161amais st\u016bra d\u012bv\u0101ns INTEX 257x203x76 cm - Toys.lt\" \/>\n<meta property=\"og:description\" content=\"D\u012bv\u0101na izm\u0113ri: 257 x 203 x 67 cm Iepakojuma izm\u0113ri: 42 x 52 x 23 cm Svars 12,3 kg Materi\u0101ls: PVC, vel\u016brs Maksim\u0101l\u0101 slodze: 400 kg.\" \/>\n<meta property=\"og:url\" content=\"https:\/\/toys.lt\/lv\/produktas\/piepusamais-stura-divans-intex-257x203x76-cm\/\" \/>\n<meta property=\"og:site_name\" content=\"Toys.lt\" \/>\n<meta property=\"article:modified_time\" content=\"2026-04-08T00:01:39+00:00\" \/>\n<meta property=\"og:image\" content=\"https:\/\/toys.lt\/wp-content\/uploads\/2025\/02\/68575-intex-sofa-1.jpeg\" \/>\n\t<meta property=\"og:image:width\" content=\"1586\" \/>\n\t<meta property=\"og:image:height\" content=\"1102\" \/>\n\t<meta property=\"og:image:type\" content=\"image\/jpeg\" \/>\n<meta name=\"twitter:card\" content=\"summary_large_image\" \/>\n<script type=\"application\/ld+json\" class=\"yoast-schema-graph\">{\"@context\":\"https:\/\/schema.org\",\"@graph\":[{\"@type\":\"WebPage\",\"@id\":\"https:\/\/toys.lt\/lv\/produktas\/piepusamais-stura-divans-intex-257x203x76-cm\/\",\"url\":\"https:\/\/toys.lt\/lv\/produktas\/piepusamais-stura-divans-intex-257x203x76-cm\/\",\"name\":\"Piep\u016b\u0161amais st\u016bra d\u012bv\u0101ns INTEX 257x203x76 cm - Toys.lt\",\"isPartOf\":{\"@id\":\"https:\/\/toys.lt\/lv\/#website\"},\"primaryImageOfPage\":{\"@id\":\"https:\/\/toys.lt\/lv\/produktas\/piepusamais-stura-divans-intex-257x203x76-cm\/#primaryimage\"},\"image\":{\"@id\":\"https:\/\/toys.lt\/lv\/produktas\/piepusamais-stura-divans-intex-257x203x76-cm\/#primaryimage\"},\"thumbnailUrl\":\"https:\/\/toys.lt\/wp-content\/uploads\/2025\/02\/68575-intex-sofa-1.jpeg\",\"datePublished\":\"2025-02-26T11:02:49+00:00\",\"dateModified\":\"2026-04-08T00:01:39+00:00\",\"breadcrumb\":{\"@id\":\"https:\/\/toys.lt\/lv\/produktas\/piepusamais-stura-divans-intex-257x203x76-cm\/#breadcrumb\"},\"inLanguage\":\"lv-LV\",\"potentialAction\":[{\"@type\":\"ReadAction\",\"target\":[\"https:\/\/toys.lt\/lv\/produktas\/piepusamais-stura-divans-intex-257x203x76-cm\/\"]}]},{\"@type\":\"ImageObject\",\"inLanguage\":\"lv-LV\",\"@id\":\"https:\/\/toys.lt\/lv\/produktas\/piepusamais-stura-divans-intex-257x203x76-cm\/#primaryimage\",\"url\":\"https:\/\/toys.lt\/wp-content\/uploads\/2025\/02\/68575-intex-sofa-1.jpeg\",\"contentUrl\":\"https:\/\/toys.lt\/wp-content\/uploads\/2025\/02\/68575-intex-sofa-1.jpeg\",\"width\":1586,\"height\":1102,\"caption\":\"Pripu\u010diama\u00a0kampin\u0117\u00a0sofa\u00a0INTEX\u00a0257x203x76\u00a0cm\"},{\"@type\":\"BreadcrumbList\",\"@id\":\"https:\/\/toys.lt\/lv\/produktas\/piepusamais-stura-divans-intex-257x203x76-cm\/#breadcrumb\",\"itemListElement\":[{\"@type\":\"ListItem\",\"position\":1,\"name\":\"Home\",\"item\":\"https:\/\/toys.lt\/lv\/\"},{\"@type\":\"ListItem\",\"position\":2,\"name\":\"Veikals\",\"item\":\"https:\/\/toys.lt\/lv\/shop\/\"},{\"@type\":\"ListItem\",\"position\":3,\"name\":\"Piep\u016b\u0161amais st\u016bra d\u012bv\u0101ns INTEX 257x203x76 cm\"}]},{\"@type\":\"WebSite\",\"@id\":\"https:\/\/toys.lt\/lv\/#website\",\"url\":\"https:\/\/toys.lt\/lv\/\",\"name\":\"Toys.lt\",\"description\":\"\",\"potentialAction\":[{\"@type\":\"SearchAction\",\"target\":{\"@type\":\"EntryPoint\",\"urlTemplate\":\"https:\/\/toys.lt\/lv\/?s={search_term_string}\"},\"query-input\":{\"@type\":\"PropertyValueSpecification\",\"valueRequired\":true,\"valueName\":\"search_term_string\"}}],\"inLanguage\":\"lv-LV\"}]}<\/script>\n<!-- \/ Yoast SEO plugin. -->","yoast_head_json":{"title":"Piep\u016b\u0161amais st\u016bra d\u012bv\u0101ns INTEX 257x203x76 cm - Toys.lt","robots":{"index":"index","follow":"follow","max-snippet":"max-snippet:-1","max-image-preview":"max-image-preview:large","max-video-preview":"max-video-preview:-1"},"canonical":"https:\/\/toys.lt\/lv\/produktas\/piepusamais-stura-divans-intex-257x203x76-cm\/","og_locale":"lv_LV","og_type":"article","og_title":"Piep\u016b\u0161amais st\u016bra d\u012bv\u0101ns INTEX 257x203x76 cm - Toys.lt","og_description":"D\u012bv\u0101na izm\u0113ri: 257 x 203 x 67 cm Iepakojuma izm\u0113ri: 42 x 52 x 23 cm Svars 12,3 kg Materi\u0101ls: PVC, vel\u016brs Maksim\u0101l\u0101 slodze: 400 kg.","og_url":"https:\/\/toys.lt\/lv\/produktas\/piepusamais-stura-divans-intex-257x203x76-cm\/","og_site_name":"Toys.lt","article_modified_time":"2026-04-08T00:01:39+00:00","og_image":[{"width":1586,"height":1102,"url":"https:\/\/toys.lt\/wp-content\/uploads\/2025\/02\/68575-intex-sofa-1.jpeg","type":"image\/jpeg"}],"twitter_card":"summary_large_image","schema":{"@context":"https:\/\/schema.org","@graph":[{"@type":"WebPage","@id":"https:\/\/toys.lt\/lv\/produktas\/piepusamais-stura-divans-intex-257x203x76-cm\/","url":"https:\/\/toys.lt\/lv\/produktas\/piepusamais-stura-divans-intex-257x203x76-cm\/","name":"Piep\u016b\u0161amais st\u016bra d\u012bv\u0101ns INTEX 257x203x76 cm - Toys.lt","isPartOf":{"@id":"https:\/\/toys.lt\/lv\/#website"},"primaryImageOfPage":{"@id":"https:\/\/toys.lt\/lv\/produktas\/piepusamais-stura-divans-intex-257x203x76-cm\/#primaryimage"},"image":{"@id":"https:\/\/toys.lt\/lv\/produktas\/piepusamais-stura-divans-intex-257x203x76-cm\/#primaryimage"},"thumbnailUrl":"https:\/\/toys.lt\/wp-content\/uploads\/2025\/02\/68575-intex-sofa-1.jpeg","datePublished":"2025-02-26T11:02:49+00:00","dateModified":"2026-04-08T00:01:39+00:00","breadcrumb":{"@id":"https:\/\/toys.lt\/lv\/produktas\/piepusamais-stura-divans-intex-257x203x76-cm\/#breadcrumb"},"inLanguage":"lv-LV","potentialAction":[{"@type":"ReadAction","target":["https:\/\/toys.lt\/lv\/produktas\/piepusamais-stura-divans-intex-257x203x76-cm\/"]}]},{"@type":"ImageObject","inLanguage":"lv-LV","@id":"https:\/\/toys.lt\/lv\/produktas\/piepusamais-stura-divans-intex-257x203x76-cm\/#primaryimage","url":"https:\/\/toys.lt\/wp-content\/uploads\/2025\/02\/68575-intex-sofa-1.jpeg","contentUrl":"https:\/\/toys.lt\/wp-content\/uploads\/2025\/02\/68575-intex-sofa-1.jpeg","width":1586,"height":1102,"caption":"Pripu\u010diama\u00a0kampin\u0117\u00a0sofa\u00a0INTEX\u00a0257x203x76\u00a0cm"},{"@type":"BreadcrumbList","@id":"https:\/\/toys.lt\/lv\/produktas\/piepusamais-stura-divans-intex-257x203x76-cm\/#breadcrumb","itemListElement":[{"@type":"ListItem","position":1,"name":"Home","item":"https:\/\/toys.lt\/lv\/"},{"@type":"ListItem","position":2,"name":"Veikals","item":"https:\/\/toys.lt\/lv\/shop\/"},{"@type":"ListItem","position":3,"name":"Piep\u016b\u0161amais st\u016bra d\u012bv\u0101ns INTEX 257x203x76 cm"}]},{"@type":"WebSite","@id":"https:\/\/toys.lt\/lv\/#website","url":"https:\/\/toys.lt\/lv\/","name":"Toys.lt","description":"","potentialAction":[{"@type":"SearchAction","target":{"@type":"EntryPoint","urlTemplate":"https:\/\/toys.lt\/lv\/?s={search_term_string}"},"query-input":{"@type":"PropertyValueSpecification","valueRequired":true,"valueName":"search_term_string"}}],"inLanguage":"lv-LV"}]}},"_links":{"self":[{"href":"https:\/\/toys.lt\/lv\/wp-json\/wp\/v2\/product\/41091","targetHints":{"allow":["GET"]}}],"collection":[{"href":"https:\/\/toys.lt\/lv\/wp-json\/wp\/v2\/product"}],"about":[{"href":"https:\/\/toys.lt\/lv\/wp-json\/wp\/v2\/types\/product"}],"replies":[{"embeddable":true,"href":"https:\/\/toys.lt\/lv\/wp-json\/wp\/v2\/comments?post=41091"}],"version-history":[{"count":2,"href":"https:\/\/toys.lt\/lv\/wp-json\/wp\/v2\/product\/41091\/revisions"}],"predecessor-version":[{"id":45769,"href":"https:\/\/toys.lt\/lv\/wp-json\/wp\/v2\/product\/41091\/revisions\/45769"}],"wp:featuredmedia":[{"embeddable":true,"href":"https:\/\/toys.lt\/lv\/wp-json\/wp\/v2\/media\/40475"}],"wp:attachment":[{"href":"https:\/\/toys.lt\/lv\/wp-json\/wp\/v2\/media?parent=41091"}],"wp:term":[{"taxonomy":"product_brand","embeddable":true,"href":"https:\/\/toys.lt\/lv\/wp-json\/wp\/v2\/product_brand?post=41091"},{"taxonomy":"product_cat","embeddable":true,"href":"https:\/\/toys.lt\/lv\/wp-json\/wp\/v2\/product_cat?post=41091"},{"taxonomy":"product_tag","embeddable":true,"href":"https:\/\/toys.lt\/lv\/wp-json\/wp\/v2\/product_tag?post=41091"}],"curies":[{"name":"wp","href":"https:\/\/api.w.org\/{rel}","templated":true}]}}