{"id":41070,"date":"2025-04-23T16:43:40","date_gmt":"2025-04-23T16:43:40","guid":{"rendered":"https:\/\/toys.lt\/produktas\/masinu-komplekts-ar-starteri-18-gab\/"},"modified":"2026-04-08T00:01:32","modified_gmt":"2026-04-08T00:01:32","slug":"masinu-komplekts-ar-starteri-18-gab","status":"publish","type":"product","link":"https:\/\/toys.lt\/lv\/produktas\/masinu-komplekts-ar-starteri-18-gab\/","title":{"rendered":"Ma\u0161\u012bnu komplekts ar starteri (18 gab.)"},"content":{"rendered":"<p><strong>Funkcijas:<\/strong><\/p>\n<ul style=\"list-style-type: square;\">\n<li style=\"margin: 0px; padding: 0px; font: inherit; border: 0px;\">18 sporta automa\u0161\u012bnas<\/li>\n<li>Rota\u013clietas izm\u0113rs 7,5 x 3&#215;5 x 2,5 cm<\/li>\n<li>2 palai\u0161anas iek\u0101rtas<\/li>\n<\/ul>\n","protected":false},"excerpt":{"rendered":"<p>Produkta veids: gumijas bumbi\u0146u ma\u0161\u012bna<\/p>\n<p>Izcelsmes valsts: \u0136\u012bna<\/p>\n<p>Produkta materi\u0101ls: plastmasa<\/p>\n<p>Iepakojuma izm\u0113ri: 60 x 2,5 x 29 cm<\/p>\n<p>Ma\u0161\u012bnas izm\u0113ri: 7,5 x 3,5 x 2,5 cm<\/p>\n<p>Ieteicamais vecums: no 3 gadiem.<\/p>\n","protected":false},"featured_media":40543,"comment_status":"open","ping_status":"closed","template":"","meta":[],"product_brand":[],"product_cat":[1176,1177,1406],"product_tag":[],"class_list":{"0":"post-41070","1":"product","2":"type-product","3":"status-publish","4":"has-post-thumbnail","6":"product_cat-rotallietas-zeniem","7":"product_cat-rotalu-automasinas-traktori-un-kapurkedes","8":"product_cat-letakais","10":"first","11":"outofstock","12":"sale","13":"taxable","14":"shipping-taxable","15":"purchasable","16":"product-type-simple"},"yoast_head":"<!-- This site is optimized with the Yoast SEO plugin v26.3 - https:\/\/yoast.com\/wordpress\/plugins\/seo\/ -->\n<title>Ma\u0161\u012bnu komplekts ar starteri (18 gab.) - Toys.lt<\/title>\n<meta name=\"robots\" content=\"index, follow, max-snippet:-1, max-image-preview:large, max-video-preview:-1\" \/>\n<link rel=\"canonical\" href=\"https:\/\/toys.lt\/lv\/produktas\/masinu-komplekts-ar-starteri-18-gab\/\" \/>\n<meta property=\"og:locale\" content=\"lv_LV\" \/>\n<meta property=\"og:type\" content=\"article\" \/>\n<meta property=\"og:title\" content=\"Ma\u0161\u012bnu komplekts ar starteri (18 gab.) - Toys.lt\" \/>\n<meta property=\"og:description\" content=\"Produkta veids: gumijas bumbi\u0146u ma\u0161\u012bna Izcelsmes valsts: \u0136\u012bna Produkta materi\u0101ls: plastmasa Iepakojuma izm\u0113ri: 60 x 2,5 x 29 cm Ma\u0161\u012bnas izm\u0113ri: 7,5 x 3,5 x 2,5 cm Ieteicamais vecums: no 3 gadiem.\" \/>\n<meta property=\"og:url\" content=\"https:\/\/toys.lt\/lv\/produktas\/masinu-komplekts-ar-starteri-18-gab\/\" \/>\n<meta property=\"og:site_name\" content=\"Toys.lt\" \/>\n<meta property=\"article:modified_time\" content=\"2026-04-08T00:01:32+00:00\" \/>\n<meta property=\"og:image\" content=\"https:\/\/toys.lt\/wp-content\/uploads\/2025\/04\/6921A-masineliu-rinkinys-1-scaled.jpg\" \/>\n\t<meta property=\"og:image:width\" content=\"2560\" \/>\n\t<meta property=\"og:image:height\" content=\"1869\" \/>\n\t<meta property=\"og:image:type\" content=\"image\/jpeg\" \/>\n<meta name=\"twitter:card\" content=\"summary_large_image\" \/>\n<script type=\"application\/ld+json\" class=\"yoast-schema-graph\">{\"@context\":\"https:\/\/schema.org\",\"@graph\":[{\"@type\":\"WebPage\",\"@id\":\"https:\/\/toys.lt\/lv\/produktas\/masinu-komplekts-ar-starteri-18-gab\/\",\"url\":\"https:\/\/toys.lt\/lv\/produktas\/masinu-komplekts-ar-starteri-18-gab\/\",\"name\":\"Ma\u0161\u012bnu komplekts ar starteri (18 gab.) - Toys.lt\",\"isPartOf\":{\"@id\":\"https:\/\/toys.lt\/lv\/#website\"},\"primaryImageOfPage\":{\"@id\":\"https:\/\/toys.lt\/lv\/produktas\/masinu-komplekts-ar-starteri-18-gab\/#primaryimage\"},\"image\":{\"@id\":\"https:\/\/toys.lt\/lv\/produktas\/masinu-komplekts-ar-starteri-18-gab\/#primaryimage\"},\"thumbnailUrl\":\"https:\/\/toys.lt\/wp-content\/uploads\/2025\/04\/6921A-masineliu-rinkinys-1-scaled.jpg\",\"datePublished\":\"2025-04-23T16:43:40+00:00\",\"dateModified\":\"2026-04-08T00:01:32+00:00\",\"breadcrumb\":{\"@id\":\"https:\/\/toys.lt\/lv\/produktas\/masinu-komplekts-ar-starteri-18-gab\/#breadcrumb\"},\"inLanguage\":\"lv-LV\",\"potentialAction\":[{\"@type\":\"ReadAction\",\"target\":[\"https:\/\/toys.lt\/lv\/produktas\/masinu-komplekts-ar-starteri-18-gab\/\"]}]},{\"@type\":\"ImageObject\",\"inLanguage\":\"lv-LV\",\"@id\":\"https:\/\/toys.lt\/lv\/produktas\/masinu-komplekts-ar-starteri-18-gab\/#primaryimage\",\"url\":\"https:\/\/toys.lt\/wp-content\/uploads\/2025\/04\/6921A-masineliu-rinkinys-1-scaled.jpg\",\"contentUrl\":\"https:\/\/toys.lt\/wp-content\/uploads\/2025\/04\/6921A-masineliu-rinkinys-1-scaled.jpg\",\"width\":2560,\"height\":1869,\"caption\":\"Ma\u0161in\u0173 rinkinys su paleid\u0117ju (18vnt.)\"},{\"@type\":\"BreadcrumbList\",\"@id\":\"https:\/\/toys.lt\/lv\/produktas\/masinu-komplekts-ar-starteri-18-gab\/#breadcrumb\",\"itemListElement\":[{\"@type\":\"ListItem\",\"position\":1,\"name\":\"Home\",\"item\":\"https:\/\/toys.lt\/lv\/\"},{\"@type\":\"ListItem\",\"position\":2,\"name\":\"Veikals\",\"item\":\"https:\/\/toys.lt\/lv\/shop\/\"},{\"@type\":\"ListItem\",\"position\":3,\"name\":\"Ma\u0161\u012bnu komplekts ar starteri (18 gab.)\"}]},{\"@type\":\"WebSite\",\"@id\":\"https:\/\/toys.lt\/lv\/#website\",\"url\":\"https:\/\/toys.lt\/lv\/\",\"name\":\"Toys.lt\",\"description\":\"\",\"potentialAction\":[{\"@type\":\"SearchAction\",\"target\":{\"@type\":\"EntryPoint\",\"urlTemplate\":\"https:\/\/toys.lt\/lv\/?s={search_term_string}\"},\"query-input\":{\"@type\":\"PropertyValueSpecification\",\"valueRequired\":true,\"valueName\":\"search_term_string\"}}],\"inLanguage\":\"lv-LV\"}]}<\/script>\n<!-- \/ Yoast SEO plugin. -->","yoast_head_json":{"title":"Ma\u0161\u012bnu komplekts ar starteri (18 gab.) - Toys.lt","robots":{"index":"index","follow":"follow","max-snippet":"max-snippet:-1","max-image-preview":"max-image-preview:large","max-video-preview":"max-video-preview:-1"},"canonical":"https:\/\/toys.lt\/lv\/produktas\/masinu-komplekts-ar-starteri-18-gab\/","og_locale":"lv_LV","og_type":"article","og_title":"Ma\u0161\u012bnu komplekts ar starteri (18 gab.) - Toys.lt","og_description":"Produkta veids: gumijas bumbi\u0146u ma\u0161\u012bna Izcelsmes valsts: \u0136\u012bna Produkta materi\u0101ls: plastmasa Iepakojuma izm\u0113ri: 60 x 2,5 x 29 cm Ma\u0161\u012bnas izm\u0113ri: 7,5 x 3,5 x 2,5 cm Ieteicamais vecums: no 3 gadiem.","og_url":"https:\/\/toys.lt\/lv\/produktas\/masinu-komplekts-ar-starteri-18-gab\/","og_site_name":"Toys.lt","article_modified_time":"2026-04-08T00:01:32+00:00","og_image":[{"width":2560,"height":1869,"url":"https:\/\/toys.lt\/wp-content\/uploads\/2025\/04\/6921A-masineliu-rinkinys-1-scaled.jpg","type":"image\/jpeg"}],"twitter_card":"summary_large_image","schema":{"@context":"https:\/\/schema.org","@graph":[{"@type":"WebPage","@id":"https:\/\/toys.lt\/lv\/produktas\/masinu-komplekts-ar-starteri-18-gab\/","url":"https:\/\/toys.lt\/lv\/produktas\/masinu-komplekts-ar-starteri-18-gab\/","name":"Ma\u0161\u012bnu komplekts ar starteri (18 gab.) - Toys.lt","isPartOf":{"@id":"https:\/\/toys.lt\/lv\/#website"},"primaryImageOfPage":{"@id":"https:\/\/toys.lt\/lv\/produktas\/masinu-komplekts-ar-starteri-18-gab\/#primaryimage"},"image":{"@id":"https:\/\/toys.lt\/lv\/produktas\/masinu-komplekts-ar-starteri-18-gab\/#primaryimage"},"thumbnailUrl":"https:\/\/toys.lt\/wp-content\/uploads\/2025\/04\/6921A-masineliu-rinkinys-1-scaled.jpg","datePublished":"2025-04-23T16:43:40+00:00","dateModified":"2026-04-08T00:01:32+00:00","breadcrumb":{"@id":"https:\/\/toys.lt\/lv\/produktas\/masinu-komplekts-ar-starteri-18-gab\/#breadcrumb"},"inLanguage":"lv-LV","potentialAction":[{"@type":"ReadAction","target":["https:\/\/toys.lt\/lv\/produktas\/masinu-komplekts-ar-starteri-18-gab\/"]}]},{"@type":"ImageObject","inLanguage":"lv-LV","@id":"https:\/\/toys.lt\/lv\/produktas\/masinu-komplekts-ar-starteri-18-gab\/#primaryimage","url":"https:\/\/toys.lt\/wp-content\/uploads\/2025\/04\/6921A-masineliu-rinkinys-1-scaled.jpg","contentUrl":"https:\/\/toys.lt\/wp-content\/uploads\/2025\/04\/6921A-masineliu-rinkinys-1-scaled.jpg","width":2560,"height":1869,"caption":"Ma\u0161in\u0173 rinkinys su paleid\u0117ju (18vnt.)"},{"@type":"BreadcrumbList","@id":"https:\/\/toys.lt\/lv\/produktas\/masinu-komplekts-ar-starteri-18-gab\/#breadcrumb","itemListElement":[{"@type":"ListItem","position":1,"name":"Home","item":"https:\/\/toys.lt\/lv\/"},{"@type":"ListItem","position":2,"name":"Veikals","item":"https:\/\/toys.lt\/lv\/shop\/"},{"@type":"ListItem","position":3,"name":"Ma\u0161\u012bnu komplekts ar starteri (18 gab.)"}]},{"@type":"WebSite","@id":"https:\/\/toys.lt\/lv\/#website","url":"https:\/\/toys.lt\/lv\/","name":"Toys.lt","description":"","potentialAction":[{"@type":"SearchAction","target":{"@type":"EntryPoint","urlTemplate":"https:\/\/toys.lt\/lv\/?s={search_term_string}"},"query-input":{"@type":"PropertyValueSpecification","valueRequired":true,"valueName":"search_term_string"}}],"inLanguage":"lv-LV"}]}},"_links":{"self":[{"href":"https:\/\/toys.lt\/lv\/wp-json\/wp\/v2\/product\/41070","targetHints":{"allow":["GET"]}}],"collection":[{"href":"https:\/\/toys.lt\/lv\/wp-json\/wp\/v2\/product"}],"about":[{"href":"https:\/\/toys.lt\/lv\/wp-json\/wp\/v2\/types\/product"}],"replies":[{"embeddable":true,"href":"https:\/\/toys.lt\/lv\/wp-json\/wp\/v2\/comments?post=41070"}],"version-history":[{"count":1,"href":"https:\/\/toys.lt\/lv\/wp-json\/wp\/v2\/product\/41070\/revisions"}],"predecessor-version":[{"id":41071,"href":"https:\/\/toys.lt\/lv\/wp-json\/wp\/v2\/product\/41070\/revisions\/41071"}],"wp:featuredmedia":[{"embeddable":true,"href":"https:\/\/toys.lt\/lv\/wp-json\/wp\/v2\/media\/40543"}],"wp:attachment":[{"href":"https:\/\/toys.lt\/lv\/wp-json\/wp\/v2\/media?parent=41070"}],"wp:term":[{"taxonomy":"product_brand","embeddable":true,"href":"https:\/\/toys.lt\/lv\/wp-json\/wp\/v2\/product_brand?post=41070"},{"taxonomy":"product_cat","embeddable":true,"href":"https:\/\/toys.lt\/lv\/wp-json\/wp\/v2\/product_cat?post=41070"},{"taxonomy":"product_tag","embeddable":true,"href":"https:\/\/toys.lt\/lv\/wp-json\/wp\/v2\/product_tag?post=41070"}],"curies":[{"name":"wp","href":"https:\/\/api.w.org\/{rel}","templated":true}]}}