{"id":41063,"date":"2025-05-15T21:31:49","date_gmt":"2025-05-15T21:31:49","guid":{"rendered":"https:\/\/toys.lt\/produktas\/piepusamais-baseins-intex-sea-aquarium-pool-159x159x50cm\/"},"modified":"2026-04-08T00:01:32","modified_gmt":"2026-04-08T00:01:32","slug":"piepusamais-baseins-intex-sea-aquarium-pool-159x159x50cm","status":"publish","type":"product","link":"https:\/\/toys.lt\/lv\/produktas\/piepusamais-baseins-intex-sea-aquarium-pool-159x159x50cm\/","title":{"rendered":"Piep\u016b\u0161amais baseins INTEX Sea Aquarium Pool 159x159x50cm"},"content":{"rendered":"<p><strong>Piep\u016b\u0161amais \u0101ra baseins<\/strong><\/p>\n<ul style=\"list-style-type: disc\">\n<li>Baseina izm\u0113ri: 109 x 163 x 48 cm<\/li>\n<li>Iek\u0161\u0113j\u0101s sienas augstums 28 cm<\/li>\n<li>\u016adens tilpums: 340 litri<\/li>\n<li>Iztuk\u0161o\u0161anas aizb\u0101zni<\/li>\n<\/ul>\n","protected":false},"excerpt":{"rendered":"<p>Produkta veids: baseins<\/p>\n<p>Baseina izm\u0113ri: 109 x 163 x 48 cm<\/p>\n<p>Iepakojuma izm\u0113ri: 35 x 30 x 10 cm<\/p>\n<p>Svars: 3,6 kg<\/p>\n<p>\u016adens tilpums: 340 litri<\/p>\n<p>Ieteicamais vecums: no 3 gadiem.<\/p>\n","protected":false},"featured_media":40550,"comment_status":"open","ping_status":"closed","template":"","meta":[],"product_brand":[],"product_cat":[1262,1155],"product_tag":[],"class_list":{"0":"post-41063","1":"product","2":"type-product","3":"status-publish","4":"has-post-thumbnail","6":"product_cat-bernu-baseini","7":"product_cat-leti","8":"pa_amziaus-grupe-6-lv","9":"pa_prek-s-tipas-peldbaseini","10":"pa_prekes-zenklas-intex-lv","12":"first","13":"instock","14":"taxable","15":"shipping-taxable","16":"purchasable","17":"product-type-simple"},"yoast_head":"<!-- This site is optimized with the Yoast SEO plugin v26.3 - https:\/\/yoast.com\/wordpress\/plugins\/seo\/ -->\n<title>Piep\u016b\u0161amais baseins INTEX Sea Aquarium Pool 159x159x50cm - Toys.lt<\/title>\n<meta name=\"robots\" content=\"index, follow, max-snippet:-1, max-image-preview:large, max-video-preview:-1\" \/>\n<link rel=\"canonical\" href=\"https:\/\/toys.lt\/lv\/produktas\/piepusamais-baseins-intex-sea-aquarium-pool-159x159x50cm\/\" \/>\n<meta property=\"og:locale\" content=\"lv_LV\" \/>\n<meta property=\"og:type\" content=\"article\" \/>\n<meta property=\"og:title\" content=\"Piep\u016b\u0161amais baseins INTEX Sea Aquarium Pool 159x159x50cm - Toys.lt\" \/>\n<meta property=\"og:description\" content=\"Produkta veids: baseins Baseina izm\u0113ri: 109 x 163 x 48 cm Iepakojuma izm\u0113ri: 35 x 30 x 10 cm Svars: 3,6 kg \u016adens tilpums: 340 litri Ieteicamais vecums: no 3 gadiem.\" \/>\n<meta property=\"og:url\" content=\"https:\/\/toys.lt\/lv\/produktas\/piepusamais-baseins-intex-sea-aquarium-pool-159x159x50cm\/\" \/>\n<meta property=\"og:site_name\" content=\"Toys.lt\" \/>\n<meta property=\"article:modified_time\" content=\"2026-04-08T00:01:32+00:00\" \/>\n<meta property=\"og:image\" content=\"https:\/\/toys.lt\/wp-content\/uploads\/2025\/05\/57471_static-scaled.png\" \/>\n\t<meta property=\"og:image:width\" content=\"2560\" \/>\n\t<meta property=\"og:image:height\" content=\"1707\" \/>\n\t<meta property=\"og:image:type\" content=\"image\/png\" \/>\n<meta name=\"twitter:card\" content=\"summary_large_image\" \/>\n<script type=\"application\/ld+json\" class=\"yoast-schema-graph\">{\"@context\":\"https:\/\/schema.org\",\"@graph\":[{\"@type\":\"WebPage\",\"@id\":\"https:\/\/toys.lt\/lv\/produktas\/piepusamais-baseins-intex-sea-aquarium-pool-159x159x50cm\/\",\"url\":\"https:\/\/toys.lt\/lv\/produktas\/piepusamais-baseins-intex-sea-aquarium-pool-159x159x50cm\/\",\"name\":\"Piep\u016b\u0161amais baseins INTEX Sea Aquarium Pool 159x159x50cm - Toys.lt\",\"isPartOf\":{\"@id\":\"https:\/\/toys.lt\/lv\/#website\"},\"primaryImageOfPage\":{\"@id\":\"https:\/\/toys.lt\/lv\/produktas\/piepusamais-baseins-intex-sea-aquarium-pool-159x159x50cm\/#primaryimage\"},\"image\":{\"@id\":\"https:\/\/toys.lt\/lv\/produktas\/piepusamais-baseins-intex-sea-aquarium-pool-159x159x50cm\/#primaryimage\"},\"thumbnailUrl\":\"https:\/\/toys.lt\/wp-content\/uploads\/2025\/05\/57471_static-scaled.png\",\"datePublished\":\"2025-05-15T21:31:49+00:00\",\"dateModified\":\"2026-04-08T00:01:32+00:00\",\"breadcrumb\":{\"@id\":\"https:\/\/toys.lt\/lv\/produktas\/piepusamais-baseins-intex-sea-aquarium-pool-159x159x50cm\/#breadcrumb\"},\"inLanguage\":\"lv-LV\",\"potentialAction\":[{\"@type\":\"ReadAction\",\"target\":[\"https:\/\/toys.lt\/lv\/produktas\/piepusamais-baseins-intex-sea-aquarium-pool-159x159x50cm\/\"]}]},{\"@type\":\"ImageObject\",\"inLanguage\":\"lv-LV\",\"@id\":\"https:\/\/toys.lt\/lv\/produktas\/piepusamais-baseins-intex-sea-aquarium-pool-159x159x50cm\/#primaryimage\",\"url\":\"https:\/\/toys.lt\/wp-content\/uploads\/2025\/05\/57471_static-scaled.png\",\"contentUrl\":\"https:\/\/toys.lt\/wp-content\/uploads\/2025\/05\/57471_static-scaled.png\",\"width\":2560,\"height\":1707,\"caption\":\"Baseinas pripu\u010diamas INTEX Sea Aquarium Pool 159x159x50cm\"},{\"@type\":\"BreadcrumbList\",\"@id\":\"https:\/\/toys.lt\/lv\/produktas\/piepusamais-baseins-intex-sea-aquarium-pool-159x159x50cm\/#breadcrumb\",\"itemListElement\":[{\"@type\":\"ListItem\",\"position\":1,\"name\":\"Home\",\"item\":\"https:\/\/toys.lt\/lv\/\"},{\"@type\":\"ListItem\",\"position\":2,\"name\":\"Veikals\",\"item\":\"https:\/\/toys.lt\/lv\/shop\/\"},{\"@type\":\"ListItem\",\"position\":3,\"name\":\"Piep\u016b\u0161amais baseins INTEX Sea Aquarium Pool 159x159x50cm\"}]},{\"@type\":\"WebSite\",\"@id\":\"https:\/\/toys.lt\/lv\/#website\",\"url\":\"https:\/\/toys.lt\/lv\/\",\"name\":\"Toys.lt\",\"description\":\"\",\"potentialAction\":[{\"@type\":\"SearchAction\",\"target\":{\"@type\":\"EntryPoint\",\"urlTemplate\":\"https:\/\/toys.lt\/lv\/?s={search_term_string}\"},\"query-input\":{\"@type\":\"PropertyValueSpecification\",\"valueRequired\":true,\"valueName\":\"search_term_string\"}}],\"inLanguage\":\"lv-LV\"}]}<\/script>\n<!-- \/ Yoast SEO plugin. -->","yoast_head_json":{"title":"Piep\u016b\u0161amais baseins INTEX Sea Aquarium Pool 159x159x50cm - Toys.lt","robots":{"index":"index","follow":"follow","max-snippet":"max-snippet:-1","max-image-preview":"max-image-preview:large","max-video-preview":"max-video-preview:-1"},"canonical":"https:\/\/toys.lt\/lv\/produktas\/piepusamais-baseins-intex-sea-aquarium-pool-159x159x50cm\/","og_locale":"lv_LV","og_type":"article","og_title":"Piep\u016b\u0161amais baseins INTEX Sea Aquarium Pool 159x159x50cm - Toys.lt","og_description":"Produkta veids: baseins Baseina izm\u0113ri: 109 x 163 x 48 cm Iepakojuma izm\u0113ri: 35 x 30 x 10 cm Svars: 3,6 kg \u016adens tilpums: 340 litri Ieteicamais vecums: no 3 gadiem.","og_url":"https:\/\/toys.lt\/lv\/produktas\/piepusamais-baseins-intex-sea-aquarium-pool-159x159x50cm\/","og_site_name":"Toys.lt","article_modified_time":"2026-04-08T00:01:32+00:00","og_image":[{"width":2560,"height":1707,"url":"https:\/\/toys.lt\/wp-content\/uploads\/2025\/05\/57471_static-scaled.png","type":"image\/png"}],"twitter_card":"summary_large_image","schema":{"@context":"https:\/\/schema.org","@graph":[{"@type":"WebPage","@id":"https:\/\/toys.lt\/lv\/produktas\/piepusamais-baseins-intex-sea-aquarium-pool-159x159x50cm\/","url":"https:\/\/toys.lt\/lv\/produktas\/piepusamais-baseins-intex-sea-aquarium-pool-159x159x50cm\/","name":"Piep\u016b\u0161amais baseins INTEX Sea Aquarium Pool 159x159x50cm - Toys.lt","isPartOf":{"@id":"https:\/\/toys.lt\/lv\/#website"},"primaryImageOfPage":{"@id":"https:\/\/toys.lt\/lv\/produktas\/piepusamais-baseins-intex-sea-aquarium-pool-159x159x50cm\/#primaryimage"},"image":{"@id":"https:\/\/toys.lt\/lv\/produktas\/piepusamais-baseins-intex-sea-aquarium-pool-159x159x50cm\/#primaryimage"},"thumbnailUrl":"https:\/\/toys.lt\/wp-content\/uploads\/2025\/05\/57471_static-scaled.png","datePublished":"2025-05-15T21:31:49+00:00","dateModified":"2026-04-08T00:01:32+00:00","breadcrumb":{"@id":"https:\/\/toys.lt\/lv\/produktas\/piepusamais-baseins-intex-sea-aquarium-pool-159x159x50cm\/#breadcrumb"},"inLanguage":"lv-LV","potentialAction":[{"@type":"ReadAction","target":["https:\/\/toys.lt\/lv\/produktas\/piepusamais-baseins-intex-sea-aquarium-pool-159x159x50cm\/"]}]},{"@type":"ImageObject","inLanguage":"lv-LV","@id":"https:\/\/toys.lt\/lv\/produktas\/piepusamais-baseins-intex-sea-aquarium-pool-159x159x50cm\/#primaryimage","url":"https:\/\/toys.lt\/wp-content\/uploads\/2025\/05\/57471_static-scaled.png","contentUrl":"https:\/\/toys.lt\/wp-content\/uploads\/2025\/05\/57471_static-scaled.png","width":2560,"height":1707,"caption":"Baseinas pripu\u010diamas INTEX Sea Aquarium Pool 159x159x50cm"},{"@type":"BreadcrumbList","@id":"https:\/\/toys.lt\/lv\/produktas\/piepusamais-baseins-intex-sea-aquarium-pool-159x159x50cm\/#breadcrumb","itemListElement":[{"@type":"ListItem","position":1,"name":"Home","item":"https:\/\/toys.lt\/lv\/"},{"@type":"ListItem","position":2,"name":"Veikals","item":"https:\/\/toys.lt\/lv\/shop\/"},{"@type":"ListItem","position":3,"name":"Piep\u016b\u0161amais baseins INTEX Sea Aquarium Pool 159x159x50cm"}]},{"@type":"WebSite","@id":"https:\/\/toys.lt\/lv\/#website","url":"https:\/\/toys.lt\/lv\/","name":"Toys.lt","description":"","potentialAction":[{"@type":"SearchAction","target":{"@type":"EntryPoint","urlTemplate":"https:\/\/toys.lt\/lv\/?s={search_term_string}"},"query-input":{"@type":"PropertyValueSpecification","valueRequired":true,"valueName":"search_term_string"}}],"inLanguage":"lv-LV"}]}},"_links":{"self":[{"href":"https:\/\/toys.lt\/lv\/wp-json\/wp\/v2\/product\/41063","targetHints":{"allow":["GET"]}}],"collection":[{"href":"https:\/\/toys.lt\/lv\/wp-json\/wp\/v2\/product"}],"about":[{"href":"https:\/\/toys.lt\/lv\/wp-json\/wp\/v2\/types\/product"}],"replies":[{"embeddable":true,"href":"https:\/\/toys.lt\/lv\/wp-json\/wp\/v2\/comments?post=41063"}],"version-history":[{"count":2,"href":"https:\/\/toys.lt\/lv\/wp-json\/wp\/v2\/product\/41063\/revisions"}],"predecessor-version":[{"id":45674,"href":"https:\/\/toys.lt\/lv\/wp-json\/wp\/v2\/product\/41063\/revisions\/45674"}],"wp:featuredmedia":[{"embeddable":true,"href":"https:\/\/toys.lt\/lv\/wp-json\/wp\/v2\/media\/40550"}],"wp:attachment":[{"href":"https:\/\/toys.lt\/lv\/wp-json\/wp\/v2\/media?parent=41063"}],"wp:term":[{"taxonomy":"product_brand","embeddable":true,"href":"https:\/\/toys.lt\/lv\/wp-json\/wp\/v2\/product_brand?post=41063"},{"taxonomy":"product_cat","embeddable":true,"href":"https:\/\/toys.lt\/lv\/wp-json\/wp\/v2\/product_cat?post=41063"},{"taxonomy":"product_tag","embeddable":true,"href":"https:\/\/toys.lt\/lv\/wp-json\/wp\/v2\/product_tag?post=41063"}],"curies":[{"name":"wp","href":"https:\/\/api.w.org\/{rel}","templated":true}]}}