{"id":41050,"date":"2024-11-28T00:26:49","date_gmt":"2024-11-28T00:26:49","guid":{"rendered":"https:\/\/toys.lt\/produktas\/rotallietu-piramida-gredzeni\/"},"modified":"2026-04-08T00:01:41","modified_gmt":"2026-04-08T00:01:41","slug":"rotallietu-piramida-gredzeni","status":"publish","type":"product","link":"https:\/\/toys.lt\/lv\/produktas\/rotallietu-piramida-gredzeni\/","title":{"rendered":"Rota\u013clietu piram\u012bda &#8211; gredzeni"},"content":{"rendered":"<p><strong>Funkcijas:<\/strong><\/p>\n<ul style=\"list-style-type: square\">\n<li>M\u016b\u017e\u012bg\u0101 klasika<\/li>\n<li>Gaismas un ska\u0146as<\/li>\n<li>Da\u017e\u0101das formas un ko\u0161as kr\u0101sas<\/li>\n<li>Stimul\u0113 b\u0113rna krau\u0161anas un \u0161\u0137iro\u0161anas prasmes, att\u012bsta s\u012bko motoriku un dom\u0101\u0161anu.<\/li>\n<\/ul>\n","protected":false},"excerpt":{"rendered":"<p>Produkta veids: izgl\u012btojo\u0161a rota\u013clieta<\/p>\n<p>Izcelsmes valsts: Ukraina<\/p>\n<p>Iepakojuma izm\u0113ri: 16 x 16 x 27 cm<\/p>\n<p>Piram\u012bdas izm\u0113ri: 14 x 14 x 24 cm<\/p>\n<p>Nepiecie\u0161amie elementi: 3xAAA<\/p>\n<p>Ieteicamais vecums: no 6 m\u0113ne\u0161iem.<\/p>\n","protected":false},"featured_media":40433,"comment_status":"open","ping_status":"closed","template":"","meta":[],"product_brand":[],"product_cat":[1183,1155],"product_tag":[],"class_list":{"0":"post-41050","1":"product","2":"type-product","3":"status-publish","4":"has-post-thumbnail","6":"product_cat-rotallietas-maziem-berniem","7":"product_cat-leti","8":"pa_amziaus-grupe-0-lv","9":"pa_prek-s-tipas-izglitojosas-rotallietas","11":"first","12":"instock","13":"taxable","14":"shipping-taxable","15":"purchasable","16":"product-type-simple"},"yoast_head":"<!-- This site is optimized with the Yoast SEO plugin v26.3 - https:\/\/yoast.com\/wordpress\/plugins\/seo\/ -->\n<title>Rota\u013clietu piram\u012bda - gredzeni - Toys.lt<\/title>\n<meta name=\"robots\" content=\"index, follow, max-snippet:-1, max-image-preview:large, max-video-preview:-1\" \/>\n<link rel=\"canonical\" href=\"https:\/\/toys.lt\/lv\/produktas\/rotallietu-piramida-gredzeni\/\" \/>\n<meta property=\"og:locale\" content=\"lv_LV\" \/>\n<meta property=\"og:type\" content=\"article\" \/>\n<meta property=\"og:title\" content=\"Rota\u013clietu piram\u012bda - gredzeni - Toys.lt\" \/>\n<meta property=\"og:description\" content=\"Produkta veids: izgl\u012btojo\u0161a rota\u013clieta Izcelsmes valsts: Ukraina Iepakojuma izm\u0113ri: 16 x 16 x 27 cm Piram\u012bdas izm\u0113ri: 14 x 14 x 24 cm Nepiecie\u0161amie elementi: 3xAAA Ieteicamais vecums: no 6 m\u0113ne\u0161iem.\" \/>\n<meta property=\"og:url\" content=\"https:\/\/toys.lt\/lv\/produktas\/rotallietu-piramida-gredzeni\/\" \/>\n<meta property=\"og:site_name\" content=\"Toys.lt\" \/>\n<meta property=\"article:modified_time\" content=\"2026-04-08T00:01:41+00:00\" \/>\n<meta property=\"og:image\" content=\"https:\/\/toys.lt\/wp-content\/uploads\/2024\/11\/HE0294-piramide-1.jpg\" \/>\n\t<meta property=\"og:image:width\" content=\"863\" \/>\n\t<meta property=\"og:image:height\" content=\"1413\" \/>\n\t<meta property=\"og:image:type\" content=\"image\/jpeg\" \/>\n<meta name=\"twitter:card\" content=\"summary_large_image\" \/>\n<script type=\"application\/ld+json\" class=\"yoast-schema-graph\">{\"@context\":\"https:\/\/schema.org\",\"@graph\":[{\"@type\":\"WebPage\",\"@id\":\"https:\/\/toys.lt\/lv\/produktas\/rotallietu-piramida-gredzeni\/\",\"url\":\"https:\/\/toys.lt\/lv\/produktas\/rotallietu-piramida-gredzeni\/\",\"name\":\"Rota\u013clietu piram\u012bda - gredzeni - Toys.lt\",\"isPartOf\":{\"@id\":\"https:\/\/toys.lt\/lv\/#website\"},\"primaryImageOfPage\":{\"@id\":\"https:\/\/toys.lt\/lv\/produktas\/rotallietu-piramida-gredzeni\/#primaryimage\"},\"image\":{\"@id\":\"https:\/\/toys.lt\/lv\/produktas\/rotallietu-piramida-gredzeni\/#primaryimage\"},\"thumbnailUrl\":\"https:\/\/toys.lt\/wp-content\/uploads\/2024\/11\/HE0294-piramide-1.jpg\",\"datePublished\":\"2024-11-28T00:26:49+00:00\",\"dateModified\":\"2026-04-08T00:01:41+00:00\",\"breadcrumb\":{\"@id\":\"https:\/\/toys.lt\/lv\/produktas\/rotallietu-piramida-gredzeni\/#breadcrumb\"},\"inLanguage\":\"lv-LV\",\"potentialAction\":[{\"@type\":\"ReadAction\",\"target\":[\"https:\/\/toys.lt\/lv\/produktas\/rotallietu-piramida-gredzeni\/\"]}]},{\"@type\":\"ImageObject\",\"inLanguage\":\"lv-LV\",\"@id\":\"https:\/\/toys.lt\/lv\/produktas\/rotallietu-piramida-gredzeni\/#primaryimage\",\"url\":\"https:\/\/toys.lt\/wp-content\/uploads\/2024\/11\/HE0294-piramide-1.jpg\",\"contentUrl\":\"https:\/\/toys.lt\/wp-content\/uploads\/2024\/11\/HE0294-piramide-1.jpg\",\"width\":863,\"height\":1413,\"caption\":\"\u017daislin\u0117 piramid\u0117 &#8211; \u017eiedai\"},{\"@type\":\"BreadcrumbList\",\"@id\":\"https:\/\/toys.lt\/lv\/produktas\/rotallietu-piramida-gredzeni\/#breadcrumb\",\"itemListElement\":[{\"@type\":\"ListItem\",\"position\":1,\"name\":\"Home\",\"item\":\"https:\/\/toys.lt\/lv\/\"},{\"@type\":\"ListItem\",\"position\":2,\"name\":\"Veikals\",\"item\":\"https:\/\/toys.lt\/lv\/shop\/\"},{\"@type\":\"ListItem\",\"position\":3,\"name\":\"Rota\u013clietu piram\u012bda &#8211; gredzeni\"}]},{\"@type\":\"WebSite\",\"@id\":\"https:\/\/toys.lt\/lv\/#website\",\"url\":\"https:\/\/toys.lt\/lv\/\",\"name\":\"Toys.lt\",\"description\":\"\",\"potentialAction\":[{\"@type\":\"SearchAction\",\"target\":{\"@type\":\"EntryPoint\",\"urlTemplate\":\"https:\/\/toys.lt\/lv\/?s={search_term_string}\"},\"query-input\":{\"@type\":\"PropertyValueSpecification\",\"valueRequired\":true,\"valueName\":\"search_term_string\"}}],\"inLanguage\":\"lv-LV\"}]}<\/script>\n<!-- \/ Yoast SEO plugin. -->","yoast_head_json":{"title":"Rota\u013clietu piram\u012bda - gredzeni - Toys.lt","robots":{"index":"index","follow":"follow","max-snippet":"max-snippet:-1","max-image-preview":"max-image-preview:large","max-video-preview":"max-video-preview:-1"},"canonical":"https:\/\/toys.lt\/lv\/produktas\/rotallietu-piramida-gredzeni\/","og_locale":"lv_LV","og_type":"article","og_title":"Rota\u013clietu piram\u012bda - gredzeni - Toys.lt","og_description":"Produkta veids: izgl\u012btojo\u0161a rota\u013clieta Izcelsmes valsts: Ukraina Iepakojuma izm\u0113ri: 16 x 16 x 27 cm Piram\u012bdas izm\u0113ri: 14 x 14 x 24 cm Nepiecie\u0161amie elementi: 3xAAA Ieteicamais vecums: no 6 m\u0113ne\u0161iem.","og_url":"https:\/\/toys.lt\/lv\/produktas\/rotallietu-piramida-gredzeni\/","og_site_name":"Toys.lt","article_modified_time":"2026-04-08T00:01:41+00:00","og_image":[{"width":863,"height":1413,"url":"https:\/\/toys.lt\/wp-content\/uploads\/2024\/11\/HE0294-piramide-1.jpg","type":"image\/jpeg"}],"twitter_card":"summary_large_image","schema":{"@context":"https:\/\/schema.org","@graph":[{"@type":"WebPage","@id":"https:\/\/toys.lt\/lv\/produktas\/rotallietu-piramida-gredzeni\/","url":"https:\/\/toys.lt\/lv\/produktas\/rotallietu-piramida-gredzeni\/","name":"Rota\u013clietu piram\u012bda - gredzeni - Toys.lt","isPartOf":{"@id":"https:\/\/toys.lt\/lv\/#website"},"primaryImageOfPage":{"@id":"https:\/\/toys.lt\/lv\/produktas\/rotallietu-piramida-gredzeni\/#primaryimage"},"image":{"@id":"https:\/\/toys.lt\/lv\/produktas\/rotallietu-piramida-gredzeni\/#primaryimage"},"thumbnailUrl":"https:\/\/toys.lt\/wp-content\/uploads\/2024\/11\/HE0294-piramide-1.jpg","datePublished":"2024-11-28T00:26:49+00:00","dateModified":"2026-04-08T00:01:41+00:00","breadcrumb":{"@id":"https:\/\/toys.lt\/lv\/produktas\/rotallietu-piramida-gredzeni\/#breadcrumb"},"inLanguage":"lv-LV","potentialAction":[{"@type":"ReadAction","target":["https:\/\/toys.lt\/lv\/produktas\/rotallietu-piramida-gredzeni\/"]}]},{"@type":"ImageObject","inLanguage":"lv-LV","@id":"https:\/\/toys.lt\/lv\/produktas\/rotallietu-piramida-gredzeni\/#primaryimage","url":"https:\/\/toys.lt\/wp-content\/uploads\/2024\/11\/HE0294-piramide-1.jpg","contentUrl":"https:\/\/toys.lt\/wp-content\/uploads\/2024\/11\/HE0294-piramide-1.jpg","width":863,"height":1413,"caption":"\u017daislin\u0117 piramid\u0117 &#8211; \u017eiedai"},{"@type":"BreadcrumbList","@id":"https:\/\/toys.lt\/lv\/produktas\/rotallietu-piramida-gredzeni\/#breadcrumb","itemListElement":[{"@type":"ListItem","position":1,"name":"Home","item":"https:\/\/toys.lt\/lv\/"},{"@type":"ListItem","position":2,"name":"Veikals","item":"https:\/\/toys.lt\/lv\/shop\/"},{"@type":"ListItem","position":3,"name":"Rota\u013clietu piram\u012bda &#8211; gredzeni"}]},{"@type":"WebSite","@id":"https:\/\/toys.lt\/lv\/#website","url":"https:\/\/toys.lt\/lv\/","name":"Toys.lt","description":"","potentialAction":[{"@type":"SearchAction","target":{"@type":"EntryPoint","urlTemplate":"https:\/\/toys.lt\/lv\/?s={search_term_string}"},"query-input":{"@type":"PropertyValueSpecification","valueRequired":true,"valueName":"search_term_string"}}],"inLanguage":"lv-LV"}]}},"_links":{"self":[{"href":"https:\/\/toys.lt\/lv\/wp-json\/wp\/v2\/product\/41050","targetHints":{"allow":["GET"]}}],"collection":[{"href":"https:\/\/toys.lt\/lv\/wp-json\/wp\/v2\/product"}],"about":[{"href":"https:\/\/toys.lt\/lv\/wp-json\/wp\/v2\/types\/product"}],"replies":[{"embeddable":true,"href":"https:\/\/toys.lt\/lv\/wp-json\/wp\/v2\/comments?post=41050"}],"version-history":[{"count":2,"href":"https:\/\/toys.lt\/lv\/wp-json\/wp\/v2\/product\/41050\/revisions"}],"predecessor-version":[{"id":45759,"href":"https:\/\/toys.lt\/lv\/wp-json\/wp\/v2\/product\/41050\/revisions\/45759"}],"wp:featuredmedia":[{"embeddable":true,"href":"https:\/\/toys.lt\/lv\/wp-json\/wp\/v2\/media\/40433"}],"wp:attachment":[{"href":"https:\/\/toys.lt\/lv\/wp-json\/wp\/v2\/media?parent=41050"}],"wp:term":[{"taxonomy":"product_brand","embeddable":true,"href":"https:\/\/toys.lt\/lv\/wp-json\/wp\/v2\/product_brand?post=41050"},{"taxonomy":"product_cat","embeddable":true,"href":"https:\/\/toys.lt\/lv\/wp-json\/wp\/v2\/product_cat?post=41050"},{"taxonomy":"product_tag","embeddable":true,"href":"https:\/\/toys.lt\/lv\/wp-json\/wp\/v2\/product_tag?post=41050"}],"curies":[{"name":"wp","href":"https:\/\/api.w.org\/{rel}","templated":true}]}}