{"id":41043,"date":"2024-11-28T00:59:53","date_gmt":"2024-11-28T00:59:53","guid":{"rendered":"https:\/\/toys.lt\/produktas\/bernu-gultinas-rotallieta-piekaramais-muzikalais-karuselis-ar-projektoru\/"},"modified":"2026-04-08T00:01:41","modified_gmt":"2026-04-08T00:01:41","slug":"bernu-gultinas-rotallieta-piekaramais-muzikalais-karuselis-ar-projektoru","status":"publish","type":"product","link":"https:\/\/toys.lt\/lv\/produktas\/bernu-gultinas-rotallieta-piekaramais-muzikalais-karuselis-ar-projektoru\/","title":{"rendered":"B\u0113rnu gulti\u0146as rota\u013clieta &#8211; piekaramais muzik\u0101lais karuselis ar projektoru"},"content":{"rendered":"<p><strong>Funkcijas:<\/strong><\/p>\n<ul style=\"list-style-type: square\">\n<li>Piekarin\u0101m\u0101 rota\u013clieta ar pievilc\u012bgu izskatu mazulim<\/li>\n<li>Spilgtas kr\u0101sas<\/li>\n<li>4 pl\u012b\u0161a rota\u013clietas<\/li>\n<li>\u0112rti iek\u013caujas virs b\u0113rnu gulti\u0146as<\/li>\n<li>M\u016bzika (nomierino\u0161a, dabas ska\u0146as, \u0161\u016bpu\u013cdziesma)<\/li>\n<li>360 gr\u0101du rot\u0101cija<\/li>\n<li>Zvaig\u017e\u0146ot\u0101s debess nakts projektors<\/li>\n<li>Regul\u0113jams ar t\u0101lvad\u012bbas pulti<\/li>\n<\/ul>\n","protected":false},"excerpt":{"rendered":"<p>Izcelsmes valsts: \u0136\u012bna<\/p>\n<p>Iepakojuma izm\u0113ri: 41 x 26 x 11 cm<\/p>\n<p>Karuse\u013ca izm\u0113ri: 50 x 48 cm<\/p>\n<p>Ieteicamais vecums: no 0 gadiem<\/p>\n<p>Nepiecie\u0161amie elementi: 3 x AAA + 2AA.<\/p>\n","protected":false},"featured_media":40439,"comment_status":"open","ping_status":"closed","template":"","meta":[],"product_brand":[],"product_cat":[1182,1183,1155],"product_tag":[],"class_list":{"0":"post-41043","1":"product","2":"type-product","3":"status-publish","4":"has-post-thumbnail","6":"product_cat-muzikalas-rotallietas","7":"product_cat-rotallietas-maziem-berniem","8":"product_cat-leti","9":"pa_amziaus-grupe-0-lv","11":"first","12":"instock","13":"taxable","14":"shipping-taxable","15":"purchasable","16":"product-type-simple"},"yoast_head":"<!-- This site is optimized with the Yoast SEO plugin v26.3 - https:\/\/yoast.com\/wordpress\/plugins\/seo\/ -->\n<title>B\u0113rnu gulti\u0146as rota\u013clieta - piekaramais muzik\u0101lais karuselis ar projektoru - Toys.lt<\/title>\n<meta name=\"robots\" content=\"index, follow, max-snippet:-1, max-image-preview:large, max-video-preview:-1\" \/>\n<link rel=\"canonical\" href=\"https:\/\/toys.lt\/lv\/produktas\/bernu-gultinas-rotallieta-piekaramais-muzikalais-karuselis-ar-projektoru\/\" \/>\n<meta property=\"og:locale\" content=\"lv_LV\" \/>\n<meta property=\"og:type\" content=\"article\" \/>\n<meta property=\"og:title\" content=\"B\u0113rnu gulti\u0146as rota\u013clieta - piekaramais muzik\u0101lais karuselis ar projektoru - Toys.lt\" \/>\n<meta property=\"og:description\" content=\"Izcelsmes valsts: \u0136\u012bna Iepakojuma izm\u0113ri: 41 x 26 x 11 cm Karuse\u013ca izm\u0113ri: 50 x 48 cm Ieteicamais vecums: no 0 gadiem Nepiecie\u0161amie elementi: 3 x AAA + 2AA.\" \/>\n<meta property=\"og:url\" content=\"https:\/\/toys.lt\/lv\/produktas\/bernu-gultinas-rotallieta-piekaramais-muzikalais-karuselis-ar-projektoru\/\" \/>\n<meta property=\"og:site_name\" content=\"Toys.lt\" \/>\n<meta property=\"article:modified_time\" content=\"2026-04-08T00:01:41+00:00\" \/>\n<meta property=\"og:image\" content=\"https:\/\/toys.lt\/wp-content\/uploads\/2024\/11\/HE0304-karusele-1.jpg\" \/>\n\t<meta property=\"og:image:width\" content=\"1000\" \/>\n\t<meta property=\"og:image:height\" content=\"1000\" \/>\n\t<meta property=\"og:image:type\" content=\"image\/jpeg\" \/>\n<meta name=\"twitter:card\" content=\"summary_large_image\" \/>\n<script type=\"application\/ld+json\" class=\"yoast-schema-graph\">{\"@context\":\"https:\/\/schema.org\",\"@graph\":[{\"@type\":\"WebPage\",\"@id\":\"https:\/\/toys.lt\/lv\/produktas\/bernu-gultinas-rotallieta-piekaramais-muzikalais-karuselis-ar-projektoru\/\",\"url\":\"https:\/\/toys.lt\/lv\/produktas\/bernu-gultinas-rotallieta-piekaramais-muzikalais-karuselis-ar-projektoru\/\",\"name\":\"B\u0113rnu gulti\u0146as rota\u013clieta - piekaramais muzik\u0101lais karuselis ar projektoru - Toys.lt\",\"isPartOf\":{\"@id\":\"https:\/\/toys.lt\/lv\/#website\"},\"primaryImageOfPage\":{\"@id\":\"https:\/\/toys.lt\/lv\/produktas\/bernu-gultinas-rotallieta-piekaramais-muzikalais-karuselis-ar-projektoru\/#primaryimage\"},\"image\":{\"@id\":\"https:\/\/toys.lt\/lv\/produktas\/bernu-gultinas-rotallieta-piekaramais-muzikalais-karuselis-ar-projektoru\/#primaryimage\"},\"thumbnailUrl\":\"https:\/\/toys.lt\/wp-content\/uploads\/2024\/11\/HE0304-karusele-1.jpg\",\"datePublished\":\"2024-11-28T00:59:53+00:00\",\"dateModified\":\"2026-04-08T00:01:41+00:00\",\"breadcrumb\":{\"@id\":\"https:\/\/toys.lt\/lv\/produktas\/bernu-gultinas-rotallieta-piekaramais-muzikalais-karuselis-ar-projektoru\/#breadcrumb\"},\"inLanguage\":\"lv-LV\",\"potentialAction\":[{\"@type\":\"ReadAction\",\"target\":[\"https:\/\/toys.lt\/lv\/produktas\/bernu-gultinas-rotallieta-piekaramais-muzikalais-karuselis-ar-projektoru\/\"]}]},{\"@type\":\"ImageObject\",\"inLanguage\":\"lv-LV\",\"@id\":\"https:\/\/toys.lt\/lv\/produktas\/bernu-gultinas-rotallieta-piekaramais-muzikalais-karuselis-ar-projektoru\/#primaryimage\",\"url\":\"https:\/\/toys.lt\/wp-content\/uploads\/2024\/11\/HE0304-karusele-1.jpg\",\"contentUrl\":\"https:\/\/toys.lt\/wp-content\/uploads\/2024\/11\/HE0304-karusele-1.jpg\",\"width\":1000,\"height\":1000,\"caption\":\"Lovyt\u0117s \u017eaislas &#8211; pakabinama muzikin\u0117 karusel\u0117 su projektoriumi\"},{\"@type\":\"BreadcrumbList\",\"@id\":\"https:\/\/toys.lt\/lv\/produktas\/bernu-gultinas-rotallieta-piekaramais-muzikalais-karuselis-ar-projektoru\/#breadcrumb\",\"itemListElement\":[{\"@type\":\"ListItem\",\"position\":1,\"name\":\"Home\",\"item\":\"https:\/\/toys.lt\/lv\/\"},{\"@type\":\"ListItem\",\"position\":2,\"name\":\"Veikals\",\"item\":\"https:\/\/toys.lt\/lv\/shop\/\"},{\"@type\":\"ListItem\",\"position\":3,\"name\":\"B\u0113rnu gulti\u0146as rota\u013clieta &#8211; piekaramais muzik\u0101lais karuselis ar projektoru\"}]},{\"@type\":\"WebSite\",\"@id\":\"https:\/\/toys.lt\/lv\/#website\",\"url\":\"https:\/\/toys.lt\/lv\/\",\"name\":\"Toys.lt\",\"description\":\"\",\"potentialAction\":[{\"@type\":\"SearchAction\",\"target\":{\"@type\":\"EntryPoint\",\"urlTemplate\":\"https:\/\/toys.lt\/lv\/?s={search_term_string}\"},\"query-input\":{\"@type\":\"PropertyValueSpecification\",\"valueRequired\":true,\"valueName\":\"search_term_string\"}}],\"inLanguage\":\"lv-LV\"}]}<\/script>\n<!-- \/ Yoast SEO plugin. -->","yoast_head_json":{"title":"B\u0113rnu gulti\u0146as rota\u013clieta - piekaramais muzik\u0101lais karuselis ar projektoru - Toys.lt","robots":{"index":"index","follow":"follow","max-snippet":"max-snippet:-1","max-image-preview":"max-image-preview:large","max-video-preview":"max-video-preview:-1"},"canonical":"https:\/\/toys.lt\/lv\/produktas\/bernu-gultinas-rotallieta-piekaramais-muzikalais-karuselis-ar-projektoru\/","og_locale":"lv_LV","og_type":"article","og_title":"B\u0113rnu gulti\u0146as rota\u013clieta - piekaramais muzik\u0101lais karuselis ar projektoru - Toys.lt","og_description":"Izcelsmes valsts: \u0136\u012bna Iepakojuma izm\u0113ri: 41 x 26 x 11 cm Karuse\u013ca izm\u0113ri: 50 x 48 cm Ieteicamais vecums: no 0 gadiem Nepiecie\u0161amie elementi: 3 x AAA + 2AA.","og_url":"https:\/\/toys.lt\/lv\/produktas\/bernu-gultinas-rotallieta-piekaramais-muzikalais-karuselis-ar-projektoru\/","og_site_name":"Toys.lt","article_modified_time":"2026-04-08T00:01:41+00:00","og_image":[{"width":1000,"height":1000,"url":"https:\/\/toys.lt\/wp-content\/uploads\/2024\/11\/HE0304-karusele-1.jpg","type":"image\/jpeg"}],"twitter_card":"summary_large_image","schema":{"@context":"https:\/\/schema.org","@graph":[{"@type":"WebPage","@id":"https:\/\/toys.lt\/lv\/produktas\/bernu-gultinas-rotallieta-piekaramais-muzikalais-karuselis-ar-projektoru\/","url":"https:\/\/toys.lt\/lv\/produktas\/bernu-gultinas-rotallieta-piekaramais-muzikalais-karuselis-ar-projektoru\/","name":"B\u0113rnu gulti\u0146as rota\u013clieta - piekaramais muzik\u0101lais karuselis ar projektoru - Toys.lt","isPartOf":{"@id":"https:\/\/toys.lt\/lv\/#website"},"primaryImageOfPage":{"@id":"https:\/\/toys.lt\/lv\/produktas\/bernu-gultinas-rotallieta-piekaramais-muzikalais-karuselis-ar-projektoru\/#primaryimage"},"image":{"@id":"https:\/\/toys.lt\/lv\/produktas\/bernu-gultinas-rotallieta-piekaramais-muzikalais-karuselis-ar-projektoru\/#primaryimage"},"thumbnailUrl":"https:\/\/toys.lt\/wp-content\/uploads\/2024\/11\/HE0304-karusele-1.jpg","datePublished":"2024-11-28T00:59:53+00:00","dateModified":"2026-04-08T00:01:41+00:00","breadcrumb":{"@id":"https:\/\/toys.lt\/lv\/produktas\/bernu-gultinas-rotallieta-piekaramais-muzikalais-karuselis-ar-projektoru\/#breadcrumb"},"inLanguage":"lv-LV","potentialAction":[{"@type":"ReadAction","target":["https:\/\/toys.lt\/lv\/produktas\/bernu-gultinas-rotallieta-piekaramais-muzikalais-karuselis-ar-projektoru\/"]}]},{"@type":"ImageObject","inLanguage":"lv-LV","@id":"https:\/\/toys.lt\/lv\/produktas\/bernu-gultinas-rotallieta-piekaramais-muzikalais-karuselis-ar-projektoru\/#primaryimage","url":"https:\/\/toys.lt\/wp-content\/uploads\/2024\/11\/HE0304-karusele-1.jpg","contentUrl":"https:\/\/toys.lt\/wp-content\/uploads\/2024\/11\/HE0304-karusele-1.jpg","width":1000,"height":1000,"caption":"Lovyt\u0117s \u017eaislas &#8211; pakabinama muzikin\u0117 karusel\u0117 su projektoriumi"},{"@type":"BreadcrumbList","@id":"https:\/\/toys.lt\/lv\/produktas\/bernu-gultinas-rotallieta-piekaramais-muzikalais-karuselis-ar-projektoru\/#breadcrumb","itemListElement":[{"@type":"ListItem","position":1,"name":"Home","item":"https:\/\/toys.lt\/lv\/"},{"@type":"ListItem","position":2,"name":"Veikals","item":"https:\/\/toys.lt\/lv\/shop\/"},{"@type":"ListItem","position":3,"name":"B\u0113rnu gulti\u0146as rota\u013clieta &#8211; piekaramais muzik\u0101lais karuselis ar projektoru"}]},{"@type":"WebSite","@id":"https:\/\/toys.lt\/lv\/#website","url":"https:\/\/toys.lt\/lv\/","name":"Toys.lt","description":"","potentialAction":[{"@type":"SearchAction","target":{"@type":"EntryPoint","urlTemplate":"https:\/\/toys.lt\/lv\/?s={search_term_string}"},"query-input":{"@type":"PropertyValueSpecification","valueRequired":true,"valueName":"search_term_string"}}],"inLanguage":"lv-LV"}]}},"_links":{"self":[{"href":"https:\/\/toys.lt\/lv\/wp-json\/wp\/v2\/product\/41043","targetHints":{"allow":["GET"]}}],"collection":[{"href":"https:\/\/toys.lt\/lv\/wp-json\/wp\/v2\/product"}],"about":[{"href":"https:\/\/toys.lt\/lv\/wp-json\/wp\/v2\/types\/product"}],"replies":[{"embeddable":true,"href":"https:\/\/toys.lt\/lv\/wp-json\/wp\/v2\/comments?post=41043"}],"version-history":[{"count":2,"href":"https:\/\/toys.lt\/lv\/wp-json\/wp\/v2\/product\/41043\/revisions"}],"predecessor-version":[{"id":45762,"href":"https:\/\/toys.lt\/lv\/wp-json\/wp\/v2\/product\/41043\/revisions\/45762"}],"wp:featuredmedia":[{"embeddable":true,"href":"https:\/\/toys.lt\/lv\/wp-json\/wp\/v2\/media\/40439"}],"wp:attachment":[{"href":"https:\/\/toys.lt\/lv\/wp-json\/wp\/v2\/media?parent=41043"}],"wp:term":[{"taxonomy":"product_brand","embeddable":true,"href":"https:\/\/toys.lt\/lv\/wp-json\/wp\/v2\/product_brand?post=41043"},{"taxonomy":"product_cat","embeddable":true,"href":"https:\/\/toys.lt\/lv\/wp-json\/wp\/v2\/product_cat?post=41043"},{"taxonomy":"product_tag","embeddable":true,"href":"https:\/\/toys.lt\/lv\/wp-json\/wp\/v2\/product_tag?post=41043"}],"curies":[{"name":"wp","href":"https:\/\/api.w.org\/{rel}","templated":true}]}}