{"id":41021,"date":"2025-06-17T20:24:22","date_gmt":"2025-06-17T20:24:22","guid":{"rendered":"https:\/\/toys.lt\/produktas\/rotallietas-klavieres\/"},"modified":"2026-04-08T00:01:25","modified_gmt":"2026-04-08T00:01:25","slug":"rotallietas-klavieres","status":"publish","type":"product","link":"https:\/\/toys.lt\/lv\/produktas\/rotallietas-klavieres\/","title":{"rendered":"Rota\u013clietas klavieres"},"content":{"rendered":"<p><strong>Funkcijas:<\/strong><\/p>\n<ul style=\"list-style-type: square;\">\n<li>Klavieru izm\u0113ri 54 x 4 x 19 cm<\/li>\n<li>29 tausti\u0146i<\/li>\n<li>10 m\u016bzikas ieraksti<\/li>\n<li>Regul\u0113jama ska\u0146a<\/li>\n<li>USB savienot\u0101js<\/li>\n<li>Ierakst\u012b\u0161anas funkcija. Var atska\u0146ot ierakst\u012btu m\u016bziku <\/li>\n<li>Pozit\u012bvu roku prasmju att\u012bst\u012b\u0161ana, sensor\u0101s sp\u0113jas<\/li>\n<li>Darbina ar baterij\u0101m (3xAA) vai USB kabeli<\/li>\n<\/ul>\n","protected":false},"excerpt":{"rendered":"<p>Produkta veids: muzik\u0101ls\/izgl\u012btojo\u0161s<\/p>\n<p>Izcelsmes valsts: \u0136\u012bna<\/p>\n<p>Iepakojuma izm\u0113ri: 60 x 8 x 22 cm<\/p>\n<p>Ieteicamais vecums: 3 gadi un vec\u0101ki<\/p>\n<p>Elementi: 3 x AA.<\/p>\n","protected":false},"featured_media":40633,"comment_status":"open","ping_status":"closed","template":"","meta":[],"product_brand":[],"product_cat":[1182,1155],"product_tag":[],"class_list":{"0":"post-41021","1":"product","2":"type-product","3":"status-publish","4":"has-post-thumbnail","6":"product_cat-muzikalas-rotallietas","7":"product_cat-leti","8":"pa_prek-s-tipas-bernu-instrumenti","10":"first","11":"instock","12":"sale","13":"taxable","14":"shipping-taxable","15":"purchasable","16":"product-type-simple"},"yoast_head":"<!-- This site is optimized with the Yoast SEO plugin v26.3 - https:\/\/yoast.com\/wordpress\/plugins\/seo\/ -->\n<title>Rota\u013clietas klavieres - Toys.lt<\/title>\n<meta name=\"robots\" content=\"index, follow, max-snippet:-1, max-image-preview:large, max-video-preview:-1\" \/>\n<link rel=\"canonical\" href=\"https:\/\/toys.lt\/lv\/produktas\/rotallietas-klavieres\/\" \/>\n<meta property=\"og:locale\" content=\"lv_LV\" \/>\n<meta property=\"og:type\" content=\"article\" \/>\n<meta property=\"og:title\" content=\"Rota\u013clietas klavieres - Toys.lt\" \/>\n<meta property=\"og:description\" content=\"Produkta veids: muzik\u0101ls\/izgl\u012btojo\u0161s Izcelsmes valsts: \u0136\u012bna Iepakojuma izm\u0113ri: 60 x 8 x 22 cm Ieteicamais vecums: 3 gadi un vec\u0101ki Elementi: 3 x AA.\" \/>\n<meta property=\"og:url\" content=\"https:\/\/toys.lt\/lv\/produktas\/rotallietas-klavieres\/\" \/>\n<meta property=\"og:site_name\" content=\"Toys.lt\" \/>\n<meta property=\"article:modified_time\" content=\"2026-04-08T00:01:25+00:00\" \/>\n<meta property=\"og:image\" content=\"https:\/\/toys.lt\/wp-content\/uploads\/2025\/06\/Q-902-scaled.jpg\" \/>\n\t<meta property=\"og:image:width\" content=\"2498\" \/>\n\t<meta property=\"og:image:height\" content=\"2560\" \/>\n\t<meta property=\"og:image:type\" content=\"image\/jpeg\" \/>\n<meta name=\"twitter:card\" content=\"summary_large_image\" \/>\n<script type=\"application\/ld+json\" class=\"yoast-schema-graph\">{\"@context\":\"https:\/\/schema.org\",\"@graph\":[{\"@type\":\"WebPage\",\"@id\":\"https:\/\/toys.lt\/lv\/produktas\/rotallietas-klavieres\/\",\"url\":\"https:\/\/toys.lt\/lv\/produktas\/rotallietas-klavieres\/\",\"name\":\"Rota\u013clietas klavieres - Toys.lt\",\"isPartOf\":{\"@id\":\"https:\/\/toys.lt\/lv\/#website\"},\"primaryImageOfPage\":{\"@id\":\"https:\/\/toys.lt\/lv\/produktas\/rotallietas-klavieres\/#primaryimage\"},\"image\":{\"@id\":\"https:\/\/toys.lt\/lv\/produktas\/rotallietas-klavieres\/#primaryimage\"},\"thumbnailUrl\":\"https:\/\/toys.lt\/wp-content\/uploads\/2025\/06\/Q-902-scaled.jpg\",\"datePublished\":\"2025-06-17T20:24:22+00:00\",\"dateModified\":\"2026-04-08T00:01:25+00:00\",\"breadcrumb\":{\"@id\":\"https:\/\/toys.lt\/lv\/produktas\/rotallietas-klavieres\/#breadcrumb\"},\"inLanguage\":\"lv-LV\",\"potentialAction\":[{\"@type\":\"ReadAction\",\"target\":[\"https:\/\/toys.lt\/lv\/produktas\/rotallietas-klavieres\/\"]}]},{\"@type\":\"ImageObject\",\"inLanguage\":\"lv-LV\",\"@id\":\"https:\/\/toys.lt\/lv\/produktas\/rotallietas-klavieres\/#primaryimage\",\"url\":\"https:\/\/toys.lt\/wp-content\/uploads\/2025\/06\/Q-902-scaled.jpg\",\"contentUrl\":\"https:\/\/toys.lt\/wp-content\/uploads\/2025\/06\/Q-902-scaled.jpg\",\"width\":2498,\"height\":2560,\"caption\":\"\u017daislinis pianinas\"},{\"@type\":\"BreadcrumbList\",\"@id\":\"https:\/\/toys.lt\/lv\/produktas\/rotallietas-klavieres\/#breadcrumb\",\"itemListElement\":[{\"@type\":\"ListItem\",\"position\":1,\"name\":\"Home\",\"item\":\"https:\/\/toys.lt\/lv\/\"},{\"@type\":\"ListItem\",\"position\":2,\"name\":\"Veikals\",\"item\":\"https:\/\/toys.lt\/lv\/shop\/\"},{\"@type\":\"ListItem\",\"position\":3,\"name\":\"Rota\u013clietas klavieres\"}]},{\"@type\":\"WebSite\",\"@id\":\"https:\/\/toys.lt\/lv\/#website\",\"url\":\"https:\/\/toys.lt\/lv\/\",\"name\":\"Toys.lt\",\"description\":\"\",\"potentialAction\":[{\"@type\":\"SearchAction\",\"target\":{\"@type\":\"EntryPoint\",\"urlTemplate\":\"https:\/\/toys.lt\/lv\/?s={search_term_string}\"},\"query-input\":{\"@type\":\"PropertyValueSpecification\",\"valueRequired\":true,\"valueName\":\"search_term_string\"}}],\"inLanguage\":\"lv-LV\"}]}<\/script>\n<!-- \/ Yoast SEO plugin. -->","yoast_head_json":{"title":"Rota\u013clietas klavieres - Toys.lt","robots":{"index":"index","follow":"follow","max-snippet":"max-snippet:-1","max-image-preview":"max-image-preview:large","max-video-preview":"max-video-preview:-1"},"canonical":"https:\/\/toys.lt\/lv\/produktas\/rotallietas-klavieres\/","og_locale":"lv_LV","og_type":"article","og_title":"Rota\u013clietas klavieres - Toys.lt","og_description":"Produkta veids: muzik\u0101ls\/izgl\u012btojo\u0161s Izcelsmes valsts: \u0136\u012bna Iepakojuma izm\u0113ri: 60 x 8 x 22 cm Ieteicamais vecums: 3 gadi un vec\u0101ki Elementi: 3 x AA.","og_url":"https:\/\/toys.lt\/lv\/produktas\/rotallietas-klavieres\/","og_site_name":"Toys.lt","article_modified_time":"2026-04-08T00:01:25+00:00","og_image":[{"width":2498,"height":2560,"url":"https:\/\/toys.lt\/wp-content\/uploads\/2025\/06\/Q-902-scaled.jpg","type":"image\/jpeg"}],"twitter_card":"summary_large_image","schema":{"@context":"https:\/\/schema.org","@graph":[{"@type":"WebPage","@id":"https:\/\/toys.lt\/lv\/produktas\/rotallietas-klavieres\/","url":"https:\/\/toys.lt\/lv\/produktas\/rotallietas-klavieres\/","name":"Rota\u013clietas klavieres - Toys.lt","isPartOf":{"@id":"https:\/\/toys.lt\/lv\/#website"},"primaryImageOfPage":{"@id":"https:\/\/toys.lt\/lv\/produktas\/rotallietas-klavieres\/#primaryimage"},"image":{"@id":"https:\/\/toys.lt\/lv\/produktas\/rotallietas-klavieres\/#primaryimage"},"thumbnailUrl":"https:\/\/toys.lt\/wp-content\/uploads\/2025\/06\/Q-902-scaled.jpg","datePublished":"2025-06-17T20:24:22+00:00","dateModified":"2026-04-08T00:01:25+00:00","breadcrumb":{"@id":"https:\/\/toys.lt\/lv\/produktas\/rotallietas-klavieres\/#breadcrumb"},"inLanguage":"lv-LV","potentialAction":[{"@type":"ReadAction","target":["https:\/\/toys.lt\/lv\/produktas\/rotallietas-klavieres\/"]}]},{"@type":"ImageObject","inLanguage":"lv-LV","@id":"https:\/\/toys.lt\/lv\/produktas\/rotallietas-klavieres\/#primaryimage","url":"https:\/\/toys.lt\/wp-content\/uploads\/2025\/06\/Q-902-scaled.jpg","contentUrl":"https:\/\/toys.lt\/wp-content\/uploads\/2025\/06\/Q-902-scaled.jpg","width":2498,"height":2560,"caption":"\u017daislinis pianinas"},{"@type":"BreadcrumbList","@id":"https:\/\/toys.lt\/lv\/produktas\/rotallietas-klavieres\/#breadcrumb","itemListElement":[{"@type":"ListItem","position":1,"name":"Home","item":"https:\/\/toys.lt\/lv\/"},{"@type":"ListItem","position":2,"name":"Veikals","item":"https:\/\/toys.lt\/lv\/shop\/"},{"@type":"ListItem","position":3,"name":"Rota\u013clietas klavieres"}]},{"@type":"WebSite","@id":"https:\/\/toys.lt\/lv\/#website","url":"https:\/\/toys.lt\/lv\/","name":"Toys.lt","description":"","potentialAction":[{"@type":"SearchAction","target":{"@type":"EntryPoint","urlTemplate":"https:\/\/toys.lt\/lv\/?s={search_term_string}"},"query-input":{"@type":"PropertyValueSpecification","valueRequired":true,"valueName":"search_term_string"}}],"inLanguage":"lv-LV"}]}},"_links":{"self":[{"href":"https:\/\/toys.lt\/lv\/wp-json\/wp\/v2\/product\/41021","targetHints":{"allow":["GET"]}}],"collection":[{"href":"https:\/\/toys.lt\/lv\/wp-json\/wp\/v2\/product"}],"about":[{"href":"https:\/\/toys.lt\/lv\/wp-json\/wp\/v2\/types\/product"}],"replies":[{"embeddable":true,"href":"https:\/\/toys.lt\/lv\/wp-json\/wp\/v2\/comments?post=41021"}],"version-history":[{"count":1,"href":"https:\/\/toys.lt\/lv\/wp-json\/wp\/v2\/product\/41021\/revisions"}],"predecessor-version":[{"id":41023,"href":"https:\/\/toys.lt\/lv\/wp-json\/wp\/v2\/product\/41021\/revisions\/41023"}],"wp:featuredmedia":[{"embeddable":true,"href":"https:\/\/toys.lt\/lv\/wp-json\/wp\/v2\/media\/40633"}],"wp:attachment":[{"href":"https:\/\/toys.lt\/lv\/wp-json\/wp\/v2\/media?parent=41021"}],"wp:term":[{"taxonomy":"product_brand","embeddable":true,"href":"https:\/\/toys.lt\/lv\/wp-json\/wp\/v2\/product_brand?post=41021"},{"taxonomy":"product_cat","embeddable":true,"href":"https:\/\/toys.lt\/lv\/wp-json\/wp\/v2\/product_cat?post=41021"},{"taxonomy":"product_tag","embeddable":true,"href":"https:\/\/toys.lt\/lv\/wp-json\/wp\/v2\/product_tag?post=41021"}],"curies":[{"name":"wp","href":"https:\/\/api.w.org\/{rel}","templated":true}]}}