{"id":41014,"date":"2025-05-29T19:37:48","date_gmt":"2025-05-29T19:37:48","guid":{"rendered":"https:\/\/toys.lt\/produktas\/lauku-dzivnieku-komplekts-2\/"},"modified":"2026-04-08T00:01:29","modified_gmt":"2026-04-08T00:01:29","slug":"lauku-dzivnieku-komplekts-2","status":"publish","type":"product","link":"https:\/\/toys.lt\/lv\/produktas\/lauku-dzivnieku-komplekts-2\/","title":{"rendered":"Lauku dz\u012bvnieku komplekts"},"content":{"rendered":"<p><strong>Komplekt\u0101 ietilpst:<\/strong><\/p>\n<ul style=\"list-style-type: square\">\n<li>8 da\u017e\u0101di dz\u012bvnieki un putni<\/li>\n<li>Citi piederumi<\/li>\n<\/ul>\n<p><strong>Funkcijas:<\/strong><\/p>\n<ul style=\"list-style-type: square\">\n<li>Piem\u0113rots izgl\u012btojo\u0161\u0101m sp\u0113l\u0113m<\/li>\n<li>Augstas kvalit\u0101tes un dro\u0161a b\u0113rniem<\/li>\n<\/ul>\n<p>&nbsp;<\/p>\n","protected":false},"excerpt":{"rendered":"<p>Produkta veids: fig\u016bri\u0146as<\/p>\n<p>Izcelsmes valsts: \u0136\u012bna<\/p>\n<p>Iepakojuma izm\u0113ri: 13 x 6 x 27 cm<\/p>\n<p>Ieteicamais vecums: no 3 gadiem.<\/p>\n","protected":false},"featured_media":40583,"comment_status":"open","ping_status":"closed","template":"","meta":[],"product_brand":[],"product_cat":[1180,1176,1190,1406],"product_tag":[],"class_list":{"0":"post-41014","1":"product","2":"type-product","3":"status-publish","4":"has-post-thumbnail","6":"product_cat-rotallietas-meitenem","7":"product_cat-rotallietas-zeniem","8":"product_cat-skaitli","9":"product_cat-letakais","10":"pa_amziaus-grupe-3-lv","12":"first","13":"instock","14":"taxable","15":"shipping-taxable","16":"purchasable","17":"product-type-simple"},"yoast_head":"<!-- This site is optimized with the Yoast SEO plugin v26.3 - https:\/\/yoast.com\/wordpress\/plugins\/seo\/ -->\n<title>Lauku dz\u012bvnieku komplekts - Toys.lt<\/title>\n<meta name=\"robots\" content=\"index, follow, max-snippet:-1, max-image-preview:large, max-video-preview:-1\" \/>\n<link rel=\"canonical\" href=\"https:\/\/toys.lt\/lv\/produktas\/lauku-dzivnieku-komplekts-2\/\" \/>\n<meta property=\"og:locale\" content=\"lv_LV\" \/>\n<meta property=\"og:type\" content=\"article\" \/>\n<meta property=\"og:title\" content=\"Lauku dz\u012bvnieku komplekts - Toys.lt\" \/>\n<meta property=\"og:description\" content=\"Produkta veids: fig\u016bri\u0146as Izcelsmes valsts: \u0136\u012bna Iepakojuma izm\u0113ri: 13 x 6 x 27 cm Ieteicamais vecums: no 3 gadiem.\" \/>\n<meta property=\"og:url\" content=\"https:\/\/toys.lt\/lv\/produktas\/lauku-dzivnieku-komplekts-2\/\" \/>\n<meta property=\"og:site_name\" content=\"Toys.lt\" \/>\n<meta property=\"article:modified_time\" content=\"2026-04-08T00:01:29+00:00\" \/>\n<meta property=\"og:image\" content=\"https:\/\/toys.lt\/wp-content\/uploads\/2025\/05\/929-149b-gyvunu-rinkinys-1.png\" \/>\n\t<meta property=\"og:image:width\" content=\"790\" \/>\n\t<meta property=\"og:image:height\" content=\"450\" \/>\n\t<meta property=\"og:image:type\" content=\"image\/png\" \/>\n<meta name=\"twitter:card\" content=\"summary_large_image\" \/>\n<script type=\"application\/ld+json\" class=\"yoast-schema-graph\">{\"@context\":\"https:\/\/schema.org\",\"@graph\":[{\"@type\":\"WebPage\",\"@id\":\"https:\/\/toys.lt\/lv\/produktas\/lauku-dzivnieku-komplekts-2\/\",\"url\":\"https:\/\/toys.lt\/lv\/produktas\/lauku-dzivnieku-komplekts-2\/\",\"name\":\"Lauku dz\u012bvnieku komplekts - Toys.lt\",\"isPartOf\":{\"@id\":\"https:\/\/toys.lt\/lv\/#website\"},\"primaryImageOfPage\":{\"@id\":\"https:\/\/toys.lt\/lv\/produktas\/lauku-dzivnieku-komplekts-2\/#primaryimage\"},\"image\":{\"@id\":\"https:\/\/toys.lt\/lv\/produktas\/lauku-dzivnieku-komplekts-2\/#primaryimage\"},\"thumbnailUrl\":\"https:\/\/toys.lt\/wp-content\/uploads\/2025\/05\/929-149b-gyvunu-rinkinys-1.png\",\"datePublished\":\"2025-05-29T19:37:48+00:00\",\"dateModified\":\"2026-04-08T00:01:29+00:00\",\"breadcrumb\":{\"@id\":\"https:\/\/toys.lt\/lv\/produktas\/lauku-dzivnieku-komplekts-2\/#breadcrumb\"},\"inLanguage\":\"lv-LV\",\"potentialAction\":[{\"@type\":\"ReadAction\",\"target\":[\"https:\/\/toys.lt\/lv\/produktas\/lauku-dzivnieku-komplekts-2\/\"]}]},{\"@type\":\"ImageObject\",\"inLanguage\":\"lv-LV\",\"@id\":\"https:\/\/toys.lt\/lv\/produktas\/lauku-dzivnieku-komplekts-2\/#primaryimage\",\"url\":\"https:\/\/toys.lt\/wp-content\/uploads\/2025\/05\/929-149b-gyvunu-rinkinys-1.png\",\"contentUrl\":\"https:\/\/toys.lt\/wp-content\/uploads\/2025\/05\/929-149b-gyvunu-rinkinys-1.png\",\"width\":790,\"height\":450,\"caption\":\"Kaimo gyv\u016bn\u0173 rinkinys\"},{\"@type\":\"BreadcrumbList\",\"@id\":\"https:\/\/toys.lt\/lv\/produktas\/lauku-dzivnieku-komplekts-2\/#breadcrumb\",\"itemListElement\":[{\"@type\":\"ListItem\",\"position\":1,\"name\":\"Home\",\"item\":\"https:\/\/toys.lt\/lv\/\"},{\"@type\":\"ListItem\",\"position\":2,\"name\":\"Veikals\",\"item\":\"https:\/\/toys.lt\/lv\/shop\/\"},{\"@type\":\"ListItem\",\"position\":3,\"name\":\"Lauku dz\u012bvnieku komplekts\"}]},{\"@type\":\"WebSite\",\"@id\":\"https:\/\/toys.lt\/lv\/#website\",\"url\":\"https:\/\/toys.lt\/lv\/\",\"name\":\"Toys.lt\",\"description\":\"\",\"potentialAction\":[{\"@type\":\"SearchAction\",\"target\":{\"@type\":\"EntryPoint\",\"urlTemplate\":\"https:\/\/toys.lt\/lv\/?s={search_term_string}\"},\"query-input\":{\"@type\":\"PropertyValueSpecification\",\"valueRequired\":true,\"valueName\":\"search_term_string\"}}],\"inLanguage\":\"lv-LV\"}]}<\/script>\n<!-- \/ Yoast SEO plugin. -->","yoast_head_json":{"title":"Lauku dz\u012bvnieku komplekts - Toys.lt","robots":{"index":"index","follow":"follow","max-snippet":"max-snippet:-1","max-image-preview":"max-image-preview:large","max-video-preview":"max-video-preview:-1"},"canonical":"https:\/\/toys.lt\/lv\/produktas\/lauku-dzivnieku-komplekts-2\/","og_locale":"lv_LV","og_type":"article","og_title":"Lauku dz\u012bvnieku komplekts - Toys.lt","og_description":"Produkta veids: fig\u016bri\u0146as Izcelsmes valsts: \u0136\u012bna Iepakojuma izm\u0113ri: 13 x 6 x 27 cm Ieteicamais vecums: no 3 gadiem.","og_url":"https:\/\/toys.lt\/lv\/produktas\/lauku-dzivnieku-komplekts-2\/","og_site_name":"Toys.lt","article_modified_time":"2026-04-08T00:01:29+00:00","og_image":[{"width":790,"height":450,"url":"https:\/\/toys.lt\/wp-content\/uploads\/2025\/05\/929-149b-gyvunu-rinkinys-1.png","type":"image\/png"}],"twitter_card":"summary_large_image","schema":{"@context":"https:\/\/schema.org","@graph":[{"@type":"WebPage","@id":"https:\/\/toys.lt\/lv\/produktas\/lauku-dzivnieku-komplekts-2\/","url":"https:\/\/toys.lt\/lv\/produktas\/lauku-dzivnieku-komplekts-2\/","name":"Lauku dz\u012bvnieku komplekts - Toys.lt","isPartOf":{"@id":"https:\/\/toys.lt\/lv\/#website"},"primaryImageOfPage":{"@id":"https:\/\/toys.lt\/lv\/produktas\/lauku-dzivnieku-komplekts-2\/#primaryimage"},"image":{"@id":"https:\/\/toys.lt\/lv\/produktas\/lauku-dzivnieku-komplekts-2\/#primaryimage"},"thumbnailUrl":"https:\/\/toys.lt\/wp-content\/uploads\/2025\/05\/929-149b-gyvunu-rinkinys-1.png","datePublished":"2025-05-29T19:37:48+00:00","dateModified":"2026-04-08T00:01:29+00:00","breadcrumb":{"@id":"https:\/\/toys.lt\/lv\/produktas\/lauku-dzivnieku-komplekts-2\/#breadcrumb"},"inLanguage":"lv-LV","potentialAction":[{"@type":"ReadAction","target":["https:\/\/toys.lt\/lv\/produktas\/lauku-dzivnieku-komplekts-2\/"]}]},{"@type":"ImageObject","inLanguage":"lv-LV","@id":"https:\/\/toys.lt\/lv\/produktas\/lauku-dzivnieku-komplekts-2\/#primaryimage","url":"https:\/\/toys.lt\/wp-content\/uploads\/2025\/05\/929-149b-gyvunu-rinkinys-1.png","contentUrl":"https:\/\/toys.lt\/wp-content\/uploads\/2025\/05\/929-149b-gyvunu-rinkinys-1.png","width":790,"height":450,"caption":"Kaimo gyv\u016bn\u0173 rinkinys"},{"@type":"BreadcrumbList","@id":"https:\/\/toys.lt\/lv\/produktas\/lauku-dzivnieku-komplekts-2\/#breadcrumb","itemListElement":[{"@type":"ListItem","position":1,"name":"Home","item":"https:\/\/toys.lt\/lv\/"},{"@type":"ListItem","position":2,"name":"Veikals","item":"https:\/\/toys.lt\/lv\/shop\/"},{"@type":"ListItem","position":3,"name":"Lauku dz\u012bvnieku komplekts"}]},{"@type":"WebSite","@id":"https:\/\/toys.lt\/lv\/#website","url":"https:\/\/toys.lt\/lv\/","name":"Toys.lt","description":"","potentialAction":[{"@type":"SearchAction","target":{"@type":"EntryPoint","urlTemplate":"https:\/\/toys.lt\/lv\/?s={search_term_string}"},"query-input":{"@type":"PropertyValueSpecification","valueRequired":true,"valueName":"search_term_string"}}],"inLanguage":"lv-LV"}]}},"_links":{"self":[{"href":"https:\/\/toys.lt\/lv\/wp-json\/wp\/v2\/product\/41014","targetHints":{"allow":["GET"]}}],"collection":[{"href":"https:\/\/toys.lt\/lv\/wp-json\/wp\/v2\/product"}],"about":[{"href":"https:\/\/toys.lt\/lv\/wp-json\/wp\/v2\/types\/product"}],"replies":[{"embeddable":true,"href":"https:\/\/toys.lt\/lv\/wp-json\/wp\/v2\/comments?post=41014"}],"version-history":[{"count":2,"href":"https:\/\/toys.lt\/lv\/wp-json\/wp\/v2\/product\/41014\/revisions"}],"predecessor-version":[{"id":45681,"href":"https:\/\/toys.lt\/lv\/wp-json\/wp\/v2\/product\/41014\/revisions\/45681"}],"wp:featuredmedia":[{"embeddable":true,"href":"https:\/\/toys.lt\/lv\/wp-json\/wp\/v2\/media\/40583"}],"wp:attachment":[{"href":"https:\/\/toys.lt\/lv\/wp-json\/wp\/v2\/media?parent=41014"}],"wp:term":[{"taxonomy":"product_brand","embeddable":true,"href":"https:\/\/toys.lt\/lv\/wp-json\/wp\/v2\/product_brand?post=41014"},{"taxonomy":"product_cat","embeddable":true,"href":"https:\/\/toys.lt\/lv\/wp-json\/wp\/v2\/product_cat?post=41014"},{"taxonomy":"product_tag","embeddable":true,"href":"https:\/\/toys.lt\/lv\/wp-json\/wp\/v2\/product_tag?post=41014"}],"curies":[{"name":"wp","href":"https:\/\/api.w.org\/{rel}","templated":true}]}}