{"id":41010,"date":"2025-05-28T22:55:38","date_gmt":"2025-05-28T22:55:38","guid":{"rendered":"https:\/\/toys.lt\/produktas\/lauksaimniecibas-tehnikas-komplekts-konstruktors\/"},"modified":"2026-04-08T00:01:30","modified_gmt":"2026-04-08T00:01:30","slug":"lauksaimniecibas-tehnikas-komplekts-konstruktors","status":"publish","type":"product","link":"https:\/\/toys.lt\/lv\/produktas\/lauksaimniecibas-tehnikas-komplekts-konstruktors\/","title":{"rendered":"Lauksaimniec\u012bbas tehnikas komplekts (konstruktors)"},"content":{"rendered":"<ul style=\"list-style-type: disc\">\n<li>4 ma\u0161\u012bnu komplekts<\/li>\n<li>Ma\u0161\u012bn\u0101m ir kust\u012bgi elementi<\/li>\n<li>Ma\u0161\u012bnas, kas savienotas ar plastmasas skr\u016bv\u0113m<\/li>\n<li>Transportl\u012bdzek\u013cus var sav\u0101kt un samont\u0113t<\/li>\n<li>2 skr\u016bvgrie\u017ei demont\u0101\u017eai un mont\u0101\u017eai<\/li>\n<\/ul>\n","protected":false},"excerpt":{"rendered":"<p>Komplekt\u0101 ietilpst 4 ma\u0161\u012bnas.<\/p>\n<p>Izcelsmes valsts: \u0136\u012bna<\/p>\n<p>Iepakojuma izm\u0113ri: 31 x 7 x 28 cm<\/p>\n<p>Ieteicamais vecums: no 3 gadiem.<\/p>\n","protected":false},"featured_media":40581,"comment_status":"open","ping_status":"closed","template":"","meta":[],"product_brand":[],"product_cat":[1176,1401,1399,1158,1406],"product_tag":[],"class_list":{"0":"post-41010","1":"product","2":"type-product","3":"status-publish","4":"has-post-thumbnail","6":"product_cat-rotallietas-zeniem","7":"product_cat-rotallietu-masinas","8":"product_cat-traktori-un-kapurkedes","9":"product_cat-konstruktori","10":"product_cat-letakais","11":"pa_amziaus-grupe-3-lv","13":"first","14":"outofstock","15":"taxable","16":"shipping-taxable","17":"purchasable","18":"product-type-simple"},"yoast_head":"<!-- This site is optimized with the Yoast SEO plugin v26.3 - https:\/\/yoast.com\/wordpress\/plugins\/seo\/ -->\n<title>Lauksaimniec\u012bbas tehnikas komplekts (konstruktors) - Toys.lt<\/title>\n<meta name=\"robots\" content=\"index, follow, max-snippet:-1, max-image-preview:large, max-video-preview:-1\" \/>\n<link rel=\"canonical\" href=\"https:\/\/toys.lt\/lv\/produktas\/lauksaimniecibas-tehnikas-komplekts-konstruktors\/\" \/>\n<meta property=\"og:locale\" content=\"lv_LV\" \/>\n<meta property=\"og:type\" content=\"article\" \/>\n<meta property=\"og:title\" content=\"Lauksaimniec\u012bbas tehnikas komplekts (konstruktors) - Toys.lt\" \/>\n<meta property=\"og:description\" content=\"Komplekt\u0101 ietilpst 4 ma\u0161\u012bnas. Izcelsmes valsts: \u0136\u012bna Iepakojuma izm\u0113ri: 31 x 7 x 28 cm Ieteicamais vecums: no 3 gadiem.\" \/>\n<meta property=\"og:url\" content=\"https:\/\/toys.lt\/lv\/produktas\/lauksaimniecibas-tehnikas-komplekts-konstruktors\/\" \/>\n<meta property=\"og:site_name\" content=\"Toys.lt\" \/>\n<meta property=\"article:modified_time\" content=\"2026-04-08T00:01:30+00:00\" \/>\n<meta property=\"og:image\" content=\"https:\/\/toys.lt\/wp-content\/uploads\/2025\/05\/8899-74-masinu-rinkinys.jpeg\" \/>\n\t<meta property=\"og:image:width\" content=\"800\" \/>\n\t<meta property=\"og:image:height\" content=\"800\" \/>\n\t<meta property=\"og:image:type\" content=\"image\/jpeg\" \/>\n<meta name=\"twitter:card\" content=\"summary_large_image\" \/>\n<script type=\"application\/ld+json\" class=\"yoast-schema-graph\">{\"@context\":\"https:\/\/schema.org\",\"@graph\":[{\"@type\":\"WebPage\",\"@id\":\"https:\/\/toys.lt\/lv\/produktas\/lauksaimniecibas-tehnikas-komplekts-konstruktors\/\",\"url\":\"https:\/\/toys.lt\/lv\/produktas\/lauksaimniecibas-tehnikas-komplekts-konstruktors\/\",\"name\":\"Lauksaimniec\u012bbas tehnikas komplekts (konstruktors) - Toys.lt\",\"isPartOf\":{\"@id\":\"https:\/\/toys.lt\/lv\/#website\"},\"primaryImageOfPage\":{\"@id\":\"https:\/\/toys.lt\/lv\/produktas\/lauksaimniecibas-tehnikas-komplekts-konstruktors\/#primaryimage\"},\"image\":{\"@id\":\"https:\/\/toys.lt\/lv\/produktas\/lauksaimniecibas-tehnikas-komplekts-konstruktors\/#primaryimage\"},\"thumbnailUrl\":\"https:\/\/toys.lt\/wp-content\/uploads\/2025\/05\/8899-74-masinu-rinkinys.jpeg\",\"datePublished\":\"2025-05-28T22:55:38+00:00\",\"dateModified\":\"2026-04-08T00:01:30+00:00\",\"breadcrumb\":{\"@id\":\"https:\/\/toys.lt\/lv\/produktas\/lauksaimniecibas-tehnikas-komplekts-konstruktors\/#breadcrumb\"},\"inLanguage\":\"lv-LV\",\"potentialAction\":[{\"@type\":\"ReadAction\",\"target\":[\"https:\/\/toys.lt\/lv\/produktas\/lauksaimniecibas-tehnikas-komplekts-konstruktors\/\"]}]},{\"@type\":\"ImageObject\",\"inLanguage\":\"lv-LV\",\"@id\":\"https:\/\/toys.lt\/lv\/produktas\/lauksaimniecibas-tehnikas-komplekts-konstruktors\/#primaryimage\",\"url\":\"https:\/\/toys.lt\/wp-content\/uploads\/2025\/05\/8899-74-masinu-rinkinys.jpeg\",\"contentUrl\":\"https:\/\/toys.lt\/wp-content\/uploads\/2025\/05\/8899-74-masinu-rinkinys.jpeg\",\"width\":800,\"height\":800,\"caption\":\"\u016akio ma\u0161in\u0173 rinkinys (konstruktorius)\"},{\"@type\":\"BreadcrumbList\",\"@id\":\"https:\/\/toys.lt\/lv\/produktas\/lauksaimniecibas-tehnikas-komplekts-konstruktors\/#breadcrumb\",\"itemListElement\":[{\"@type\":\"ListItem\",\"position\":1,\"name\":\"Home\",\"item\":\"https:\/\/toys.lt\/lv\/\"},{\"@type\":\"ListItem\",\"position\":2,\"name\":\"Veikals\",\"item\":\"https:\/\/toys.lt\/lv\/shop\/\"},{\"@type\":\"ListItem\",\"position\":3,\"name\":\"Lauksaimniec\u012bbas tehnikas komplekts (konstruktors)\"}]},{\"@type\":\"WebSite\",\"@id\":\"https:\/\/toys.lt\/lv\/#website\",\"url\":\"https:\/\/toys.lt\/lv\/\",\"name\":\"Toys.lt\",\"description\":\"\",\"potentialAction\":[{\"@type\":\"SearchAction\",\"target\":{\"@type\":\"EntryPoint\",\"urlTemplate\":\"https:\/\/toys.lt\/lv\/?s={search_term_string}\"},\"query-input\":{\"@type\":\"PropertyValueSpecification\",\"valueRequired\":true,\"valueName\":\"search_term_string\"}}],\"inLanguage\":\"lv-LV\"}]}<\/script>\n<!-- \/ Yoast SEO plugin. -->","yoast_head_json":{"title":"Lauksaimniec\u012bbas tehnikas komplekts (konstruktors) - Toys.lt","robots":{"index":"index","follow":"follow","max-snippet":"max-snippet:-1","max-image-preview":"max-image-preview:large","max-video-preview":"max-video-preview:-1"},"canonical":"https:\/\/toys.lt\/lv\/produktas\/lauksaimniecibas-tehnikas-komplekts-konstruktors\/","og_locale":"lv_LV","og_type":"article","og_title":"Lauksaimniec\u012bbas tehnikas komplekts (konstruktors) - Toys.lt","og_description":"Komplekt\u0101 ietilpst 4 ma\u0161\u012bnas. Izcelsmes valsts: \u0136\u012bna Iepakojuma izm\u0113ri: 31 x 7 x 28 cm Ieteicamais vecums: no 3 gadiem.","og_url":"https:\/\/toys.lt\/lv\/produktas\/lauksaimniecibas-tehnikas-komplekts-konstruktors\/","og_site_name":"Toys.lt","article_modified_time":"2026-04-08T00:01:30+00:00","og_image":[{"width":800,"height":800,"url":"https:\/\/toys.lt\/wp-content\/uploads\/2025\/05\/8899-74-masinu-rinkinys.jpeg","type":"image\/jpeg"}],"twitter_card":"summary_large_image","schema":{"@context":"https:\/\/schema.org","@graph":[{"@type":"WebPage","@id":"https:\/\/toys.lt\/lv\/produktas\/lauksaimniecibas-tehnikas-komplekts-konstruktors\/","url":"https:\/\/toys.lt\/lv\/produktas\/lauksaimniecibas-tehnikas-komplekts-konstruktors\/","name":"Lauksaimniec\u012bbas tehnikas komplekts (konstruktors) - Toys.lt","isPartOf":{"@id":"https:\/\/toys.lt\/lv\/#website"},"primaryImageOfPage":{"@id":"https:\/\/toys.lt\/lv\/produktas\/lauksaimniecibas-tehnikas-komplekts-konstruktors\/#primaryimage"},"image":{"@id":"https:\/\/toys.lt\/lv\/produktas\/lauksaimniecibas-tehnikas-komplekts-konstruktors\/#primaryimage"},"thumbnailUrl":"https:\/\/toys.lt\/wp-content\/uploads\/2025\/05\/8899-74-masinu-rinkinys.jpeg","datePublished":"2025-05-28T22:55:38+00:00","dateModified":"2026-04-08T00:01:30+00:00","breadcrumb":{"@id":"https:\/\/toys.lt\/lv\/produktas\/lauksaimniecibas-tehnikas-komplekts-konstruktors\/#breadcrumb"},"inLanguage":"lv-LV","potentialAction":[{"@type":"ReadAction","target":["https:\/\/toys.lt\/lv\/produktas\/lauksaimniecibas-tehnikas-komplekts-konstruktors\/"]}]},{"@type":"ImageObject","inLanguage":"lv-LV","@id":"https:\/\/toys.lt\/lv\/produktas\/lauksaimniecibas-tehnikas-komplekts-konstruktors\/#primaryimage","url":"https:\/\/toys.lt\/wp-content\/uploads\/2025\/05\/8899-74-masinu-rinkinys.jpeg","contentUrl":"https:\/\/toys.lt\/wp-content\/uploads\/2025\/05\/8899-74-masinu-rinkinys.jpeg","width":800,"height":800,"caption":"\u016akio ma\u0161in\u0173 rinkinys (konstruktorius)"},{"@type":"BreadcrumbList","@id":"https:\/\/toys.lt\/lv\/produktas\/lauksaimniecibas-tehnikas-komplekts-konstruktors\/#breadcrumb","itemListElement":[{"@type":"ListItem","position":1,"name":"Home","item":"https:\/\/toys.lt\/lv\/"},{"@type":"ListItem","position":2,"name":"Veikals","item":"https:\/\/toys.lt\/lv\/shop\/"},{"@type":"ListItem","position":3,"name":"Lauksaimniec\u012bbas tehnikas komplekts (konstruktors)"}]},{"@type":"WebSite","@id":"https:\/\/toys.lt\/lv\/#website","url":"https:\/\/toys.lt\/lv\/","name":"Toys.lt","description":"","potentialAction":[{"@type":"SearchAction","target":{"@type":"EntryPoint","urlTemplate":"https:\/\/toys.lt\/lv\/?s={search_term_string}"},"query-input":{"@type":"PropertyValueSpecification","valueRequired":true,"valueName":"search_term_string"}}],"inLanguage":"lv-LV"}]}},"_links":{"self":[{"href":"https:\/\/toys.lt\/lv\/wp-json\/wp\/v2\/product\/41010","targetHints":{"allow":["GET"]}}],"collection":[{"href":"https:\/\/toys.lt\/lv\/wp-json\/wp\/v2\/product"}],"about":[{"href":"https:\/\/toys.lt\/lv\/wp-json\/wp\/v2\/types\/product"}],"replies":[{"embeddable":true,"href":"https:\/\/toys.lt\/lv\/wp-json\/wp\/v2\/comments?post=41010"}],"version-history":[{"count":2,"href":"https:\/\/toys.lt\/lv\/wp-json\/wp\/v2\/product\/41010\/revisions"}],"predecessor-version":[{"id":45678,"href":"https:\/\/toys.lt\/lv\/wp-json\/wp\/v2\/product\/41010\/revisions\/45678"}],"wp:featuredmedia":[{"embeddable":true,"href":"https:\/\/toys.lt\/lv\/wp-json\/wp\/v2\/media\/40581"}],"wp:attachment":[{"href":"https:\/\/toys.lt\/lv\/wp-json\/wp\/v2\/media?parent=41010"}],"wp:term":[{"taxonomy":"product_brand","embeddable":true,"href":"https:\/\/toys.lt\/lv\/wp-json\/wp\/v2\/product_brand?post=41010"},{"taxonomy":"product_cat","embeddable":true,"href":"https:\/\/toys.lt\/lv\/wp-json\/wp\/v2\/product_cat?post=41010"},{"taxonomy":"product_tag","embeddable":true,"href":"https:\/\/toys.lt\/lv\/wp-json\/wp\/v2\/product_tag?post=41010"}],"curies":[{"name":"wp","href":"https:\/\/api.w.org\/{rel}","templated":true}]}}