{"id":41008,"date":"2025-05-26T22:48:11","date_gmt":"2025-05-26T22:48:11","guid":{"rendered":"https:\/\/toys.lt\/produktas\/pastaigu-un-aktivitasu-centrs-zidainiem\/"},"modified":"2026-04-08T00:01:30","modified_gmt":"2026-04-08T00:01:30","slug":"pastaigu-un-aktivitasu-centrs-zidainiem","status":"publish","type":"product","link":"https:\/\/toys.lt\/lv\/produktas\/pastaigu-un-aktivitasu-centrs-zidainiem\/","title":{"rendered":"Pastaigu un aktivit\u0101\u0161u centrs z\u012bdai\u0146iem"},"content":{"rendered":"<p><strong>Funkcijas:<\/strong><\/p>\n<ul style=\"list-style-type: square\">\n<li>Ska\u0146as un gaismas efekti<\/li>\n<li>M\u016bzikas pogas sp\u0113\u013cu panel\u012b<\/li>\n<li>Staig\u0101t\u0101jam ir bumbi\u0146as<\/li>\n<li>Uzlabo fizisk\u0101s sp\u0113jas<\/li>\n<li>Dro\u0161a un uzticama rota\u013clieta<\/li>\n<\/ul>\n","protected":false},"excerpt":{"rendered":"<p>Produkta veids: izgl\u012btojo\u0161s<\/p>\n<p>Izcelsmes valsts: \u0136\u012bna<\/p>\n<p>Produkta materi\u0101ls: plastmasa<\/p>\n<p>Iepakojuma izm\u0113ri: 51 x 37 x 15 cm<\/p>\n<p>Elementi: 2 x AA (nav komplekt\u0101)<\/p>\n<p>Ieteicamais vecums: no 6 m\u0113ne\u0161iem.<\/p>\n","protected":false},"featured_media":40567,"comment_status":"open","ping_status":"closed","template":"","meta":[],"product_brand":[],"product_cat":[1183,1157,1155],"product_tag":[],"class_list":{"0":"post-41008","1":"product","2":"type-product","3":"status-publish","4":"has-post-thumbnail","6":"product_cat-rotallietas-maziem-berniem","7":"product_cat-izglitojosas-un-interaktivas-rotallietas","8":"product_cat-leti","9":"pa_amziaus-grupe-0-lv","10":"pa_prek-s-tipas-rotallietas-dazadam-spejam","12":"first","13":"outofstock","14":"taxable","15":"shipping-taxable","16":"purchasable","17":"product-type-simple"},"yoast_head":"<!-- This site is optimized with the Yoast SEO plugin v26.3 - https:\/\/yoast.com\/wordpress\/plugins\/seo\/ -->\n<title>Pastaigu un aktivit\u0101\u0161u centrs z\u012bdai\u0146iem - Toys.lt<\/title>\n<meta name=\"robots\" content=\"index, follow, max-snippet:-1, max-image-preview:large, max-video-preview:-1\" \/>\n<link rel=\"canonical\" href=\"https:\/\/toys.lt\/lv\/produktas\/pastaigu-un-aktivitasu-centrs-zidainiem\/\" \/>\n<meta property=\"og:locale\" content=\"lv_LV\" \/>\n<meta property=\"og:type\" content=\"article\" \/>\n<meta property=\"og:title\" content=\"Pastaigu un aktivit\u0101\u0161u centrs z\u012bdai\u0146iem - Toys.lt\" \/>\n<meta property=\"og:description\" content=\"Produkta veids: izgl\u012btojo\u0161s Izcelsmes valsts: \u0136\u012bna Produkta materi\u0101ls: plastmasa Iepakojuma izm\u0113ri: 51 x 37 x 15 cm Elementi: 2 x AA (nav komplekt\u0101) Ieteicamais vecums: no 6 m\u0113ne\u0161iem.\" \/>\n<meta property=\"og:url\" content=\"https:\/\/toys.lt\/lv\/produktas\/pastaigu-un-aktivitasu-centrs-zidainiem\/\" \/>\n<meta property=\"og:site_name\" content=\"Toys.lt\" \/>\n<meta property=\"article:modified_time\" content=\"2026-04-08T00:01:30+00:00\" \/>\n<meta property=\"og:image\" content=\"https:\/\/toys.lt\/wp-content\/uploads\/2025\/05\/8775-vaikstyne-1.jpg\" \/>\n\t<meta property=\"og:image:width\" content=\"712\" \/>\n\t<meta property=\"og:image:height\" content=\"554\" \/>\n\t<meta property=\"og:image:type\" content=\"image\/jpeg\" \/>\n<meta name=\"twitter:card\" content=\"summary_large_image\" \/>\n<script type=\"application\/ld+json\" class=\"yoast-schema-graph\">{\"@context\":\"https:\/\/schema.org\",\"@graph\":[{\"@type\":\"WebPage\",\"@id\":\"https:\/\/toys.lt\/lv\/produktas\/pastaigu-un-aktivitasu-centrs-zidainiem\/\",\"url\":\"https:\/\/toys.lt\/lv\/produktas\/pastaigu-un-aktivitasu-centrs-zidainiem\/\",\"name\":\"Pastaigu un aktivit\u0101\u0161u centrs z\u012bdai\u0146iem - Toys.lt\",\"isPartOf\":{\"@id\":\"https:\/\/toys.lt\/lv\/#website\"},\"primaryImageOfPage\":{\"@id\":\"https:\/\/toys.lt\/lv\/produktas\/pastaigu-un-aktivitasu-centrs-zidainiem\/#primaryimage\"},\"image\":{\"@id\":\"https:\/\/toys.lt\/lv\/produktas\/pastaigu-un-aktivitasu-centrs-zidainiem\/#primaryimage\"},\"thumbnailUrl\":\"https:\/\/toys.lt\/wp-content\/uploads\/2025\/05\/8775-vaikstyne-1.jpg\",\"datePublished\":\"2025-05-26T22:48:11+00:00\",\"dateModified\":\"2026-04-08T00:01:30+00:00\",\"breadcrumb\":{\"@id\":\"https:\/\/toys.lt\/lv\/produktas\/pastaigu-un-aktivitasu-centrs-zidainiem\/#breadcrumb\"},\"inLanguage\":\"lv-LV\",\"potentialAction\":[{\"@type\":\"ReadAction\",\"target\":[\"https:\/\/toys.lt\/lv\/produktas\/pastaigu-un-aktivitasu-centrs-zidainiem\/\"]}]},{\"@type\":\"ImageObject\",\"inLanguage\":\"lv-LV\",\"@id\":\"https:\/\/toys.lt\/lv\/produktas\/pastaigu-un-aktivitasu-centrs-zidainiem\/#primaryimage\",\"url\":\"https:\/\/toys.lt\/wp-content\/uploads\/2025\/05\/8775-vaikstyne-1.jpg\",\"contentUrl\":\"https:\/\/toys.lt\/wp-content\/uploads\/2025\/05\/8775-vaikstyne-1.jpg\",\"width\":712,\"height\":554,\"caption\":\"Vaik\u0161tyn\u0117s ir veiklos centras k\u016bdikiams\"},{\"@type\":\"BreadcrumbList\",\"@id\":\"https:\/\/toys.lt\/lv\/produktas\/pastaigu-un-aktivitasu-centrs-zidainiem\/#breadcrumb\",\"itemListElement\":[{\"@type\":\"ListItem\",\"position\":1,\"name\":\"Home\",\"item\":\"https:\/\/toys.lt\/lv\/\"},{\"@type\":\"ListItem\",\"position\":2,\"name\":\"Veikals\",\"item\":\"https:\/\/toys.lt\/lv\/shop\/\"},{\"@type\":\"ListItem\",\"position\":3,\"name\":\"Pastaigu un aktivit\u0101\u0161u centrs z\u012bdai\u0146iem\"}]},{\"@type\":\"WebSite\",\"@id\":\"https:\/\/toys.lt\/lv\/#website\",\"url\":\"https:\/\/toys.lt\/lv\/\",\"name\":\"Toys.lt\",\"description\":\"\",\"potentialAction\":[{\"@type\":\"SearchAction\",\"target\":{\"@type\":\"EntryPoint\",\"urlTemplate\":\"https:\/\/toys.lt\/lv\/?s={search_term_string}\"},\"query-input\":{\"@type\":\"PropertyValueSpecification\",\"valueRequired\":true,\"valueName\":\"search_term_string\"}}],\"inLanguage\":\"lv-LV\"}]}<\/script>\n<!-- \/ Yoast SEO plugin. -->","yoast_head_json":{"title":"Pastaigu un aktivit\u0101\u0161u centrs z\u012bdai\u0146iem - Toys.lt","robots":{"index":"index","follow":"follow","max-snippet":"max-snippet:-1","max-image-preview":"max-image-preview:large","max-video-preview":"max-video-preview:-1"},"canonical":"https:\/\/toys.lt\/lv\/produktas\/pastaigu-un-aktivitasu-centrs-zidainiem\/","og_locale":"lv_LV","og_type":"article","og_title":"Pastaigu un aktivit\u0101\u0161u centrs z\u012bdai\u0146iem - Toys.lt","og_description":"Produkta veids: izgl\u012btojo\u0161s Izcelsmes valsts: \u0136\u012bna Produkta materi\u0101ls: plastmasa Iepakojuma izm\u0113ri: 51 x 37 x 15 cm Elementi: 2 x AA (nav komplekt\u0101) Ieteicamais vecums: no 6 m\u0113ne\u0161iem.","og_url":"https:\/\/toys.lt\/lv\/produktas\/pastaigu-un-aktivitasu-centrs-zidainiem\/","og_site_name":"Toys.lt","article_modified_time":"2026-04-08T00:01:30+00:00","og_image":[{"width":712,"height":554,"url":"https:\/\/toys.lt\/wp-content\/uploads\/2025\/05\/8775-vaikstyne-1.jpg","type":"image\/jpeg"}],"twitter_card":"summary_large_image","schema":{"@context":"https:\/\/schema.org","@graph":[{"@type":"WebPage","@id":"https:\/\/toys.lt\/lv\/produktas\/pastaigu-un-aktivitasu-centrs-zidainiem\/","url":"https:\/\/toys.lt\/lv\/produktas\/pastaigu-un-aktivitasu-centrs-zidainiem\/","name":"Pastaigu un aktivit\u0101\u0161u centrs z\u012bdai\u0146iem - Toys.lt","isPartOf":{"@id":"https:\/\/toys.lt\/lv\/#website"},"primaryImageOfPage":{"@id":"https:\/\/toys.lt\/lv\/produktas\/pastaigu-un-aktivitasu-centrs-zidainiem\/#primaryimage"},"image":{"@id":"https:\/\/toys.lt\/lv\/produktas\/pastaigu-un-aktivitasu-centrs-zidainiem\/#primaryimage"},"thumbnailUrl":"https:\/\/toys.lt\/wp-content\/uploads\/2025\/05\/8775-vaikstyne-1.jpg","datePublished":"2025-05-26T22:48:11+00:00","dateModified":"2026-04-08T00:01:30+00:00","breadcrumb":{"@id":"https:\/\/toys.lt\/lv\/produktas\/pastaigu-un-aktivitasu-centrs-zidainiem\/#breadcrumb"},"inLanguage":"lv-LV","potentialAction":[{"@type":"ReadAction","target":["https:\/\/toys.lt\/lv\/produktas\/pastaigu-un-aktivitasu-centrs-zidainiem\/"]}]},{"@type":"ImageObject","inLanguage":"lv-LV","@id":"https:\/\/toys.lt\/lv\/produktas\/pastaigu-un-aktivitasu-centrs-zidainiem\/#primaryimage","url":"https:\/\/toys.lt\/wp-content\/uploads\/2025\/05\/8775-vaikstyne-1.jpg","contentUrl":"https:\/\/toys.lt\/wp-content\/uploads\/2025\/05\/8775-vaikstyne-1.jpg","width":712,"height":554,"caption":"Vaik\u0161tyn\u0117s ir veiklos centras k\u016bdikiams"},{"@type":"BreadcrumbList","@id":"https:\/\/toys.lt\/lv\/produktas\/pastaigu-un-aktivitasu-centrs-zidainiem\/#breadcrumb","itemListElement":[{"@type":"ListItem","position":1,"name":"Home","item":"https:\/\/toys.lt\/lv\/"},{"@type":"ListItem","position":2,"name":"Veikals","item":"https:\/\/toys.lt\/lv\/shop\/"},{"@type":"ListItem","position":3,"name":"Pastaigu un aktivit\u0101\u0161u centrs z\u012bdai\u0146iem"}]},{"@type":"WebSite","@id":"https:\/\/toys.lt\/lv\/#website","url":"https:\/\/toys.lt\/lv\/","name":"Toys.lt","description":"","potentialAction":[{"@type":"SearchAction","target":{"@type":"EntryPoint","urlTemplate":"https:\/\/toys.lt\/lv\/?s={search_term_string}"},"query-input":{"@type":"PropertyValueSpecification","valueRequired":true,"valueName":"search_term_string"}}],"inLanguage":"lv-LV"}]}},"_links":{"self":[{"href":"https:\/\/toys.lt\/lv\/wp-json\/wp\/v2\/product\/41008","targetHints":{"allow":["GET"]}}],"collection":[{"href":"https:\/\/toys.lt\/lv\/wp-json\/wp\/v2\/product"}],"about":[{"href":"https:\/\/toys.lt\/lv\/wp-json\/wp\/v2\/types\/product"}],"replies":[{"embeddable":true,"href":"https:\/\/toys.lt\/lv\/wp-json\/wp\/v2\/comments?post=41008"}],"version-history":[{"count":2,"href":"https:\/\/toys.lt\/lv\/wp-json\/wp\/v2\/product\/41008\/revisions"}],"predecessor-version":[{"id":45675,"href":"https:\/\/toys.lt\/lv\/wp-json\/wp\/v2\/product\/41008\/revisions\/45675"}],"wp:featuredmedia":[{"embeddable":true,"href":"https:\/\/toys.lt\/lv\/wp-json\/wp\/v2\/media\/40567"}],"wp:attachment":[{"href":"https:\/\/toys.lt\/lv\/wp-json\/wp\/v2\/media?parent=41008"}],"wp:term":[{"taxonomy":"product_brand","embeddable":true,"href":"https:\/\/toys.lt\/lv\/wp-json\/wp\/v2\/product_brand?post=41008"},{"taxonomy":"product_cat","embeddable":true,"href":"https:\/\/toys.lt\/lv\/wp-json\/wp\/v2\/product_cat?post=41008"},{"taxonomy":"product_tag","embeddable":true,"href":"https:\/\/toys.lt\/lv\/wp-json\/wp\/v2\/product_tag?post=41008"}],"curies":[{"name":"wp","href":"https:\/\/api.w.org\/{rel}","templated":true}]}}