{"id":40965,"date":"2025-04-14T16:09:43","date_gmt":"2025-04-14T16:09:43","guid":{"rendered":"https:\/\/toys.lt\/produktas\/rotallietu-traktors-kaste\/"},"modified":"2026-04-08T00:01:39","modified_gmt":"2026-04-08T00:01:39","slug":"rotallietu-traktors-kaste","status":"publish","type":"product","link":"https:\/\/toys.lt\/lv\/produktas\/rotallietu-traktors-kaste\/","title":{"rendered":"Rota\u013clietu traktors (kast\u0113)"},"content":{"rendered":"<p><strong>Rota\u013clietu traktors<\/strong> ar inerci\u0101lu meh\u0101nismu, kas izdod ska\u0146as un gaismas<\/p>\n","protected":false},"excerpt":{"rendered":"<p>Izm\u0113ri: 26 x 21 x 23 cm<\/p>\n<p>Ieteicamais vecums: no 3 gadiem<\/p>\n<p>Materi\u0101ls: <span style=\"font-family: Arial, Verdana, Helvetica, sans-serif;font-size: 12px\">ABS PP PS<\/span><\/p>\n<p>Izcelsmes valsts: \u0136\u012bna<\/p>\n<p>Darbina ar baterij\u0101m: AG13 (iek\u013cautas komplekt\u0101).<\/p>\n","protected":false},"featured_media":40482,"comment_status":"open","ping_status":"closed","template":"","meta":[],"product_brand":[],"product_cat":[1177,1155],"product_tag":[],"class_list":{"0":"post-40965","1":"product","2":"type-product","3":"status-publish","4":"has-post-thumbnail","6":"product_cat-rotalu-automasinas-traktori-un-kapurkedes","7":"product_cat-leti","8":"pa_amziaus-grupe-3-lv","9":"pa_prek-s-tipas-masinas","11":"first","12":"instock","13":"sale","14":"taxable","15":"shipping-taxable","16":"purchasable","17":"product-type-simple"},"yoast_head":"<!-- This site is optimized with the Yoast SEO plugin v26.3 - https:\/\/yoast.com\/wordpress\/plugins\/seo\/ -->\n<title>Rota\u013clietu traktors (kast\u0113) - Toys.lt<\/title>\n<meta name=\"robots\" content=\"index, follow, max-snippet:-1, max-image-preview:large, max-video-preview:-1\" \/>\n<link rel=\"canonical\" href=\"https:\/\/toys.lt\/lv\/produktas\/rotallietu-traktors-kaste\/\" \/>\n<meta property=\"og:locale\" content=\"lv_LV\" \/>\n<meta property=\"og:type\" content=\"article\" \/>\n<meta property=\"og:title\" content=\"Rota\u013clietu traktors (kast\u0113) - Toys.lt\" \/>\n<meta property=\"og:description\" content=\"Izm\u0113ri: 26 x 21 x 23 cm Ieteicamais vecums: no 3 gadiem Materi\u0101ls: ABS PP PS Izcelsmes valsts: \u0136\u012bna Darbina ar baterij\u0101m: AG13 (iek\u013cautas komplekt\u0101).\" \/>\n<meta property=\"og:url\" content=\"https:\/\/toys.lt\/lv\/produktas\/rotallietu-traktors-kaste\/\" \/>\n<meta property=\"og:site_name\" content=\"Toys.lt\" \/>\n<meta property=\"article:modified_time\" content=\"2026-04-08T00:01:39+00:00\" \/>\n<meta property=\"og:image\" content=\"https:\/\/toys.lt\/wp-content\/uploads\/2025\/04\/102-3-zaislinis-traktorius.jpg\" \/>\n\t<meta property=\"og:image:width\" content=\"678\" \/>\n\t<meta property=\"og:image:height\" content=\"638\" \/>\n\t<meta property=\"og:image:type\" content=\"image\/jpeg\" \/>\n<meta name=\"twitter:card\" content=\"summary_large_image\" \/>\n<script type=\"application\/ld+json\" class=\"yoast-schema-graph\">{\"@context\":\"https:\/\/schema.org\",\"@graph\":[{\"@type\":\"WebPage\",\"@id\":\"https:\/\/toys.lt\/lv\/produktas\/rotallietu-traktors-kaste\/\",\"url\":\"https:\/\/toys.lt\/lv\/produktas\/rotallietu-traktors-kaste\/\",\"name\":\"Rota\u013clietu traktors (kast\u0113) - Toys.lt\",\"isPartOf\":{\"@id\":\"https:\/\/toys.lt\/lv\/#website\"},\"primaryImageOfPage\":{\"@id\":\"https:\/\/toys.lt\/lv\/produktas\/rotallietu-traktors-kaste\/#primaryimage\"},\"image\":{\"@id\":\"https:\/\/toys.lt\/lv\/produktas\/rotallietu-traktors-kaste\/#primaryimage\"},\"thumbnailUrl\":\"https:\/\/toys.lt\/wp-content\/uploads\/2025\/04\/102-3-zaislinis-traktorius.jpg\",\"datePublished\":\"2025-04-14T16:09:43+00:00\",\"dateModified\":\"2026-04-08T00:01:39+00:00\",\"breadcrumb\":{\"@id\":\"https:\/\/toys.lt\/lv\/produktas\/rotallietu-traktors-kaste\/#breadcrumb\"},\"inLanguage\":\"lv-LV\",\"potentialAction\":[{\"@type\":\"ReadAction\",\"target\":[\"https:\/\/toys.lt\/lv\/produktas\/rotallietu-traktors-kaste\/\"]}]},{\"@type\":\"ImageObject\",\"inLanguage\":\"lv-LV\",\"@id\":\"https:\/\/toys.lt\/lv\/produktas\/rotallietu-traktors-kaste\/#primaryimage\",\"url\":\"https:\/\/toys.lt\/wp-content\/uploads\/2025\/04\/102-3-zaislinis-traktorius.jpg\",\"contentUrl\":\"https:\/\/toys.lt\/wp-content\/uploads\/2025\/04\/102-3-zaislinis-traktorius.jpg\",\"width\":678,\"height\":638,\"caption\":\"\u017daislinis traktorius (d\u0117\u017e\u0117je)\"},{\"@type\":\"BreadcrumbList\",\"@id\":\"https:\/\/toys.lt\/lv\/produktas\/rotallietu-traktors-kaste\/#breadcrumb\",\"itemListElement\":[{\"@type\":\"ListItem\",\"position\":1,\"name\":\"Home\",\"item\":\"https:\/\/toys.lt\/lv\/\"},{\"@type\":\"ListItem\",\"position\":2,\"name\":\"Veikals\",\"item\":\"https:\/\/toys.lt\/lv\/shop\/\"},{\"@type\":\"ListItem\",\"position\":3,\"name\":\"Rota\u013clietu traktors (kast\u0113)\"}]},{\"@type\":\"WebSite\",\"@id\":\"https:\/\/toys.lt\/lv\/#website\",\"url\":\"https:\/\/toys.lt\/lv\/\",\"name\":\"Toys.lt\",\"description\":\"\",\"potentialAction\":[{\"@type\":\"SearchAction\",\"target\":{\"@type\":\"EntryPoint\",\"urlTemplate\":\"https:\/\/toys.lt\/lv\/?s={search_term_string}\"},\"query-input\":{\"@type\":\"PropertyValueSpecification\",\"valueRequired\":true,\"valueName\":\"search_term_string\"}}],\"inLanguage\":\"lv-LV\"}]}<\/script>\n<!-- \/ Yoast SEO plugin. -->","yoast_head_json":{"title":"Rota\u013clietu traktors (kast\u0113) - Toys.lt","robots":{"index":"index","follow":"follow","max-snippet":"max-snippet:-1","max-image-preview":"max-image-preview:large","max-video-preview":"max-video-preview:-1"},"canonical":"https:\/\/toys.lt\/lv\/produktas\/rotallietu-traktors-kaste\/","og_locale":"lv_LV","og_type":"article","og_title":"Rota\u013clietu traktors (kast\u0113) - Toys.lt","og_description":"Izm\u0113ri: 26 x 21 x 23 cm Ieteicamais vecums: no 3 gadiem Materi\u0101ls: ABS PP PS Izcelsmes valsts: \u0136\u012bna Darbina ar baterij\u0101m: AG13 (iek\u013cautas komplekt\u0101).","og_url":"https:\/\/toys.lt\/lv\/produktas\/rotallietu-traktors-kaste\/","og_site_name":"Toys.lt","article_modified_time":"2026-04-08T00:01:39+00:00","og_image":[{"width":678,"height":638,"url":"https:\/\/toys.lt\/wp-content\/uploads\/2025\/04\/102-3-zaislinis-traktorius.jpg","type":"image\/jpeg"}],"twitter_card":"summary_large_image","schema":{"@context":"https:\/\/schema.org","@graph":[{"@type":"WebPage","@id":"https:\/\/toys.lt\/lv\/produktas\/rotallietu-traktors-kaste\/","url":"https:\/\/toys.lt\/lv\/produktas\/rotallietu-traktors-kaste\/","name":"Rota\u013clietu traktors (kast\u0113) - Toys.lt","isPartOf":{"@id":"https:\/\/toys.lt\/lv\/#website"},"primaryImageOfPage":{"@id":"https:\/\/toys.lt\/lv\/produktas\/rotallietu-traktors-kaste\/#primaryimage"},"image":{"@id":"https:\/\/toys.lt\/lv\/produktas\/rotallietu-traktors-kaste\/#primaryimage"},"thumbnailUrl":"https:\/\/toys.lt\/wp-content\/uploads\/2025\/04\/102-3-zaislinis-traktorius.jpg","datePublished":"2025-04-14T16:09:43+00:00","dateModified":"2026-04-08T00:01:39+00:00","breadcrumb":{"@id":"https:\/\/toys.lt\/lv\/produktas\/rotallietu-traktors-kaste\/#breadcrumb"},"inLanguage":"lv-LV","potentialAction":[{"@type":"ReadAction","target":["https:\/\/toys.lt\/lv\/produktas\/rotallietu-traktors-kaste\/"]}]},{"@type":"ImageObject","inLanguage":"lv-LV","@id":"https:\/\/toys.lt\/lv\/produktas\/rotallietu-traktors-kaste\/#primaryimage","url":"https:\/\/toys.lt\/wp-content\/uploads\/2025\/04\/102-3-zaislinis-traktorius.jpg","contentUrl":"https:\/\/toys.lt\/wp-content\/uploads\/2025\/04\/102-3-zaislinis-traktorius.jpg","width":678,"height":638,"caption":"\u017daislinis traktorius (d\u0117\u017e\u0117je)"},{"@type":"BreadcrumbList","@id":"https:\/\/toys.lt\/lv\/produktas\/rotallietu-traktors-kaste\/#breadcrumb","itemListElement":[{"@type":"ListItem","position":1,"name":"Home","item":"https:\/\/toys.lt\/lv\/"},{"@type":"ListItem","position":2,"name":"Veikals","item":"https:\/\/toys.lt\/lv\/shop\/"},{"@type":"ListItem","position":3,"name":"Rota\u013clietu traktors (kast\u0113)"}]},{"@type":"WebSite","@id":"https:\/\/toys.lt\/lv\/#website","url":"https:\/\/toys.lt\/lv\/","name":"Toys.lt","description":"","potentialAction":[{"@type":"SearchAction","target":{"@type":"EntryPoint","urlTemplate":"https:\/\/toys.lt\/lv\/?s={search_term_string}"},"query-input":{"@type":"PropertyValueSpecification","valueRequired":true,"valueName":"search_term_string"}}],"inLanguage":"lv-LV"}]}},"_links":{"self":[{"href":"https:\/\/toys.lt\/lv\/wp-json\/wp\/v2\/product\/40965","targetHints":{"allow":["GET"]}}],"collection":[{"href":"https:\/\/toys.lt\/lv\/wp-json\/wp\/v2\/product"}],"about":[{"href":"https:\/\/toys.lt\/lv\/wp-json\/wp\/v2\/types\/product"}],"replies":[{"embeddable":true,"href":"https:\/\/toys.lt\/lv\/wp-json\/wp\/v2\/comments?post=40965"}],"version-history":[{"count":2,"href":"https:\/\/toys.lt\/lv\/wp-json\/wp\/v2\/product\/40965\/revisions"}],"predecessor-version":[{"id":45764,"href":"https:\/\/toys.lt\/lv\/wp-json\/wp\/v2\/product\/40965\/revisions\/45764"}],"wp:featuredmedia":[{"embeddable":true,"href":"https:\/\/toys.lt\/lv\/wp-json\/wp\/v2\/media\/40482"}],"wp:attachment":[{"href":"https:\/\/toys.lt\/lv\/wp-json\/wp\/v2\/media?parent=40965"}],"wp:term":[{"taxonomy":"product_brand","embeddable":true,"href":"https:\/\/toys.lt\/lv\/wp-json\/wp\/v2\/product_brand?post=40965"},{"taxonomy":"product_cat","embeddable":true,"href":"https:\/\/toys.lt\/lv\/wp-json\/wp\/v2\/product_cat?post=40965"},{"taxonomy":"product_tag","embeddable":true,"href":"https:\/\/toys.lt\/lv\/wp-json\/wp\/v2\/product_tag?post=40965"}],"curies":[{"name":"wp","href":"https:\/\/api.w.org\/{rel}","templated":true}]}}