{"id":40957,"date":"2024-11-27T01:08:54","date_gmt":"2024-11-27T01:08:54","guid":{"rendered":"https:\/\/toys.lt\/produktas\/clementoni-bernu-universalais-skrejritenis-vienradzis\/"},"modified":"2026-04-08T00:01:42","modified_gmt":"2026-04-08T00:01:42","slug":"clementoni-bernu-universalais-skrejritenis-vienradzis","status":"publish","type":"product","link":"https:\/\/toys.lt\/lv\/produktas\/clementoni-bernu-universalais-skrejritenis-vienradzis\/","title":{"rendered":"Clementoni B\u0113rnu univers\u0101lais skrejritenis &#8211; Vienradzis"},"content":{"rendered":"<p>Interakt\u012bvs <strong>skrejritenis <\/strong>ar da\u017e\u0101d\u0101m funkcij\u0101m, kas izklaid\u0113 un m\u0101ca j\u016bsu mazuli.<\/p>\n<p><strong>Funkcijas:<\/strong><\/p>\n<ul style=\"list-style-type: square\">\n<li>Var groz\u012bt vai braukt ar no\u0146emtiem apak\u0161\u0113jiem r\u0101mjiem.<\/li>\n<li>Sk\u016bteris rea\u0123\u0113, kad b\u0113rns brauc vai \u0161\u016bpojas, un izdod noteiktas ska\u0146as.<\/li>\n<li>Izgl\u012bt\u012bbai: rot\u0113jo\u0161as pogas ar cipariem un dz\u012bvnieku nosaukumiem pie st\u016bres.<\/li>\n<li>Ir ar\u012b m\u016bzika<\/li>\n<li style=\"margin: 0px;padding: 0px;font: inherit;border: 0px\">Lielie plastmasas rite\u0146i ir labi manevr\u0113jami, t\u0101p\u0113c skrejriteni ir viegli vad\u012bt.<\/li>\n<\/ul>\n","protected":false},"excerpt":{"rendered":"<p>Produkta veids: p\u0101rvieto\u0161an\u0101s pal\u012bgl\u012bdzeklis<\/p>\n<p>Izcelsmes valsts: It\u0101lija<\/p>\n<p>Iepakojuma izm\u0113ri: 54 x 46 x 19 cm<\/p>\n<p>Svars: 2,7 kg<\/p>\n<p>Ieteicamais vecums: no 1 gada vecuma<\/p>\n<p>Nepiecie\u0161amie elementi: 2xAAA<\/p>\n","protected":false},"featured_media":40428,"comment_status":"open","ping_status":"closed","template":"","meta":[],"product_brand":[],"product_cat":[1182,1183,1157,1155],"product_tag":[],"class_list":{"0":"post-40957","1":"product","2":"type-product","3":"status-publish","4":"has-post-thumbnail","6":"product_cat-muzikalas-rotallietas","7":"product_cat-rotallietas-maziem-berniem","8":"product_cat-izglitojosas-un-interaktivas-rotallietas","9":"product_cat-leti","10":"pa_amziaus-grupe-1-lv","11":"pa_prek-s-tipas-skrejriteni","13":"first","14":"instock","15":"sale","16":"taxable","17":"shipping-taxable","18":"purchasable","19":"product-type-simple"},"yoast_head":"<!-- This site is optimized with the Yoast SEO plugin v26.3 - https:\/\/yoast.com\/wordpress\/plugins\/seo\/ -->\n<title>Clementoni B\u0113rnu univers\u0101lais skrejritenis - Vienradzis - Toys.lt<\/title>\n<meta name=\"robots\" content=\"index, follow, max-snippet:-1, max-image-preview:large, max-video-preview:-1\" \/>\n<link rel=\"canonical\" href=\"https:\/\/toys.lt\/lv\/produktas\/clementoni-bernu-universalais-skrejritenis-vienradzis\/\" \/>\n<meta property=\"og:locale\" content=\"lv_LV\" \/>\n<meta property=\"og:type\" content=\"article\" \/>\n<meta property=\"og:title\" content=\"Clementoni B\u0113rnu univers\u0101lais skrejritenis - Vienradzis - Toys.lt\" \/>\n<meta property=\"og:description\" content=\"Produkta veids: p\u0101rvieto\u0161an\u0101s pal\u012bgl\u012bdzeklis Izcelsmes valsts: It\u0101lija Iepakojuma izm\u0113ri: 54 x 46 x 19 cm Svars: 2,7 kg Ieteicamais vecums: no 1 gada vecuma Nepiecie\u0161amie elementi: 2xAAA\" \/>\n<meta property=\"og:url\" content=\"https:\/\/toys.lt\/lv\/produktas\/clementoni-bernu-universalais-skrejritenis-vienradzis\/\" \/>\n<meta property=\"og:site_name\" content=\"Toys.lt\" \/>\n<meta property=\"article:modified_time\" content=\"2026-04-08T00:01:42+00:00\" \/>\n<meta property=\"og:image\" content=\"https:\/\/toys.lt\/wp-content\/uploads\/2024\/11\/17883-paspirtukas-1.jpg\" \/>\n\t<meta property=\"og:image:width\" content=\"1414\" \/>\n\t<meta property=\"og:image:height\" content=\"1500\" \/>\n\t<meta property=\"og:image:type\" content=\"image\/jpeg\" \/>\n<meta name=\"twitter:card\" content=\"summary_large_image\" \/>\n<script type=\"application\/ld+json\" class=\"yoast-schema-graph\">{\"@context\":\"https:\/\/schema.org\",\"@graph\":[{\"@type\":\"WebPage\",\"@id\":\"https:\/\/toys.lt\/lv\/produktas\/clementoni-bernu-universalais-skrejritenis-vienradzis\/\",\"url\":\"https:\/\/toys.lt\/lv\/produktas\/clementoni-bernu-universalais-skrejritenis-vienradzis\/\",\"name\":\"Clementoni B\u0113rnu univers\u0101lais skrejritenis - Vienradzis - Toys.lt\",\"isPartOf\":{\"@id\":\"https:\/\/toys.lt\/lv\/#website\"},\"primaryImageOfPage\":{\"@id\":\"https:\/\/toys.lt\/lv\/produktas\/clementoni-bernu-universalais-skrejritenis-vienradzis\/#primaryimage\"},\"image\":{\"@id\":\"https:\/\/toys.lt\/lv\/produktas\/clementoni-bernu-universalais-skrejritenis-vienradzis\/#primaryimage\"},\"thumbnailUrl\":\"https:\/\/toys.lt\/wp-content\/uploads\/2024\/11\/17883-paspirtukas-1.jpg\",\"datePublished\":\"2024-11-27T01:08:54+00:00\",\"dateModified\":\"2026-04-08T00:01:42+00:00\",\"breadcrumb\":{\"@id\":\"https:\/\/toys.lt\/lv\/produktas\/clementoni-bernu-universalais-skrejritenis-vienradzis\/#breadcrumb\"},\"inLanguage\":\"lv-LV\",\"potentialAction\":[{\"@type\":\"ReadAction\",\"target\":[\"https:\/\/toys.lt\/lv\/produktas\/clementoni-bernu-universalais-skrejritenis-vienradzis\/\"]}]},{\"@type\":\"ImageObject\",\"inLanguage\":\"lv-LV\",\"@id\":\"https:\/\/toys.lt\/lv\/produktas\/clementoni-bernu-universalais-skrejritenis-vienradzis\/#primaryimage\",\"url\":\"https:\/\/toys.lt\/wp-content\/uploads\/2024\/11\/17883-paspirtukas-1.jpg\",\"contentUrl\":\"https:\/\/toys.lt\/wp-content\/uploads\/2024\/11\/17883-paspirtukas-1.jpg\",\"width\":1414,\"height\":1500,\"caption\":\"Clementoni Baby universalus paspirtukas &#8211; vienaragis\"},{\"@type\":\"BreadcrumbList\",\"@id\":\"https:\/\/toys.lt\/lv\/produktas\/clementoni-bernu-universalais-skrejritenis-vienradzis\/#breadcrumb\",\"itemListElement\":[{\"@type\":\"ListItem\",\"position\":1,\"name\":\"Home\",\"item\":\"https:\/\/toys.lt\/lv\/\"},{\"@type\":\"ListItem\",\"position\":2,\"name\":\"Veikals\",\"item\":\"https:\/\/toys.lt\/lv\/shop\/\"},{\"@type\":\"ListItem\",\"position\":3,\"name\":\"Clementoni B\u0113rnu univers\u0101lais skrejritenis &#8211; Vienradzis\"}]},{\"@type\":\"WebSite\",\"@id\":\"https:\/\/toys.lt\/lv\/#website\",\"url\":\"https:\/\/toys.lt\/lv\/\",\"name\":\"Toys.lt\",\"description\":\"\",\"potentialAction\":[{\"@type\":\"SearchAction\",\"target\":{\"@type\":\"EntryPoint\",\"urlTemplate\":\"https:\/\/toys.lt\/lv\/?s={search_term_string}\"},\"query-input\":{\"@type\":\"PropertyValueSpecification\",\"valueRequired\":true,\"valueName\":\"search_term_string\"}}],\"inLanguage\":\"lv-LV\"}]}<\/script>\n<!-- \/ Yoast SEO plugin. -->","yoast_head_json":{"title":"Clementoni B\u0113rnu univers\u0101lais skrejritenis - Vienradzis - Toys.lt","robots":{"index":"index","follow":"follow","max-snippet":"max-snippet:-1","max-image-preview":"max-image-preview:large","max-video-preview":"max-video-preview:-1"},"canonical":"https:\/\/toys.lt\/lv\/produktas\/clementoni-bernu-universalais-skrejritenis-vienradzis\/","og_locale":"lv_LV","og_type":"article","og_title":"Clementoni B\u0113rnu univers\u0101lais skrejritenis - Vienradzis - Toys.lt","og_description":"Produkta veids: p\u0101rvieto\u0161an\u0101s pal\u012bgl\u012bdzeklis Izcelsmes valsts: It\u0101lija Iepakojuma izm\u0113ri: 54 x 46 x 19 cm Svars: 2,7 kg Ieteicamais vecums: no 1 gada vecuma Nepiecie\u0161amie elementi: 2xAAA","og_url":"https:\/\/toys.lt\/lv\/produktas\/clementoni-bernu-universalais-skrejritenis-vienradzis\/","og_site_name":"Toys.lt","article_modified_time":"2026-04-08T00:01:42+00:00","og_image":[{"width":1414,"height":1500,"url":"https:\/\/toys.lt\/wp-content\/uploads\/2024\/11\/17883-paspirtukas-1.jpg","type":"image\/jpeg"}],"twitter_card":"summary_large_image","schema":{"@context":"https:\/\/schema.org","@graph":[{"@type":"WebPage","@id":"https:\/\/toys.lt\/lv\/produktas\/clementoni-bernu-universalais-skrejritenis-vienradzis\/","url":"https:\/\/toys.lt\/lv\/produktas\/clementoni-bernu-universalais-skrejritenis-vienradzis\/","name":"Clementoni B\u0113rnu univers\u0101lais skrejritenis - Vienradzis - Toys.lt","isPartOf":{"@id":"https:\/\/toys.lt\/lv\/#website"},"primaryImageOfPage":{"@id":"https:\/\/toys.lt\/lv\/produktas\/clementoni-bernu-universalais-skrejritenis-vienradzis\/#primaryimage"},"image":{"@id":"https:\/\/toys.lt\/lv\/produktas\/clementoni-bernu-universalais-skrejritenis-vienradzis\/#primaryimage"},"thumbnailUrl":"https:\/\/toys.lt\/wp-content\/uploads\/2024\/11\/17883-paspirtukas-1.jpg","datePublished":"2024-11-27T01:08:54+00:00","dateModified":"2026-04-08T00:01:42+00:00","breadcrumb":{"@id":"https:\/\/toys.lt\/lv\/produktas\/clementoni-bernu-universalais-skrejritenis-vienradzis\/#breadcrumb"},"inLanguage":"lv-LV","potentialAction":[{"@type":"ReadAction","target":["https:\/\/toys.lt\/lv\/produktas\/clementoni-bernu-universalais-skrejritenis-vienradzis\/"]}]},{"@type":"ImageObject","inLanguage":"lv-LV","@id":"https:\/\/toys.lt\/lv\/produktas\/clementoni-bernu-universalais-skrejritenis-vienradzis\/#primaryimage","url":"https:\/\/toys.lt\/wp-content\/uploads\/2024\/11\/17883-paspirtukas-1.jpg","contentUrl":"https:\/\/toys.lt\/wp-content\/uploads\/2024\/11\/17883-paspirtukas-1.jpg","width":1414,"height":1500,"caption":"Clementoni Baby universalus paspirtukas &#8211; vienaragis"},{"@type":"BreadcrumbList","@id":"https:\/\/toys.lt\/lv\/produktas\/clementoni-bernu-universalais-skrejritenis-vienradzis\/#breadcrumb","itemListElement":[{"@type":"ListItem","position":1,"name":"Home","item":"https:\/\/toys.lt\/lv\/"},{"@type":"ListItem","position":2,"name":"Veikals","item":"https:\/\/toys.lt\/lv\/shop\/"},{"@type":"ListItem","position":3,"name":"Clementoni B\u0113rnu univers\u0101lais skrejritenis &#8211; Vienradzis"}]},{"@type":"WebSite","@id":"https:\/\/toys.lt\/lv\/#website","url":"https:\/\/toys.lt\/lv\/","name":"Toys.lt","description":"","potentialAction":[{"@type":"SearchAction","target":{"@type":"EntryPoint","urlTemplate":"https:\/\/toys.lt\/lv\/?s={search_term_string}"},"query-input":{"@type":"PropertyValueSpecification","valueRequired":true,"valueName":"search_term_string"}}],"inLanguage":"lv-LV"}]}},"_links":{"self":[{"href":"https:\/\/toys.lt\/lv\/wp-json\/wp\/v2\/product\/40957","targetHints":{"allow":["GET"]}}],"collection":[{"href":"https:\/\/toys.lt\/lv\/wp-json\/wp\/v2\/product"}],"about":[{"href":"https:\/\/toys.lt\/lv\/wp-json\/wp\/v2\/types\/product"}],"replies":[{"embeddable":true,"href":"https:\/\/toys.lt\/lv\/wp-json\/wp\/v2\/comments?post=40957"}],"version-history":[{"count":2,"href":"https:\/\/toys.lt\/lv\/wp-json\/wp\/v2\/product\/40957\/revisions"}],"predecessor-version":[{"id":45757,"href":"https:\/\/toys.lt\/lv\/wp-json\/wp\/v2\/product\/40957\/revisions\/45757"}],"wp:featuredmedia":[{"embeddable":true,"href":"https:\/\/toys.lt\/lv\/wp-json\/wp\/v2\/media\/40428"}],"wp:attachment":[{"href":"https:\/\/toys.lt\/lv\/wp-json\/wp\/v2\/media?parent=40957"}],"wp:term":[{"taxonomy":"product_brand","embeddable":true,"href":"https:\/\/toys.lt\/lv\/wp-json\/wp\/v2\/product_brand?post=40957"},{"taxonomy":"product_cat","embeddable":true,"href":"https:\/\/toys.lt\/lv\/wp-json\/wp\/v2\/product_cat?post=40957"},{"taxonomy":"product_tag","embeddable":true,"href":"https:\/\/toys.lt\/lv\/wp-json\/wp\/v2\/product_tag?post=40957"}],"curies":[{"name":"wp","href":"https:\/\/api.w.org\/{rel}","templated":true}]}}