{"id":40910,"date":"2025-05-25T22:17:09","date_gmt":"2025-05-25T22:17:09","guid":{"rendered":"https:\/\/toys.lt\/produktas\/transformer-rotalu-komplekts-2in1-2\/"},"modified":"2026-04-08T00:01:31","modified_gmt":"2026-04-08T00:01:31","slug":"transformer-rotalu-komplekts-2in1-2","status":"publish","type":"product","link":"https:\/\/toys.lt\/lv\/produktas\/transformer-rotalu-komplekts-2in1-2\/","title":{"rendered":"Transformer rota\u013cu komplekts (2in1)"},"content":{"rendered":"<p><strong>Transformatora rota\u013clietu komplekts, kas <\/strong>no automa\u0161\u012bnas p\u0101rv\u0113r\u0161as robot\u0101, kur\u0161 palai\u017e maz\u0101kus transportl\u012bdzek\u013cus.<\/p>\n<p><strong>Funkcijas:<\/strong><\/p>\n<ul>\n<li data-sourcepos=\"9:1-9:146\"><strong>&#8220;2-in-1&#8221; transform\u0101cija:<\/strong> viegli p\u0101rsl\u0113dzieties no automa\u0161\u012bnas uz jaud\u012bgu robotu, veicinot izt\u0113li un rado\u0161as rota\u013cas.<\/li>\n<li data-sourcepos=\"10:1-10:100\"><strong>\u0160autri\u0146u palai\u0161anas ier\u012bce:<\/strong> robotam ir \u0161autri\u0146u palai\u0161anas ier\u012bce jautr\u0101m kauj\u0101m un m\u0113r\u0137\u0113\u0161anas treni\u0146iem.<\/li>\n<li data-sourcepos=\"11:1-11:161\"><strong>Mini transportl\u012bdzek\u013cu palai\u0161ana:<\/strong> v\u0113rojiet, k\u0101 robots no rampas palai\u017e mini transportl\u012bdzek\u013cus, t\u0101d\u0113j\u0101di radot v\u0113l vienu dinamiskas sp\u0113les l\u012bmeni.<\/li>\n<li data-sourcepos=\"11:1-11:161\">4 transportl\u012bdzek\u013ci<\/li>\n<\/ul>\n","protected":false},"excerpt":{"rendered":"<p>Materi\u0101ls: plastmasa<\/p>\n<p>Ieteicamais vecums: no 3 gadiem<\/p>\n<p>Iepakojuma izm\u0113ri: 23 x 7 x 24 cm<\/p>\n<p>Izcelsmes valsts: \u0136\u012bna.<\/p>\n","protected":false},"featured_media":40560,"comment_status":"open","ping_status":"closed","template":"","meta":[],"product_brand":[],"product_cat":[1176,1177,1155],"product_tag":[],"class_list":{"0":"post-40910","1":"product","2":"type-product","3":"status-publish","4":"has-post-thumbnail","6":"product_cat-rotallietas-zeniem","7":"product_cat-rotalu-automasinas-traktori-un-kapurkedes","8":"product_cat-leti","9":"pa_amziaus-grupe-3-lv","11":"first","12":"instock","13":"taxable","14":"shipping-taxable","15":"purchasable","16":"product-type-simple"},"yoast_head":"<!-- This site is optimized with the Yoast SEO plugin v26.3 - https:\/\/yoast.com\/wordpress\/plugins\/seo\/ -->\n<title>Transformer rota\u013cu komplekts (2in1) - Toys.lt<\/title>\n<meta name=\"robots\" content=\"index, follow, max-snippet:-1, max-image-preview:large, max-video-preview:-1\" \/>\n<link rel=\"canonical\" href=\"https:\/\/toys.lt\/lv\/produktas\/transformer-rotalu-komplekts-2in1-2\/\" \/>\n<meta property=\"og:locale\" content=\"lv_LV\" \/>\n<meta property=\"og:type\" content=\"article\" \/>\n<meta property=\"og:title\" content=\"Transformer rota\u013cu komplekts (2in1) - Toys.lt\" \/>\n<meta property=\"og:description\" content=\"Materi\u0101ls: plastmasa Ieteicamais vecums: no 3 gadiem Iepakojuma izm\u0113ri: 23 x 7 x 24 cm Izcelsmes valsts: \u0136\u012bna.\" \/>\n<meta property=\"og:url\" content=\"https:\/\/toys.lt\/lv\/produktas\/transformer-rotalu-komplekts-2in1-2\/\" \/>\n<meta property=\"og:site_name\" content=\"Toys.lt\" \/>\n<meta property=\"article:modified_time\" content=\"2026-04-08T00:01:31+00:00\" \/>\n<meta property=\"og:image\" content=\"https:\/\/toys.lt\/wp-content\/uploads\/2025\/05\/17823-tranformeris-1.jpg\" \/>\n\t<meta property=\"og:image:width\" content=\"700\" \/>\n\t<meta property=\"og:image:height\" content=\"700\" \/>\n\t<meta property=\"og:image:type\" content=\"image\/jpeg\" \/>\n<meta name=\"twitter:card\" content=\"summary_large_image\" \/>\n<meta name=\"twitter:label1\" content=\"Est. reading time\" \/>\n\t<meta name=\"twitter:data1\" content=\"1 minute\" \/>\n<script type=\"application\/ld+json\" class=\"yoast-schema-graph\">{\"@context\":\"https:\/\/schema.org\",\"@graph\":[{\"@type\":\"WebPage\",\"@id\":\"https:\/\/toys.lt\/lv\/produktas\/transformer-rotalu-komplekts-2in1-2\/\",\"url\":\"https:\/\/toys.lt\/lv\/produktas\/transformer-rotalu-komplekts-2in1-2\/\",\"name\":\"Transformer rota\u013cu komplekts (2in1) - Toys.lt\",\"isPartOf\":{\"@id\":\"https:\/\/toys.lt\/lv\/#website\"},\"primaryImageOfPage\":{\"@id\":\"https:\/\/toys.lt\/lv\/produktas\/transformer-rotalu-komplekts-2in1-2\/#primaryimage\"},\"image\":{\"@id\":\"https:\/\/toys.lt\/lv\/produktas\/transformer-rotalu-komplekts-2in1-2\/#primaryimage\"},\"thumbnailUrl\":\"https:\/\/toys.lt\/wp-content\/uploads\/2025\/05\/17823-tranformeris-1.jpg\",\"datePublished\":\"2025-05-25T22:17:09+00:00\",\"dateModified\":\"2026-04-08T00:01:31+00:00\",\"breadcrumb\":{\"@id\":\"https:\/\/toys.lt\/lv\/produktas\/transformer-rotalu-komplekts-2in1-2\/#breadcrumb\"},\"inLanguage\":\"lv-LV\",\"potentialAction\":[{\"@type\":\"ReadAction\",\"target\":[\"https:\/\/toys.lt\/lv\/produktas\/transformer-rotalu-komplekts-2in1-2\/\"]}]},{\"@type\":\"ImageObject\",\"inLanguage\":\"lv-LV\",\"@id\":\"https:\/\/toys.lt\/lv\/produktas\/transformer-rotalu-komplekts-2in1-2\/#primaryimage\",\"url\":\"https:\/\/toys.lt\/wp-content\/uploads\/2025\/05\/17823-tranformeris-1.jpg\",\"contentUrl\":\"https:\/\/toys.lt\/wp-content\/uploads\/2025\/05\/17823-tranformeris-1.jpg\",\"width\":700,\"height\":700,\"caption\":\"\u017daislinis ma\u0161in\u0173 rinkinys &#8211; transformeris (2in1)\"},{\"@type\":\"BreadcrumbList\",\"@id\":\"https:\/\/toys.lt\/lv\/produktas\/transformer-rotalu-komplekts-2in1-2\/#breadcrumb\",\"itemListElement\":[{\"@type\":\"ListItem\",\"position\":1,\"name\":\"Home\",\"item\":\"https:\/\/toys.lt\/lv\/\"},{\"@type\":\"ListItem\",\"position\":2,\"name\":\"Veikals\",\"item\":\"https:\/\/toys.lt\/lv\/shop\/\"},{\"@type\":\"ListItem\",\"position\":3,\"name\":\"Transformer rota\u013cu komplekts (2in1)\"}]},{\"@type\":\"WebSite\",\"@id\":\"https:\/\/toys.lt\/lv\/#website\",\"url\":\"https:\/\/toys.lt\/lv\/\",\"name\":\"Toys.lt\",\"description\":\"\",\"potentialAction\":[{\"@type\":\"SearchAction\",\"target\":{\"@type\":\"EntryPoint\",\"urlTemplate\":\"https:\/\/toys.lt\/lv\/?s={search_term_string}\"},\"query-input\":{\"@type\":\"PropertyValueSpecification\",\"valueRequired\":true,\"valueName\":\"search_term_string\"}}],\"inLanguage\":\"lv-LV\"}]}<\/script>\n<!-- \/ Yoast SEO plugin. -->","yoast_head_json":{"title":"Transformer rota\u013cu komplekts (2in1) - Toys.lt","robots":{"index":"index","follow":"follow","max-snippet":"max-snippet:-1","max-image-preview":"max-image-preview:large","max-video-preview":"max-video-preview:-1"},"canonical":"https:\/\/toys.lt\/lv\/produktas\/transformer-rotalu-komplekts-2in1-2\/","og_locale":"lv_LV","og_type":"article","og_title":"Transformer rota\u013cu komplekts (2in1) - Toys.lt","og_description":"Materi\u0101ls: plastmasa Ieteicamais vecums: no 3 gadiem Iepakojuma izm\u0113ri: 23 x 7 x 24 cm Izcelsmes valsts: \u0136\u012bna.","og_url":"https:\/\/toys.lt\/lv\/produktas\/transformer-rotalu-komplekts-2in1-2\/","og_site_name":"Toys.lt","article_modified_time":"2026-04-08T00:01:31+00:00","og_image":[{"width":700,"height":700,"url":"https:\/\/toys.lt\/wp-content\/uploads\/2025\/05\/17823-tranformeris-1.jpg","type":"image\/jpeg"}],"twitter_card":"summary_large_image","twitter_misc":{"Est. reading time":"1 minute"},"schema":{"@context":"https:\/\/schema.org","@graph":[{"@type":"WebPage","@id":"https:\/\/toys.lt\/lv\/produktas\/transformer-rotalu-komplekts-2in1-2\/","url":"https:\/\/toys.lt\/lv\/produktas\/transformer-rotalu-komplekts-2in1-2\/","name":"Transformer rota\u013cu komplekts (2in1) - Toys.lt","isPartOf":{"@id":"https:\/\/toys.lt\/lv\/#website"},"primaryImageOfPage":{"@id":"https:\/\/toys.lt\/lv\/produktas\/transformer-rotalu-komplekts-2in1-2\/#primaryimage"},"image":{"@id":"https:\/\/toys.lt\/lv\/produktas\/transformer-rotalu-komplekts-2in1-2\/#primaryimage"},"thumbnailUrl":"https:\/\/toys.lt\/wp-content\/uploads\/2025\/05\/17823-tranformeris-1.jpg","datePublished":"2025-05-25T22:17:09+00:00","dateModified":"2026-04-08T00:01:31+00:00","breadcrumb":{"@id":"https:\/\/toys.lt\/lv\/produktas\/transformer-rotalu-komplekts-2in1-2\/#breadcrumb"},"inLanguage":"lv-LV","potentialAction":[{"@type":"ReadAction","target":["https:\/\/toys.lt\/lv\/produktas\/transformer-rotalu-komplekts-2in1-2\/"]}]},{"@type":"ImageObject","inLanguage":"lv-LV","@id":"https:\/\/toys.lt\/lv\/produktas\/transformer-rotalu-komplekts-2in1-2\/#primaryimage","url":"https:\/\/toys.lt\/wp-content\/uploads\/2025\/05\/17823-tranformeris-1.jpg","contentUrl":"https:\/\/toys.lt\/wp-content\/uploads\/2025\/05\/17823-tranformeris-1.jpg","width":700,"height":700,"caption":"\u017daislinis ma\u0161in\u0173 rinkinys &#8211; transformeris (2in1)"},{"@type":"BreadcrumbList","@id":"https:\/\/toys.lt\/lv\/produktas\/transformer-rotalu-komplekts-2in1-2\/#breadcrumb","itemListElement":[{"@type":"ListItem","position":1,"name":"Home","item":"https:\/\/toys.lt\/lv\/"},{"@type":"ListItem","position":2,"name":"Veikals","item":"https:\/\/toys.lt\/lv\/shop\/"},{"@type":"ListItem","position":3,"name":"Transformer rota\u013cu komplekts (2in1)"}]},{"@type":"WebSite","@id":"https:\/\/toys.lt\/lv\/#website","url":"https:\/\/toys.lt\/lv\/","name":"Toys.lt","description":"","potentialAction":[{"@type":"SearchAction","target":{"@type":"EntryPoint","urlTemplate":"https:\/\/toys.lt\/lv\/?s={search_term_string}"},"query-input":{"@type":"PropertyValueSpecification","valueRequired":true,"valueName":"search_term_string"}}],"inLanguage":"lv-LV"}]}},"_links":{"self":[{"href":"https:\/\/toys.lt\/lv\/wp-json\/wp\/v2\/product\/40910","targetHints":{"allow":["GET"]}}],"collection":[{"href":"https:\/\/toys.lt\/lv\/wp-json\/wp\/v2\/product"}],"about":[{"href":"https:\/\/toys.lt\/lv\/wp-json\/wp\/v2\/types\/product"}],"replies":[{"embeddable":true,"href":"https:\/\/toys.lt\/lv\/wp-json\/wp\/v2\/comments?post=40910"}],"version-history":[{"count":1,"href":"https:\/\/toys.lt\/lv\/wp-json\/wp\/v2\/product\/40910\/revisions"}],"predecessor-version":[{"id":40911,"href":"https:\/\/toys.lt\/lv\/wp-json\/wp\/v2\/product\/40910\/revisions\/40911"}],"wp:featuredmedia":[{"embeddable":true,"href":"https:\/\/toys.lt\/lv\/wp-json\/wp\/v2\/media\/40560"}],"wp:attachment":[{"href":"https:\/\/toys.lt\/lv\/wp-json\/wp\/v2\/media?parent=40910"}],"wp:term":[{"taxonomy":"product_brand","embeddable":true,"href":"https:\/\/toys.lt\/lv\/wp-json\/wp\/v2\/product_brand?post=40910"},{"taxonomy":"product_cat","embeddable":true,"href":"https:\/\/toys.lt\/lv\/wp-json\/wp\/v2\/product_cat?post=40910"},{"taxonomy":"product_tag","embeddable":true,"href":"https:\/\/toys.lt\/lv\/wp-json\/wp\/v2\/product_tag?post=40910"}],"curies":[{"name":"wp","href":"https:\/\/api.w.org\/{rel}","templated":true}]}}