{"id":40900,"date":"2024-05-24T04:46:27","date_gmt":"2024-05-24T04:46:27","guid":{"rendered":"https:\/\/toys.lt\/produktas\/clementoni-mehanikas-laboratorija-dizaina-laboratorija-lauksaimniecibas-tehnika-ltlvee\/"},"modified":"2026-04-08T00:01:54","modified_gmt":"2026-04-08T00:01:54","slug":"clementoni-mehanikas-laboratorija-dizaina-laboratorija-lauksaimniecibas-tehnika-ltlvee","status":"publish","type":"product","link":"https:\/\/toys.lt\/lv\/produktas\/clementoni-mehanikas-laboratorija-dizaina-laboratorija-lauksaimniecibas-tehnika-ltlvee\/","title":{"rendered":"Clementoni Lauksaimniec\u012bbas tehnikas b\u016bvniec\u012bbas komplekts"},"content":{"rendered":"<p class=\"MsoNormal\" style=\"margin: 0px; font-size: medium; color: #7a7a7a; padding: 0px; line-height: inherit; border: 0px; font-family: Roboto, sans-serif; background-color: #fefefe; text-align: center;\" align=\"center\"><i style=\"line-height: inherit; margin: 0px; padding: 0px; border: 0px; font-variant: inherit; font-weight: inherit; font-size: inherit; font-family: inherit;\"><span style=\"margin: 0px; padding: 0px; border: 0px; font-style: inherit; font-variant: inherit; font-weight: inherit; font-size: 8.5pt; line-height: inherit; font-family: Verdana, sans-serif; color: #000000;\">Clementoni &#8211; dibin\u0101ts It\u0101lij\u0101 un veiksm\u012bgi darbojas jau vair\u0101k nek\u0101 50 gadus! Uz\u0146\u0113muma misija ir rad\u012bt sp\u0113les, kas pal\u012bdz b\u0113rniem augt.   <\/span><\/i><\/p>\n<p class=\"MsoNormal\" style=\"margin: 0px; font-size: medium; color: #7a7a7a; padding: 0px; line-height: inherit; border: 0px; font-family: Roboto, sans-serif; background-color: #fefefe; text-align: center;\" align=\"center\"><i style=\"line-height: inherit; margin: 0px; padding: 0px; border: 0px; font-variant: inherit; font-weight: inherit; font-size: inherit; font-family: inherit;\"><span style=\"margin: 0px; padding: 0px; border: 0px; font-style: inherit; font-variant: inherit; font-weight: inherit; font-size: 8.5pt; line-height: inherit; font-family: Verdana, sans-serif; color: #000000;\">Tas viss ir izstr\u0101d\u0101ts, lai apmierin\u0101tu jaunie\u0161u vajadz\u012bbas, \u0146emot v\u0113r\u0101 m\u016bsdienu tehnolo\u0123ijas un glob\u0101l\u0101s izgl\u012bt\u012bbas tendences.<\/span><\/i><\/p>\n<p data-start=\"583\" data-end=\"859\">Clementoni Lauksaimniec\u012bbas tehnika ir STEM konstruktors b\u0113rniem, kuriem pat\u012bk ma\u0161\u012bnas un lauksaimniec\u012bbas tehnika. Komplekt\u0101 ir <strong data-start=\"742\" data-end=\"757\">200 deta\u013cas, no kur\u0101m<\/strong> var uzb\u016bv\u0113t l\u012bdz pat 10 da\u017e\u0101diem mode\u013ciem, s\u0101kot no traktora l\u012bdz da\u017e\u0101diem lauksaimniec\u012bbas piederumiem. <\/p>\n<p data-start=\"861\" data-end=\"1064\">\u0160is konstruktors iepaz\u012bstina b\u0113rnus ar meh\u0101nikas principiem un \u013cauj vi\u0146iem tuvpl\u0101n\u0101 apl\u016bkot, k\u0101 darbojas \u012bstas lauksaimniec\u012bbas ma\u0161\u012bnas. Ar pievienoto rokasgr\u0101matu mont\u0101\u017ea k\u013c\u016bst vienk\u0101r\u0161a un aizraujo\u0161a. <\/p>\n<p data-start=\"1066\" data-end=\"1080\"><strong data-start=\"1066\" data-end=\"1078\">Funkcijas:<\/strong><\/p>\n<ul data-start=\"1081\" data-end=\"1314\">\n<li data-start=\"1081\" data-end=\"1147\">\n<p data-start=\"1083\" data-end=\"1147\">Var sav\u0101kt l\u012bdz pat 10 da\u017e\u0101du lauksaimniec\u012bbas tehnikas mode\u013cu kolekcijas;<\/p>\n<\/li>\n<li data-start=\"1148\" data-end=\"1179\">\n<p data-start=\"1150\" data-end=\"1179\">200 da\u013cu konstruktors;<\/p>\n<\/li>\n<li data-start=\"1180\" data-end=\"1224\">\n<p data-start=\"1182\" data-end=\"1224\">Komplekt\u0101 ir iek\u013cauta visaptvero\u0161a lietot\u0101ja rokasgr\u0101mata;<\/p>\n<\/li>\n<li data-start=\"1225\" data-end=\"1314\">\n<p data-start=\"1227\" data-end=\"1314\">Att\u012bsta rado\u0161umu, lo\u0123isko dom\u0101\u0161anu, probl\u0113mu risin\u0101\u0161anas prasmes un tehnisko izpratni.<\/p>\n<\/li>\n<\/ul>\n<p data-start=\"1316\" data-end=\"1545\"><strong data-start=\"1316\" data-end=\"1345\">Citi tehniskie dati:<\/strong><br data-start=\"1345\" data-end=\"1348\">Ieteicamais vecums: no 8 gadiem.<br data-start=\"1382\" data-end=\"1385\">S\u0113rija: Science &amp; Play &#8211; Mechanics.<br data-start=\"1420\" data-end=\"1423\">Ra\u017eots It\u0101lij\u0101.<br data-start=\"1443\" data-end=\"1446\">Dro\u0161\u012bbas br\u012bdin\u0101jums: nav piem\u0113rots b\u0113rniem l\u012bdz 3 gadu (36 m\u0113ne\u0161u) vecumam mazu deta\u013cu d\u0113\u013c &#8211; aizr\u012b\u0161an\u0101s risks.<\/p>\n","protected":false},"excerpt":{"rendered":"<p>Produkta veids: konstruktors<\/p>\n<p>Z\u012bmola nosaukums: Clementoni<\/p>\n<p>Izcelsmes valsts: It\u0101lija<\/p>\n<p>Iepakojuma izm\u0113ri: 27 x 18 x 4 cm<\/p>\n<p>Ieteicamais vecums: no 8 gadiem.<\/p>\n","protected":false},"featured_media":40201,"comment_status":"open","ping_status":"closed","template":"","meta":[],"product_brand":[384],"product_cat":[1176,1157,1155],"product_tag":[],"class_list":{"0":"post-40900","1":"product","2":"type-product","3":"status-publish","4":"has-post-thumbnail","6":"product_brand-clementoni-2","7":"product_cat-rotallietas-zeniem","8":"product_cat-izglitojosas-un-interaktivas-rotallietas","9":"product_cat-leti","10":"pa_amziaus-grupe-8-lv","11":"pa_prek-s-tipas-konstruktori-un-modulu-bloki","12":"pa_prekes-zenklas-clementoni-lv","14":"first","15":"instock","16":"sale","17":"taxable","18":"shipping-taxable","19":"purchasable","20":"product-type-simple"},"yoast_head":"<!-- This site is optimized with the Yoast SEO plugin v26.3 - https:\/\/yoast.com\/wordpress\/plugins\/seo\/ -->\n<title>Clementoni Lauksaimniec\u012bbas tehnikas b\u016bvniec\u012bbas komplekts - Toys.lt<\/title>\n<meta name=\"description\" content=\"Clementoni lauksaimniec\u012bbas tehnikas konstruktoru komplekts 200 gab. Uzb\u016bv\u0113jiet l\u012bdz pat 10 lauksaimniec\u012bbas tehnikas mode\u013ciem un att\u012bstiet savu tehnisko dom\u0101\u0161anu.\" \/>\n<meta name=\"robots\" content=\"index, follow, max-snippet:-1, max-image-preview:large, max-video-preview:-1\" \/>\n<link rel=\"canonical\" href=\"https:\/\/toys.lt\/lv\/produktas\/clementoni-mehanikas-laboratorija-dizaina-laboratorija-lauksaimniecibas-tehnika-ltlvee\/\" \/>\n<meta property=\"og:locale\" content=\"lv_LV\" \/>\n<meta property=\"og:type\" content=\"article\" \/>\n<meta property=\"og:title\" content=\"Clementoni Lauksaimniec\u012bbas tehnikas b\u016bvniec\u012bbas komplekts - Toys.lt\" \/>\n<meta property=\"og:description\" content=\"Clementoni lauksaimniec\u012bbas tehnikas konstruktoru komplekts 200 gab. Uzb\u016bv\u0113jiet l\u012bdz pat 10 lauksaimniec\u012bbas tehnikas mode\u013ciem un att\u012bstiet savu tehnisko dom\u0101\u0161anu.\" \/>\n<meta property=\"og:url\" content=\"https:\/\/toys.lt\/lv\/produktas\/clementoni-mehanikas-laboratorija-dizaina-laboratorija-lauksaimniecibas-tehnika-ltlvee\/\" \/>\n<meta property=\"og:site_name\" content=\"Toys.lt\" \/>\n<meta property=\"article:modified_time\" content=\"2026-04-08T00:01:54+00:00\" \/>\n<meta property=\"og:image\" content=\"https:\/\/toys.lt\/wp-content\/uploads\/2024\/05\/products-6570.jpg\" \/>\n\t<meta property=\"og:image:width\" content=\"1600\" \/>\n\t<meta property=\"og:image:height\" content=\"1000\" \/>\n\t<meta property=\"og:image:type\" content=\"image\/jpeg\" \/>\n<meta name=\"twitter:card\" content=\"summary_large_image\" \/>\n<meta name=\"twitter:label1\" content=\"Est. reading time\" \/>\n\t<meta name=\"twitter:data1\" content=\"1 minute\" \/>\n<script type=\"application\/ld+json\" class=\"yoast-schema-graph\">{\"@context\":\"https:\/\/schema.org\",\"@graph\":[{\"@type\":\"WebPage\",\"@id\":\"https:\/\/toys.lt\/lv\/produktas\/clementoni-mehanikas-laboratorija-dizaina-laboratorija-lauksaimniecibas-tehnika-ltlvee\/\",\"url\":\"https:\/\/toys.lt\/lv\/produktas\/clementoni-mehanikas-laboratorija-dizaina-laboratorija-lauksaimniecibas-tehnika-ltlvee\/\",\"name\":\"Clementoni Lauksaimniec\u012bbas tehnikas b\u016bvniec\u012bbas komplekts - Toys.lt\",\"isPartOf\":{\"@id\":\"https:\/\/toys.lt\/lv\/#website\"},\"primaryImageOfPage\":{\"@id\":\"https:\/\/toys.lt\/lv\/produktas\/clementoni-mehanikas-laboratorija-dizaina-laboratorija-lauksaimniecibas-tehnika-ltlvee\/#primaryimage\"},\"image\":{\"@id\":\"https:\/\/toys.lt\/lv\/produktas\/clementoni-mehanikas-laboratorija-dizaina-laboratorija-lauksaimniecibas-tehnika-ltlvee\/#primaryimage\"},\"thumbnailUrl\":\"https:\/\/toys.lt\/wp-content\/uploads\/2024\/05\/products-6570.jpg\",\"datePublished\":\"2024-05-24T04:46:27+00:00\",\"dateModified\":\"2026-04-08T00:01:54+00:00\",\"description\":\"Clementoni lauksaimniec\u012bbas tehnikas konstruktoru komplekts 200 gab. Uzb\u016bv\u0113jiet l\u012bdz pat 10 lauksaimniec\u012bbas tehnikas mode\u013ciem un att\u012bstiet savu tehnisko dom\u0101\u0161anu.\",\"breadcrumb\":{\"@id\":\"https:\/\/toys.lt\/lv\/produktas\/clementoni-mehanikas-laboratorija-dizaina-laboratorija-lauksaimniecibas-tehnika-ltlvee\/#breadcrumb\"},\"inLanguage\":\"lv-LV\",\"potentialAction\":[{\"@type\":\"ReadAction\",\"target\":[\"https:\/\/toys.lt\/lv\/produktas\/clementoni-mehanikas-laboratorija-dizaina-laboratorija-lauksaimniecibas-tehnika-ltlvee\/\"]}]},{\"@type\":\"ImageObject\",\"inLanguage\":\"lv-LV\",\"@id\":\"https:\/\/toys.lt\/lv\/produktas\/clementoni-mehanikas-laboratorija-dizaina-laboratorija-lauksaimniecibas-tehnika-ltlvee\/#primaryimage\",\"url\":\"https:\/\/toys.lt\/wp-content\/uploads\/2024\/05\/products-6570.jpg\",\"contentUrl\":\"https:\/\/toys.lt\/wp-content\/uploads\/2024\/05\/products-6570.jpg\",\"width\":1600,\"height\":1000,\"caption\":\"Clementoni mechanin\u0117 laboratorija\/konstruktoriu &#8211; Farm Equipment (LT,LV,EE)\"},{\"@type\":\"BreadcrumbList\",\"@id\":\"https:\/\/toys.lt\/lv\/produktas\/clementoni-mehanikas-laboratorija-dizaina-laboratorija-lauksaimniecibas-tehnika-ltlvee\/#breadcrumb\",\"itemListElement\":[{\"@type\":\"ListItem\",\"position\":1,\"name\":\"Home\",\"item\":\"https:\/\/toys.lt\/lv\/\"},{\"@type\":\"ListItem\",\"position\":2,\"name\":\"Veikals\",\"item\":\"https:\/\/toys.lt\/lv\/shop\/\"},{\"@type\":\"ListItem\",\"position\":3,\"name\":\"Clementoni Lauksaimniec\u012bbas tehnikas b\u016bvniec\u012bbas komplekts\"}]},{\"@type\":\"WebSite\",\"@id\":\"https:\/\/toys.lt\/lv\/#website\",\"url\":\"https:\/\/toys.lt\/lv\/\",\"name\":\"Toys.lt\",\"description\":\"\",\"potentialAction\":[{\"@type\":\"SearchAction\",\"target\":{\"@type\":\"EntryPoint\",\"urlTemplate\":\"https:\/\/toys.lt\/lv\/?s={search_term_string}\"},\"query-input\":{\"@type\":\"PropertyValueSpecification\",\"valueRequired\":true,\"valueName\":\"search_term_string\"}}],\"inLanguage\":\"lv-LV\"}]}<\/script>\n<!-- \/ Yoast SEO plugin. -->","yoast_head_json":{"title":"Clementoni Lauksaimniec\u012bbas tehnikas b\u016bvniec\u012bbas komplekts - Toys.lt","description":"Clementoni lauksaimniec\u012bbas tehnikas konstruktoru komplekts 200 gab. Uzb\u016bv\u0113jiet l\u012bdz pat 10 lauksaimniec\u012bbas tehnikas mode\u013ciem un att\u012bstiet savu tehnisko dom\u0101\u0161anu.","robots":{"index":"index","follow":"follow","max-snippet":"max-snippet:-1","max-image-preview":"max-image-preview:large","max-video-preview":"max-video-preview:-1"},"canonical":"https:\/\/toys.lt\/lv\/produktas\/clementoni-mehanikas-laboratorija-dizaina-laboratorija-lauksaimniecibas-tehnika-ltlvee\/","og_locale":"lv_LV","og_type":"article","og_title":"Clementoni Lauksaimniec\u012bbas tehnikas b\u016bvniec\u012bbas komplekts - Toys.lt","og_description":"Clementoni lauksaimniec\u012bbas tehnikas konstruktoru komplekts 200 gab. Uzb\u016bv\u0113jiet l\u012bdz pat 10 lauksaimniec\u012bbas tehnikas mode\u013ciem un att\u012bstiet savu tehnisko dom\u0101\u0161anu.","og_url":"https:\/\/toys.lt\/lv\/produktas\/clementoni-mehanikas-laboratorija-dizaina-laboratorija-lauksaimniecibas-tehnika-ltlvee\/","og_site_name":"Toys.lt","article_modified_time":"2026-04-08T00:01:54+00:00","og_image":[{"width":1600,"height":1000,"url":"https:\/\/toys.lt\/wp-content\/uploads\/2024\/05\/products-6570.jpg","type":"image\/jpeg"}],"twitter_card":"summary_large_image","twitter_misc":{"Est. reading time":"1 minute"},"schema":{"@context":"https:\/\/schema.org","@graph":[{"@type":"WebPage","@id":"https:\/\/toys.lt\/lv\/produktas\/clementoni-mehanikas-laboratorija-dizaina-laboratorija-lauksaimniecibas-tehnika-ltlvee\/","url":"https:\/\/toys.lt\/lv\/produktas\/clementoni-mehanikas-laboratorija-dizaina-laboratorija-lauksaimniecibas-tehnika-ltlvee\/","name":"Clementoni Lauksaimniec\u012bbas tehnikas b\u016bvniec\u012bbas komplekts - Toys.lt","isPartOf":{"@id":"https:\/\/toys.lt\/lv\/#website"},"primaryImageOfPage":{"@id":"https:\/\/toys.lt\/lv\/produktas\/clementoni-mehanikas-laboratorija-dizaina-laboratorija-lauksaimniecibas-tehnika-ltlvee\/#primaryimage"},"image":{"@id":"https:\/\/toys.lt\/lv\/produktas\/clementoni-mehanikas-laboratorija-dizaina-laboratorija-lauksaimniecibas-tehnika-ltlvee\/#primaryimage"},"thumbnailUrl":"https:\/\/toys.lt\/wp-content\/uploads\/2024\/05\/products-6570.jpg","datePublished":"2024-05-24T04:46:27+00:00","dateModified":"2026-04-08T00:01:54+00:00","description":"Clementoni lauksaimniec\u012bbas tehnikas konstruktoru komplekts 200 gab. Uzb\u016bv\u0113jiet l\u012bdz pat 10 lauksaimniec\u012bbas tehnikas mode\u013ciem un att\u012bstiet savu tehnisko dom\u0101\u0161anu.","breadcrumb":{"@id":"https:\/\/toys.lt\/lv\/produktas\/clementoni-mehanikas-laboratorija-dizaina-laboratorija-lauksaimniecibas-tehnika-ltlvee\/#breadcrumb"},"inLanguage":"lv-LV","potentialAction":[{"@type":"ReadAction","target":["https:\/\/toys.lt\/lv\/produktas\/clementoni-mehanikas-laboratorija-dizaina-laboratorija-lauksaimniecibas-tehnika-ltlvee\/"]}]},{"@type":"ImageObject","inLanguage":"lv-LV","@id":"https:\/\/toys.lt\/lv\/produktas\/clementoni-mehanikas-laboratorija-dizaina-laboratorija-lauksaimniecibas-tehnika-ltlvee\/#primaryimage","url":"https:\/\/toys.lt\/wp-content\/uploads\/2024\/05\/products-6570.jpg","contentUrl":"https:\/\/toys.lt\/wp-content\/uploads\/2024\/05\/products-6570.jpg","width":1600,"height":1000,"caption":"Clementoni mechanin\u0117 laboratorija\/konstruktoriu &#8211; Farm Equipment (LT,LV,EE)"},{"@type":"BreadcrumbList","@id":"https:\/\/toys.lt\/lv\/produktas\/clementoni-mehanikas-laboratorija-dizaina-laboratorija-lauksaimniecibas-tehnika-ltlvee\/#breadcrumb","itemListElement":[{"@type":"ListItem","position":1,"name":"Home","item":"https:\/\/toys.lt\/lv\/"},{"@type":"ListItem","position":2,"name":"Veikals","item":"https:\/\/toys.lt\/lv\/shop\/"},{"@type":"ListItem","position":3,"name":"Clementoni Lauksaimniec\u012bbas tehnikas b\u016bvniec\u012bbas komplekts"}]},{"@type":"WebSite","@id":"https:\/\/toys.lt\/lv\/#website","url":"https:\/\/toys.lt\/lv\/","name":"Toys.lt","description":"","potentialAction":[{"@type":"SearchAction","target":{"@type":"EntryPoint","urlTemplate":"https:\/\/toys.lt\/lv\/?s={search_term_string}"},"query-input":{"@type":"PropertyValueSpecification","valueRequired":true,"valueName":"search_term_string"}}],"inLanguage":"lv-LV"}]}},"_links":{"self":[{"href":"https:\/\/toys.lt\/lv\/wp-json\/wp\/v2\/product\/40900","targetHints":{"allow":["GET"]}}],"collection":[{"href":"https:\/\/toys.lt\/lv\/wp-json\/wp\/v2\/product"}],"about":[{"href":"https:\/\/toys.lt\/lv\/wp-json\/wp\/v2\/types\/product"}],"replies":[{"embeddable":true,"href":"https:\/\/toys.lt\/lv\/wp-json\/wp\/v2\/comments?post=40900"}],"version-history":[{"count":2,"href":"https:\/\/toys.lt\/lv\/wp-json\/wp\/v2\/product\/40900\/revisions"}],"predecessor-version":[{"id":45737,"href":"https:\/\/toys.lt\/lv\/wp-json\/wp\/v2\/product\/40900\/revisions\/45737"}],"wp:featuredmedia":[{"embeddable":true,"href":"https:\/\/toys.lt\/lv\/wp-json\/wp\/v2\/media\/40201"}],"wp:attachment":[{"href":"https:\/\/toys.lt\/lv\/wp-json\/wp\/v2\/media?parent=40900"}],"wp:term":[{"taxonomy":"product_brand","embeddable":true,"href":"https:\/\/toys.lt\/lv\/wp-json\/wp\/v2\/product_brand?post=40900"},{"taxonomy":"product_cat","embeddable":true,"href":"https:\/\/toys.lt\/lv\/wp-json\/wp\/v2\/product_cat?post=40900"},{"taxonomy":"product_tag","embeddable":true,"href":"https:\/\/toys.lt\/lv\/wp-json\/wp\/v2\/product_tag?post=40900"}],"curies":[{"name":"wp","href":"https:\/\/api.w.org\/{rel}","templated":true}]}}