{"id":40880,"date":"2025-06-09T21:13:56","date_gmt":"2025-06-09T21:13:56","guid":{"rendered":"https:\/\/toys.lt\/produktas\/metala-traktora-komplekts-ar-piekabi-un-dzivniekiem\/"},"modified":"2026-04-08T00:01:27","modified_gmt":"2026-04-08T00:01:27","slug":"metala-traktora-komplekts-ar-piekabi-un-dzivniekiem","status":"publish","type":"product","link":"https:\/\/toys.lt\/lv\/produktas\/metala-traktora-komplekts-ar-piekabi-un-dzivniekiem\/","title":{"rendered":"Met\u0101la traktora komplekts ar piekabi un dz\u012bvniekiem"},"content":{"rendered":"<p><strong>Funkcijas:<\/strong><\/p>\n<ul style=\"list-style-type: square;\">\n<li style=\"margin: 0px; padding: 0px; font: inherit; border: 0px;\">4 rota\u013clietu opcijas (l\u016bdzu, nor\u0101diet to piez\u012bm\u0113, pas\u016btot)<\/li>\n<li style=\"margin: 0px; padding: 0px; font: inherit; border: 0px;\">Komplekt\u0101 ietilpst 2 da\u017e\u0101di traktori ar piekab\u0113m un dz\u012bvniekiem<\/li>\n<li style=\"margin: 0px; padding: 0px; font: inherit; border: 0px;\">Met\u0101la r\u0101mis, triecieniztur\u012bgs un \u016bdensiztur\u012bgs<\/li>\n<li style=\"margin: 0px; padding: 0px; font: inherit; border: 0px;\">Piem\u0113rots rota\u013c\u0101m \u0101r\u0101<\/li>\n<li style=\"margin: 0px; padding: 0px; font: inherit; border: 0px;\">Izgatavots no netoksiskiem, hipoaler\u0123iskiem materi\u0101liem.<\/li>\n<li style=\"margin: 0px; padding: 0px; font: inherit; border: 0px;\">Att\u012bsta s\u012bko motoriku, dom\u0101\u0161anu un papla\u0161ina redzesloku.<\/li>\n<\/ul>\n<p>&nbsp;<\/p>\n","protected":false},"excerpt":{"rendered":"<p>Produkta veids: lauksaimniec\u012bbas tehnika<\/p>\n<p>Izcelsmes valsts: \u0136\u012bna<\/p>\n<p>Produkta materi\u0101ls: plastmasa, met\u0101ls<\/p>\n<p>Iepakojuma izm\u0113ri: 21 x 26 x 6 cm<\/p>\n<p>Ieteicamais vecums: no 3 gadiem.<\/p>\n","protected":false},"featured_media":40593,"comment_status":"open","ping_status":"closed","template":"","meta":[],"product_brand":[],"product_cat":[1176,1177],"product_tag":[],"class_list":{"0":"post-40880","1":"product","2":"type-product","3":"status-publish","4":"has-post-thumbnail","6":"product_cat-rotallietas-zeniem","7":"product_cat-rotalu-automasinas-traktori-un-kapurkedes","8":"pa_amziaus-grupe-3-lv","10":"first","11":"instock","12":"sale","13":"taxable","14":"shipping-taxable","15":"purchasable","16":"product-type-simple"},"yoast_head":"<!-- This site is optimized with the Yoast SEO plugin v26.3 - https:\/\/yoast.com\/wordpress\/plugins\/seo\/ -->\n<title>Met\u0101la traktora komplekts ar piekabi un dz\u012bvniekiem - Toys.lt<\/title>\n<meta name=\"robots\" content=\"index, follow, max-snippet:-1, max-image-preview:large, max-video-preview:-1\" \/>\n<link rel=\"canonical\" href=\"https:\/\/toys.lt\/lv\/produktas\/metala-traktora-komplekts-ar-piekabi-un-dzivniekiem\/\" \/>\n<meta property=\"og:locale\" content=\"lv_LV\" \/>\n<meta property=\"og:type\" content=\"article\" \/>\n<meta property=\"og:title\" content=\"Met\u0101la traktora komplekts ar piekabi un dz\u012bvniekiem - Toys.lt\" \/>\n<meta property=\"og:description\" content=\"Produkta veids: lauksaimniec\u012bbas tehnika Izcelsmes valsts: \u0136\u012bna Produkta materi\u0101ls: plastmasa, met\u0101ls Iepakojuma izm\u0113ri: 21 x 26 x 6 cm Ieteicamais vecums: no 3 gadiem.\" \/>\n<meta property=\"og:url\" content=\"https:\/\/toys.lt\/lv\/produktas\/metala-traktora-komplekts-ar-piekabi-un-dzivniekiem\/\" \/>\n<meta property=\"og:site_name\" content=\"Toys.lt\" \/>\n<meta property=\"article:modified_time\" content=\"2026-04-08T00:01:27+00:00\" \/>\n<meta property=\"og:image\" content=\"https:\/\/toys.lt\/wp-content\/uploads\/2025\/06\/SQ82005-3-traktoriu-rinkinys.jpg\" \/>\n\t<meta property=\"og:image:width\" content=\"400\" \/>\n\t<meta property=\"og:image:height\" content=\"407\" \/>\n\t<meta property=\"og:image:type\" content=\"image\/jpeg\" \/>\n<meta name=\"twitter:card\" content=\"summary_large_image\" \/>\n<script type=\"application\/ld+json\" class=\"yoast-schema-graph\">{\"@context\":\"https:\/\/schema.org\",\"@graph\":[{\"@type\":\"WebPage\",\"@id\":\"https:\/\/toys.lt\/lv\/produktas\/metala-traktora-komplekts-ar-piekabi-un-dzivniekiem\/\",\"url\":\"https:\/\/toys.lt\/lv\/produktas\/metala-traktora-komplekts-ar-piekabi-un-dzivniekiem\/\",\"name\":\"Met\u0101la traktora komplekts ar piekabi un dz\u012bvniekiem - Toys.lt\",\"isPartOf\":{\"@id\":\"https:\/\/toys.lt\/lv\/#website\"},\"primaryImageOfPage\":{\"@id\":\"https:\/\/toys.lt\/lv\/produktas\/metala-traktora-komplekts-ar-piekabi-un-dzivniekiem\/#primaryimage\"},\"image\":{\"@id\":\"https:\/\/toys.lt\/lv\/produktas\/metala-traktora-komplekts-ar-piekabi-un-dzivniekiem\/#primaryimage\"},\"thumbnailUrl\":\"https:\/\/toys.lt\/wp-content\/uploads\/2025\/06\/SQ82005-3-traktoriu-rinkinys.jpg\",\"datePublished\":\"2025-06-09T21:13:56+00:00\",\"dateModified\":\"2026-04-08T00:01:27+00:00\",\"breadcrumb\":{\"@id\":\"https:\/\/toys.lt\/lv\/produktas\/metala-traktora-komplekts-ar-piekabi-un-dzivniekiem\/#breadcrumb\"},\"inLanguage\":\"lv-LV\",\"potentialAction\":[{\"@type\":\"ReadAction\",\"target\":[\"https:\/\/toys.lt\/lv\/produktas\/metala-traktora-komplekts-ar-piekabi-un-dzivniekiem\/\"]}]},{\"@type\":\"ImageObject\",\"inLanguage\":\"lv-LV\",\"@id\":\"https:\/\/toys.lt\/lv\/produktas\/metala-traktora-komplekts-ar-piekabi-un-dzivniekiem\/#primaryimage\",\"url\":\"https:\/\/toys.lt\/wp-content\/uploads\/2025\/06\/SQ82005-3-traktoriu-rinkinys.jpg\",\"contentUrl\":\"https:\/\/toys.lt\/wp-content\/uploads\/2025\/06\/SQ82005-3-traktoriu-rinkinys.jpg\",\"width\":400,\"height\":407,\"caption\":\"Metalini\u0173 traktori\u0173 su priekaba ir gyv\u016bnais rinkinys\"},{\"@type\":\"BreadcrumbList\",\"@id\":\"https:\/\/toys.lt\/lv\/produktas\/metala-traktora-komplekts-ar-piekabi-un-dzivniekiem\/#breadcrumb\",\"itemListElement\":[{\"@type\":\"ListItem\",\"position\":1,\"name\":\"Home\",\"item\":\"https:\/\/toys.lt\/lv\/\"},{\"@type\":\"ListItem\",\"position\":2,\"name\":\"Veikals\",\"item\":\"https:\/\/toys.lt\/lv\/shop\/\"},{\"@type\":\"ListItem\",\"position\":3,\"name\":\"Met\u0101la traktora komplekts ar piekabi un dz\u012bvniekiem\"}]},{\"@type\":\"WebSite\",\"@id\":\"https:\/\/toys.lt\/lv\/#website\",\"url\":\"https:\/\/toys.lt\/lv\/\",\"name\":\"Toys.lt\",\"description\":\"\",\"potentialAction\":[{\"@type\":\"SearchAction\",\"target\":{\"@type\":\"EntryPoint\",\"urlTemplate\":\"https:\/\/toys.lt\/lv\/?s={search_term_string}\"},\"query-input\":{\"@type\":\"PropertyValueSpecification\",\"valueRequired\":true,\"valueName\":\"search_term_string\"}}],\"inLanguage\":\"lv-LV\"}]}<\/script>\n<!-- \/ Yoast SEO plugin. -->","yoast_head_json":{"title":"Met\u0101la traktora komplekts ar piekabi un dz\u012bvniekiem - Toys.lt","robots":{"index":"index","follow":"follow","max-snippet":"max-snippet:-1","max-image-preview":"max-image-preview:large","max-video-preview":"max-video-preview:-1"},"canonical":"https:\/\/toys.lt\/lv\/produktas\/metala-traktora-komplekts-ar-piekabi-un-dzivniekiem\/","og_locale":"lv_LV","og_type":"article","og_title":"Met\u0101la traktora komplekts ar piekabi un dz\u012bvniekiem - Toys.lt","og_description":"Produkta veids: lauksaimniec\u012bbas tehnika Izcelsmes valsts: \u0136\u012bna Produkta materi\u0101ls: plastmasa, met\u0101ls Iepakojuma izm\u0113ri: 21 x 26 x 6 cm Ieteicamais vecums: no 3 gadiem.","og_url":"https:\/\/toys.lt\/lv\/produktas\/metala-traktora-komplekts-ar-piekabi-un-dzivniekiem\/","og_site_name":"Toys.lt","article_modified_time":"2026-04-08T00:01:27+00:00","og_image":[{"width":400,"height":407,"url":"https:\/\/toys.lt\/wp-content\/uploads\/2025\/06\/SQ82005-3-traktoriu-rinkinys.jpg","type":"image\/jpeg"}],"twitter_card":"summary_large_image","schema":{"@context":"https:\/\/schema.org","@graph":[{"@type":"WebPage","@id":"https:\/\/toys.lt\/lv\/produktas\/metala-traktora-komplekts-ar-piekabi-un-dzivniekiem\/","url":"https:\/\/toys.lt\/lv\/produktas\/metala-traktora-komplekts-ar-piekabi-un-dzivniekiem\/","name":"Met\u0101la traktora komplekts ar piekabi un dz\u012bvniekiem - Toys.lt","isPartOf":{"@id":"https:\/\/toys.lt\/lv\/#website"},"primaryImageOfPage":{"@id":"https:\/\/toys.lt\/lv\/produktas\/metala-traktora-komplekts-ar-piekabi-un-dzivniekiem\/#primaryimage"},"image":{"@id":"https:\/\/toys.lt\/lv\/produktas\/metala-traktora-komplekts-ar-piekabi-un-dzivniekiem\/#primaryimage"},"thumbnailUrl":"https:\/\/toys.lt\/wp-content\/uploads\/2025\/06\/SQ82005-3-traktoriu-rinkinys.jpg","datePublished":"2025-06-09T21:13:56+00:00","dateModified":"2026-04-08T00:01:27+00:00","breadcrumb":{"@id":"https:\/\/toys.lt\/lv\/produktas\/metala-traktora-komplekts-ar-piekabi-un-dzivniekiem\/#breadcrumb"},"inLanguage":"lv-LV","potentialAction":[{"@type":"ReadAction","target":["https:\/\/toys.lt\/lv\/produktas\/metala-traktora-komplekts-ar-piekabi-un-dzivniekiem\/"]}]},{"@type":"ImageObject","inLanguage":"lv-LV","@id":"https:\/\/toys.lt\/lv\/produktas\/metala-traktora-komplekts-ar-piekabi-un-dzivniekiem\/#primaryimage","url":"https:\/\/toys.lt\/wp-content\/uploads\/2025\/06\/SQ82005-3-traktoriu-rinkinys.jpg","contentUrl":"https:\/\/toys.lt\/wp-content\/uploads\/2025\/06\/SQ82005-3-traktoriu-rinkinys.jpg","width":400,"height":407,"caption":"Metalini\u0173 traktori\u0173 su priekaba ir gyv\u016bnais rinkinys"},{"@type":"BreadcrumbList","@id":"https:\/\/toys.lt\/lv\/produktas\/metala-traktora-komplekts-ar-piekabi-un-dzivniekiem\/#breadcrumb","itemListElement":[{"@type":"ListItem","position":1,"name":"Home","item":"https:\/\/toys.lt\/lv\/"},{"@type":"ListItem","position":2,"name":"Veikals","item":"https:\/\/toys.lt\/lv\/shop\/"},{"@type":"ListItem","position":3,"name":"Met\u0101la traktora komplekts ar piekabi un dz\u012bvniekiem"}]},{"@type":"WebSite","@id":"https:\/\/toys.lt\/lv\/#website","url":"https:\/\/toys.lt\/lv\/","name":"Toys.lt","description":"","potentialAction":[{"@type":"SearchAction","target":{"@type":"EntryPoint","urlTemplate":"https:\/\/toys.lt\/lv\/?s={search_term_string}"},"query-input":{"@type":"PropertyValueSpecification","valueRequired":true,"valueName":"search_term_string"}}],"inLanguage":"lv-LV"}]}},"_links":{"self":[{"href":"https:\/\/toys.lt\/lv\/wp-json\/wp\/v2\/product\/40880","targetHints":{"allow":["GET"]}}],"collection":[{"href":"https:\/\/toys.lt\/lv\/wp-json\/wp\/v2\/product"}],"about":[{"href":"https:\/\/toys.lt\/lv\/wp-json\/wp\/v2\/types\/product"}],"replies":[{"embeddable":true,"href":"https:\/\/toys.lt\/lv\/wp-json\/wp\/v2\/comments?post=40880"}],"version-history":[{"count":1,"href":"https:\/\/toys.lt\/lv\/wp-json\/wp\/v2\/product\/40880\/revisions"}],"predecessor-version":[{"id":40881,"href":"https:\/\/toys.lt\/lv\/wp-json\/wp\/v2\/product\/40880\/revisions\/40881"}],"wp:featuredmedia":[{"embeddable":true,"href":"https:\/\/toys.lt\/lv\/wp-json\/wp\/v2\/media\/40593"}],"wp:attachment":[{"href":"https:\/\/toys.lt\/lv\/wp-json\/wp\/v2\/media?parent=40880"}],"wp:term":[{"taxonomy":"product_brand","embeddable":true,"href":"https:\/\/toys.lt\/lv\/wp-json\/wp\/v2\/product_brand?post=40880"},{"taxonomy":"product_cat","embeddable":true,"href":"https:\/\/toys.lt\/lv\/wp-json\/wp\/v2\/product_cat?post=40880"},{"taxonomy":"product_tag","embeddable":true,"href":"https:\/\/toys.lt\/lv\/wp-json\/wp\/v2\/product_tag?post=40880"}],"curies":[{"name":"wp","href":"https:\/\/api.w.org\/{rel}","templated":true}]}}