{"id":40874,"date":"2025-06-24T18:38:53","date_gmt":"2025-06-24T18:38:53","guid":{"rendered":"https:\/\/toys.lt\/produktas\/r-b-vadams-dzips\/"},"modified":"2026-01-16T00:18:19","modified_gmt":"2026-01-16T00:18:19","slug":"r-b-vadams-dzips","status":"publish","type":"product","link":"https:\/\/toys.lt\/lv\/produktas\/r-b-vadams-dzips\/","title":{"rendered":"R\/B vad\u0101ms d\u017eips"},"content":{"rendered":"<p><strong>Apr\u012bkojums:<\/strong><\/p>\n<ul style=\"list-style-type: square;\">\n<li>Jeep<\/li>\n<li>T\u0101lvad\u012bbas pults<\/li>\n<li>Uzl\u0101d\u0113jams akumulators<\/li>\n<\/ul>\n<p><strong>Funkcijas:<\/strong><\/p>\n<ul style=\"list-style-type: square;\">\n<li>Rot\u0113\u0161ana visos virzienos<\/li>\n<li>Sp\u0113c\u012bgs satv\u0113riens un sp\u0113c\u012bga vilkme<\/li>\n<li>Gumijas riepas<\/li>\n<li>Iekrau\u0161anas laiks 10 min<\/li>\n<li>Sp\u0113les laiks ~ 20 min<\/li>\n<li>Kontroles att\u0101lums ~ 10 metri<\/li>\n<\/ul>\n","protected":false},"excerpt":{"rendered":"<p>Produkta veids: st\u016br\u0113jamas rota\u013clietas<\/p>\n<p>Izcelsmes valsts: \u0136\u012bna<\/p>\n<p>Iepakojuma izm\u0113ri: 22 x 15 x 11 cm<\/p>\n<p>Produkta materi\u0101ls: plastmasa<\/p>\n<p>Ieteicamais vecums: no 6 gadiem.<\/p>\n","protected":false},"featured_media":40670,"comment_status":"open","ping_status":"closed","template":"","meta":[],"product_brand":[],"product_cat":[1176,1160,1155],"product_tag":[],"class_list":{"0":"post-40874","1":"product","2":"type-product","3":"status-publish","4":"has-post-thumbnail","6":"product_cat-rotallietas-zeniem","7":"product_cat-kontroletas-rotallietas","8":"product_cat-leti","9":"pa_amziaus-grupe-6-lv","10":"pa_prek-s-spalva-orange","11":"pa_prek-s-spalva-zilais","12":"pa_prek-s-tipas-automasinas","14":"first","15":"outofstock","16":"taxable","17":"shipping-taxable","18":"product-type-variable"},"yoast_head":"<!-- This site is optimized with the Yoast SEO plugin v26.3 - https:\/\/yoast.com\/wordpress\/plugins\/seo\/ -->\n<title>R\/B vad\u0101ms d\u017eips - Toys.lt<\/title>\n<meta name=\"robots\" content=\"index, follow, max-snippet:-1, max-image-preview:large, max-video-preview:-1\" \/>\n<link rel=\"canonical\" href=\"https:\/\/toys.lt\/lv\/produktas\/r-b-vadams-dzips\/\" \/>\n<meta property=\"og:locale\" content=\"lv_LV\" \/>\n<meta property=\"og:type\" content=\"article\" \/>\n<meta property=\"og:title\" content=\"R\/B vad\u0101ms d\u017eips - Toys.lt\" \/>\n<meta property=\"og:description\" content=\"Produkta veids: st\u016br\u0113jamas rota\u013clietas Izcelsmes valsts: \u0136\u012bna Iepakojuma izm\u0113ri: 22 x 15 x 11 cm Produkta materi\u0101ls: plastmasa Ieteicamais vecums: no 6 gadiem.\" \/>\n<meta property=\"og:url\" content=\"https:\/\/toys.lt\/lv\/produktas\/r-b-vadams-dzips\/\" \/>\n<meta property=\"og:site_name\" content=\"Toys.lt\" \/>\n<meta property=\"article:modified_time\" content=\"2026-01-16T00:18:19+00:00\" \/>\n<meta property=\"og:image\" content=\"https:\/\/toys.lt\/wp-content\/uploads\/2025\/06\/LT775-orange.jpg\" \/>\n\t<meta property=\"og:image:width\" content=\"800\" \/>\n\t<meta property=\"og:image:height\" content=\"800\" \/>\n\t<meta property=\"og:image:type\" content=\"image\/jpeg\" \/>\n<meta name=\"twitter:card\" content=\"summary_large_image\" \/>\n<script type=\"application\/ld+json\" class=\"yoast-schema-graph\">{\"@context\":\"https:\/\/schema.org\",\"@graph\":[{\"@type\":\"WebPage\",\"@id\":\"https:\/\/toys.lt\/lv\/produktas\/r-b-vadams-dzips\/\",\"url\":\"https:\/\/toys.lt\/lv\/produktas\/r-b-vadams-dzips\/\",\"name\":\"R\/B vad\u0101ms d\u017eips - Toys.lt\",\"isPartOf\":{\"@id\":\"https:\/\/toys.lt\/lv\/#website\"},\"primaryImageOfPage\":{\"@id\":\"https:\/\/toys.lt\/lv\/produktas\/r-b-vadams-dzips\/#primaryimage\"},\"image\":{\"@id\":\"https:\/\/toys.lt\/lv\/produktas\/r-b-vadams-dzips\/#primaryimage\"},\"thumbnailUrl\":\"https:\/\/toys.lt\/wp-content\/uploads\/2025\/06\/LT775-orange.jpg\",\"datePublished\":\"2025-06-24T18:38:53+00:00\",\"dateModified\":\"2026-01-16T00:18:19+00:00\",\"breadcrumb\":{\"@id\":\"https:\/\/toys.lt\/lv\/produktas\/r-b-vadams-dzips\/#breadcrumb\"},\"inLanguage\":\"lv-LV\",\"potentialAction\":[{\"@type\":\"ReadAction\",\"target\":[\"https:\/\/toys.lt\/lv\/produktas\/r-b-vadams-dzips\/\"]}]},{\"@type\":\"ImageObject\",\"inLanguage\":\"lv-LV\",\"@id\":\"https:\/\/toys.lt\/lv\/produktas\/r-b-vadams-dzips\/#primaryimage\",\"url\":\"https:\/\/toys.lt\/wp-content\/uploads\/2025\/06\/LT775-orange.jpg\",\"contentUrl\":\"https:\/\/toys.lt\/wp-content\/uploads\/2025\/06\/LT775-orange.jpg\",\"width\":800,\"height\":800,\"caption\":\"R\/B valdomas d\u017eipas\"},{\"@type\":\"BreadcrumbList\",\"@id\":\"https:\/\/toys.lt\/lv\/produktas\/r-b-vadams-dzips\/#breadcrumb\",\"itemListElement\":[{\"@type\":\"ListItem\",\"position\":1,\"name\":\"Home\",\"item\":\"https:\/\/toys.lt\/lv\/\"},{\"@type\":\"ListItem\",\"position\":2,\"name\":\"Veikals\",\"item\":\"https:\/\/toys.lt\/lv\/shop\/\"},{\"@type\":\"ListItem\",\"position\":3,\"name\":\"R\/B vad\u0101ms d\u017eips\"}]},{\"@type\":\"WebSite\",\"@id\":\"https:\/\/toys.lt\/lv\/#website\",\"url\":\"https:\/\/toys.lt\/lv\/\",\"name\":\"Toys.lt\",\"description\":\"\",\"potentialAction\":[{\"@type\":\"SearchAction\",\"target\":{\"@type\":\"EntryPoint\",\"urlTemplate\":\"https:\/\/toys.lt\/lv\/?s={search_term_string}\"},\"query-input\":{\"@type\":\"PropertyValueSpecification\",\"valueRequired\":true,\"valueName\":\"search_term_string\"}}],\"inLanguage\":\"lv-LV\"}]}<\/script>\n<!-- \/ Yoast SEO plugin. -->","yoast_head_json":{"title":"R\/B vad\u0101ms d\u017eips - Toys.lt","robots":{"index":"index","follow":"follow","max-snippet":"max-snippet:-1","max-image-preview":"max-image-preview:large","max-video-preview":"max-video-preview:-1"},"canonical":"https:\/\/toys.lt\/lv\/produktas\/r-b-vadams-dzips\/","og_locale":"lv_LV","og_type":"article","og_title":"R\/B vad\u0101ms d\u017eips - Toys.lt","og_description":"Produkta veids: st\u016br\u0113jamas rota\u013clietas Izcelsmes valsts: \u0136\u012bna Iepakojuma izm\u0113ri: 22 x 15 x 11 cm Produkta materi\u0101ls: plastmasa Ieteicamais vecums: no 6 gadiem.","og_url":"https:\/\/toys.lt\/lv\/produktas\/r-b-vadams-dzips\/","og_site_name":"Toys.lt","article_modified_time":"2026-01-16T00:18:19+00:00","og_image":[{"width":800,"height":800,"url":"https:\/\/toys.lt\/wp-content\/uploads\/2025\/06\/LT775-orange.jpg","type":"image\/jpeg"}],"twitter_card":"summary_large_image","schema":{"@context":"https:\/\/schema.org","@graph":[{"@type":"WebPage","@id":"https:\/\/toys.lt\/lv\/produktas\/r-b-vadams-dzips\/","url":"https:\/\/toys.lt\/lv\/produktas\/r-b-vadams-dzips\/","name":"R\/B vad\u0101ms d\u017eips - Toys.lt","isPartOf":{"@id":"https:\/\/toys.lt\/lv\/#website"},"primaryImageOfPage":{"@id":"https:\/\/toys.lt\/lv\/produktas\/r-b-vadams-dzips\/#primaryimage"},"image":{"@id":"https:\/\/toys.lt\/lv\/produktas\/r-b-vadams-dzips\/#primaryimage"},"thumbnailUrl":"https:\/\/toys.lt\/wp-content\/uploads\/2025\/06\/LT775-orange.jpg","datePublished":"2025-06-24T18:38:53+00:00","dateModified":"2026-01-16T00:18:19+00:00","breadcrumb":{"@id":"https:\/\/toys.lt\/lv\/produktas\/r-b-vadams-dzips\/#breadcrumb"},"inLanguage":"lv-LV","potentialAction":[{"@type":"ReadAction","target":["https:\/\/toys.lt\/lv\/produktas\/r-b-vadams-dzips\/"]}]},{"@type":"ImageObject","inLanguage":"lv-LV","@id":"https:\/\/toys.lt\/lv\/produktas\/r-b-vadams-dzips\/#primaryimage","url":"https:\/\/toys.lt\/wp-content\/uploads\/2025\/06\/LT775-orange.jpg","contentUrl":"https:\/\/toys.lt\/wp-content\/uploads\/2025\/06\/LT775-orange.jpg","width":800,"height":800,"caption":"R\/B valdomas d\u017eipas"},{"@type":"BreadcrumbList","@id":"https:\/\/toys.lt\/lv\/produktas\/r-b-vadams-dzips\/#breadcrumb","itemListElement":[{"@type":"ListItem","position":1,"name":"Home","item":"https:\/\/toys.lt\/lv\/"},{"@type":"ListItem","position":2,"name":"Veikals","item":"https:\/\/toys.lt\/lv\/shop\/"},{"@type":"ListItem","position":3,"name":"R\/B vad\u0101ms d\u017eips"}]},{"@type":"WebSite","@id":"https:\/\/toys.lt\/lv\/#website","url":"https:\/\/toys.lt\/lv\/","name":"Toys.lt","description":"","potentialAction":[{"@type":"SearchAction","target":{"@type":"EntryPoint","urlTemplate":"https:\/\/toys.lt\/lv\/?s={search_term_string}"},"query-input":{"@type":"PropertyValueSpecification","valueRequired":true,"valueName":"search_term_string"}}],"inLanguage":"lv-LV"}]}},"_links":{"self":[{"href":"https:\/\/toys.lt\/lv\/wp-json\/wp\/v2\/product\/40874","targetHints":{"allow":["GET"]}}],"collection":[{"href":"https:\/\/toys.lt\/lv\/wp-json\/wp\/v2\/product"}],"about":[{"href":"https:\/\/toys.lt\/lv\/wp-json\/wp\/v2\/types\/product"}],"replies":[{"embeddable":true,"href":"https:\/\/toys.lt\/lv\/wp-json\/wp\/v2\/comments?post=40874"}],"version-history":[{"count":1,"href":"https:\/\/toys.lt\/lv\/wp-json\/wp\/v2\/product\/40874\/revisions"}],"predecessor-version":[{"id":40875,"href":"https:\/\/toys.lt\/lv\/wp-json\/wp\/v2\/product\/40874\/revisions\/40875"}],"wp:featuredmedia":[{"embeddable":true,"href":"https:\/\/toys.lt\/lv\/wp-json\/wp\/v2\/media\/40670"}],"wp:attachment":[{"href":"https:\/\/toys.lt\/lv\/wp-json\/wp\/v2\/media?parent=40874"}],"wp:term":[{"taxonomy":"product_brand","embeddable":true,"href":"https:\/\/toys.lt\/lv\/wp-json\/wp\/v2\/product_brand?post=40874"},{"taxonomy":"product_cat","embeddable":true,"href":"https:\/\/toys.lt\/lv\/wp-json\/wp\/v2\/product_cat?post=40874"},{"taxonomy":"product_tag","embeddable":true,"href":"https:\/\/toys.lt\/lv\/wp-json\/wp\/v2\/product_tag?post=40874"}],"curies":[{"name":"wp","href":"https:\/\/api.w.org\/{rel}","templated":true}]}}