{"id":40872,"date":"2025-05-25T23:12:34","date_gmt":"2025-05-25T23:12:34","guid":{"rendered":"https:\/\/toys.lt\/produktas\/rotallietu-virtuves-iericu-komplekts\/"},"modified":"2026-04-08T00:01:31","modified_gmt":"2026-04-08T00:01:31","slug":"rotallietu-virtuves-iericu-komplekts","status":"publish","type":"product","link":"https:\/\/toys.lt\/lv\/produktas\/rotallietu-virtuves-iericu-komplekts\/","title":{"rendered":"Rota\u013clietu virtuves ier\u012b\u010du komplekts"},"content":{"rendered":"<p data-sourcepos=\"3:1-3:97\"><strong>Interakt\u012bvs virtuves sp\u0113\u013cu komplekts &#8220;Mani pirmie apar\u0101ti&#8221;  <\/strong><\/p>\n<p data-sourcepos=\"5:1-5:216\">\u0160is burv\u012bgais un \u013coti re\u0101listiskais &#8220;Sadz\u012bves tehnikas&#8221; sp\u0113\u013cu komplekts liks j\u016bsu mazajai saimniecei priec\u0101ties! Tas ir lieliski piem\u0113rots, lai iepaz\u012bstin\u0101tu ar virtuves pasauli un pal\u012bdz\u0113tu att\u012bst\u012bt izt\u0113li un motoriku. <\/p>\n<p data-sourcepos=\"7:1-7:19\"><strong>Komplekt\u0101 ietilpst:<\/strong><\/p>\n<ul data-sourcepos=\"9:1-12:0\">\n<li data-sourcepos=\"9:1-9:97\"><strong>Funkcion\u0101lais blenderis:<\/strong> re\u0101listisks blenderis, kas atdz\u012bvojas, nospie\u017eot pogu!<\/li>\n<li data-sourcepos=\"10:1-10:103\"><strong>Imit\u0113ti aug\u013ci<\/strong><\/li>\n<li data-sourcepos=\"11:1-12:0\"><strong>2 tas\u012btes<\/strong><\/li>\n<\/ul>\n<p data-sourcepos=\"13:1-13:30\"><strong>Funkcijas, kas iepriecin\u0101s:<\/strong><\/p>\n<ul data-sourcepos=\"15:1-21:0\">\n<li data-sourcepos=\"15:1-15:123\"><strong>Pievilc\u012bgs un kr\u0101sains dizains<\/strong><\/li>\n<li data-sourcepos=\"16:1-16:153\"><strong>M\u0101c\u012b\u0161an\u0101s, sp\u0113l\u0113jot<\/strong><\/li>\n<li data-sourcepos=\"17:1-17:182\"><strong>Indikatora indikators un ska\u0146as:<\/strong> kad blenderis ir iesl\u0113gts, iedegas indikatora indikators un atskan blendera ska\u0146as.<\/li>\n<li data-sourcepos=\"18:1-21:0\"><strong>Interakt\u012bvas sk\u0101rienfunkcijas:<\/strong> blendera korpus\u0101 ir divas sk\u0101rienpogas:\n<ul data-sourcepos=\"19:5-21:0\">\n<li data-sourcepos=\"19:5-19:156\">Ar vienu pogas piesk\u0101rienu <strong>tiek iedarbin\u0101ta un aptur\u0113ta &#8220;smalcin\u0101t\u0101ja asme\u0146a&#8221; rot\u0101cija<\/strong> un <strong>aktiviz\u0113ts trauka apgaismojums<\/strong> &#8211; glu\u017ei k\u0101 \u012bsta koktei\u013ca mais\u012b\u0161ana!<\/li>\n<li data-sourcepos=\"20:5-21:0\">Nospie\u017eot n\u0101kamo pogu <strong>, tiek iesl\u0113gtas pat\u012bkamas melodijas,<\/strong> kas bag\u0101tin\u0101s sp\u0113li un rad\u012bs v\u0113l lab\u0101ku noska\u0146ojumu.<\/li>\n<\/ul>\n<\/li>\n<\/ul>\n<p data-sourcepos=\"22:1-22:31\"><strong>Tehnisk\u0101s \u012bpa\u0161\u012bbas:<\/strong><\/p>\n<ul data-sourcepos=\"24:1-29:0\">\n<li data-sourcepos=\"24:1-24:82\"><strong>Izm\u0113ri:<\/strong> blendera izm\u0113ri ir 14,5 x 7 x 18 cm.<\/li>\n<li data-sourcepos=\"26:1-26:57\"><strong>Materi\u0101ls:<\/strong> izgatavots no dro\u0161iem polim\u0113ru materi\u0101liem.<\/li>\n<li data-sourcepos=\"28:1-29:0\"><strong>Baterijas:<\/strong> rota\u013clieta darbojas ar 3 1,5 V AA baterij\u0101m (baterijas nav iek\u013cautas komplekt\u0101). <\/li>\n<\/ul>\n<p data-sourcepos=\"41:1-41:112\">\n","protected":false},"excerpt":{"rendered":"<p>Produkta veids: virtuves piederumi<\/p>\n<p>Izcelsmes valsts: \u0136\u012bna<\/p>\n<p>Iepakojuma izm\u0113ri: 28 x 20 x 9 cm<\/p>\n<p>Produkta materi\u0101ls: plastmasa<\/p>\n<p>Ieteicamais vecums: no 3 gadiem<\/p>\n<p>Nepiecie\u0161amie elementi: 3xAA (nav iek\u013cauti)<\/p>\n","protected":false},"featured_media":40564,"comment_status":"open","ping_status":"closed","template":"","meta":[],"product_brand":[],"product_cat":[1178,1155],"product_tag":[],"class_list":{"0":"post-40872","1":"product","2":"type-product","3":"status-publish","4":"has-post-thumbnail","6":"product_cat-rotallietu-virtuves-piederumi-un-aksesuari","7":"product_cat-leti","8":"pa_prek-s-tipas-virtuves-piederumi","10":"first","11":"outofstock","12":"sale","13":"taxable","14":"shipping-taxable","15":"purchasable","16":"product-type-simple"},"yoast_head":"<!-- This site is optimized with the Yoast SEO plugin v26.3 - https:\/\/yoast.com\/wordpress\/plugins\/seo\/ -->\n<title>Rota\u013clietu virtuves ier\u012b\u010du komplekts - Toys.lt<\/title>\n<meta name=\"robots\" content=\"index, follow, max-snippet:-1, max-image-preview:large, max-video-preview:-1\" \/>\n<link rel=\"canonical\" href=\"https:\/\/toys.lt\/lv\/produktas\/rotallietu-virtuves-iericu-komplekts\/\" \/>\n<meta property=\"og:locale\" content=\"lv_LV\" \/>\n<meta property=\"og:type\" content=\"article\" \/>\n<meta property=\"og:title\" content=\"Rota\u013clietu virtuves ier\u012b\u010du komplekts - Toys.lt\" \/>\n<meta property=\"og:description\" content=\"Produkta veids: virtuves piederumi Izcelsmes valsts: \u0136\u012bna Iepakojuma izm\u0113ri: 28 x 20 x 9 cm Produkta materi\u0101ls: plastmasa Ieteicamais vecums: no 3 gadiem Nepiecie\u0161amie elementi: 3xAA (nav iek\u013cauti)\" \/>\n<meta property=\"og:url\" content=\"https:\/\/toys.lt\/lv\/produktas\/rotallietu-virtuves-iericu-komplekts\/\" \/>\n<meta property=\"og:site_name\" content=\"Toys.lt\" \/>\n<meta property=\"article:modified_time\" content=\"2026-04-08T00:01:31+00:00\" \/>\n<meta property=\"og:image\" content=\"https:\/\/toys.lt\/wp-content\/uploads\/2025\/05\/5542-blenderis-1.jpg\" \/>\n\t<meta property=\"og:image:width\" content=\"755\" \/>\n\t<meta property=\"og:image:height\" content=\"753\" \/>\n\t<meta property=\"og:image:type\" content=\"image\/jpeg\" \/>\n<meta name=\"twitter:card\" content=\"summary_large_image\" \/>\n<meta name=\"twitter:label1\" content=\"Est. reading time\" \/>\n\t<meta name=\"twitter:data1\" content=\"1 minute\" \/>\n<script type=\"application\/ld+json\" class=\"yoast-schema-graph\">{\"@context\":\"https:\/\/schema.org\",\"@graph\":[{\"@type\":\"WebPage\",\"@id\":\"https:\/\/toys.lt\/lv\/produktas\/rotallietu-virtuves-iericu-komplekts\/\",\"url\":\"https:\/\/toys.lt\/lv\/produktas\/rotallietu-virtuves-iericu-komplekts\/\",\"name\":\"Rota\u013clietu virtuves ier\u012b\u010du komplekts - Toys.lt\",\"isPartOf\":{\"@id\":\"https:\/\/toys.lt\/lv\/#website\"},\"primaryImageOfPage\":{\"@id\":\"https:\/\/toys.lt\/lv\/produktas\/rotallietu-virtuves-iericu-komplekts\/#primaryimage\"},\"image\":{\"@id\":\"https:\/\/toys.lt\/lv\/produktas\/rotallietu-virtuves-iericu-komplekts\/#primaryimage\"},\"thumbnailUrl\":\"https:\/\/toys.lt\/wp-content\/uploads\/2025\/05\/5542-blenderis-1.jpg\",\"datePublished\":\"2025-05-25T23:12:34+00:00\",\"dateModified\":\"2026-04-08T00:01:31+00:00\",\"breadcrumb\":{\"@id\":\"https:\/\/toys.lt\/lv\/produktas\/rotallietu-virtuves-iericu-komplekts\/#breadcrumb\"},\"inLanguage\":\"lv-LV\",\"potentialAction\":[{\"@type\":\"ReadAction\",\"target\":[\"https:\/\/toys.lt\/lv\/produktas\/rotallietu-virtuves-iericu-komplekts\/\"]}]},{\"@type\":\"ImageObject\",\"inLanguage\":\"lv-LV\",\"@id\":\"https:\/\/toys.lt\/lv\/produktas\/rotallietu-virtuves-iericu-komplekts\/#primaryimage\",\"url\":\"https:\/\/toys.lt\/wp-content\/uploads\/2025\/05\/5542-blenderis-1.jpg\",\"contentUrl\":\"https:\/\/toys.lt\/wp-content\/uploads\/2025\/05\/5542-blenderis-1.jpg\",\"width\":755,\"height\":753,\"caption\":\"\u017daislinis virtuv\u0117s technikos rinkinys\"},{\"@type\":\"BreadcrumbList\",\"@id\":\"https:\/\/toys.lt\/lv\/produktas\/rotallietu-virtuves-iericu-komplekts\/#breadcrumb\",\"itemListElement\":[{\"@type\":\"ListItem\",\"position\":1,\"name\":\"Home\",\"item\":\"https:\/\/toys.lt\/lv\/\"},{\"@type\":\"ListItem\",\"position\":2,\"name\":\"Veikals\",\"item\":\"https:\/\/toys.lt\/lv\/shop\/\"},{\"@type\":\"ListItem\",\"position\":3,\"name\":\"Rota\u013clietu virtuves ier\u012b\u010du komplekts\"}]},{\"@type\":\"WebSite\",\"@id\":\"https:\/\/toys.lt\/lv\/#website\",\"url\":\"https:\/\/toys.lt\/lv\/\",\"name\":\"Toys.lt\",\"description\":\"\",\"potentialAction\":[{\"@type\":\"SearchAction\",\"target\":{\"@type\":\"EntryPoint\",\"urlTemplate\":\"https:\/\/toys.lt\/lv\/?s={search_term_string}\"},\"query-input\":{\"@type\":\"PropertyValueSpecification\",\"valueRequired\":true,\"valueName\":\"search_term_string\"}}],\"inLanguage\":\"lv-LV\"}]}<\/script>\n<!-- \/ Yoast SEO plugin. -->","yoast_head_json":{"title":"Rota\u013clietu virtuves ier\u012b\u010du komplekts - Toys.lt","robots":{"index":"index","follow":"follow","max-snippet":"max-snippet:-1","max-image-preview":"max-image-preview:large","max-video-preview":"max-video-preview:-1"},"canonical":"https:\/\/toys.lt\/lv\/produktas\/rotallietu-virtuves-iericu-komplekts\/","og_locale":"lv_LV","og_type":"article","og_title":"Rota\u013clietu virtuves ier\u012b\u010du komplekts - Toys.lt","og_description":"Produkta veids: virtuves piederumi Izcelsmes valsts: \u0136\u012bna Iepakojuma izm\u0113ri: 28 x 20 x 9 cm Produkta materi\u0101ls: plastmasa Ieteicamais vecums: no 3 gadiem Nepiecie\u0161amie elementi: 3xAA (nav iek\u013cauti)","og_url":"https:\/\/toys.lt\/lv\/produktas\/rotallietu-virtuves-iericu-komplekts\/","og_site_name":"Toys.lt","article_modified_time":"2026-04-08T00:01:31+00:00","og_image":[{"width":755,"height":753,"url":"https:\/\/toys.lt\/wp-content\/uploads\/2025\/05\/5542-blenderis-1.jpg","type":"image\/jpeg"}],"twitter_card":"summary_large_image","twitter_misc":{"Est. reading time":"1 minute"},"schema":{"@context":"https:\/\/schema.org","@graph":[{"@type":"WebPage","@id":"https:\/\/toys.lt\/lv\/produktas\/rotallietu-virtuves-iericu-komplekts\/","url":"https:\/\/toys.lt\/lv\/produktas\/rotallietu-virtuves-iericu-komplekts\/","name":"Rota\u013clietu virtuves ier\u012b\u010du komplekts - Toys.lt","isPartOf":{"@id":"https:\/\/toys.lt\/lv\/#website"},"primaryImageOfPage":{"@id":"https:\/\/toys.lt\/lv\/produktas\/rotallietu-virtuves-iericu-komplekts\/#primaryimage"},"image":{"@id":"https:\/\/toys.lt\/lv\/produktas\/rotallietu-virtuves-iericu-komplekts\/#primaryimage"},"thumbnailUrl":"https:\/\/toys.lt\/wp-content\/uploads\/2025\/05\/5542-blenderis-1.jpg","datePublished":"2025-05-25T23:12:34+00:00","dateModified":"2026-04-08T00:01:31+00:00","breadcrumb":{"@id":"https:\/\/toys.lt\/lv\/produktas\/rotallietu-virtuves-iericu-komplekts\/#breadcrumb"},"inLanguage":"lv-LV","potentialAction":[{"@type":"ReadAction","target":["https:\/\/toys.lt\/lv\/produktas\/rotallietu-virtuves-iericu-komplekts\/"]}]},{"@type":"ImageObject","inLanguage":"lv-LV","@id":"https:\/\/toys.lt\/lv\/produktas\/rotallietu-virtuves-iericu-komplekts\/#primaryimage","url":"https:\/\/toys.lt\/wp-content\/uploads\/2025\/05\/5542-blenderis-1.jpg","contentUrl":"https:\/\/toys.lt\/wp-content\/uploads\/2025\/05\/5542-blenderis-1.jpg","width":755,"height":753,"caption":"\u017daislinis virtuv\u0117s technikos rinkinys"},{"@type":"BreadcrumbList","@id":"https:\/\/toys.lt\/lv\/produktas\/rotallietu-virtuves-iericu-komplekts\/#breadcrumb","itemListElement":[{"@type":"ListItem","position":1,"name":"Home","item":"https:\/\/toys.lt\/lv\/"},{"@type":"ListItem","position":2,"name":"Veikals","item":"https:\/\/toys.lt\/lv\/shop\/"},{"@type":"ListItem","position":3,"name":"Rota\u013clietu virtuves ier\u012b\u010du komplekts"}]},{"@type":"WebSite","@id":"https:\/\/toys.lt\/lv\/#website","url":"https:\/\/toys.lt\/lv\/","name":"Toys.lt","description":"","potentialAction":[{"@type":"SearchAction","target":{"@type":"EntryPoint","urlTemplate":"https:\/\/toys.lt\/lv\/?s={search_term_string}"},"query-input":{"@type":"PropertyValueSpecification","valueRequired":true,"valueName":"search_term_string"}}],"inLanguage":"lv-LV"}]}},"_links":{"self":[{"href":"https:\/\/toys.lt\/lv\/wp-json\/wp\/v2\/product\/40872","targetHints":{"allow":["GET"]}}],"collection":[{"href":"https:\/\/toys.lt\/lv\/wp-json\/wp\/v2\/product"}],"about":[{"href":"https:\/\/toys.lt\/lv\/wp-json\/wp\/v2\/types\/product"}],"replies":[{"embeddable":true,"href":"https:\/\/toys.lt\/lv\/wp-json\/wp\/v2\/comments?post=40872"}],"version-history":[{"count":1,"href":"https:\/\/toys.lt\/lv\/wp-json\/wp\/v2\/product\/40872\/revisions"}],"predecessor-version":[{"id":40873,"href":"https:\/\/toys.lt\/lv\/wp-json\/wp\/v2\/product\/40872\/revisions\/40873"}],"wp:featuredmedia":[{"embeddable":true,"href":"https:\/\/toys.lt\/lv\/wp-json\/wp\/v2\/media\/40564"}],"wp:attachment":[{"href":"https:\/\/toys.lt\/lv\/wp-json\/wp\/v2\/media?parent=40872"}],"wp:term":[{"taxonomy":"product_brand","embeddable":true,"href":"https:\/\/toys.lt\/lv\/wp-json\/wp\/v2\/product_brand?post=40872"},{"taxonomy":"product_cat","embeddable":true,"href":"https:\/\/toys.lt\/lv\/wp-json\/wp\/v2\/product_cat?post=40872"},{"taxonomy":"product_tag","embeddable":true,"href":"https:\/\/toys.lt\/lv\/wp-json\/wp\/v2\/product_tag?post=40872"}],"curies":[{"name":"wp","href":"https:\/\/api.w.org\/{rel}","templated":true}]}}