{"id":40864,"date":"2025-05-28T22:40:41","date_gmt":"2025-05-28T22:40:41","guid":{"rendered":"https:\/\/toys.lt\/produktas\/interaktivs-robots\/"},"modified":"2026-03-30T00:25:02","modified_gmt":"2026-03-30T00:25:02","slug":"interaktivs-robots","status":"publish","type":"product","link":"https:\/\/toys.lt\/lv\/produktas\/interaktivs-robots\/","title":{"rendered":"Interakt\u012bvs robots"},"content":{"rendered":"<p><strong>Funkcijas:<\/strong><\/p>\n<ul style=\"list-style-type: square\">\n<li>Ska\u0146as un kr\u0101sainas gaismas<\/li>\n<li>Caursp\u012bd\u012bgs korpuss, redzami meh\u0101nismi<\/li>\n<li>Rite\u0146i pal\u012bdz robotam p\u0101rvietoties<\/li>\n<li>Rokas var kust\u0113ties uz priek\u0161u un atpaka\u013c<\/li>\n<li>Iz\u0161auj lodi, nospie\u017eot vienu pogu.<\/li>\n<li>Izm\u0113rs 18 x 9 x 22 cm<\/li>\n<li>Pieejama divu kr\u0101su izv\u0113le<\/li>\n<\/ul>\n","protected":false},"excerpt":{"rendered":"<p>Produkta veids: vad\u012bbas rota\u013clietas<\/p>\n<p>Izcelsmes valsts: \u0136\u012bna<\/p>\n<p>Iepakojuma izm\u0113ri: 22 x 13 x 27 cm<\/p>\n<p>Robota izm\u0113ri: 18 x 9 x 22 cm<\/p>\n<p>Ieteicamais vecums: no 3 gadiem<\/p>\n<p>Elementi: 3x AA<\/p>\n","protected":false},"featured_media":40580,"comment_status":"open","ping_status":"closed","template":"","meta":[],"product_brand":[],"product_cat":[1176,1160,1155,1156],"product_tag":[],"class_list":{"0":"post-40864","1":"product","2":"type-product","3":"status-publish","4":"has-post-thumbnail","6":"product_cat-rotallietas-zeniem","7":"product_cat-kontroletas-rotallietas","8":"product_cat-leti","9":"product_cat-rotallietu-roboti-un-transformatori","10":"pa_amziaus-grupe-3-lv","11":"pa_prek-s-tipas-roboti","12":"pa_spalva-orange","13":"pa_spalva-zilais","15":"first","16":"instock","17":"taxable","18":"shipping-taxable","19":"purchasable","20":"product-type-variable"},"yoast_head":"<!-- This site is optimized with the Yoast SEO plugin v26.3 - https:\/\/yoast.com\/wordpress\/plugins\/seo\/ -->\n<title>Interakt\u012bvs robots - Toys.lt<\/title>\n<meta name=\"robots\" content=\"index, follow, max-snippet:-1, max-image-preview:large, max-video-preview:-1\" \/>\n<link rel=\"canonical\" href=\"https:\/\/toys.lt\/lv\/produktas\/interaktivs-robots\/\" \/>\n<meta property=\"og:locale\" content=\"lv_LV\" \/>\n<meta property=\"og:type\" content=\"article\" \/>\n<meta property=\"og:title\" content=\"Interakt\u012bvs robots - Toys.lt\" \/>\n<meta property=\"og:description\" content=\"Produkta veids: vad\u012bbas rota\u013clietas Izcelsmes valsts: \u0136\u012bna Iepakojuma izm\u0113ri: 22 x 13 x 27 cm Robota izm\u0113ri: 18 x 9 x 22 cm Ieteicamais vecums: no 3 gadiem Elementi: 3x AA\" \/>\n<meta property=\"og:url\" content=\"https:\/\/toys.lt\/lv\/produktas\/interaktivs-robots\/\" \/>\n<meta property=\"og:site_name\" content=\"Toys.lt\" \/>\n<meta property=\"article:modified_time\" content=\"2026-03-30T00:25:02+00:00\" \/>\n<meta property=\"og:image\" content=\"https:\/\/toys.lt\/wp-content\/uploads\/2025\/05\/887-1-robotas-4.jpg\" \/>\n\t<meta property=\"og:image:width\" content=\"913\" \/>\n\t<meta property=\"og:image:height\" content=\"672\" \/>\n\t<meta property=\"og:image:type\" content=\"image\/jpeg\" \/>\n<meta name=\"twitter:card\" content=\"summary_large_image\" \/>\n<script type=\"application\/ld+json\" class=\"yoast-schema-graph\">{\"@context\":\"https:\/\/schema.org\",\"@graph\":[{\"@type\":\"WebPage\",\"@id\":\"https:\/\/toys.lt\/lv\/produktas\/interaktivs-robots\/\",\"url\":\"https:\/\/toys.lt\/lv\/produktas\/interaktivs-robots\/\",\"name\":\"Interakt\u012bvs robots - Toys.lt\",\"isPartOf\":{\"@id\":\"https:\/\/toys.lt\/lv\/#website\"},\"primaryImageOfPage\":{\"@id\":\"https:\/\/toys.lt\/lv\/produktas\/interaktivs-robots\/#primaryimage\"},\"image\":{\"@id\":\"https:\/\/toys.lt\/lv\/produktas\/interaktivs-robots\/#primaryimage\"},\"thumbnailUrl\":\"https:\/\/toys.lt\/wp-content\/uploads\/2025\/05\/887-1-robotas-4.jpg\",\"datePublished\":\"2025-05-28T22:40:41+00:00\",\"dateModified\":\"2026-03-30T00:25:02+00:00\",\"breadcrumb\":{\"@id\":\"https:\/\/toys.lt\/lv\/produktas\/interaktivs-robots\/#breadcrumb\"},\"inLanguage\":\"lv-LV\",\"potentialAction\":[{\"@type\":\"ReadAction\",\"target\":[\"https:\/\/toys.lt\/lv\/produktas\/interaktivs-robots\/\"]}]},{\"@type\":\"ImageObject\",\"inLanguage\":\"lv-LV\",\"@id\":\"https:\/\/toys.lt\/lv\/produktas\/interaktivs-robots\/#primaryimage\",\"url\":\"https:\/\/toys.lt\/wp-content\/uploads\/2025\/05\/887-1-robotas-4.jpg\",\"contentUrl\":\"https:\/\/toys.lt\/wp-content\/uploads\/2025\/05\/887-1-robotas-4.jpg\",\"width\":913,\"height\":672,\"caption\":\"Interaktyvus robotas\"},{\"@type\":\"BreadcrumbList\",\"@id\":\"https:\/\/toys.lt\/lv\/produktas\/interaktivs-robots\/#breadcrumb\",\"itemListElement\":[{\"@type\":\"ListItem\",\"position\":1,\"name\":\"Home\",\"item\":\"https:\/\/toys.lt\/lv\/\"},{\"@type\":\"ListItem\",\"position\":2,\"name\":\"Veikals\",\"item\":\"https:\/\/toys.lt\/lv\/shop\/\"},{\"@type\":\"ListItem\",\"position\":3,\"name\":\"Interakt\u012bvs robots\"}]},{\"@type\":\"WebSite\",\"@id\":\"https:\/\/toys.lt\/lv\/#website\",\"url\":\"https:\/\/toys.lt\/lv\/\",\"name\":\"Toys.lt\",\"description\":\"\",\"potentialAction\":[{\"@type\":\"SearchAction\",\"target\":{\"@type\":\"EntryPoint\",\"urlTemplate\":\"https:\/\/toys.lt\/lv\/?s={search_term_string}\"},\"query-input\":{\"@type\":\"PropertyValueSpecification\",\"valueRequired\":true,\"valueName\":\"search_term_string\"}}],\"inLanguage\":\"lv-LV\"}]}<\/script>\n<!-- \/ Yoast SEO plugin. -->","yoast_head_json":{"title":"Interakt\u012bvs robots - Toys.lt","robots":{"index":"index","follow":"follow","max-snippet":"max-snippet:-1","max-image-preview":"max-image-preview:large","max-video-preview":"max-video-preview:-1"},"canonical":"https:\/\/toys.lt\/lv\/produktas\/interaktivs-robots\/","og_locale":"lv_LV","og_type":"article","og_title":"Interakt\u012bvs robots - Toys.lt","og_description":"Produkta veids: vad\u012bbas rota\u013clietas Izcelsmes valsts: \u0136\u012bna Iepakojuma izm\u0113ri: 22 x 13 x 27 cm Robota izm\u0113ri: 18 x 9 x 22 cm Ieteicamais vecums: no 3 gadiem Elementi: 3x AA","og_url":"https:\/\/toys.lt\/lv\/produktas\/interaktivs-robots\/","og_site_name":"Toys.lt","article_modified_time":"2026-03-30T00:25:02+00:00","og_image":[{"width":913,"height":672,"url":"https:\/\/toys.lt\/wp-content\/uploads\/2025\/05\/887-1-robotas-4.jpg","type":"image\/jpeg"}],"twitter_card":"summary_large_image","schema":{"@context":"https:\/\/schema.org","@graph":[{"@type":"WebPage","@id":"https:\/\/toys.lt\/lv\/produktas\/interaktivs-robots\/","url":"https:\/\/toys.lt\/lv\/produktas\/interaktivs-robots\/","name":"Interakt\u012bvs robots - Toys.lt","isPartOf":{"@id":"https:\/\/toys.lt\/lv\/#website"},"primaryImageOfPage":{"@id":"https:\/\/toys.lt\/lv\/produktas\/interaktivs-robots\/#primaryimage"},"image":{"@id":"https:\/\/toys.lt\/lv\/produktas\/interaktivs-robots\/#primaryimage"},"thumbnailUrl":"https:\/\/toys.lt\/wp-content\/uploads\/2025\/05\/887-1-robotas-4.jpg","datePublished":"2025-05-28T22:40:41+00:00","dateModified":"2026-03-30T00:25:02+00:00","breadcrumb":{"@id":"https:\/\/toys.lt\/lv\/produktas\/interaktivs-robots\/#breadcrumb"},"inLanguage":"lv-LV","potentialAction":[{"@type":"ReadAction","target":["https:\/\/toys.lt\/lv\/produktas\/interaktivs-robots\/"]}]},{"@type":"ImageObject","inLanguage":"lv-LV","@id":"https:\/\/toys.lt\/lv\/produktas\/interaktivs-robots\/#primaryimage","url":"https:\/\/toys.lt\/wp-content\/uploads\/2025\/05\/887-1-robotas-4.jpg","contentUrl":"https:\/\/toys.lt\/wp-content\/uploads\/2025\/05\/887-1-robotas-4.jpg","width":913,"height":672,"caption":"Interaktyvus robotas"},{"@type":"BreadcrumbList","@id":"https:\/\/toys.lt\/lv\/produktas\/interaktivs-robots\/#breadcrumb","itemListElement":[{"@type":"ListItem","position":1,"name":"Home","item":"https:\/\/toys.lt\/lv\/"},{"@type":"ListItem","position":2,"name":"Veikals","item":"https:\/\/toys.lt\/lv\/shop\/"},{"@type":"ListItem","position":3,"name":"Interakt\u012bvs robots"}]},{"@type":"WebSite","@id":"https:\/\/toys.lt\/lv\/#website","url":"https:\/\/toys.lt\/lv\/","name":"Toys.lt","description":"","potentialAction":[{"@type":"SearchAction","target":{"@type":"EntryPoint","urlTemplate":"https:\/\/toys.lt\/lv\/?s={search_term_string}"},"query-input":{"@type":"PropertyValueSpecification","valueRequired":true,"valueName":"search_term_string"}}],"inLanguage":"lv-LV"}]}},"_links":{"self":[{"href":"https:\/\/toys.lt\/lv\/wp-json\/wp\/v2\/product\/40864","targetHints":{"allow":["GET"]}}],"collection":[{"href":"https:\/\/toys.lt\/lv\/wp-json\/wp\/v2\/product"}],"about":[{"href":"https:\/\/toys.lt\/lv\/wp-json\/wp\/v2\/types\/product"}],"replies":[{"embeddable":true,"href":"https:\/\/toys.lt\/lv\/wp-json\/wp\/v2\/comments?post=40864"}],"version-history":[{"count":2,"href":"https:\/\/toys.lt\/lv\/wp-json\/wp\/v2\/product\/40864\/revisions"}],"predecessor-version":[{"id":45677,"href":"https:\/\/toys.lt\/lv\/wp-json\/wp\/v2\/product\/40864\/revisions\/45677"}],"wp:featuredmedia":[{"embeddable":true,"href":"https:\/\/toys.lt\/lv\/wp-json\/wp\/v2\/media\/40580"}],"wp:attachment":[{"href":"https:\/\/toys.lt\/lv\/wp-json\/wp\/v2\/media?parent=40864"}],"wp:term":[{"taxonomy":"product_brand","embeddable":true,"href":"https:\/\/toys.lt\/lv\/wp-json\/wp\/v2\/product_brand?post=40864"},{"taxonomy":"product_cat","embeddable":true,"href":"https:\/\/toys.lt\/lv\/wp-json\/wp\/v2\/product_cat?post=40864"},{"taxonomy":"product_tag","embeddable":true,"href":"https:\/\/toys.lt\/lv\/wp-json\/wp\/v2\/product_tag?post=40864"}],"curies":[{"name":"wp","href":"https:\/\/api.w.org\/{rel}","templated":true}]}}