{"id":40851,"date":"2025-06-23T10:42:45","date_gmt":"2025-06-23T10:42:45","guid":{"rendered":"https:\/\/toys.lt\/produktas\/policijas-auto-traleris-5in1\/"},"modified":"2026-04-08T00:01:24","modified_gmt":"2026-04-08T00:01:24","slug":"policijas-auto-traleris-5in1","status":"publish","type":"product","link":"https:\/\/toys.lt\/lv\/produktas\/policijas-auto-traleris-5in1\/","title":{"rendered":"Policijas auto traleris 5in1"},"content":{"rendered":"<p data-sourcepos=\"5:1-5:65\"><strong>Transporta kravas automa\u0161\u012bna ar policijas automa\u0161\u012bnas komplektu  <\/strong><\/p>\n<p data-sourcepos=\"7:1-7:125\">\u0160\u012b iespaid\u012bg\u0101 transporta kravas automa\u0161\u012bna ar policijas automa\u0161\u012bnas komplektu ir lieliska d\u0101vana jaunajiem piedz\u012bvojumu mekl\u0113t\u0101jiem!<\/p>\n<p data-sourcepos=\"9:1-9:12\"><strong>Funkcijas:<\/strong><\/p>\n<ul data-sourcepos=\"11:1-17:0\">\n<li data-sourcepos=\"11:1-11:46\"><strong>Kravas automa\u0161\u012bnas izm\u0113rs:<\/strong> 33,5 x 9,5 x 13,5 cm.<\/li>\n<li data-sourcepos=\"12:1-12:131\"><strong>5in1 komplekts:<\/strong> liela transporta kravas automa\u0161\u012bna un \u010detras policijas automa\u0161\u012bnas (da\u017e\u0101du izm\u0113ru, k\u0101 par\u0101d\u012bts).<\/li>\n<li data-sourcepos=\"13:1-13:103\"><strong>Inerces automa\u0161\u012bnas:<\/strong> visas maz\u0101s automa\u0161\u012bnas ir inerces automa\u0161\u012bnas, t\u0101p\u0113c t\u0101s pa\u0161as ripo, kad tiek stumtas.<\/li>\n<li data-sourcepos=\"14:1-14:72\"><strong>Kust\u012bgs propellers<\/strong>: helikoptera propellerus var pagriezt ar roku.<\/li>\n<li data-sourcepos=\"15:1-15:139\"><strong>Gaismas un ska\u0146as:<\/strong> kravas automa\u0161\u012bnas priek\u0161pus\u0113 ir gaismas un ska\u0146as efekti (nepiecie\u0161amas 3x AG13 baterijas, baterijas nav iek\u013cautas komplekt\u0101). <\/li>\n<\/ul>\n<p data-sourcepos=\"18:1-18:114\">\u0160\u012b rota\u013clieta ir ide\u0101li piem\u0113rota izt\u0113les un smalk\u0101s motorikas att\u012bst\u012b\u0161anai, nodro\u0161inot stund\u0101m ilgas rado\u0161as rota\u013cas!<\/p>\n","protected":false},"excerpt":{"rendered":"<p>Izcelsmes valsts: \u0136\u012bna<\/p>\n<p>Izstr\u0101d\u0101juma materi\u0101ls: plastmasa<\/p>\n<p>Iepakojuma izm\u0113ri: 34 x 11 x 15 cm<\/p>\n<p>Ieteicamais vecums: no 3 gadiem.<\/p>\n","protected":false},"featured_media":40662,"comment_status":"open","ping_status":"closed","template":"","meta":[],"product_brand":[],"product_cat":[1176,1177,1155],"product_tag":[],"class_list":{"0":"post-40851","1":"product","2":"type-product","3":"status-publish","4":"has-post-thumbnail","6":"product_cat-rotallietas-zeniem","7":"product_cat-rotalu-automasinas-traktori-un-kapurkedes","8":"product_cat-leti","9":"pa_amziaus-grupe-3-lv","11":"first","12":"instock","13":"sale","14":"taxable","15":"shipping-taxable","16":"purchasable","17":"product-type-simple"},"yoast_head":"<!-- This site is optimized with the Yoast SEO plugin v26.3 - https:\/\/yoast.com\/wordpress\/plugins\/seo\/ -->\n<title>Policijas auto traleris 5in1 - Toys.lt<\/title>\n<meta name=\"robots\" content=\"index, follow, max-snippet:-1, max-image-preview:large, max-video-preview:-1\" \/>\n<link rel=\"canonical\" href=\"https:\/\/toys.lt\/lv\/produktas\/policijas-auto-traleris-5in1\/\" \/>\n<meta property=\"og:locale\" content=\"lv_LV\" \/>\n<meta property=\"og:type\" content=\"article\" \/>\n<meta property=\"og:title\" content=\"Policijas auto traleris 5in1 - Toys.lt\" \/>\n<meta property=\"og:description\" content=\"Izcelsmes valsts: \u0136\u012bna Izstr\u0101d\u0101juma materi\u0101ls: plastmasa Iepakojuma izm\u0113ri: 34 x 11 x 15 cm Ieteicamais vecums: no 3 gadiem.\" \/>\n<meta property=\"og:url\" content=\"https:\/\/toys.lt\/lv\/produktas\/policijas-auto-traleris-5in1\/\" \/>\n<meta property=\"og:site_name\" content=\"Toys.lt\" \/>\n<meta property=\"article:modified_time\" content=\"2026-04-08T00:01:24+00:00\" \/>\n<meta property=\"og:image\" content=\"https:\/\/toys.lt\/wp-content\/uploads\/2025\/06\/SX600-23A-tralas-su-masinom.jpg\" \/>\n\t<meta property=\"og:image:width\" content=\"1620\" \/>\n\t<meta property=\"og:image:height\" content=\"1080\" \/>\n\t<meta property=\"og:image:type\" content=\"image\/jpeg\" \/>\n<meta name=\"twitter:card\" content=\"summary_large_image\" \/>\n<meta name=\"twitter:label1\" content=\"Est. reading time\" \/>\n\t<meta name=\"twitter:data1\" content=\"1 minute\" \/>\n<script type=\"application\/ld+json\" class=\"yoast-schema-graph\">{\"@context\":\"https:\/\/schema.org\",\"@graph\":[{\"@type\":\"WebPage\",\"@id\":\"https:\/\/toys.lt\/lv\/produktas\/policijas-auto-traleris-5in1\/\",\"url\":\"https:\/\/toys.lt\/lv\/produktas\/policijas-auto-traleris-5in1\/\",\"name\":\"Policijas auto traleris 5in1 - Toys.lt\",\"isPartOf\":{\"@id\":\"https:\/\/toys.lt\/lv\/#website\"},\"primaryImageOfPage\":{\"@id\":\"https:\/\/toys.lt\/lv\/produktas\/policijas-auto-traleris-5in1\/#primaryimage\"},\"image\":{\"@id\":\"https:\/\/toys.lt\/lv\/produktas\/policijas-auto-traleris-5in1\/#primaryimage\"},\"thumbnailUrl\":\"https:\/\/toys.lt\/wp-content\/uploads\/2025\/06\/SX600-23A-tralas-su-masinom.jpg\",\"datePublished\":\"2025-06-23T10:42:45+00:00\",\"dateModified\":\"2026-04-08T00:01:24+00:00\",\"breadcrumb\":{\"@id\":\"https:\/\/toys.lt\/lv\/produktas\/policijas-auto-traleris-5in1\/#breadcrumb\"},\"inLanguage\":\"lv-LV\",\"potentialAction\":[{\"@type\":\"ReadAction\",\"target\":[\"https:\/\/toys.lt\/lv\/produktas\/policijas-auto-traleris-5in1\/\"]}]},{\"@type\":\"ImageObject\",\"inLanguage\":\"lv-LV\",\"@id\":\"https:\/\/toys.lt\/lv\/produktas\/policijas-auto-traleris-5in1\/#primaryimage\",\"url\":\"https:\/\/toys.lt\/wp-content\/uploads\/2025\/06\/SX600-23A-tralas-su-masinom.jpg\",\"contentUrl\":\"https:\/\/toys.lt\/wp-content\/uploads\/2025\/06\/SX600-23A-tralas-su-masinom.jpg\",\"width\":1620,\"height\":1080,\"caption\":\"Policijos automobili\u0173 tralas 5in1\"},{\"@type\":\"BreadcrumbList\",\"@id\":\"https:\/\/toys.lt\/lv\/produktas\/policijas-auto-traleris-5in1\/#breadcrumb\",\"itemListElement\":[{\"@type\":\"ListItem\",\"position\":1,\"name\":\"Home\",\"item\":\"https:\/\/toys.lt\/lv\/\"},{\"@type\":\"ListItem\",\"position\":2,\"name\":\"Veikals\",\"item\":\"https:\/\/toys.lt\/lv\/shop\/\"},{\"@type\":\"ListItem\",\"position\":3,\"name\":\"Policijas auto traleris 5in1\"}]},{\"@type\":\"WebSite\",\"@id\":\"https:\/\/toys.lt\/lv\/#website\",\"url\":\"https:\/\/toys.lt\/lv\/\",\"name\":\"Toys.lt\",\"description\":\"\",\"potentialAction\":[{\"@type\":\"SearchAction\",\"target\":{\"@type\":\"EntryPoint\",\"urlTemplate\":\"https:\/\/toys.lt\/lv\/?s={search_term_string}\"},\"query-input\":{\"@type\":\"PropertyValueSpecification\",\"valueRequired\":true,\"valueName\":\"search_term_string\"}}],\"inLanguage\":\"lv-LV\"}]}<\/script>\n<!-- \/ Yoast SEO plugin. -->","yoast_head_json":{"title":"Policijas auto traleris 5in1 - Toys.lt","robots":{"index":"index","follow":"follow","max-snippet":"max-snippet:-1","max-image-preview":"max-image-preview:large","max-video-preview":"max-video-preview:-1"},"canonical":"https:\/\/toys.lt\/lv\/produktas\/policijas-auto-traleris-5in1\/","og_locale":"lv_LV","og_type":"article","og_title":"Policijas auto traleris 5in1 - Toys.lt","og_description":"Izcelsmes valsts: \u0136\u012bna Izstr\u0101d\u0101juma materi\u0101ls: plastmasa Iepakojuma izm\u0113ri: 34 x 11 x 15 cm Ieteicamais vecums: no 3 gadiem.","og_url":"https:\/\/toys.lt\/lv\/produktas\/policijas-auto-traleris-5in1\/","og_site_name":"Toys.lt","article_modified_time":"2026-04-08T00:01:24+00:00","og_image":[{"width":1620,"height":1080,"url":"https:\/\/toys.lt\/wp-content\/uploads\/2025\/06\/SX600-23A-tralas-su-masinom.jpg","type":"image\/jpeg"}],"twitter_card":"summary_large_image","twitter_misc":{"Est. reading time":"1 minute"},"schema":{"@context":"https:\/\/schema.org","@graph":[{"@type":"WebPage","@id":"https:\/\/toys.lt\/lv\/produktas\/policijas-auto-traleris-5in1\/","url":"https:\/\/toys.lt\/lv\/produktas\/policijas-auto-traleris-5in1\/","name":"Policijas auto traleris 5in1 - Toys.lt","isPartOf":{"@id":"https:\/\/toys.lt\/lv\/#website"},"primaryImageOfPage":{"@id":"https:\/\/toys.lt\/lv\/produktas\/policijas-auto-traleris-5in1\/#primaryimage"},"image":{"@id":"https:\/\/toys.lt\/lv\/produktas\/policijas-auto-traleris-5in1\/#primaryimage"},"thumbnailUrl":"https:\/\/toys.lt\/wp-content\/uploads\/2025\/06\/SX600-23A-tralas-su-masinom.jpg","datePublished":"2025-06-23T10:42:45+00:00","dateModified":"2026-04-08T00:01:24+00:00","breadcrumb":{"@id":"https:\/\/toys.lt\/lv\/produktas\/policijas-auto-traleris-5in1\/#breadcrumb"},"inLanguage":"lv-LV","potentialAction":[{"@type":"ReadAction","target":["https:\/\/toys.lt\/lv\/produktas\/policijas-auto-traleris-5in1\/"]}]},{"@type":"ImageObject","inLanguage":"lv-LV","@id":"https:\/\/toys.lt\/lv\/produktas\/policijas-auto-traleris-5in1\/#primaryimage","url":"https:\/\/toys.lt\/wp-content\/uploads\/2025\/06\/SX600-23A-tralas-su-masinom.jpg","contentUrl":"https:\/\/toys.lt\/wp-content\/uploads\/2025\/06\/SX600-23A-tralas-su-masinom.jpg","width":1620,"height":1080,"caption":"Policijos automobili\u0173 tralas 5in1"},{"@type":"BreadcrumbList","@id":"https:\/\/toys.lt\/lv\/produktas\/policijas-auto-traleris-5in1\/#breadcrumb","itemListElement":[{"@type":"ListItem","position":1,"name":"Home","item":"https:\/\/toys.lt\/lv\/"},{"@type":"ListItem","position":2,"name":"Veikals","item":"https:\/\/toys.lt\/lv\/shop\/"},{"@type":"ListItem","position":3,"name":"Policijas auto traleris 5in1"}]},{"@type":"WebSite","@id":"https:\/\/toys.lt\/lv\/#website","url":"https:\/\/toys.lt\/lv\/","name":"Toys.lt","description":"","potentialAction":[{"@type":"SearchAction","target":{"@type":"EntryPoint","urlTemplate":"https:\/\/toys.lt\/lv\/?s={search_term_string}"},"query-input":{"@type":"PropertyValueSpecification","valueRequired":true,"valueName":"search_term_string"}}],"inLanguage":"lv-LV"}]}},"_links":{"self":[{"href":"https:\/\/toys.lt\/lv\/wp-json\/wp\/v2\/product\/40851","targetHints":{"allow":["GET"]}}],"collection":[{"href":"https:\/\/toys.lt\/lv\/wp-json\/wp\/v2\/product"}],"about":[{"href":"https:\/\/toys.lt\/lv\/wp-json\/wp\/v2\/types\/product"}],"replies":[{"embeddable":true,"href":"https:\/\/toys.lt\/lv\/wp-json\/wp\/v2\/comments?post=40851"}],"version-history":[{"count":1,"href":"https:\/\/toys.lt\/lv\/wp-json\/wp\/v2\/product\/40851\/revisions"}],"predecessor-version":[{"id":40852,"href":"https:\/\/toys.lt\/lv\/wp-json\/wp\/v2\/product\/40851\/revisions\/40852"}],"wp:featuredmedia":[{"embeddable":true,"href":"https:\/\/toys.lt\/lv\/wp-json\/wp\/v2\/media\/40662"}],"wp:attachment":[{"href":"https:\/\/toys.lt\/lv\/wp-json\/wp\/v2\/media?parent=40851"}],"wp:term":[{"taxonomy":"product_brand","embeddable":true,"href":"https:\/\/toys.lt\/lv\/wp-json\/wp\/v2\/product_brand?post=40851"},{"taxonomy":"product_cat","embeddable":true,"href":"https:\/\/toys.lt\/lv\/wp-json\/wp\/v2\/product_cat?post=40851"},{"taxonomy":"product_tag","embeddable":true,"href":"https:\/\/toys.lt\/lv\/wp-json\/wp\/v2\/product_tag?post=40851"}],"curies":[{"name":"wp","href":"https:\/\/api.w.org\/{rel}","templated":true}]}}