{"id":40849,"date":"2025-06-26T15:27:02","date_gmt":"2025-06-26T15:27:02","guid":{"rendered":"https:\/\/toys.lt\/produktas\/desertu-nams-desertu-kafejnicas-komplekts-ar-skanas-efektiem\/"},"modified":"2026-04-08T00:01:24","modified_gmt":"2026-04-08T00:01:24","slug":"desertu-nams-desertu-kafejnicas-komplekts-ar-skanas-efektiem","status":"publish","type":"product","link":"https:\/\/toys.lt\/lv\/produktas\/desertu-nams-desertu-kafejnicas-komplekts-ar-skanas-efektiem\/","title":{"rendered":"Desertu nams Desertu kafejn\u012bcas komplekts ar ska\u0146as efektiem"},"content":{"rendered":"<p><strong>Deserta nama komplekts ir <\/strong>daudzfunkcion\u0101ls komplekts, kas \u013cauj jums sp\u0113l\u0113t k\u0101 p\u0101rdev\u0113jam un klientam.<\/p>\n<p><strong>Komplekt\u0101 ietilpst:<\/strong><\/p>\n<ul style=\"list-style-type: square;\">\n<li>Kafijas autom\u0101ts<\/li>\n<li>Kases apar\u0101ts<\/li>\n<li>P\u0101rtikas produkti<\/li>\n<li style=\"margin: 0px; padding: 0px; font: inherit; border: 0px;\">1 gl\u0101ze, 1 sieti\u0146\u0161<\/li>\n<li>Nor\u0113\u0137inu karte<\/li>\n<\/ul>\n<p><strong>Funkcijas:<\/strong><\/p>\n<ul style=\"list-style-type: square;\">\n<li>kases apar\u0101ta ska\u0146u efekti, \u0113dienu un dz\u0113rienu nosaukumi.<\/li>\n<li>Kafijas autom\u0101tu var uzpild\u012bt ar \u016bdeni<\/li>\n<li>Deserta deta\u013cas ir atdal\u012btas, lai j\u016bs var\u0113tu pagatavot savu desertu.<\/li>\n<li>Stimul\u0113 izt\u0113li, komunik\u0101ciju un rado\u0161umu.<\/li>\n<\/ul>\n<p>&nbsp;<\/p>\n","protected":false},"excerpt":{"rendered":"<p>&nbsp;<\/p>\n<p>Izcelsmes valsts: \u0136\u012bna<\/p>\n<p>Iepakojuma izm\u0113ri: 40 x 12 x 22 cm<\/p>\n<p>Izstr\u0101d\u0101juma materi\u0101ls: plastmasa<\/p>\n<p>Ieteicamais vecums: no 3 gadiem<\/p>\n<p>Elementi: 2 x AA.<\/p>\n","protected":false},"featured_media":40672,"comment_status":"open","ping_status":"closed","template":"","meta":[],"product_brand":[],"product_cat":[1180,1178,1155],"product_tag":[],"class_list":{"0":"post-40849","1":"product","2":"type-product","3":"status-publish","4":"has-post-thumbnail","6":"product_cat-rotallietas-meitenem","7":"product_cat-rotallietu-virtuves-piederumi-un-aksesuari","8":"product_cat-leti","9":"pa_amziaus-grupe-3-lv","11":"first","12":"instock","13":"sale","14":"taxable","15":"shipping-taxable","16":"purchasable","17":"product-type-simple"},"yoast_head":"<!-- This site is optimized with the Yoast SEO plugin v26.3 - https:\/\/yoast.com\/wordpress\/plugins\/seo\/ -->\n<title>Desertu nams Desertu kafejn\u012bcas komplekts ar ska\u0146as efektiem - Toys.lt<\/title>\n<meta name=\"robots\" content=\"index, follow, max-snippet:-1, max-image-preview:large, max-video-preview:-1\" \/>\n<link rel=\"canonical\" href=\"https:\/\/toys.lt\/lv\/produktas\/desertu-nams-desertu-kafejnicas-komplekts-ar-skanas-efektiem\/\" \/>\n<meta property=\"og:locale\" content=\"lv_LV\" \/>\n<meta property=\"og:type\" content=\"article\" \/>\n<meta property=\"og:title\" content=\"Desertu nams Desertu kafejn\u012bcas komplekts ar ska\u0146as efektiem - Toys.lt\" \/>\n<meta property=\"og:description\" content=\"&nbsp; Izcelsmes valsts: \u0136\u012bna Iepakojuma izm\u0113ri: 40 x 12 x 22 cm Izstr\u0101d\u0101juma materi\u0101ls: plastmasa Ieteicamais vecums: no 3 gadiem Elementi: 2 x AA.\" \/>\n<meta property=\"og:url\" content=\"https:\/\/toys.lt\/lv\/produktas\/desertu-nams-desertu-kafejnicas-komplekts-ar-skanas-efektiem\/\" \/>\n<meta property=\"og:site_name\" content=\"Toys.lt\" \/>\n<meta property=\"article:modified_time\" content=\"2026-04-08T00:01:24+00:00\" \/>\n<meta property=\"og:image\" content=\"https:\/\/toys.lt\/wp-content\/uploads\/2025\/06\/8899-7.jpg\" \/>\n\t<meta property=\"og:image:width\" content=\"2284\" \/>\n\t<meta property=\"og:image:height\" content=\"1280\" \/>\n\t<meta property=\"og:image:type\" content=\"image\/jpeg\" \/>\n<meta name=\"twitter:card\" content=\"summary_large_image\" \/>\n<script type=\"application\/ld+json\" class=\"yoast-schema-graph\">{\"@context\":\"https:\/\/schema.org\",\"@graph\":[{\"@type\":\"WebPage\",\"@id\":\"https:\/\/toys.lt\/lv\/produktas\/desertu-nams-desertu-kafejnicas-komplekts-ar-skanas-efektiem\/\",\"url\":\"https:\/\/toys.lt\/lv\/produktas\/desertu-nams-desertu-kafejnicas-komplekts-ar-skanas-efektiem\/\",\"name\":\"Desertu nams Desertu kafejn\u012bcas komplekts ar ska\u0146as efektiem - Toys.lt\",\"isPartOf\":{\"@id\":\"https:\/\/toys.lt\/lv\/#website\"},\"primaryImageOfPage\":{\"@id\":\"https:\/\/toys.lt\/lv\/produktas\/desertu-nams-desertu-kafejnicas-komplekts-ar-skanas-efektiem\/#primaryimage\"},\"image\":{\"@id\":\"https:\/\/toys.lt\/lv\/produktas\/desertu-nams-desertu-kafejnicas-komplekts-ar-skanas-efektiem\/#primaryimage\"},\"thumbnailUrl\":\"https:\/\/toys.lt\/wp-content\/uploads\/2025\/06\/8899-7.jpg\",\"datePublished\":\"2025-06-26T15:27:02+00:00\",\"dateModified\":\"2026-04-08T00:01:24+00:00\",\"breadcrumb\":{\"@id\":\"https:\/\/toys.lt\/lv\/produktas\/desertu-nams-desertu-kafejnicas-komplekts-ar-skanas-efektiem\/#breadcrumb\"},\"inLanguage\":\"lv-LV\",\"potentialAction\":[{\"@type\":\"ReadAction\",\"target\":[\"https:\/\/toys.lt\/lv\/produktas\/desertu-nams-desertu-kafejnicas-komplekts-ar-skanas-efektiem\/\"]}]},{\"@type\":\"ImageObject\",\"inLanguage\":\"lv-LV\",\"@id\":\"https:\/\/toys.lt\/lv\/produktas\/desertu-nams-desertu-kafejnicas-komplekts-ar-skanas-efektiem\/#primaryimage\",\"url\":\"https:\/\/toys.lt\/wp-content\/uploads\/2025\/06\/8899-7.jpg\",\"contentUrl\":\"https:\/\/toys.lt\/wp-content\/uploads\/2025\/06\/8899-7.jpg\",\"width\":2284,\"height\":1280,\"caption\":\"Desert\u0173 Kavin\u0117s Rinkinys \u201eDessert House\u201c su Garso Efektais\"},{\"@type\":\"BreadcrumbList\",\"@id\":\"https:\/\/toys.lt\/lv\/produktas\/desertu-nams-desertu-kafejnicas-komplekts-ar-skanas-efektiem\/#breadcrumb\",\"itemListElement\":[{\"@type\":\"ListItem\",\"position\":1,\"name\":\"Home\",\"item\":\"https:\/\/toys.lt\/lv\/\"},{\"@type\":\"ListItem\",\"position\":2,\"name\":\"Veikals\",\"item\":\"https:\/\/toys.lt\/lv\/shop\/\"},{\"@type\":\"ListItem\",\"position\":3,\"name\":\"Desertu nams Desertu kafejn\u012bcas komplekts ar ska\u0146as efektiem\"}]},{\"@type\":\"WebSite\",\"@id\":\"https:\/\/toys.lt\/lv\/#website\",\"url\":\"https:\/\/toys.lt\/lv\/\",\"name\":\"Toys.lt\",\"description\":\"\",\"potentialAction\":[{\"@type\":\"SearchAction\",\"target\":{\"@type\":\"EntryPoint\",\"urlTemplate\":\"https:\/\/toys.lt\/lv\/?s={search_term_string}\"},\"query-input\":{\"@type\":\"PropertyValueSpecification\",\"valueRequired\":true,\"valueName\":\"search_term_string\"}}],\"inLanguage\":\"lv-LV\"}]}<\/script>\n<!-- \/ Yoast SEO plugin. -->","yoast_head_json":{"title":"Desertu nams Desertu kafejn\u012bcas komplekts ar ska\u0146as efektiem - Toys.lt","robots":{"index":"index","follow":"follow","max-snippet":"max-snippet:-1","max-image-preview":"max-image-preview:large","max-video-preview":"max-video-preview:-1"},"canonical":"https:\/\/toys.lt\/lv\/produktas\/desertu-nams-desertu-kafejnicas-komplekts-ar-skanas-efektiem\/","og_locale":"lv_LV","og_type":"article","og_title":"Desertu nams Desertu kafejn\u012bcas komplekts ar ska\u0146as efektiem - Toys.lt","og_description":"&nbsp; Izcelsmes valsts: \u0136\u012bna Iepakojuma izm\u0113ri: 40 x 12 x 22 cm Izstr\u0101d\u0101juma materi\u0101ls: plastmasa Ieteicamais vecums: no 3 gadiem Elementi: 2 x AA.","og_url":"https:\/\/toys.lt\/lv\/produktas\/desertu-nams-desertu-kafejnicas-komplekts-ar-skanas-efektiem\/","og_site_name":"Toys.lt","article_modified_time":"2026-04-08T00:01:24+00:00","og_image":[{"width":2284,"height":1280,"url":"https:\/\/toys.lt\/wp-content\/uploads\/2025\/06\/8899-7.jpg","type":"image\/jpeg"}],"twitter_card":"summary_large_image","schema":{"@context":"https:\/\/schema.org","@graph":[{"@type":"WebPage","@id":"https:\/\/toys.lt\/lv\/produktas\/desertu-nams-desertu-kafejnicas-komplekts-ar-skanas-efektiem\/","url":"https:\/\/toys.lt\/lv\/produktas\/desertu-nams-desertu-kafejnicas-komplekts-ar-skanas-efektiem\/","name":"Desertu nams Desertu kafejn\u012bcas komplekts ar ska\u0146as efektiem - Toys.lt","isPartOf":{"@id":"https:\/\/toys.lt\/lv\/#website"},"primaryImageOfPage":{"@id":"https:\/\/toys.lt\/lv\/produktas\/desertu-nams-desertu-kafejnicas-komplekts-ar-skanas-efektiem\/#primaryimage"},"image":{"@id":"https:\/\/toys.lt\/lv\/produktas\/desertu-nams-desertu-kafejnicas-komplekts-ar-skanas-efektiem\/#primaryimage"},"thumbnailUrl":"https:\/\/toys.lt\/wp-content\/uploads\/2025\/06\/8899-7.jpg","datePublished":"2025-06-26T15:27:02+00:00","dateModified":"2026-04-08T00:01:24+00:00","breadcrumb":{"@id":"https:\/\/toys.lt\/lv\/produktas\/desertu-nams-desertu-kafejnicas-komplekts-ar-skanas-efektiem\/#breadcrumb"},"inLanguage":"lv-LV","potentialAction":[{"@type":"ReadAction","target":["https:\/\/toys.lt\/lv\/produktas\/desertu-nams-desertu-kafejnicas-komplekts-ar-skanas-efektiem\/"]}]},{"@type":"ImageObject","inLanguage":"lv-LV","@id":"https:\/\/toys.lt\/lv\/produktas\/desertu-nams-desertu-kafejnicas-komplekts-ar-skanas-efektiem\/#primaryimage","url":"https:\/\/toys.lt\/wp-content\/uploads\/2025\/06\/8899-7.jpg","contentUrl":"https:\/\/toys.lt\/wp-content\/uploads\/2025\/06\/8899-7.jpg","width":2284,"height":1280,"caption":"Desert\u0173 Kavin\u0117s Rinkinys \u201eDessert House\u201c su Garso Efektais"},{"@type":"BreadcrumbList","@id":"https:\/\/toys.lt\/lv\/produktas\/desertu-nams-desertu-kafejnicas-komplekts-ar-skanas-efektiem\/#breadcrumb","itemListElement":[{"@type":"ListItem","position":1,"name":"Home","item":"https:\/\/toys.lt\/lv\/"},{"@type":"ListItem","position":2,"name":"Veikals","item":"https:\/\/toys.lt\/lv\/shop\/"},{"@type":"ListItem","position":3,"name":"Desertu nams Desertu kafejn\u012bcas komplekts ar ska\u0146as efektiem"}]},{"@type":"WebSite","@id":"https:\/\/toys.lt\/lv\/#website","url":"https:\/\/toys.lt\/lv\/","name":"Toys.lt","description":"","potentialAction":[{"@type":"SearchAction","target":{"@type":"EntryPoint","urlTemplate":"https:\/\/toys.lt\/lv\/?s={search_term_string}"},"query-input":{"@type":"PropertyValueSpecification","valueRequired":true,"valueName":"search_term_string"}}],"inLanguage":"lv-LV"}]}},"_links":{"self":[{"href":"https:\/\/toys.lt\/lv\/wp-json\/wp\/v2\/product\/40849","targetHints":{"allow":["GET"]}}],"collection":[{"href":"https:\/\/toys.lt\/lv\/wp-json\/wp\/v2\/product"}],"about":[{"href":"https:\/\/toys.lt\/lv\/wp-json\/wp\/v2\/types\/product"}],"replies":[{"embeddable":true,"href":"https:\/\/toys.lt\/lv\/wp-json\/wp\/v2\/comments?post=40849"}],"version-history":[{"count":1,"href":"https:\/\/toys.lt\/lv\/wp-json\/wp\/v2\/product\/40849\/revisions"}],"predecessor-version":[{"id":40850,"href":"https:\/\/toys.lt\/lv\/wp-json\/wp\/v2\/product\/40849\/revisions\/40850"}],"wp:featuredmedia":[{"embeddable":true,"href":"https:\/\/toys.lt\/lv\/wp-json\/wp\/v2\/media\/40672"}],"wp:attachment":[{"href":"https:\/\/toys.lt\/lv\/wp-json\/wp\/v2\/media?parent=40849"}],"wp:term":[{"taxonomy":"product_brand","embeddable":true,"href":"https:\/\/toys.lt\/lv\/wp-json\/wp\/v2\/product_brand?post=40849"},{"taxonomy":"product_cat","embeddable":true,"href":"https:\/\/toys.lt\/lv\/wp-json\/wp\/v2\/product_cat?post=40849"},{"taxonomy":"product_tag","embeddable":true,"href":"https:\/\/toys.lt\/lv\/wp-json\/wp\/v2\/product_tag?post=40849"}],"curies":[{"name":"wp","href":"https:\/\/api.w.org\/{rel}","templated":true}]}}