{"id":40838,"date":"2025-06-17T18:47:37","date_gmt":"2025-06-17T18:47:37","guid":{"rendered":"https:\/\/toys.lt\/?post_type=product&#038;p=40838"},"modified":"2026-03-30T00:25:01","modified_gmt":"2026-03-30T00:25:01","slug":"spelu-zveja","status":"publish","type":"product","link":"https:\/\/toys.lt\/lv\/produktas\/spelu-zveja\/","title":{"rendered":"Sp\u0113\u013cu zveja"},"content":{"rendered":"<p><strong>Funkcijas:<\/strong><\/p>\n<p>&nbsp;<\/p>\n<ul style=\"list-style-type: square;\">\n<li style=\"margin: 0px; padding: 0px; font: inherit; border: 0px;\">Pla\u0161s kr\u0101su kl\u0101sts<\/li>\n<li><span style=\"font-family: inherit; font-size: inherit; font-style: inherit; font-variant-ligatures: inherit; font-variant-caps: inherit; font-weight: inherit;\">4 n\u016bjas ar \u0101\u0137i<\/span><\/li>\n<li style=\"margin: 0px; padding: 0px; font: inherit; border: 0px;\">Galda izm\u0113rs 18 x 16 x 4 cm<\/li>\n<li style=\"margin: 0px; padding: 0px; font: inherit; border: 0px;\">Att\u012bsta motoriku, acu koordin\u0101ciju, smalk\u0101s motorikas prasmes, dom\u0101\u0161anu, koncentr\u0113\u0161an\u0101s sp\u0113jas, kr\u0101su atpaz\u012b\u0161anu.<\/li>\n<li>Darbina 1AA akumulatora baterija<\/li>\n<\/ul>\n<p>&nbsp;<\/p>\n","protected":false},"excerpt":{"rendered":"<p>&nbsp;<\/p>\n<p>Izcelsmes valsts: \u0136\u012bna<\/p>\n<p>Iepakojuma izm\u0113ri: 17 x 4 x 22 cm<\/p>\n<p>Izstr\u0101d\u0101juma materi\u0101ls: plastmasa<\/p>\n<p>Ieteicamais vecums: no 3 gadiem<\/p>\n<p>Nepiecie\u0161amie elementi: 1AA.<\/p>\n","protected":false},"featured_media":40628,"comment_status":"open","ping_status":"closed","template":"","meta":[],"product_brand":[],"product_cat":[1180,1176,1157,1406],"product_tag":[],"class_list":{"0":"post-40838","1":"product","2":"type-product","3":"status-publish","4":"has-post-thumbnail","6":"product_cat-rotallietas-meitenem","7":"product_cat-rotallietas-zeniem","8":"product_cat-izglitojosas-un-interaktivas-rotallietas","9":"product_cat-letakais","10":"pa_amziaus-grupe-3-lv","11":"pa_prek-s-tipas-izglitojosas-speles","12":"pa_spalva-dzeltenais","13":"pa_spalva-zala","14":"pa_spalva-zilais","16":"first","17":"instock","18":"taxable","19":"shipping-taxable","20":"purchasable","21":"product-type-variable"},"yoast_head":"<!-- This site is optimized with the Yoast SEO plugin v26.3 - https:\/\/yoast.com\/wordpress\/plugins\/seo\/ -->\n<title>Sp\u0113\u013cu zveja - Toys.lt<\/title>\n<meta name=\"robots\" content=\"index, follow, max-snippet:-1, max-image-preview:large, max-video-preview:-1\" \/>\n<link rel=\"canonical\" href=\"https:\/\/toys.lt\/lv\/produktas\/spelu-zveja\/\" \/>\n<meta property=\"og:locale\" content=\"lv_LV\" \/>\n<meta property=\"og:type\" content=\"article\" \/>\n<meta property=\"og:title\" content=\"Sp\u0113\u013cu zveja - Toys.lt\" \/>\n<meta property=\"og:description\" content=\"&nbsp; Izcelsmes valsts: \u0136\u012bna Iepakojuma izm\u0113ri: 17 x 4 x 22 cm Izstr\u0101d\u0101juma materi\u0101ls: plastmasa Ieteicamais vecums: no 3 gadiem Nepiecie\u0161amie elementi: 1AA.\" \/>\n<meta property=\"og:url\" content=\"https:\/\/toys.lt\/lv\/produktas\/spelu-zveja\/\" \/>\n<meta property=\"og:site_name\" content=\"Toys.lt\" \/>\n<meta property=\"article:modified_time\" content=\"2026-03-30T00:25:01+00:00\" \/>\n<meta property=\"og:image\" content=\"https:\/\/toys.lt\/wp-content\/uploads\/2025\/06\/ML0EPHDKJQAO54HCVEG7-scaled.jpg\" \/>\n\t<meta property=\"og:image:width\" content=\"1920\" \/>\n\t<meta property=\"og:image:height\" content=\"2560\" \/>\n\t<meta property=\"og:image:type\" content=\"image\/jpeg\" \/>\n<meta name=\"twitter:card\" content=\"summary_large_image\" \/>\n<script type=\"application\/ld+json\" class=\"yoast-schema-graph\">{\"@context\":\"https:\/\/schema.org\",\"@graph\":[{\"@type\":\"WebPage\",\"@id\":\"https:\/\/toys.lt\/lv\/produktas\/spelu-zveja\/\",\"url\":\"https:\/\/toys.lt\/lv\/produktas\/spelu-zveja\/\",\"name\":\"Sp\u0113\u013cu zveja - Toys.lt\",\"isPartOf\":{\"@id\":\"https:\/\/toys.lt\/lv\/#website\"},\"primaryImageOfPage\":{\"@id\":\"https:\/\/toys.lt\/lv\/produktas\/spelu-zveja\/#primaryimage\"},\"image\":{\"@id\":\"https:\/\/toys.lt\/lv\/produktas\/spelu-zveja\/#primaryimage\"},\"thumbnailUrl\":\"https:\/\/toys.lt\/wp-content\/uploads\/2025\/06\/ML0EPHDKJQAO54HCVEG7-scaled.jpg\",\"datePublished\":\"2025-06-17T18:47:37+00:00\",\"dateModified\":\"2026-03-30T00:25:01+00:00\",\"breadcrumb\":{\"@id\":\"https:\/\/toys.lt\/lv\/produktas\/spelu-zveja\/#breadcrumb\"},\"inLanguage\":\"lv-LV\",\"potentialAction\":[{\"@type\":\"ReadAction\",\"target\":[\"https:\/\/toys.lt\/lv\/produktas\/spelu-zveja\/\"]}]},{\"@type\":\"ImageObject\",\"inLanguage\":\"lv-LV\",\"@id\":\"https:\/\/toys.lt\/lv\/produktas\/spelu-zveja\/#primaryimage\",\"url\":\"https:\/\/toys.lt\/wp-content\/uploads\/2025\/06\/ML0EPHDKJQAO54HCVEG7-scaled.jpg\",\"contentUrl\":\"https:\/\/toys.lt\/wp-content\/uploads\/2025\/06\/ML0EPHDKJQAO54HCVEG7-scaled.jpg\",\"width\":1920,\"height\":2560,\"caption\":\"\u017daidimas \u017dvejyba &#8211; Geltona\"},{\"@type\":\"BreadcrumbList\",\"@id\":\"https:\/\/toys.lt\/lv\/produktas\/spelu-zveja\/#breadcrumb\",\"itemListElement\":[{\"@type\":\"ListItem\",\"position\":1,\"name\":\"Home\",\"item\":\"https:\/\/toys.lt\/lv\/\"},{\"@type\":\"ListItem\",\"position\":2,\"name\":\"Veikals\",\"item\":\"https:\/\/toys.lt\/lv\/shop\/\"},{\"@type\":\"ListItem\",\"position\":3,\"name\":\"Sp\u0113\u013cu zveja\"}]},{\"@type\":\"WebSite\",\"@id\":\"https:\/\/toys.lt\/lv\/#website\",\"url\":\"https:\/\/toys.lt\/lv\/\",\"name\":\"Toys.lt\",\"description\":\"\",\"potentialAction\":[{\"@type\":\"SearchAction\",\"target\":{\"@type\":\"EntryPoint\",\"urlTemplate\":\"https:\/\/toys.lt\/lv\/?s={search_term_string}\"},\"query-input\":{\"@type\":\"PropertyValueSpecification\",\"valueRequired\":true,\"valueName\":\"search_term_string\"}}],\"inLanguage\":\"lv-LV\"}]}<\/script>\n<!-- \/ Yoast SEO plugin. -->","yoast_head_json":{"title":"Sp\u0113\u013cu zveja - Toys.lt","robots":{"index":"index","follow":"follow","max-snippet":"max-snippet:-1","max-image-preview":"max-image-preview:large","max-video-preview":"max-video-preview:-1"},"canonical":"https:\/\/toys.lt\/lv\/produktas\/spelu-zveja\/","og_locale":"lv_LV","og_type":"article","og_title":"Sp\u0113\u013cu zveja - Toys.lt","og_description":"&nbsp; Izcelsmes valsts: \u0136\u012bna Iepakojuma izm\u0113ri: 17 x 4 x 22 cm Izstr\u0101d\u0101juma materi\u0101ls: plastmasa Ieteicamais vecums: no 3 gadiem Nepiecie\u0161amie elementi: 1AA.","og_url":"https:\/\/toys.lt\/lv\/produktas\/spelu-zveja\/","og_site_name":"Toys.lt","article_modified_time":"2026-03-30T00:25:01+00:00","og_image":[{"width":1920,"height":2560,"url":"https:\/\/toys.lt\/wp-content\/uploads\/2025\/06\/ML0EPHDKJQAO54HCVEG7-scaled.jpg","type":"image\/jpeg"}],"twitter_card":"summary_large_image","schema":{"@context":"https:\/\/schema.org","@graph":[{"@type":"WebPage","@id":"https:\/\/toys.lt\/lv\/produktas\/spelu-zveja\/","url":"https:\/\/toys.lt\/lv\/produktas\/spelu-zveja\/","name":"Sp\u0113\u013cu zveja - Toys.lt","isPartOf":{"@id":"https:\/\/toys.lt\/lv\/#website"},"primaryImageOfPage":{"@id":"https:\/\/toys.lt\/lv\/produktas\/spelu-zveja\/#primaryimage"},"image":{"@id":"https:\/\/toys.lt\/lv\/produktas\/spelu-zveja\/#primaryimage"},"thumbnailUrl":"https:\/\/toys.lt\/wp-content\/uploads\/2025\/06\/ML0EPHDKJQAO54HCVEG7-scaled.jpg","datePublished":"2025-06-17T18:47:37+00:00","dateModified":"2026-03-30T00:25:01+00:00","breadcrumb":{"@id":"https:\/\/toys.lt\/lv\/produktas\/spelu-zveja\/#breadcrumb"},"inLanguage":"lv-LV","potentialAction":[{"@type":"ReadAction","target":["https:\/\/toys.lt\/lv\/produktas\/spelu-zveja\/"]}]},{"@type":"ImageObject","inLanguage":"lv-LV","@id":"https:\/\/toys.lt\/lv\/produktas\/spelu-zveja\/#primaryimage","url":"https:\/\/toys.lt\/wp-content\/uploads\/2025\/06\/ML0EPHDKJQAO54HCVEG7-scaled.jpg","contentUrl":"https:\/\/toys.lt\/wp-content\/uploads\/2025\/06\/ML0EPHDKJQAO54HCVEG7-scaled.jpg","width":1920,"height":2560,"caption":"\u017daidimas \u017dvejyba &#8211; Geltona"},{"@type":"BreadcrumbList","@id":"https:\/\/toys.lt\/lv\/produktas\/spelu-zveja\/#breadcrumb","itemListElement":[{"@type":"ListItem","position":1,"name":"Home","item":"https:\/\/toys.lt\/lv\/"},{"@type":"ListItem","position":2,"name":"Veikals","item":"https:\/\/toys.lt\/lv\/shop\/"},{"@type":"ListItem","position":3,"name":"Sp\u0113\u013cu zveja"}]},{"@type":"WebSite","@id":"https:\/\/toys.lt\/lv\/#website","url":"https:\/\/toys.lt\/lv\/","name":"Toys.lt","description":"","potentialAction":[{"@type":"SearchAction","target":{"@type":"EntryPoint","urlTemplate":"https:\/\/toys.lt\/lv\/?s={search_term_string}"},"query-input":{"@type":"PropertyValueSpecification","valueRequired":true,"valueName":"search_term_string"}}],"inLanguage":"lv-LV"}]}},"_links":{"self":[{"href":"https:\/\/toys.lt\/lv\/wp-json\/wp\/v2\/product\/40838","targetHints":{"allow":["GET"]}}],"collection":[{"href":"https:\/\/toys.lt\/lv\/wp-json\/wp\/v2\/product"}],"about":[{"href":"https:\/\/toys.lt\/lv\/wp-json\/wp\/v2\/types\/product"}],"replies":[{"embeddable":true,"href":"https:\/\/toys.lt\/lv\/wp-json\/wp\/v2\/comments?post=40838"}],"version-history":[{"count":2,"href":"https:\/\/toys.lt\/lv\/wp-json\/wp\/v2\/product\/40838\/revisions"}],"predecessor-version":[{"id":45703,"href":"https:\/\/toys.lt\/lv\/wp-json\/wp\/v2\/product\/40838\/revisions\/45703"}],"wp:featuredmedia":[{"embeddable":true,"href":"https:\/\/toys.lt\/lv\/wp-json\/wp\/v2\/media\/40628"}],"wp:attachment":[{"href":"https:\/\/toys.lt\/lv\/wp-json\/wp\/v2\/media?parent=40838"}],"wp:term":[{"taxonomy":"product_brand","embeddable":true,"href":"https:\/\/toys.lt\/lv\/wp-json\/wp\/v2\/product_brand?post=40838"},{"taxonomy":"product_cat","embeddable":true,"href":"https:\/\/toys.lt\/lv\/wp-json\/wp\/v2\/product_cat?post=40838"},{"taxonomy":"product_tag","embeddable":true,"href":"https:\/\/toys.lt\/lv\/wp-json\/wp\/v2\/product_tag?post=40838"}],"curies":[{"name":"wp","href":"https:\/\/api.w.org\/{rel}","templated":true}]}}