{"id":40836,"date":"2025-06-17T16:02:25","date_gmt":"2025-06-17T16:02:25","guid":{"rendered":"https:\/\/toys.lt\/produktas\/bernu-projekcijas-zimesanas-galds\/"},"modified":"2026-04-08T00:01:26","modified_gmt":"2026-04-08T00:01:26","slug":"bernu-projekcijas-zimesanas-galds","status":"publish","type":"product","link":"https:\/\/toys.lt\/lv\/produktas\/bernu-projekcijas-zimesanas-galds\/","title":{"rendered":"B\u0113rnu projekcijas z\u012bm\u0113\u0161anas galds"},"content":{"rendered":"<p data-start=\"188\" data-end=\"509\">\u013baujiet b\u0113rnam iegremd\u0113ties kr\u0101su un rado\u0161uma pasaul\u0113 ar \u0161o rota\u013c\u012bgo <strong data-start=\"265\" data-end=\"297\">projekcijas z\u012bm\u0113\u0161anas galdu<\/strong>, kur\u0101 ieb\u016bv\u0113tais projektors \u013cauj viegli atveidot att\u0113lotos att\u0113lus! Ar rota\u013c\u012bgu t\u0113lu rot\u0101tais galds ir lielisks l\u012bdzeklis, lai att\u012bst\u012btu b\u0113rnu izt\u0113li, s\u012bko motoriku un z\u012bm\u0113\u0161anas prasmes. <\/p>\n<p data-start=\"511\" data-end=\"523\"><strong data-start=\"511\" data-end=\"523\">Funkcijas:<\/strong><\/p>\n<ul data-start=\"524\" data-end=\"958\">\n<li data-start=\"524\" data-end=\"622\">\n<p data-start=\"526\" data-end=\"622\">\ud83d\udcd0 <strong data-start=\"529\" data-end=\"551\">Kompakts izm\u0113rs<\/strong>: 38,5 cm augstums x 30 cm garums x 30 cm platums &#8211; lieliski piem\u0113rots b\u0113rniem.<\/p>\n<\/li>\n<li data-start=\"623\" data-end=\"728\">\n<p data-start=\"625\" data-end=\"728\">\ud83c\udfa8 <strong data-start=\"628\" data-end=\"666\">Projektors ar main\u0101miem diskiem<\/strong> &#8211; par\u0101da da\u017e\u0101dus att\u0113lus, kurus b\u0113rni var izkr\u0101sot. Komplekt\u0101 ietilpst 3 diski <\/p>\n<\/li>\n<li data-start=\"729\" data-end=\"809\">\n<p data-start=\"731\" data-end=\"809\">\ud83d\udd8d\ufe0f <strong data-start=\"735\" data-end=\"775\">Komplekt\u0101 ir iek\u013cauti kr\u0101sainie mar\u0137ieri<\/strong> &#8211; varat s\u0101kt z\u012bm\u0113t uzreiz! Komplekt\u0101 ietilpst 12 mar\u0137ieri <\/p>\n<\/li>\n<li data-start=\"810\" data-end=\"878\">\n<p data-start=\"812\" data-end=\"878\">\ud83e\ude91 <strong data-start=\"815\" data-end=\"839\">Stabila konstrukcija<\/strong> &#8211; dro\u0161a lieto\u0161anai uz da\u017e\u0101d\u0101m virsm\u0101m.<\/p>\n<\/li>\n<li data-start=\"879\" data-end=\"958\">\n<p data-start=\"881\" data-end=\"958\">\ud83e\uddfd <strong data-start=\"884\" data-end=\"913\">Viegli t\u012br\u0101ma virsma<\/strong> &#8211; piem\u0113rota z\u012bm\u0113\u0161anai un viegli noslauc\u0101ma.<\/p>\n<\/li>\n<\/ul>\n<p data-start=\"960\" data-end=\"1121\"><strong data-start=\"960\" data-end=\"996\">K\u0101p\u0113c izv\u0113l\u0113ties \u0161o galdu?<\/strong><br \/>\n\u2714 Stimul\u0113 rado\u0161umu<br data-start=\"1018\" data-end=\"1021\">\u2714 Att\u012bsta koordin\u0101ciju un uzman\u012bbu<br data-start=\"1063\" data-end=\"1066\">\u2714 Jautra un izgl\u012btojo\u0161a sp\u0113le, ko sp\u0113l\u0113t vienatn\u0113 vai ar draugiem<\/p>\n","protected":false},"excerpt":{"rendered":"<p>Izcelsmes valsts: \u0136\u012bna<\/p>\n<p>Iepakojuma izm\u0113ri: 29 x 10 x 34 cm<\/p>\n<p>Galda izm\u0113ri: 38 x 26 cm x 28 cm<\/p>\n<p>Ieteicamais vecums: no 3 gadiem<\/p>\n<p>Nepiecie\u0161amie elementi: 3 x AA.<\/p>\n","protected":false},"featured_media":40609,"comment_status":"open","ping_status":"closed","template":"","meta":[],"product_brand":[],"product_cat":[1182,1183,1155],"product_tag":[],"class_list":{"0":"post-40836","1":"product","2":"type-product","3":"status-publish","4":"has-post-thumbnail","6":"product_cat-muzikalas-rotallietas","7":"product_cat-rotallietas-maziem-berniem","8":"product_cat-leti","9":"pa_amziaus-grupe-3-lv","11":"first","12":"outofstock","13":"sale","14":"taxable","15":"shipping-taxable","16":"purchasable","17":"product-type-simple"},"yoast_head":"<!-- This site is optimized with the Yoast SEO plugin v26.3 - https:\/\/yoast.com\/wordpress\/plugins\/seo\/ -->\n<title>B\u0113rnu projekcijas z\u012bm\u0113\u0161anas galds - Toys.lt<\/title>\n<meta name=\"robots\" content=\"index, follow, max-snippet:-1, max-image-preview:large, max-video-preview:-1\" \/>\n<link rel=\"canonical\" href=\"https:\/\/toys.lt\/lv\/produktas\/bernu-projekcijas-zimesanas-galds\/\" \/>\n<meta property=\"og:locale\" content=\"lv_LV\" \/>\n<meta property=\"og:type\" content=\"article\" \/>\n<meta property=\"og:title\" content=\"B\u0113rnu projekcijas z\u012bm\u0113\u0161anas galds - Toys.lt\" \/>\n<meta property=\"og:description\" content=\"Izcelsmes valsts: \u0136\u012bna Iepakojuma izm\u0113ri: 29 x 10 x 34 cm Galda izm\u0113ri: 38 x 26 cm x 28 cm Ieteicamais vecums: no 3 gadiem Nepiecie\u0161amie elementi: 3 x AA.\" \/>\n<meta property=\"og:url\" content=\"https:\/\/toys.lt\/lv\/produktas\/bernu-projekcijas-zimesanas-galds\/\" \/>\n<meta property=\"og:site_name\" content=\"Toys.lt\" \/>\n<meta property=\"article:modified_time\" content=\"2026-04-08T00:01:26+00:00\" \/>\n<meta property=\"og:image\" content=\"https:\/\/toys.lt\/wp-content\/uploads\/2025\/06\/1822ea16d94b01e2d7cb7c8fc43971a1.jpg\" \/>\n\t<meta property=\"og:image:width\" content=\"1044\" \/>\n\t<meta property=\"og:image:height\" content=\"1590\" \/>\n\t<meta property=\"og:image:type\" content=\"image\/jpeg\" \/>\n<meta name=\"twitter:card\" content=\"summary_large_image\" \/>\n<meta name=\"twitter:label1\" content=\"Est. reading time\" \/>\n\t<meta name=\"twitter:data1\" content=\"1 minute\" \/>\n<script type=\"application\/ld+json\" class=\"yoast-schema-graph\">{\"@context\":\"https:\/\/schema.org\",\"@graph\":[{\"@type\":\"WebPage\",\"@id\":\"https:\/\/toys.lt\/lv\/produktas\/bernu-projekcijas-zimesanas-galds\/\",\"url\":\"https:\/\/toys.lt\/lv\/produktas\/bernu-projekcijas-zimesanas-galds\/\",\"name\":\"B\u0113rnu projekcijas z\u012bm\u0113\u0161anas galds - Toys.lt\",\"isPartOf\":{\"@id\":\"https:\/\/toys.lt\/lv\/#website\"},\"primaryImageOfPage\":{\"@id\":\"https:\/\/toys.lt\/lv\/produktas\/bernu-projekcijas-zimesanas-galds\/#primaryimage\"},\"image\":{\"@id\":\"https:\/\/toys.lt\/lv\/produktas\/bernu-projekcijas-zimesanas-galds\/#primaryimage\"},\"thumbnailUrl\":\"https:\/\/toys.lt\/wp-content\/uploads\/2025\/06\/1822ea16d94b01e2d7cb7c8fc43971a1.jpg\",\"datePublished\":\"2025-06-17T16:02:25+00:00\",\"dateModified\":\"2026-04-08T00:01:26+00:00\",\"breadcrumb\":{\"@id\":\"https:\/\/toys.lt\/lv\/produktas\/bernu-projekcijas-zimesanas-galds\/#breadcrumb\"},\"inLanguage\":\"lv-LV\",\"potentialAction\":[{\"@type\":\"ReadAction\",\"target\":[\"https:\/\/toys.lt\/lv\/produktas\/bernu-projekcijas-zimesanas-galds\/\"]}]},{\"@type\":\"ImageObject\",\"inLanguage\":\"lv-LV\",\"@id\":\"https:\/\/toys.lt\/lv\/produktas\/bernu-projekcijas-zimesanas-galds\/#primaryimage\",\"url\":\"https:\/\/toys.lt\/wp-content\/uploads\/2025\/06\/1822ea16d94b01e2d7cb7c8fc43971a1.jpg\",\"contentUrl\":\"https:\/\/toys.lt\/wp-content\/uploads\/2025\/06\/1822ea16d94b01e2d7cb7c8fc43971a1.jpg\",\"width\":1044,\"height\":1590,\"caption\":\"Vaiki\u0161kas Projekcinis Pie\u0161imo Staliukas\"},{\"@type\":\"BreadcrumbList\",\"@id\":\"https:\/\/toys.lt\/lv\/produktas\/bernu-projekcijas-zimesanas-galds\/#breadcrumb\",\"itemListElement\":[{\"@type\":\"ListItem\",\"position\":1,\"name\":\"Home\",\"item\":\"https:\/\/toys.lt\/lv\/\"},{\"@type\":\"ListItem\",\"position\":2,\"name\":\"Veikals\",\"item\":\"https:\/\/toys.lt\/lv\/shop\/\"},{\"@type\":\"ListItem\",\"position\":3,\"name\":\"B\u0113rnu projekcijas z\u012bm\u0113\u0161anas galds\"}]},{\"@type\":\"WebSite\",\"@id\":\"https:\/\/toys.lt\/lv\/#website\",\"url\":\"https:\/\/toys.lt\/lv\/\",\"name\":\"Toys.lt\",\"description\":\"\",\"potentialAction\":[{\"@type\":\"SearchAction\",\"target\":{\"@type\":\"EntryPoint\",\"urlTemplate\":\"https:\/\/toys.lt\/lv\/?s={search_term_string}\"},\"query-input\":{\"@type\":\"PropertyValueSpecification\",\"valueRequired\":true,\"valueName\":\"search_term_string\"}}],\"inLanguage\":\"lv-LV\"}]}<\/script>\n<!-- \/ Yoast SEO plugin. -->","yoast_head_json":{"title":"B\u0113rnu projekcijas z\u012bm\u0113\u0161anas galds - Toys.lt","robots":{"index":"index","follow":"follow","max-snippet":"max-snippet:-1","max-image-preview":"max-image-preview:large","max-video-preview":"max-video-preview:-1"},"canonical":"https:\/\/toys.lt\/lv\/produktas\/bernu-projekcijas-zimesanas-galds\/","og_locale":"lv_LV","og_type":"article","og_title":"B\u0113rnu projekcijas z\u012bm\u0113\u0161anas galds - Toys.lt","og_description":"Izcelsmes valsts: \u0136\u012bna Iepakojuma izm\u0113ri: 29 x 10 x 34 cm Galda izm\u0113ri: 38 x 26 cm x 28 cm Ieteicamais vecums: no 3 gadiem Nepiecie\u0161amie elementi: 3 x AA.","og_url":"https:\/\/toys.lt\/lv\/produktas\/bernu-projekcijas-zimesanas-galds\/","og_site_name":"Toys.lt","article_modified_time":"2026-04-08T00:01:26+00:00","og_image":[{"width":1044,"height":1590,"url":"https:\/\/toys.lt\/wp-content\/uploads\/2025\/06\/1822ea16d94b01e2d7cb7c8fc43971a1.jpg","type":"image\/jpeg"}],"twitter_card":"summary_large_image","twitter_misc":{"Est. reading time":"1 minute"},"schema":{"@context":"https:\/\/schema.org","@graph":[{"@type":"WebPage","@id":"https:\/\/toys.lt\/lv\/produktas\/bernu-projekcijas-zimesanas-galds\/","url":"https:\/\/toys.lt\/lv\/produktas\/bernu-projekcijas-zimesanas-galds\/","name":"B\u0113rnu projekcijas z\u012bm\u0113\u0161anas galds - Toys.lt","isPartOf":{"@id":"https:\/\/toys.lt\/lv\/#website"},"primaryImageOfPage":{"@id":"https:\/\/toys.lt\/lv\/produktas\/bernu-projekcijas-zimesanas-galds\/#primaryimage"},"image":{"@id":"https:\/\/toys.lt\/lv\/produktas\/bernu-projekcijas-zimesanas-galds\/#primaryimage"},"thumbnailUrl":"https:\/\/toys.lt\/wp-content\/uploads\/2025\/06\/1822ea16d94b01e2d7cb7c8fc43971a1.jpg","datePublished":"2025-06-17T16:02:25+00:00","dateModified":"2026-04-08T00:01:26+00:00","breadcrumb":{"@id":"https:\/\/toys.lt\/lv\/produktas\/bernu-projekcijas-zimesanas-galds\/#breadcrumb"},"inLanguage":"lv-LV","potentialAction":[{"@type":"ReadAction","target":["https:\/\/toys.lt\/lv\/produktas\/bernu-projekcijas-zimesanas-galds\/"]}]},{"@type":"ImageObject","inLanguage":"lv-LV","@id":"https:\/\/toys.lt\/lv\/produktas\/bernu-projekcijas-zimesanas-galds\/#primaryimage","url":"https:\/\/toys.lt\/wp-content\/uploads\/2025\/06\/1822ea16d94b01e2d7cb7c8fc43971a1.jpg","contentUrl":"https:\/\/toys.lt\/wp-content\/uploads\/2025\/06\/1822ea16d94b01e2d7cb7c8fc43971a1.jpg","width":1044,"height":1590,"caption":"Vaiki\u0161kas Projekcinis Pie\u0161imo Staliukas"},{"@type":"BreadcrumbList","@id":"https:\/\/toys.lt\/lv\/produktas\/bernu-projekcijas-zimesanas-galds\/#breadcrumb","itemListElement":[{"@type":"ListItem","position":1,"name":"Home","item":"https:\/\/toys.lt\/lv\/"},{"@type":"ListItem","position":2,"name":"Veikals","item":"https:\/\/toys.lt\/lv\/shop\/"},{"@type":"ListItem","position":3,"name":"B\u0113rnu projekcijas z\u012bm\u0113\u0161anas galds"}]},{"@type":"WebSite","@id":"https:\/\/toys.lt\/lv\/#website","url":"https:\/\/toys.lt\/lv\/","name":"Toys.lt","description":"","potentialAction":[{"@type":"SearchAction","target":{"@type":"EntryPoint","urlTemplate":"https:\/\/toys.lt\/lv\/?s={search_term_string}"},"query-input":{"@type":"PropertyValueSpecification","valueRequired":true,"valueName":"search_term_string"}}],"inLanguage":"lv-LV"}]}},"_links":{"self":[{"href":"https:\/\/toys.lt\/lv\/wp-json\/wp\/v2\/product\/40836","targetHints":{"allow":["GET"]}}],"collection":[{"href":"https:\/\/toys.lt\/lv\/wp-json\/wp\/v2\/product"}],"about":[{"href":"https:\/\/toys.lt\/lv\/wp-json\/wp\/v2\/types\/product"}],"replies":[{"embeddable":true,"href":"https:\/\/toys.lt\/lv\/wp-json\/wp\/v2\/comments?post=40836"}],"version-history":[{"count":1,"href":"https:\/\/toys.lt\/lv\/wp-json\/wp\/v2\/product\/40836\/revisions"}],"predecessor-version":[{"id":40837,"href":"https:\/\/toys.lt\/lv\/wp-json\/wp\/v2\/product\/40836\/revisions\/40837"}],"wp:featuredmedia":[{"embeddable":true,"href":"https:\/\/toys.lt\/lv\/wp-json\/wp\/v2\/media\/40609"}],"wp:attachment":[{"href":"https:\/\/toys.lt\/lv\/wp-json\/wp\/v2\/media?parent=40836"}],"wp:term":[{"taxonomy":"product_brand","embeddable":true,"href":"https:\/\/toys.lt\/lv\/wp-json\/wp\/v2\/product_brand?post=40836"},{"taxonomy":"product_cat","embeddable":true,"href":"https:\/\/toys.lt\/lv\/wp-json\/wp\/v2\/product_cat?post=40836"},{"taxonomy":"product_tag","embeddable":true,"href":"https:\/\/toys.lt\/lv\/wp-json\/wp\/v2\/product_tag?post=40836"}],"curies":[{"name":"wp","href":"https:\/\/api.w.org\/{rel}","templated":true}]}}