{"id":40832,"date":"2025-06-30T20:23:25","date_gmt":"2025-06-30T20:23:25","guid":{"rendered":"https:\/\/toys.lt\/produktas\/sporta-sausanas-serijas-sautene-ar-loditem-un-sautrinam\/"},"modified":"2026-03-30T00:25:01","modified_gmt":"2026-03-30T00:25:01","slug":"sporta-sausanas-serijas-sautene-ar-loditem-un-sautrinam","status":"publish","type":"product","link":"https:\/\/toys.lt\/lv\/produktas\/sporta-sausanas-serijas-sautene-ar-loditem-un-sautrinam\/","title":{"rendered":"Sporta \u0161au\u0161anas s\u0113rijas \u0161autene ar lod\u012bt\u0113m un \u0161autri\u0146\u0101m"},"content":{"rendered":"<p data-start=\"179\" data-end=\"352\">Iegremd\u0113jiet sevi akt\u012bv\u0101 un jautr\u0101 sp\u0113l\u0113 ar <strong data-start=\"220\" data-end=\"245\">sporta \u0161au\u0161anas s\u0113rijas<\/strong> \u0161auteni! \u0160\u012b rota\u013clieta ir paredz\u0113ta b\u0113rniem, kuriem pat\u012bk m\u0113r\u0137tiec\u012bgi izaicin\u0101jumi, dro\u0161a \u0161au\u0161ana un akt\u012bva atp\u016bta. <\/p>\n<h4 data-start=\"354\" data-end=\"371\"><strong data-start=\"359\" data-end=\"371\">Funkcijas:<\/strong><\/h4>\n<ul data-start=\"372\" data-end=\"760\">\n<li data-start=\"372\" data-end=\"482\">\n<p data-start=\"374\" data-end=\"482\">\ud83d\udd2b <strong data-start=\"377\" data-end=\"406\">2 da\u017e\u0101di veidi, k\u0101 sp\u0113l\u0113t<\/strong> &#8211; var \u0161aut ar <strong data-start=\"424\" data-end=\"451\">putuplasta bumbi\u0146\u0101m<\/strong> vai <strong data-start=\"457\" data-end=\"481\">m\u012bkst\u0101m bult\u0101m<\/strong>.<\/p>\n<\/li>\n<li data-start=\"483\" data-end=\"603\">\n<p data-start=\"485\" data-end=\"502\">\ud83e\udde1 <strong data-start=\"488\" data-end=\"502\">Ietver:<\/strong><\/p>\n<ul data-start=\"505\" data-end=\"603\">\n<li data-start=\"505\" data-end=\"545\">\n<p data-start=\"507\" data-end=\"545\">6 oran\u017eas putuplasta bumbi\u0146as <\/p>\n<\/li>\n<li data-start=\"548\" data-end=\"603\">\n<p data-start=\"550\" data-end=\"603\">3 gabali zilas m\u012bkstas bultas ar gumijas galvi\u0146\u0101m <\/p>\n<\/li>\n<li data-start=\"548\" data-end=\"603\">2 iesp\u0113jam\u0101s kr\u0101sas &#8211; sarkana un oran\u017ea<\/li>\n<\/ul>\n<\/li>\n<li data-start=\"604\" data-end=\"666\">\n<p data-start=\"606\" data-end=\"666\">\ud83e\udde0 Uzlabo roku un acu koordin\u0101ciju, precizit\u0101ti un koncentr\u0113\u0161an\u0101s sp\u0113jas.<\/p>\n<\/li>\n<li data-start=\"667\" data-end=\"697\">\n<p data-start=\"669\" data-end=\"697\">\ud83e\uddd2 Piem\u0113rots b\u0113rniem no 3 gadu vecuma.<\/p>\n<\/li>\n<li data-start=\"698\" data-end=\"760\">\n<p data-start=\"700\" data-end=\"760\">\u2705 Viegli lietojams &#8211; nav nepiecie\u0161amas baterijas, meh\u0101niska aizdedze.<\/p>\n<\/li>\n<\/ul>\n","protected":false},"excerpt":{"rendered":"<p>Produkta veids: ierocis<\/p>\n<p>Izcelsmes valsts: \u0136\u012bna<\/p>\n<p>Iepakojuma izm\u0113ri: 35 x 7 x 29 cm<\/p>\n<p>Iero\u010da izm\u0113ri: 31 x 16 x 6 cm<\/p>\n<p>Produkta materi\u0101ls: plastmasa<\/p>\n<p>Ieteicamais vecums: no 3 gadiem.<\/p>\n","protected":false},"featured_media":40675,"comment_status":"open","ping_status":"closed","template":"","meta":[],"product_brand":[],"product_cat":[1176,1173],"product_tag":[],"class_list":{"0":"post-40832","1":"product","2":"type-product","3":"status-publish","4":"has-post-thumbnail","6":"product_cat-rotallietas-zeniem","7":"product_cat-rotalu-pistoles-un-piederumi","8":"pa_amziaus-grupe-3-lv","9":"pa_prek-s-spalva-orange","10":"pa_prek-s-spalva-sarkanais","12":"first","13":"instock","14":"taxable","15":"shipping-taxable","16":"purchasable","17":"product-type-variable"},"yoast_head":"<!-- This site is optimized with the Yoast SEO plugin v26.3 - https:\/\/yoast.com\/wordpress\/plugins\/seo\/ -->\n<title>Sporta \u0161au\u0161anas s\u0113rijas \u0161autene ar lod\u012bt\u0113m un \u0161autri\u0146\u0101m - Toys.lt<\/title>\n<meta name=\"robots\" content=\"index, follow, max-snippet:-1, max-image-preview:large, max-video-preview:-1\" \/>\n<link rel=\"canonical\" href=\"https:\/\/toys.lt\/lv\/produktas\/sporta-sausanas-serijas-sautene-ar-loditem-un-sautrinam\/\" \/>\n<meta property=\"og:locale\" content=\"lv_LV\" \/>\n<meta property=\"og:type\" content=\"article\" \/>\n<meta property=\"og:title\" content=\"Sporta \u0161au\u0161anas s\u0113rijas \u0161autene ar lod\u012bt\u0113m un \u0161autri\u0146\u0101m - Toys.lt\" \/>\n<meta property=\"og:description\" content=\"Produkta veids: ierocis Izcelsmes valsts: \u0136\u012bna Iepakojuma izm\u0113ri: 35 x 7 x 29 cm Iero\u010da izm\u0113ri: 31 x 16 x 6 cm Produkta materi\u0101ls: plastmasa Ieteicamais vecums: no 3 gadiem.\" \/>\n<meta property=\"og:url\" content=\"https:\/\/toys.lt\/lv\/produktas\/sporta-sausanas-serijas-sautene-ar-loditem-un-sautrinam\/\" \/>\n<meta property=\"og:site_name\" content=\"Toys.lt\" \/>\n<meta property=\"article:modified_time\" content=\"2026-03-30T00:25:01+00:00\" \/>\n<meta property=\"og:image\" content=\"https:\/\/toys.lt\/wp-content\/uploads\/2025\/06\/908A-zaislinis-ginklas-1-scaled.png\" \/>\n\t<meta property=\"og:image:width\" content=\"2195\" \/>\n\t<meta property=\"og:image:height\" content=\"2560\" \/>\n\t<meta property=\"og:image:type\" content=\"image\/png\" \/>\n<meta name=\"twitter:card\" content=\"summary_large_image\" \/>\n<meta name=\"twitter:label1\" content=\"Est. reading time\" \/>\n\t<meta name=\"twitter:data1\" content=\"1 minute\" \/>\n<script type=\"application\/ld+json\" class=\"yoast-schema-graph\">{\"@context\":\"https:\/\/schema.org\",\"@graph\":[{\"@type\":\"WebPage\",\"@id\":\"https:\/\/toys.lt\/lv\/produktas\/sporta-sausanas-serijas-sautene-ar-loditem-un-sautrinam\/\",\"url\":\"https:\/\/toys.lt\/lv\/produktas\/sporta-sausanas-serijas-sautene-ar-loditem-un-sautrinam\/\",\"name\":\"Sporta \u0161au\u0161anas s\u0113rijas \u0161autene ar lod\u012bt\u0113m un \u0161autri\u0146\u0101m - Toys.lt\",\"isPartOf\":{\"@id\":\"https:\/\/toys.lt\/lv\/#website\"},\"primaryImageOfPage\":{\"@id\":\"https:\/\/toys.lt\/lv\/produktas\/sporta-sausanas-serijas-sautene-ar-loditem-un-sautrinam\/#primaryimage\"},\"image\":{\"@id\":\"https:\/\/toys.lt\/lv\/produktas\/sporta-sausanas-serijas-sautene-ar-loditem-un-sautrinam\/#primaryimage\"},\"thumbnailUrl\":\"https:\/\/toys.lt\/wp-content\/uploads\/2025\/06\/908A-zaislinis-ginklas-1-scaled.png\",\"datePublished\":\"2025-06-30T20:23:25+00:00\",\"dateModified\":\"2026-03-30T00:25:01+00:00\",\"breadcrumb\":{\"@id\":\"https:\/\/toys.lt\/lv\/produktas\/sporta-sausanas-serijas-sautene-ar-loditem-un-sautrinam\/#breadcrumb\"},\"inLanguage\":\"lv-LV\",\"potentialAction\":[{\"@type\":\"ReadAction\",\"target\":[\"https:\/\/toys.lt\/lv\/produktas\/sporta-sausanas-serijas-sautene-ar-loditem-un-sautrinam\/\"]}]},{\"@type\":\"ImageObject\",\"inLanguage\":\"lv-LV\",\"@id\":\"https:\/\/toys.lt\/lv\/produktas\/sporta-sausanas-serijas-sautene-ar-loditem-un-sautrinam\/#primaryimage\",\"url\":\"https:\/\/toys.lt\/wp-content\/uploads\/2025\/06\/908A-zaislinis-ginklas-1-scaled.png\",\"contentUrl\":\"https:\/\/toys.lt\/wp-content\/uploads\/2025\/06\/908A-zaislinis-ginklas-1-scaled.png\",\"width\":2195,\"height\":2560,\"caption\":\"Sport Shooting Series \u0160autuvas su Kamuoliukais ir Str\u0117lyt\u0117mis\"},{\"@type\":\"BreadcrumbList\",\"@id\":\"https:\/\/toys.lt\/lv\/produktas\/sporta-sausanas-serijas-sautene-ar-loditem-un-sautrinam\/#breadcrumb\",\"itemListElement\":[{\"@type\":\"ListItem\",\"position\":1,\"name\":\"Home\",\"item\":\"https:\/\/toys.lt\/lv\/\"},{\"@type\":\"ListItem\",\"position\":2,\"name\":\"Veikals\",\"item\":\"https:\/\/toys.lt\/lv\/shop\/\"},{\"@type\":\"ListItem\",\"position\":3,\"name\":\"Sporta \u0161au\u0161anas s\u0113rijas \u0161autene ar lod\u012bt\u0113m un \u0161autri\u0146\u0101m\"}]},{\"@type\":\"WebSite\",\"@id\":\"https:\/\/toys.lt\/lv\/#website\",\"url\":\"https:\/\/toys.lt\/lv\/\",\"name\":\"Toys.lt\",\"description\":\"\",\"potentialAction\":[{\"@type\":\"SearchAction\",\"target\":{\"@type\":\"EntryPoint\",\"urlTemplate\":\"https:\/\/toys.lt\/lv\/?s={search_term_string}\"},\"query-input\":{\"@type\":\"PropertyValueSpecification\",\"valueRequired\":true,\"valueName\":\"search_term_string\"}}],\"inLanguage\":\"lv-LV\"}]}<\/script>\n<!-- \/ Yoast SEO plugin. -->","yoast_head_json":{"title":"Sporta \u0161au\u0161anas s\u0113rijas \u0161autene ar lod\u012bt\u0113m un \u0161autri\u0146\u0101m - Toys.lt","robots":{"index":"index","follow":"follow","max-snippet":"max-snippet:-1","max-image-preview":"max-image-preview:large","max-video-preview":"max-video-preview:-1"},"canonical":"https:\/\/toys.lt\/lv\/produktas\/sporta-sausanas-serijas-sautene-ar-loditem-un-sautrinam\/","og_locale":"lv_LV","og_type":"article","og_title":"Sporta \u0161au\u0161anas s\u0113rijas \u0161autene ar lod\u012bt\u0113m un \u0161autri\u0146\u0101m - Toys.lt","og_description":"Produkta veids: ierocis Izcelsmes valsts: \u0136\u012bna Iepakojuma izm\u0113ri: 35 x 7 x 29 cm Iero\u010da izm\u0113ri: 31 x 16 x 6 cm Produkta materi\u0101ls: plastmasa Ieteicamais vecums: no 3 gadiem.","og_url":"https:\/\/toys.lt\/lv\/produktas\/sporta-sausanas-serijas-sautene-ar-loditem-un-sautrinam\/","og_site_name":"Toys.lt","article_modified_time":"2026-03-30T00:25:01+00:00","og_image":[{"width":2195,"height":2560,"url":"https:\/\/toys.lt\/wp-content\/uploads\/2025\/06\/908A-zaislinis-ginklas-1-scaled.png","type":"image\/png"}],"twitter_card":"summary_large_image","twitter_misc":{"Est. reading time":"1 minute"},"schema":{"@context":"https:\/\/schema.org","@graph":[{"@type":"WebPage","@id":"https:\/\/toys.lt\/lv\/produktas\/sporta-sausanas-serijas-sautene-ar-loditem-un-sautrinam\/","url":"https:\/\/toys.lt\/lv\/produktas\/sporta-sausanas-serijas-sautene-ar-loditem-un-sautrinam\/","name":"Sporta \u0161au\u0161anas s\u0113rijas \u0161autene ar lod\u012bt\u0113m un \u0161autri\u0146\u0101m - Toys.lt","isPartOf":{"@id":"https:\/\/toys.lt\/lv\/#website"},"primaryImageOfPage":{"@id":"https:\/\/toys.lt\/lv\/produktas\/sporta-sausanas-serijas-sautene-ar-loditem-un-sautrinam\/#primaryimage"},"image":{"@id":"https:\/\/toys.lt\/lv\/produktas\/sporta-sausanas-serijas-sautene-ar-loditem-un-sautrinam\/#primaryimage"},"thumbnailUrl":"https:\/\/toys.lt\/wp-content\/uploads\/2025\/06\/908A-zaislinis-ginklas-1-scaled.png","datePublished":"2025-06-30T20:23:25+00:00","dateModified":"2026-03-30T00:25:01+00:00","breadcrumb":{"@id":"https:\/\/toys.lt\/lv\/produktas\/sporta-sausanas-serijas-sautene-ar-loditem-un-sautrinam\/#breadcrumb"},"inLanguage":"lv-LV","potentialAction":[{"@type":"ReadAction","target":["https:\/\/toys.lt\/lv\/produktas\/sporta-sausanas-serijas-sautene-ar-loditem-un-sautrinam\/"]}]},{"@type":"ImageObject","inLanguage":"lv-LV","@id":"https:\/\/toys.lt\/lv\/produktas\/sporta-sausanas-serijas-sautene-ar-loditem-un-sautrinam\/#primaryimage","url":"https:\/\/toys.lt\/wp-content\/uploads\/2025\/06\/908A-zaislinis-ginklas-1-scaled.png","contentUrl":"https:\/\/toys.lt\/wp-content\/uploads\/2025\/06\/908A-zaislinis-ginklas-1-scaled.png","width":2195,"height":2560,"caption":"Sport Shooting Series \u0160autuvas su Kamuoliukais ir Str\u0117lyt\u0117mis"},{"@type":"BreadcrumbList","@id":"https:\/\/toys.lt\/lv\/produktas\/sporta-sausanas-serijas-sautene-ar-loditem-un-sautrinam\/#breadcrumb","itemListElement":[{"@type":"ListItem","position":1,"name":"Home","item":"https:\/\/toys.lt\/lv\/"},{"@type":"ListItem","position":2,"name":"Veikals","item":"https:\/\/toys.lt\/lv\/shop\/"},{"@type":"ListItem","position":3,"name":"Sporta \u0161au\u0161anas s\u0113rijas \u0161autene ar lod\u012bt\u0113m un \u0161autri\u0146\u0101m"}]},{"@type":"WebSite","@id":"https:\/\/toys.lt\/lv\/#website","url":"https:\/\/toys.lt\/lv\/","name":"Toys.lt","description":"","potentialAction":[{"@type":"SearchAction","target":{"@type":"EntryPoint","urlTemplate":"https:\/\/toys.lt\/lv\/?s={search_term_string}"},"query-input":{"@type":"PropertyValueSpecification","valueRequired":true,"valueName":"search_term_string"}}],"inLanguage":"lv-LV"}]}},"_links":{"self":[{"href":"https:\/\/toys.lt\/lv\/wp-json\/wp\/v2\/product\/40832","targetHints":{"allow":["GET"]}}],"collection":[{"href":"https:\/\/toys.lt\/lv\/wp-json\/wp\/v2\/product"}],"about":[{"href":"https:\/\/toys.lt\/lv\/wp-json\/wp\/v2\/types\/product"}],"replies":[{"embeddable":true,"href":"https:\/\/toys.lt\/lv\/wp-json\/wp\/v2\/comments?post=40832"}],"version-history":[{"count":1,"href":"https:\/\/toys.lt\/lv\/wp-json\/wp\/v2\/product\/40832\/revisions"}],"predecessor-version":[{"id":40833,"href":"https:\/\/toys.lt\/lv\/wp-json\/wp\/v2\/product\/40832\/revisions\/40833"}],"wp:featuredmedia":[{"embeddable":true,"href":"https:\/\/toys.lt\/lv\/wp-json\/wp\/v2\/media\/40675"}],"wp:attachment":[{"href":"https:\/\/toys.lt\/lv\/wp-json\/wp\/v2\/media?parent=40832"}],"wp:term":[{"taxonomy":"product_brand","embeddable":true,"href":"https:\/\/toys.lt\/lv\/wp-json\/wp\/v2\/product_brand?post=40832"},{"taxonomy":"product_cat","embeddable":true,"href":"https:\/\/toys.lt\/lv\/wp-json\/wp\/v2\/product_cat?post=40832"},{"taxonomy":"product_tag","embeddable":true,"href":"https:\/\/toys.lt\/lv\/wp-json\/wp\/v2\/product_tag?post=40832"}],"curies":[{"name":"wp","href":"https:\/\/api.w.org\/{rel}","templated":true}]}}