{"id":40826,"date":"2025-06-17T17:09:19","date_gmt":"2025-06-17T17:09:19","guid":{"rendered":"https:\/\/toys.lt\/produktas\/diy-buvniecibas-komplekts-tinker\/"},"modified":"2026-04-08T00:01:25","modified_gmt":"2026-04-08T00:01:25","slug":"diy-buvniecibas-komplekts-tinker","status":"publish","type":"product","link":"https:\/\/toys.lt\/lv\/produktas\/diy-buvniecibas-komplekts-tinker\/","title":{"rendered":"DIY b\u016bvniec\u012bbas komplekts &#8220;Tinker&#8221;"},"content":{"rendered":"<ul style=\"list-style-type: disc;\">\n<li>\n<p data-sourcepos=\"5:1-5:78\"><strong>DIY konstruktoru komplekts &#8220;Tinker: pirmie rite\u0146i&#8221; &#8211; tvertne un motocikls<\/strong><\/p>\n<p data-sourcepos=\"7:1-7:277\">Sniedziet savam b\u0113rnam nebeidzamu jautr\u012bbu un rado\u0161umu ar konstruktoru komplektu Tinker DIY! \u0160is komplekts, kas ir da\u013ca no DIY s\u0113rijas, \u013caus mazajiem in\u017eenieriem pa\u0161iem uzb\u016bv\u0113t divas popul\u0101ras rota\u013clietas: jaud\u012bgu milit\u0101ro tanku un for\u0161u motociklu. <\/p>\n<p data-sourcepos=\"9:1-9:24\"><strong>Galven\u0101s funkcijas:<\/strong><\/p>\n<ul data-sourcepos=\"11:1-16:0\">\n<li data-sourcepos=\"11:1-11:161\"><strong>Divi vien\u0101 &#8211; <\/strong>tanks un motocikls<\/li>\n<li data-sourcepos=\"12:1-12:184\"><strong>Att\u012bsta prasmes<\/strong><\/li>\n<li data-sourcepos=\"13:1-13:215\"><strong>Vienk\u0101r\u0161a mont\u0101\u017ea<\/strong><\/li>\n<\/ul>\n<p data-sourcepos=\"17:1-17:27\"><strong>Izm\u0113ri (aptuveni):<\/strong><\/p>\n<ul data-sourcepos=\"19:1-21:0\">\n<li data-sourcepos=\"19:1-19:48\"><strong>Tvertne:<\/strong> 15,5 cm (garums) x 8,5 cm (augstums)<\/li>\n<li data-sourcepos=\"20:1-21:0\"><strong>Motocikls:<\/strong> 15,5 cm (garums) x 10 cm (augstums)<\/li>\n<\/ul>\n<p data-sourcepos=\"22:1-22:21\"><strong>Iepakojuma saturs:<\/strong><\/p>\n<ul data-sourcepos=\"24:1-27:0\">\n<li data-sourcepos=\"24:1-24:28\">Tvertnes konstrukcijas deta\u013cas<\/li>\n<li data-sourcepos=\"25:1-25:32\">Motocikla konstrukcijas deta\u013cas<\/li>\n<li data-sourcepos=\"26:1-27:0\">Skr\u016bvgriezis\/atsl\u0113ga<\/li>\n<\/ul>\n<p data-sourcepos=\"28:1-28:155\">\n<\/li>\n<\/ul>\n","protected":false},"excerpt":{"rendered":"<p>&nbsp;<\/p>\n<p>Izcelsmes valsts: \u0136\u012bna<\/p>\n<p>Iepakojuma izm\u0113ri: 37 x 15 x 10 cm<\/p>\n<p>Ieteicamais vecums: no 3 gadiem.<\/p>\n","protected":false},"featured_media":40665,"comment_status":"open","ping_status":"closed","template":"","meta":[],"product_brand":[],"product_cat":[1176,1177,1158,1155],"product_tag":[],"class_list":{"0":"post-40826","1":"product","2":"type-product","3":"status-publish","4":"has-post-thumbnail","6":"product_cat-rotallietas-zeniem","7":"product_cat-rotalu-automasinas-traktori-un-kapurkedes","8":"product_cat-konstruktori","9":"product_cat-leti","10":"pa_amziaus-grupe-3-lv","12":"first","13":"instock","14":"sale","15":"taxable","16":"shipping-taxable","17":"purchasable","18":"product-type-simple"},"yoast_head":"<!-- This site is optimized with the Yoast SEO plugin v26.3 - https:\/\/yoast.com\/wordpress\/plugins\/seo\/ -->\n<title>DIY b\u016bvniec\u012bbas komplekts &quot;Tinker&quot; - Toys.lt<\/title>\n<meta name=\"robots\" content=\"index, follow, max-snippet:-1, max-image-preview:large, max-video-preview:-1\" \/>\n<link rel=\"canonical\" href=\"https:\/\/toys.lt\/lv\/produktas\/diy-buvniecibas-komplekts-tinker\/\" \/>\n<meta property=\"og:locale\" content=\"lv_LV\" \/>\n<meta property=\"og:type\" content=\"article\" \/>\n<meta property=\"og:title\" content=\"DIY b\u016bvniec\u012bbas komplekts &quot;Tinker&quot; - Toys.lt\" \/>\n<meta property=\"og:description\" content=\"&nbsp; Izcelsmes valsts: \u0136\u012bna Iepakojuma izm\u0113ri: 37 x 15 x 10 cm Ieteicamais vecums: no 3 gadiem.\" \/>\n<meta property=\"og:url\" content=\"https:\/\/toys.lt\/lv\/produktas\/diy-buvniecibas-komplekts-tinker\/\" \/>\n<meta property=\"og:site_name\" content=\"Toys.lt\" \/>\n<meta property=\"article:modified_time\" content=\"2026-04-08T00:01:25+00:00\" \/>\n<meta property=\"og:image\" content=\"https:\/\/toys.lt\/wp-content\/uploads\/2025\/06\/3341-C4A.jpg\" \/>\n\t<meta property=\"og:image:width\" content=\"2383\" \/>\n\t<meta property=\"og:image:height\" content=\"1775\" \/>\n\t<meta property=\"og:image:type\" content=\"image\/jpeg\" \/>\n<meta name=\"twitter:card\" content=\"summary_large_image\" \/>\n<meta name=\"twitter:label1\" content=\"Est. reading time\" \/>\n\t<meta name=\"twitter:data1\" content=\"1 minute\" \/>\n<script type=\"application\/ld+json\" class=\"yoast-schema-graph\">{\"@context\":\"https:\/\/schema.org\",\"@graph\":[{\"@type\":\"WebPage\",\"@id\":\"https:\/\/toys.lt\/lv\/produktas\/diy-buvniecibas-komplekts-tinker\/\",\"url\":\"https:\/\/toys.lt\/lv\/produktas\/diy-buvniecibas-komplekts-tinker\/\",\"name\":\"DIY b\u016bvniec\u012bbas komplekts \\\"Tinker\\\" - Toys.lt\",\"isPartOf\":{\"@id\":\"https:\/\/toys.lt\/lv\/#website\"},\"primaryImageOfPage\":{\"@id\":\"https:\/\/toys.lt\/lv\/produktas\/diy-buvniecibas-komplekts-tinker\/#primaryimage\"},\"image\":{\"@id\":\"https:\/\/toys.lt\/lv\/produktas\/diy-buvniecibas-komplekts-tinker\/#primaryimage\"},\"thumbnailUrl\":\"https:\/\/toys.lt\/wp-content\/uploads\/2025\/06\/3341-C4A.jpg\",\"datePublished\":\"2025-06-17T17:09:19+00:00\",\"dateModified\":\"2026-04-08T00:01:25+00:00\",\"breadcrumb\":{\"@id\":\"https:\/\/toys.lt\/lv\/produktas\/diy-buvniecibas-komplekts-tinker\/#breadcrumb\"},\"inLanguage\":\"lv-LV\",\"potentialAction\":[{\"@type\":\"ReadAction\",\"target\":[\"https:\/\/toys.lt\/lv\/produktas\/diy-buvniecibas-komplekts-tinker\/\"]}]},{\"@type\":\"ImageObject\",\"inLanguage\":\"lv-LV\",\"@id\":\"https:\/\/toys.lt\/lv\/produktas\/diy-buvniecibas-komplekts-tinker\/#primaryimage\",\"url\":\"https:\/\/toys.lt\/wp-content\/uploads\/2025\/06\/3341-C4A.jpg\",\"contentUrl\":\"https:\/\/toys.lt\/wp-content\/uploads\/2025\/06\/3341-C4A.jpg\",\"width\":2383,\"height\":1775,\"caption\":\"DIY Konstravimo Rinkinys \u201eTinker&#8221;\"},{\"@type\":\"BreadcrumbList\",\"@id\":\"https:\/\/toys.lt\/lv\/produktas\/diy-buvniecibas-komplekts-tinker\/#breadcrumb\",\"itemListElement\":[{\"@type\":\"ListItem\",\"position\":1,\"name\":\"Home\",\"item\":\"https:\/\/toys.lt\/lv\/\"},{\"@type\":\"ListItem\",\"position\":2,\"name\":\"Veikals\",\"item\":\"https:\/\/toys.lt\/lv\/shop\/\"},{\"@type\":\"ListItem\",\"position\":3,\"name\":\"DIY b\u016bvniec\u012bbas komplekts &#8222;Tinker&#8221;\"}]},{\"@type\":\"WebSite\",\"@id\":\"https:\/\/toys.lt\/lv\/#website\",\"url\":\"https:\/\/toys.lt\/lv\/\",\"name\":\"Toys.lt\",\"description\":\"\",\"potentialAction\":[{\"@type\":\"SearchAction\",\"target\":{\"@type\":\"EntryPoint\",\"urlTemplate\":\"https:\/\/toys.lt\/lv\/?s={search_term_string}\"},\"query-input\":{\"@type\":\"PropertyValueSpecification\",\"valueRequired\":true,\"valueName\":\"search_term_string\"}}],\"inLanguage\":\"lv-LV\"}]}<\/script>\n<!-- \/ Yoast SEO plugin. -->","yoast_head_json":{"title":"DIY b\u016bvniec\u012bbas komplekts \"Tinker\" - Toys.lt","robots":{"index":"index","follow":"follow","max-snippet":"max-snippet:-1","max-image-preview":"max-image-preview:large","max-video-preview":"max-video-preview:-1"},"canonical":"https:\/\/toys.lt\/lv\/produktas\/diy-buvniecibas-komplekts-tinker\/","og_locale":"lv_LV","og_type":"article","og_title":"DIY b\u016bvniec\u012bbas komplekts \"Tinker\" - Toys.lt","og_description":"&nbsp; Izcelsmes valsts: \u0136\u012bna Iepakojuma izm\u0113ri: 37 x 15 x 10 cm Ieteicamais vecums: no 3 gadiem.","og_url":"https:\/\/toys.lt\/lv\/produktas\/diy-buvniecibas-komplekts-tinker\/","og_site_name":"Toys.lt","article_modified_time":"2026-04-08T00:01:25+00:00","og_image":[{"width":2383,"height":1775,"url":"https:\/\/toys.lt\/wp-content\/uploads\/2025\/06\/3341-C4A.jpg","type":"image\/jpeg"}],"twitter_card":"summary_large_image","twitter_misc":{"Est. reading time":"1 minute"},"schema":{"@context":"https:\/\/schema.org","@graph":[{"@type":"WebPage","@id":"https:\/\/toys.lt\/lv\/produktas\/diy-buvniecibas-komplekts-tinker\/","url":"https:\/\/toys.lt\/lv\/produktas\/diy-buvniecibas-komplekts-tinker\/","name":"DIY b\u016bvniec\u012bbas komplekts \"Tinker\" - Toys.lt","isPartOf":{"@id":"https:\/\/toys.lt\/lv\/#website"},"primaryImageOfPage":{"@id":"https:\/\/toys.lt\/lv\/produktas\/diy-buvniecibas-komplekts-tinker\/#primaryimage"},"image":{"@id":"https:\/\/toys.lt\/lv\/produktas\/diy-buvniecibas-komplekts-tinker\/#primaryimage"},"thumbnailUrl":"https:\/\/toys.lt\/wp-content\/uploads\/2025\/06\/3341-C4A.jpg","datePublished":"2025-06-17T17:09:19+00:00","dateModified":"2026-04-08T00:01:25+00:00","breadcrumb":{"@id":"https:\/\/toys.lt\/lv\/produktas\/diy-buvniecibas-komplekts-tinker\/#breadcrumb"},"inLanguage":"lv-LV","potentialAction":[{"@type":"ReadAction","target":["https:\/\/toys.lt\/lv\/produktas\/diy-buvniecibas-komplekts-tinker\/"]}]},{"@type":"ImageObject","inLanguage":"lv-LV","@id":"https:\/\/toys.lt\/lv\/produktas\/diy-buvniecibas-komplekts-tinker\/#primaryimage","url":"https:\/\/toys.lt\/wp-content\/uploads\/2025\/06\/3341-C4A.jpg","contentUrl":"https:\/\/toys.lt\/wp-content\/uploads\/2025\/06\/3341-C4A.jpg","width":2383,"height":1775,"caption":"DIY Konstravimo Rinkinys \u201eTinker&#8221;"},{"@type":"BreadcrumbList","@id":"https:\/\/toys.lt\/lv\/produktas\/diy-buvniecibas-komplekts-tinker\/#breadcrumb","itemListElement":[{"@type":"ListItem","position":1,"name":"Home","item":"https:\/\/toys.lt\/lv\/"},{"@type":"ListItem","position":2,"name":"Veikals","item":"https:\/\/toys.lt\/lv\/shop\/"},{"@type":"ListItem","position":3,"name":"DIY b\u016bvniec\u012bbas komplekts &#8222;Tinker&#8221;"}]},{"@type":"WebSite","@id":"https:\/\/toys.lt\/lv\/#website","url":"https:\/\/toys.lt\/lv\/","name":"Toys.lt","description":"","potentialAction":[{"@type":"SearchAction","target":{"@type":"EntryPoint","urlTemplate":"https:\/\/toys.lt\/lv\/?s={search_term_string}"},"query-input":{"@type":"PropertyValueSpecification","valueRequired":true,"valueName":"search_term_string"}}],"inLanguage":"lv-LV"}]}},"_links":{"self":[{"href":"https:\/\/toys.lt\/lv\/wp-json\/wp\/v2\/product\/40826","targetHints":{"allow":["GET"]}}],"collection":[{"href":"https:\/\/toys.lt\/lv\/wp-json\/wp\/v2\/product"}],"about":[{"href":"https:\/\/toys.lt\/lv\/wp-json\/wp\/v2\/types\/product"}],"replies":[{"embeddable":true,"href":"https:\/\/toys.lt\/lv\/wp-json\/wp\/v2\/comments?post=40826"}],"version-history":[{"count":1,"href":"https:\/\/toys.lt\/lv\/wp-json\/wp\/v2\/product\/40826\/revisions"}],"predecessor-version":[{"id":40827,"href":"https:\/\/toys.lt\/lv\/wp-json\/wp\/v2\/product\/40826\/revisions\/40827"}],"wp:featuredmedia":[{"embeddable":true,"href":"https:\/\/toys.lt\/lv\/wp-json\/wp\/v2\/media\/40665"}],"wp:attachment":[{"href":"https:\/\/toys.lt\/lv\/wp-json\/wp\/v2\/media?parent=40826"}],"wp:term":[{"taxonomy":"product_brand","embeddable":true,"href":"https:\/\/toys.lt\/lv\/wp-json\/wp\/v2\/product_brand?post=40826"},{"taxonomy":"product_cat","embeddable":true,"href":"https:\/\/toys.lt\/lv\/wp-json\/wp\/v2\/product_cat?post=40826"},{"taxonomy":"product_tag","embeddable":true,"href":"https:\/\/toys.lt\/lv\/wp-json\/wp\/v2\/product_tag?post=40826"}],"curies":[{"name":"wp","href":"https:\/\/api.w.org\/{rel}","templated":true}]}}