{"id":40824,"date":"2025-06-30T19:45:43","date_gmt":"2025-06-30T19:45:43","guid":{"rendered":"https:\/\/toys.lt\/produktas\/instrumentu-komplekts-5-in1\/"},"modified":"2026-04-08T00:01:24","modified_gmt":"2026-04-08T00:01:24","slug":"instrumentu-komplekts-5-in1","status":"publish","type":"product","link":"https:\/\/toys.lt\/lv\/produktas\/instrumentu-komplekts-5-in1\/","title":{"rendered":"Instrumentu komplekts 5 in1"},"content":{"rendered":"<h3 data-start=\"121\" data-end=\"194\"><strong data-start=\"125\" data-end=\"194\">  B\u0113rnu darbar\u012bku komplekts 5-in-1 ar koferi (50 gab.)<\/strong><\/h3>\n<p data-start=\"196\" data-end=\"420\">\u013baujiet saviem mazajiem celtniekiem doties jautros amatniec\u012bbas piedz\u012bvojumos ar \u0161o daudzpus\u012bgo <strong data-start=\"293\" data-end=\"323\">instrumentu komplektu &#8220;5 vien\u0101&#8221;<\/strong>! T\u0101 ir ne tikai rota\u013clieta, bet ar\u012b r\u012bks rado\u0161umam, izt\u0113lei un smalkajai motorikai.<\/p>\n<h4 data-start=\"422\" data-end=\"439\"><strong data-start=\"427\" data-end=\"439\">Funkcijas:<\/strong><\/h4>\n<ul data-start=\"440\" data-end=\"1067\">\n<li data-start=\"440\" data-end=\"689\">\n<p data-start=\"442\" data-end=\"466\"><strong data-start=\"442\" data-end=\"465\">5 vien\u0101 funkcij\u0101:<\/strong><\/p>\n<ul data-start=\"469\" data-end=\"689\">\n<li data-start=\"469\" data-end=\"515\">\n<p data-start=\"471\" data-end=\"515\">Var izmantot k\u0101 <strong data-start=\"497\" data-end=\"515\">instrumentu galdu<\/strong><\/p>\n<\/li>\n<li data-start=\"518\" data-end=\"558\">\n<p data-start=\"520\" data-end=\"558\">P\u0101rveido par <strong data-start=\"534\" data-end=\"558\">koferi ar rite\u0146iem<\/strong><\/p>\n<\/li>\n<li data-start=\"561\" data-end=\"611\">\n<p data-start=\"563\" data-end=\"611\">Var <strong data-start=\"573\" data-end=\"611\">n\u0113s\u0101t uz pleca k\u0101 somu<\/strong><\/p>\n<\/li>\n<li data-start=\"614\" data-end=\"647\">\n<p data-start=\"616\" data-end=\"647\">Izmanto k\u0101 <strong data-start=\"632\" data-end=\"647\">koferi<\/strong><\/p>\n<\/li>\n<li data-start=\"650\" data-end=\"689\">\n<p data-start=\"652\" data-end=\"689\">Piem\u0113rots k\u0101 <strong data-start=\"666\" data-end=\"689\">rota\u013clietu glab\u0101\u0161anas kaste<\/strong><\/p>\n<\/li>\n<\/ul>\n<\/li>\n<li data-start=\"690\" data-end=\"838\">\n<p data-start=\"692\" data-end=\"838\"><strong data-start=\"692\" data-end=\"716\">50 deta\u013cu komplekts:<\/strong> ietver \u0101muru, skr\u016bvgrie\u017eus, uzgrie\u017e\u0146us, knaibles, skr\u016bves, uzgrie\u017e\u0146us, aizsargbrilles, instrumentu kasti utt.<\/p>\n<\/li>\n<li data-start=\"839\" data-end=\"901\">\n<p data-start=\"841\" data-end=\"901\"><strong data-start=\"841\" data-end=\"866\">Kr\u0101su izv\u0113le:<\/strong> zils vai dzeltens koferis.<\/p>\n<\/li>\n<li data-start=\"902\" data-end=\"969\">\n<p data-start=\"904\" data-end=\"969\"><strong data-start=\"904\" data-end=\"932\">Viegla transport\u0113\u0161ana:<\/strong> pateicoties ievelkamajam rokturim un rite\u0146iem.<\/p>\n<\/li>\n<li data-start=\"970\" data-end=\"1067\">\n<p data-start=\"972\" data-end=\"1067\"><strong data-start=\"972\" data-end=\"994\">Izgatavots b\u0113rniem:<\/strong> dro\u0161i veidoti, viegli plastmasas instrumenti b\u0113rniem no 3 gadu vecuma.<\/p>\n<\/li>\n<\/ul>\n<blockquote data-start=\"1291\" data-end=\"1384\">\n<p data-start=\"1293\" data-end=\"1384\">\u26a0\ufe0f <strong data-start=\"1296\" data-end=\"1308\">Br\u012bdin\u0101jums:<\/strong> nav piem\u0113rots b\u0113rniem l\u012bdz 3 gadu vecumam &#8211; mazas deta\u013cas, iesp\u0113jams aizr\u012b\u0161an\u0101s risks.<\/p>\n<\/blockquote>\n","protected":false},"excerpt":{"rendered":"<p>Produkta veids: rota\u013cu r\u012bki<\/p>\n<p>Izcelsmes valsts: \u0136\u012bna<\/p>\n<p>Produkta materi\u0101ls: plastmasa<\/p>\n<p>Iepakojuma izm\u0113ri: 45 x 9 x 30 cm<\/p>\n<p>Ieteicamais vecums: no 3 gadiem.<\/p>\n","protected":false},"featured_media":40673,"comment_status":"open","ping_status":"closed","template":"","meta":[],"product_brand":[],"product_cat":[1151],"product_tag":[],"class_list":{"0":"post-40824","1":"product","2":"type-product","3":"status-publish","4":"has-post-thumbnail","6":"product_cat-specializeti-rotallietu-darbariki","7":"pa_amziaus-grupe-3-lv","9":"first","10":"instock","11":"sale","12":"taxable","13":"shipping-taxable","14":"purchasable","15":"product-type-simple"},"yoast_head":"<!-- This site is optimized with the Yoast SEO plugin v26.3 - https:\/\/yoast.com\/wordpress\/plugins\/seo\/ -->\n<title>Instrumentu komplekts 5 in1 - Toys.lt<\/title>\n<meta name=\"robots\" content=\"index, follow, max-snippet:-1, max-image-preview:large, max-video-preview:-1\" \/>\n<link rel=\"canonical\" href=\"https:\/\/toys.lt\/lv\/produktas\/instrumentu-komplekts-5-in1\/\" \/>\n<meta property=\"og:locale\" content=\"lv_LV\" \/>\n<meta property=\"og:type\" content=\"article\" \/>\n<meta property=\"og:title\" content=\"Instrumentu komplekts 5 in1 - Toys.lt\" \/>\n<meta property=\"og:description\" content=\"Produkta veids: rota\u013cu r\u012bki Izcelsmes valsts: \u0136\u012bna Produkta materi\u0101ls: plastmasa Iepakojuma izm\u0113ri: 45 x 9 x 30 cm Ieteicamais vecums: no 3 gadiem.\" \/>\n<meta property=\"og:url\" content=\"https:\/\/toys.lt\/lv\/produktas\/instrumentu-komplekts-5-in1\/\" \/>\n<meta property=\"og:site_name\" content=\"Toys.lt\" \/>\n<meta property=\"article:modified_time\" content=\"2026-04-08T00:01:24+00:00\" \/>\n<meta property=\"og:image\" content=\"https:\/\/toys.lt\/wp-content\/uploads\/2025\/06\/8990-irankiu-rinkinys-1.jpg\" \/>\n\t<meta property=\"og:image:width\" content=\"1449\" \/>\n\t<meta property=\"og:image:height\" content=\"1286\" \/>\n\t<meta property=\"og:image:type\" content=\"image\/jpeg\" \/>\n<meta name=\"twitter:card\" content=\"summary_large_image\" \/>\n<meta name=\"twitter:label1\" content=\"Est. reading time\" \/>\n\t<meta name=\"twitter:data1\" content=\"1 minute\" \/>\n<script type=\"application\/ld+json\" class=\"yoast-schema-graph\">{\"@context\":\"https:\/\/schema.org\",\"@graph\":[{\"@type\":\"WebPage\",\"@id\":\"https:\/\/toys.lt\/lv\/produktas\/instrumentu-komplekts-5-in1\/\",\"url\":\"https:\/\/toys.lt\/lv\/produktas\/instrumentu-komplekts-5-in1\/\",\"name\":\"Instrumentu komplekts 5 in1 - Toys.lt\",\"isPartOf\":{\"@id\":\"https:\/\/toys.lt\/lv\/#website\"},\"primaryImageOfPage\":{\"@id\":\"https:\/\/toys.lt\/lv\/produktas\/instrumentu-komplekts-5-in1\/#primaryimage\"},\"image\":{\"@id\":\"https:\/\/toys.lt\/lv\/produktas\/instrumentu-komplekts-5-in1\/#primaryimage\"},\"thumbnailUrl\":\"https:\/\/toys.lt\/wp-content\/uploads\/2025\/06\/8990-irankiu-rinkinys-1.jpg\",\"datePublished\":\"2025-06-30T19:45:43+00:00\",\"dateModified\":\"2026-04-08T00:01:24+00:00\",\"breadcrumb\":{\"@id\":\"https:\/\/toys.lt\/lv\/produktas\/instrumentu-komplekts-5-in1\/#breadcrumb\"},\"inLanguage\":\"lv-LV\",\"potentialAction\":[{\"@type\":\"ReadAction\",\"target\":[\"https:\/\/toys.lt\/lv\/produktas\/instrumentu-komplekts-5-in1\/\"]}]},{\"@type\":\"ImageObject\",\"inLanguage\":\"lv-LV\",\"@id\":\"https:\/\/toys.lt\/lv\/produktas\/instrumentu-komplekts-5-in1\/#primaryimage\",\"url\":\"https:\/\/toys.lt\/wp-content\/uploads\/2025\/06\/8990-irankiu-rinkinys-1.jpg\",\"contentUrl\":\"https:\/\/toys.lt\/wp-content\/uploads\/2025\/06\/8990-irankiu-rinkinys-1.jpg\",\"width\":1449,\"height\":1286,\"caption\":\"\u012eranki\u0173 rinkinys 5 in1\"},{\"@type\":\"BreadcrumbList\",\"@id\":\"https:\/\/toys.lt\/lv\/produktas\/instrumentu-komplekts-5-in1\/#breadcrumb\",\"itemListElement\":[{\"@type\":\"ListItem\",\"position\":1,\"name\":\"Home\",\"item\":\"https:\/\/toys.lt\/lv\/\"},{\"@type\":\"ListItem\",\"position\":2,\"name\":\"Veikals\",\"item\":\"https:\/\/toys.lt\/lv\/shop\/\"},{\"@type\":\"ListItem\",\"position\":3,\"name\":\"Instrumentu komplekts 5 in1\"}]},{\"@type\":\"WebSite\",\"@id\":\"https:\/\/toys.lt\/lv\/#website\",\"url\":\"https:\/\/toys.lt\/lv\/\",\"name\":\"Toys.lt\",\"description\":\"\",\"potentialAction\":[{\"@type\":\"SearchAction\",\"target\":{\"@type\":\"EntryPoint\",\"urlTemplate\":\"https:\/\/toys.lt\/lv\/?s={search_term_string}\"},\"query-input\":{\"@type\":\"PropertyValueSpecification\",\"valueRequired\":true,\"valueName\":\"search_term_string\"}}],\"inLanguage\":\"lv-LV\"}]}<\/script>\n<!-- \/ Yoast SEO plugin. -->","yoast_head_json":{"title":"Instrumentu komplekts 5 in1 - Toys.lt","robots":{"index":"index","follow":"follow","max-snippet":"max-snippet:-1","max-image-preview":"max-image-preview:large","max-video-preview":"max-video-preview:-1"},"canonical":"https:\/\/toys.lt\/lv\/produktas\/instrumentu-komplekts-5-in1\/","og_locale":"lv_LV","og_type":"article","og_title":"Instrumentu komplekts 5 in1 - Toys.lt","og_description":"Produkta veids: rota\u013cu r\u012bki Izcelsmes valsts: \u0136\u012bna Produkta materi\u0101ls: plastmasa Iepakojuma izm\u0113ri: 45 x 9 x 30 cm Ieteicamais vecums: no 3 gadiem.","og_url":"https:\/\/toys.lt\/lv\/produktas\/instrumentu-komplekts-5-in1\/","og_site_name":"Toys.lt","article_modified_time":"2026-04-08T00:01:24+00:00","og_image":[{"width":1449,"height":1286,"url":"https:\/\/toys.lt\/wp-content\/uploads\/2025\/06\/8990-irankiu-rinkinys-1.jpg","type":"image\/jpeg"}],"twitter_card":"summary_large_image","twitter_misc":{"Est. reading time":"1 minute"},"schema":{"@context":"https:\/\/schema.org","@graph":[{"@type":"WebPage","@id":"https:\/\/toys.lt\/lv\/produktas\/instrumentu-komplekts-5-in1\/","url":"https:\/\/toys.lt\/lv\/produktas\/instrumentu-komplekts-5-in1\/","name":"Instrumentu komplekts 5 in1 - Toys.lt","isPartOf":{"@id":"https:\/\/toys.lt\/lv\/#website"},"primaryImageOfPage":{"@id":"https:\/\/toys.lt\/lv\/produktas\/instrumentu-komplekts-5-in1\/#primaryimage"},"image":{"@id":"https:\/\/toys.lt\/lv\/produktas\/instrumentu-komplekts-5-in1\/#primaryimage"},"thumbnailUrl":"https:\/\/toys.lt\/wp-content\/uploads\/2025\/06\/8990-irankiu-rinkinys-1.jpg","datePublished":"2025-06-30T19:45:43+00:00","dateModified":"2026-04-08T00:01:24+00:00","breadcrumb":{"@id":"https:\/\/toys.lt\/lv\/produktas\/instrumentu-komplekts-5-in1\/#breadcrumb"},"inLanguage":"lv-LV","potentialAction":[{"@type":"ReadAction","target":["https:\/\/toys.lt\/lv\/produktas\/instrumentu-komplekts-5-in1\/"]}]},{"@type":"ImageObject","inLanguage":"lv-LV","@id":"https:\/\/toys.lt\/lv\/produktas\/instrumentu-komplekts-5-in1\/#primaryimage","url":"https:\/\/toys.lt\/wp-content\/uploads\/2025\/06\/8990-irankiu-rinkinys-1.jpg","contentUrl":"https:\/\/toys.lt\/wp-content\/uploads\/2025\/06\/8990-irankiu-rinkinys-1.jpg","width":1449,"height":1286,"caption":"\u012eranki\u0173 rinkinys 5 in1"},{"@type":"BreadcrumbList","@id":"https:\/\/toys.lt\/lv\/produktas\/instrumentu-komplekts-5-in1\/#breadcrumb","itemListElement":[{"@type":"ListItem","position":1,"name":"Home","item":"https:\/\/toys.lt\/lv\/"},{"@type":"ListItem","position":2,"name":"Veikals","item":"https:\/\/toys.lt\/lv\/shop\/"},{"@type":"ListItem","position":3,"name":"Instrumentu komplekts 5 in1"}]},{"@type":"WebSite","@id":"https:\/\/toys.lt\/lv\/#website","url":"https:\/\/toys.lt\/lv\/","name":"Toys.lt","description":"","potentialAction":[{"@type":"SearchAction","target":{"@type":"EntryPoint","urlTemplate":"https:\/\/toys.lt\/lv\/?s={search_term_string}"},"query-input":{"@type":"PropertyValueSpecification","valueRequired":true,"valueName":"search_term_string"}}],"inLanguage":"lv-LV"}]}},"_links":{"self":[{"href":"https:\/\/toys.lt\/lv\/wp-json\/wp\/v2\/product\/40824","targetHints":{"allow":["GET"]}}],"collection":[{"href":"https:\/\/toys.lt\/lv\/wp-json\/wp\/v2\/product"}],"about":[{"href":"https:\/\/toys.lt\/lv\/wp-json\/wp\/v2\/types\/product"}],"replies":[{"embeddable":true,"href":"https:\/\/toys.lt\/lv\/wp-json\/wp\/v2\/comments?post=40824"}],"version-history":[{"count":1,"href":"https:\/\/toys.lt\/lv\/wp-json\/wp\/v2\/product\/40824\/revisions"}],"predecessor-version":[{"id":40825,"href":"https:\/\/toys.lt\/lv\/wp-json\/wp\/v2\/product\/40824\/revisions\/40825"}],"wp:featuredmedia":[{"embeddable":true,"href":"https:\/\/toys.lt\/lv\/wp-json\/wp\/v2\/media\/40673"}],"wp:attachment":[{"href":"https:\/\/toys.lt\/lv\/wp-json\/wp\/v2\/media?parent=40824"}],"wp:term":[{"taxonomy":"product_brand","embeddable":true,"href":"https:\/\/toys.lt\/lv\/wp-json\/wp\/v2\/product_brand?post=40824"},{"taxonomy":"product_cat","embeddable":true,"href":"https:\/\/toys.lt\/lv\/wp-json\/wp\/v2\/product_cat?post=40824"},{"taxonomy":"product_tag","embeddable":true,"href":"https:\/\/toys.lt\/lv\/wp-json\/wp\/v2\/product_tag?post=40824"}],"curies":[{"name":"wp","href":"https:\/\/api.w.org\/{rel}","templated":true}]}}