{"id":40774,"date":"2025-07-04T13:44:33","date_gmt":"2025-07-04T13:44:33","guid":{"rendered":"https:\/\/toys.lt\/produktas\/technok-rotallietu-arsta-komplekts-cemodans\/"},"modified":"2026-04-08T00:01:23","modified_gmt":"2026-04-08T00:01:23","slug":"technok-rotallietu-arsta-komplekts-cemodans","status":"publish","type":"product","link":"https:\/\/toys.lt\/lv\/produktas\/technok-rotallietu-arsta-komplekts-cemodans\/","title":{"rendered":"Technok rota\u013clietu \u0101rsta komplekts &#8211; \u010demod\u0101ns"},"content":{"rendered":"<p><strong>\u0100rsta piederumu komplekts<\/strong>, lai \u0113rti uzglab\u0101tu un n\u0113s\u0101tu l\u012bdzi visus \u0101rst\u0113\u0161anai nepiecie\u0161amos instrumentus.<\/p>\n","protected":false},"excerpt":{"rendered":"<p>Produkta veids: \u0101rsta komplekts<\/p>\n<p>Izcelsmes valsts: Ukraina<\/p>\n<p>Iepakojuma izm\u0113ri: 27 x 22 x 8,5 cm<\/p>\n<p>Izstr\u0101d\u0101juma materi\u0101ls: plastmasa<\/p>\n<p>Ieteicamais vecums: no 3 gadiem<\/p>\n","protected":false},"featured_media":40694,"comment_status":"closed","ping_status":"closed","template":"","meta":[],"product_brand":[],"product_cat":[1151,1406],"product_tag":[],"class_list":{"0":"post-40774","1":"product","2":"type-product","3":"status-publish","4":"has-post-thumbnail","6":"product_cat-specializeti-rotallietu-darbariki","7":"product_cat-letakais","9":"first","10":"outofstock","11":"sale","12":"taxable","13":"shipping-taxable","14":"purchasable","15":"product-type-simple"},"yoast_head":"<!-- This site is optimized with the Yoast SEO plugin v26.3 - https:\/\/yoast.com\/wordpress\/plugins\/seo\/ -->\n<title>Technok rota\u013clietu \u0101rsta komplekts - \u010demod\u0101ns - Toys.lt<\/title>\n<meta name=\"robots\" content=\"index, follow, max-snippet:-1, max-image-preview:large, max-video-preview:-1\" \/>\n<link rel=\"canonical\" href=\"https:\/\/toys.lt\/lv\/produktas\/technok-rotallietu-arsta-komplekts-cemodans\/\" \/>\n<meta property=\"og:locale\" content=\"lv_LV\" \/>\n<meta property=\"og:type\" content=\"article\" \/>\n<meta property=\"og:title\" content=\"Technok rota\u013clietu \u0101rsta komplekts - \u010demod\u0101ns - Toys.lt\" \/>\n<meta property=\"og:description\" content=\"Produkta veids: \u0101rsta komplekts Izcelsmes valsts: Ukraina Iepakojuma izm\u0113ri: 27 x 22 x 8,5 cm Izstr\u0101d\u0101juma materi\u0101ls: plastmasa Ieteicamais vecums: no 3 gadiem\" \/>\n<meta property=\"og:url\" content=\"https:\/\/toys.lt\/lv\/produktas\/technok-rotallietu-arsta-komplekts-cemodans\/\" \/>\n<meta property=\"og:site_name\" content=\"Toys.lt\" \/>\n<meta property=\"article:modified_time\" content=\"2026-04-08T00:01:23+00:00\" \/>\n<meta property=\"og:image\" content=\"https:\/\/toys.lt\/wp-content\/uploads\/2025\/07\/4012-daktaro-roinkinys-1.jpg\" \/>\n\t<meta property=\"og:image:width\" content=\"1200\" \/>\n\t<meta property=\"og:image:height\" content=\"800\" \/>\n\t<meta property=\"og:image:type\" content=\"image\/jpeg\" \/>\n<meta name=\"twitter:card\" content=\"summary_large_image\" \/>\n<script type=\"application\/ld+json\" class=\"yoast-schema-graph\">{\"@context\":\"https:\/\/schema.org\",\"@graph\":[{\"@type\":\"WebPage\",\"@id\":\"https:\/\/toys.lt\/lv\/produktas\/technok-rotallietu-arsta-komplekts-cemodans\/\",\"url\":\"https:\/\/toys.lt\/lv\/produktas\/technok-rotallietu-arsta-komplekts-cemodans\/\",\"name\":\"Technok rota\u013clietu \u0101rsta komplekts - \u010demod\u0101ns - Toys.lt\",\"isPartOf\":{\"@id\":\"https:\/\/toys.lt\/lv\/#website\"},\"primaryImageOfPage\":{\"@id\":\"https:\/\/toys.lt\/lv\/produktas\/technok-rotallietu-arsta-komplekts-cemodans\/#primaryimage\"},\"image\":{\"@id\":\"https:\/\/toys.lt\/lv\/produktas\/technok-rotallietu-arsta-komplekts-cemodans\/#primaryimage\"},\"thumbnailUrl\":\"https:\/\/toys.lt\/wp-content\/uploads\/2025\/07\/4012-daktaro-roinkinys-1.jpg\",\"datePublished\":\"2025-07-04T13:44:33+00:00\",\"dateModified\":\"2026-04-08T00:01:23+00:00\",\"breadcrumb\":{\"@id\":\"https:\/\/toys.lt\/lv\/produktas\/technok-rotallietu-arsta-komplekts-cemodans\/#breadcrumb\"},\"inLanguage\":\"lv-LV\",\"potentialAction\":[{\"@type\":\"ReadAction\",\"target\":[\"https:\/\/toys.lt\/lv\/produktas\/technok-rotallietu-arsta-komplekts-cemodans\/\"]}]},{\"@type\":\"ImageObject\",\"inLanguage\":\"lv-LV\",\"@id\":\"https:\/\/toys.lt\/lv\/produktas\/technok-rotallietu-arsta-komplekts-cemodans\/#primaryimage\",\"url\":\"https:\/\/toys.lt\/wp-content\/uploads\/2025\/07\/4012-daktaro-roinkinys-1.jpg\",\"contentUrl\":\"https:\/\/toys.lt\/wp-content\/uploads\/2025\/07\/4012-daktaro-roinkinys-1.jpg\",\"width\":1200,\"height\":800,\"caption\":\"Technok \u017eaislinis daktaro rinkinys &#8211; lagaminas\"},{\"@type\":\"BreadcrumbList\",\"@id\":\"https:\/\/toys.lt\/lv\/produktas\/technok-rotallietu-arsta-komplekts-cemodans\/#breadcrumb\",\"itemListElement\":[{\"@type\":\"ListItem\",\"position\":1,\"name\":\"Home\",\"item\":\"https:\/\/toys.lt\/lv\/\"},{\"@type\":\"ListItem\",\"position\":2,\"name\":\"Veikals\",\"item\":\"https:\/\/toys.lt\/lv\/shop\/\"},{\"@type\":\"ListItem\",\"position\":3,\"name\":\"Technok rota\u013clietu \u0101rsta komplekts &#8211; \u010demod\u0101ns\"}]},{\"@type\":\"WebSite\",\"@id\":\"https:\/\/toys.lt\/lv\/#website\",\"url\":\"https:\/\/toys.lt\/lv\/\",\"name\":\"Toys.lt\",\"description\":\"\",\"potentialAction\":[{\"@type\":\"SearchAction\",\"target\":{\"@type\":\"EntryPoint\",\"urlTemplate\":\"https:\/\/toys.lt\/lv\/?s={search_term_string}\"},\"query-input\":{\"@type\":\"PropertyValueSpecification\",\"valueRequired\":true,\"valueName\":\"search_term_string\"}}],\"inLanguage\":\"lv-LV\"}]}<\/script>\n<!-- \/ Yoast SEO plugin. -->","yoast_head_json":{"title":"Technok rota\u013clietu \u0101rsta komplekts - \u010demod\u0101ns - Toys.lt","robots":{"index":"index","follow":"follow","max-snippet":"max-snippet:-1","max-image-preview":"max-image-preview:large","max-video-preview":"max-video-preview:-1"},"canonical":"https:\/\/toys.lt\/lv\/produktas\/technok-rotallietu-arsta-komplekts-cemodans\/","og_locale":"lv_LV","og_type":"article","og_title":"Technok rota\u013clietu \u0101rsta komplekts - \u010demod\u0101ns - Toys.lt","og_description":"Produkta veids: \u0101rsta komplekts Izcelsmes valsts: Ukraina Iepakojuma izm\u0113ri: 27 x 22 x 8,5 cm Izstr\u0101d\u0101juma materi\u0101ls: plastmasa Ieteicamais vecums: no 3 gadiem","og_url":"https:\/\/toys.lt\/lv\/produktas\/technok-rotallietu-arsta-komplekts-cemodans\/","og_site_name":"Toys.lt","article_modified_time":"2026-04-08T00:01:23+00:00","og_image":[{"width":1200,"height":800,"url":"https:\/\/toys.lt\/wp-content\/uploads\/2025\/07\/4012-daktaro-roinkinys-1.jpg","type":"image\/jpeg"}],"twitter_card":"summary_large_image","schema":{"@context":"https:\/\/schema.org","@graph":[{"@type":"WebPage","@id":"https:\/\/toys.lt\/lv\/produktas\/technok-rotallietu-arsta-komplekts-cemodans\/","url":"https:\/\/toys.lt\/lv\/produktas\/technok-rotallietu-arsta-komplekts-cemodans\/","name":"Technok rota\u013clietu \u0101rsta komplekts - \u010demod\u0101ns - Toys.lt","isPartOf":{"@id":"https:\/\/toys.lt\/lv\/#website"},"primaryImageOfPage":{"@id":"https:\/\/toys.lt\/lv\/produktas\/technok-rotallietu-arsta-komplekts-cemodans\/#primaryimage"},"image":{"@id":"https:\/\/toys.lt\/lv\/produktas\/technok-rotallietu-arsta-komplekts-cemodans\/#primaryimage"},"thumbnailUrl":"https:\/\/toys.lt\/wp-content\/uploads\/2025\/07\/4012-daktaro-roinkinys-1.jpg","datePublished":"2025-07-04T13:44:33+00:00","dateModified":"2026-04-08T00:01:23+00:00","breadcrumb":{"@id":"https:\/\/toys.lt\/lv\/produktas\/technok-rotallietu-arsta-komplekts-cemodans\/#breadcrumb"},"inLanguage":"lv-LV","potentialAction":[{"@type":"ReadAction","target":["https:\/\/toys.lt\/lv\/produktas\/technok-rotallietu-arsta-komplekts-cemodans\/"]}]},{"@type":"ImageObject","inLanguage":"lv-LV","@id":"https:\/\/toys.lt\/lv\/produktas\/technok-rotallietu-arsta-komplekts-cemodans\/#primaryimage","url":"https:\/\/toys.lt\/wp-content\/uploads\/2025\/07\/4012-daktaro-roinkinys-1.jpg","contentUrl":"https:\/\/toys.lt\/wp-content\/uploads\/2025\/07\/4012-daktaro-roinkinys-1.jpg","width":1200,"height":800,"caption":"Technok \u017eaislinis daktaro rinkinys &#8211; lagaminas"},{"@type":"BreadcrumbList","@id":"https:\/\/toys.lt\/lv\/produktas\/technok-rotallietu-arsta-komplekts-cemodans\/#breadcrumb","itemListElement":[{"@type":"ListItem","position":1,"name":"Home","item":"https:\/\/toys.lt\/lv\/"},{"@type":"ListItem","position":2,"name":"Veikals","item":"https:\/\/toys.lt\/lv\/shop\/"},{"@type":"ListItem","position":3,"name":"Technok rota\u013clietu \u0101rsta komplekts &#8211; \u010demod\u0101ns"}]},{"@type":"WebSite","@id":"https:\/\/toys.lt\/lv\/#website","url":"https:\/\/toys.lt\/lv\/","name":"Toys.lt","description":"","potentialAction":[{"@type":"SearchAction","target":{"@type":"EntryPoint","urlTemplate":"https:\/\/toys.lt\/lv\/?s={search_term_string}"},"query-input":{"@type":"PropertyValueSpecification","valueRequired":true,"valueName":"search_term_string"}}],"inLanguage":"lv-LV"}]}},"_links":{"self":[{"href":"https:\/\/toys.lt\/lv\/wp-json\/wp\/v2\/product\/40774","targetHints":{"allow":["GET"]}}],"collection":[{"href":"https:\/\/toys.lt\/lv\/wp-json\/wp\/v2\/product"}],"about":[{"href":"https:\/\/toys.lt\/lv\/wp-json\/wp\/v2\/types\/product"}],"replies":[{"embeddable":true,"href":"https:\/\/toys.lt\/lv\/wp-json\/wp\/v2\/comments?post=40774"}],"version-history":[{"count":1,"href":"https:\/\/toys.lt\/lv\/wp-json\/wp\/v2\/product\/40774\/revisions"}],"predecessor-version":[{"id":45653,"href":"https:\/\/toys.lt\/lv\/wp-json\/wp\/v2\/product\/40774\/revisions\/45653"}],"wp:featuredmedia":[{"embeddable":true,"href":"https:\/\/toys.lt\/lv\/wp-json\/wp\/v2\/media\/40694"}],"wp:attachment":[{"href":"https:\/\/toys.lt\/lv\/wp-json\/wp\/v2\/media?parent=40774"}],"wp:term":[{"taxonomy":"product_brand","embeddable":true,"href":"https:\/\/toys.lt\/lv\/wp-json\/wp\/v2\/product_brand?post=40774"},{"taxonomy":"product_cat","embeddable":true,"href":"https:\/\/toys.lt\/lv\/wp-json\/wp\/v2\/product_cat?post=40774"},{"taxonomy":"product_tag","embeddable":true,"href":"https:\/\/toys.lt\/lv\/wp-json\/wp\/v2\/product_tag?post=40774"}],"curies":[{"name":"wp","href":"https:\/\/api.w.org\/{rel}","templated":true}]}}