{"id":30580,"date":"2023-11-13T03:53:19","date_gmt":"2023-11-13T03:53:19","guid":{"rendered":"https:\/\/toys.lt\/?post_type=product&#038;p=30580"},"modified":"2026-04-23T18:01:30","modified_gmt":"2026-04-23T18:01:30","slug":"clementoni-supercolor-maxi-d-lion-disney-frozen-2-60-pcs","status":"publish","type":"product","link":"https:\/\/toys.lt\/lv\/produktas\/clementoni-supercolor-maxi-d-lion-disney-frozen-2-60-pcs\/","title":{"rendered":"Clementoni Supercolor Maxi d\u0117lion\u0117 &#8220;Disney Frozen 2&#8221; 60 pcs"},"content":{"rendered":"<p class=\"MsoNormal\" style=\"text-align: center;\" align=\"center\"><i><span style=\"font-size: 8.5pt; font-family: Verdana, 'sans-serif'; color: #000000;\">Kompanija &#8220;Clementoni&#8221; &#8211; \u012fkurta Italijoje ir\u00a0s\u0117kmingai dirba\u00a0daugiau nei 50 met\u0173! Kompanijos misija &#8211; kurti \u017eaidimus, kurie padeda vaikams augimo procese.\u00a0<\/span><\/i><\/p>\n<p class=\"MsoNormal\" style=\"text-align: center;\" align=\"center\"><i><span style=\"font-size: 8.5pt; font-family: Verdana, 'sans-serif'; color: #000000;\">Vis\u0105 tai skirta patenkinti jaunimo poreikius, atsi\u017evelgiant \u012f \u0161iuolaikines technologijas ir pasaulio \u0161vietimo tendencijas.<\/span><\/i><\/p>\n<p class=\"MsoNormal\" style=\"text-align: center;\" align=\"center\"><i><span style=\"font-size: 8.5pt; font-family: Verdana, 'sans-serif'; color: #000000;\">D\u0117lion\u0117 &#8211; tai puiki pramoga visai \u0161eimai.\u00a0Ram\u016bs ir jauk\u016bs vakarai, praleisti \u0161ios nuostabios veiklos metu, ilgai i\u0161liks j\u016bs\u0173 atmintyje!<\/span><\/i><\/p>\n<p><strong>Savyb\u0117s:<\/strong><\/p>\n<ul style=\"list-style-type: square;\">\n<li style=\"margin: 0px; padding: 0px; font: inherit; border: 0px; color: #0a0a0a; background-color: #fefefe;\">60 dali\u0173 &#8220;Maxi&#8221; d\u0117lion\u0117<\/li>\n<li style=\"margin: 0px; padding: 0px; font: inherit; border: 0px; color: #0a0a0a; background-color: #fefefe;\">Med\u017eiag\u0173 kokyb\u0117 ir i\u0161skirtin\u0117s spausdinimo technikos naudojimas suteikia gra\u017eius, gyvus ir ry\u0161kius vaizdus \u017eaidime<\/li>\n<li style=\"margin: 0px; padding: 0px; font: inherit; border: 0px; color: #0a0a0a; background-color: #fefefe;\">Detal\u0117s pagamintos i\u0161 storo ir kokybi\u0161ko kartono<\/li>\n<li style=\"margin: 0px; padding: 0px; font: inherit; border: 0px; color: #0a0a0a; background-color: #fefefe;\">Lygios ir grak\u0161\u010dios detali\u0173 linijos<\/li>\n<li style=\"margin: 0px; padding: 0px; font: inherit; border: 0px; color: #0a0a0a; background-color: #fefefe;\">Puikus dali\u0173 sujungimas<\/li>\n<li style=\"margin: 0px; padding: 0px; font: inherit; border: 0px; color: #0a0a0a; background-color: #fefefe;\">Skatina rank\u0173 ir aki\u0173 koordinacij\u0105, lavina atmint\u012f,\u00a0motorinius\u00a0\u012fg\u016bd\u017eius, vaizduot\u0119, k\u016brybi\u0161kum\u0105<\/li>\n<\/ul>\n","protected":false},"excerpt":{"rendered":"<p>Prek\u0117s tipas: d\u0117lion\u0117<\/p>\n<p>Prek\u0117s \u017eenklas: Clementoni<\/p>\n<p>Kilm\u0117s \u0161alis: Italija<\/p>\n<p>Dali\u0173 skai\u010dius: 60<\/p>\n<p>Pakuot\u0117s i\u0161matavimai: 37,5 x 6 x 28,3 cm<\/p>\n<p>D\u0117lion\u0117s i\u0161matavimai: 62 x 42 cm<\/p>\n<p>Rekomenduojamas am\u017eius: nuo 4 met\u0173<\/p>\n","protected":false},"featured_media":30581,"comment_status":"open","ping_status":"closed","template":"","meta":[],"product_brand":[384],"product_cat":[388,401,1405],"product_tag":[],"class_list":{"0":"post-30580","1":"product","2":"type-product","3":"status-publish","4":"has-post-thumbnail","6":"product_brand-clementoni-2","7":"product_cat-deliones-puzzle","8":"product_cat-deliones-vaikams","9":"product_cat-pigiausia","10":"pa_dali-skaicius-694","11":"pa_prekes-zenklas-clementoni","12":"pa_tema-disney-herojai","14":"first","15":"instock","16":"sale","17":"taxable","18":"shipping-taxable","19":"purchasable","20":"product-type-simple"},"yoast_head":"<!-- This site is optimized with the Yoast SEO plugin v27.6 - https:\/\/yoast.com\/product\/yoast-seo-wordpress\/ -->\n<title>Clementoni Supercolor Maxi d\u0117lion\u0117 &quot;Disney Frozen 2&quot; 60 pcs - Toys.lt<\/title>\n<meta name=\"robots\" content=\"index, follow, max-snippet:-1, max-image-preview:large, max-video-preview:-1\" \/>\n<link rel=\"canonical\" href=\"https:\/\/toys.lt\/lv\/produktas\/clementoni-supercolor-maxi-d-lion-disney-frozen-2-60-pcs\/\" \/>\n<meta property=\"og:locale\" content=\"lv_LV\" \/>\n<meta property=\"og:type\" content=\"article\" \/>\n<meta property=\"og:title\" content=\"Clementoni Supercolor Maxi d\u0117lion\u0117 &quot;Disney Frozen 2&quot; 60 pcs - Toys.lt\" \/>\n<meta property=\"og:description\" content=\"Prek\u0117s tipas: d\u0117lion\u0117  Prek\u0117s \u017eenklas: Clementoni  Kilm\u0117s \u0161alis: Italija  Dali\u0173 skai\u010dius: 60  Pakuot\u0117s i\u0161matavimai: 37,5 x 6 x 28,3 cm  D\u0117lion\u0117s i\u0161matavimai: 62 x 42 cm  Rekomenduojamas am\u017eius: nuo 4 met\u0173\" \/>\n<meta property=\"og:url\" content=\"https:\/\/toys.lt\/lv\/produktas\/clementoni-supercolor-maxi-d-lion-disney-frozen-2-60-pcs\/\" \/>\n<meta property=\"og:site_name\" content=\"Toys.lt\" \/>\n<meta property=\"article:modified_time\" content=\"2026-04-23T18:01:30+00:00\" \/>\n<meta property=\"og:image\" content=\"https:\/\/toys.lt\/wp-content\/uploads\/2023\/11\/products-5421.jpg\" \/>\n\t<meta property=\"og:image:width\" content=\"1500\" \/>\n\t<meta property=\"og:image:height\" content=\"1087\" \/>\n\t<meta property=\"og:image:type\" content=\"image\/jpeg\" \/>\n<meta name=\"twitter:card\" content=\"summary_large_image\" \/>\n<meta name=\"twitter:label1\" content=\"Est. reading time\" \/>\n\t<meta name=\"twitter:data1\" content=\"1 minute\" \/>\n<script type=\"application\/ld+json\" class=\"yoast-schema-graph\">{\"@context\":\"https:\\\/\\\/schema.org\",\"@graph\":[{\"@type\":\"WebPage\",\"@id\":\"https:\\\/\\\/toys.lt\\\/lv\\\/produktas\\\/clementoni-supercolor-maxi-d-lion-disney-frozen-2-60-pcs\\\/\",\"url\":\"https:\\\/\\\/toys.lt\\\/lv\\\/produktas\\\/clementoni-supercolor-maxi-d-lion-disney-frozen-2-60-pcs\\\/\",\"name\":\"Clementoni Supercolor Maxi d\u0117lion\u0117 \\\"Disney Frozen 2\\\" 60 pcs - Toys.lt\",\"isPartOf\":{\"@id\":\"https:\\\/\\\/toys.lt\\\/lv\\\/#website\"},\"primaryImageOfPage\":{\"@id\":\"https:\\\/\\\/toys.lt\\\/lv\\\/produktas\\\/clementoni-supercolor-maxi-d-lion-disney-frozen-2-60-pcs\\\/#primaryimage\"},\"image\":{\"@id\":\"https:\\\/\\\/toys.lt\\\/lv\\\/produktas\\\/clementoni-supercolor-maxi-d-lion-disney-frozen-2-60-pcs\\\/#primaryimage\"},\"thumbnailUrl\":\"https:\\\/\\\/toys.lt\\\/wp-content\\\/uploads\\\/2023\\\/11\\\/products-5421.jpg\",\"datePublished\":\"2023-11-13T03:53:19+00:00\",\"dateModified\":\"2026-04-23T18:01:30+00:00\",\"breadcrumb\":{\"@id\":\"https:\\\/\\\/toys.lt\\\/lv\\\/produktas\\\/clementoni-supercolor-maxi-d-lion-disney-frozen-2-60-pcs\\\/#breadcrumb\"},\"inLanguage\":\"lv-LV\",\"potentialAction\":[{\"@type\":\"ReadAction\",\"target\":[\"https:\\\/\\\/toys.lt\\\/lv\\\/produktas\\\/clementoni-supercolor-maxi-d-lion-disney-frozen-2-60-pcs\\\/\"]}]},{\"@type\":\"ImageObject\",\"inLanguage\":\"lv-LV\",\"@id\":\"https:\\\/\\\/toys.lt\\\/lv\\\/produktas\\\/clementoni-supercolor-maxi-d-lion-disney-frozen-2-60-pcs\\\/#primaryimage\",\"url\":\"https:\\\/\\\/toys.lt\\\/wp-content\\\/uploads\\\/2023\\\/11\\\/products-5421.jpg\",\"contentUrl\":\"https:\\\/\\\/toys.lt\\\/wp-content\\\/uploads\\\/2023\\\/11\\\/products-5421.jpg\",\"width\":1500,\"height\":1087,\"caption\":\"Clementoni Supercolor Maxi d\u0117lion\u0117 &#8220;Disney Frozen 2&#8221; 60 pcs\"},{\"@type\":\"BreadcrumbList\",\"@id\":\"https:\\\/\\\/toys.lt\\\/lv\\\/produktas\\\/clementoni-supercolor-maxi-d-lion-disney-frozen-2-60-pcs\\\/#breadcrumb\",\"itemListElement\":[{\"@type\":\"ListItem\",\"position\":1,\"name\":\"Home\",\"item\":\"https:\\\/\\\/toys.lt\\\/lv\\\/\"},{\"@type\":\"ListItem\",\"position\":2,\"name\":\"Veikals\",\"item\":\"https:\\\/\\\/toys.lt\\\/lv\\\/shop\\\/\"},{\"@type\":\"ListItem\",\"position\":3,\"name\":\"Clementoni Supercolor Maxi d\u0117lion\u0117 &#8220;Disney Frozen 2&#8221; 60 pcs\"}]},{\"@type\":\"WebSite\",\"@id\":\"https:\\\/\\\/toys.lt\\\/lv\\\/#website\",\"url\":\"https:\\\/\\\/toys.lt\\\/lv\\\/\",\"name\":\"Toys.lt\",\"description\":\"\",\"potentialAction\":[{\"@type\":\"SearchAction\",\"target\":{\"@type\":\"EntryPoint\",\"urlTemplate\":\"https:\\\/\\\/toys.lt\\\/lv\\\/?s={search_term_string}\"},\"query-input\":{\"@type\":\"PropertyValueSpecification\",\"valueRequired\":true,\"valueName\":\"search_term_string\"}}],\"inLanguage\":\"lv-LV\"}]}<\/script>\n<!-- \/ Yoast SEO plugin. -->","yoast_head_json":{"title":"Clementoni Supercolor Maxi d\u0117lion\u0117 \"Disney Frozen 2\" 60 pcs - Toys.lt","robots":{"index":"index","follow":"follow","max-snippet":"max-snippet:-1","max-image-preview":"max-image-preview:large","max-video-preview":"max-video-preview:-1"},"canonical":"https:\/\/toys.lt\/lv\/produktas\/clementoni-supercolor-maxi-d-lion-disney-frozen-2-60-pcs\/","og_locale":"lv_LV","og_type":"article","og_title":"Clementoni Supercolor Maxi d\u0117lion\u0117 \"Disney Frozen 2\" 60 pcs - Toys.lt","og_description":"Prek\u0117s tipas: d\u0117lion\u0117  Prek\u0117s \u017eenklas: Clementoni  Kilm\u0117s \u0161alis: Italija  Dali\u0173 skai\u010dius: 60  Pakuot\u0117s i\u0161matavimai: 37,5 x 6 x 28,3 cm  D\u0117lion\u0117s i\u0161matavimai: 62 x 42 cm  Rekomenduojamas am\u017eius: nuo 4 met\u0173","og_url":"https:\/\/toys.lt\/lv\/produktas\/clementoni-supercolor-maxi-d-lion-disney-frozen-2-60-pcs\/","og_site_name":"Toys.lt","article_modified_time":"2026-04-23T18:01:30+00:00","og_image":[{"width":1500,"height":1087,"url":"https:\/\/toys.lt\/wp-content\/uploads\/2023\/11\/products-5421.jpg","type":"image\/jpeg"}],"twitter_card":"summary_large_image","twitter_misc":{"Est. reading time":"1 minute"},"schema":{"@context":"https:\/\/schema.org","@graph":[{"@type":"WebPage","@id":"https:\/\/toys.lt\/lv\/produktas\/clementoni-supercolor-maxi-d-lion-disney-frozen-2-60-pcs\/","url":"https:\/\/toys.lt\/lv\/produktas\/clementoni-supercolor-maxi-d-lion-disney-frozen-2-60-pcs\/","name":"Clementoni Supercolor Maxi d\u0117lion\u0117 \"Disney Frozen 2\" 60 pcs - Toys.lt","isPartOf":{"@id":"https:\/\/toys.lt\/lv\/#website"},"primaryImageOfPage":{"@id":"https:\/\/toys.lt\/lv\/produktas\/clementoni-supercolor-maxi-d-lion-disney-frozen-2-60-pcs\/#primaryimage"},"image":{"@id":"https:\/\/toys.lt\/lv\/produktas\/clementoni-supercolor-maxi-d-lion-disney-frozen-2-60-pcs\/#primaryimage"},"thumbnailUrl":"https:\/\/toys.lt\/wp-content\/uploads\/2023\/11\/products-5421.jpg","datePublished":"2023-11-13T03:53:19+00:00","dateModified":"2026-04-23T18:01:30+00:00","breadcrumb":{"@id":"https:\/\/toys.lt\/lv\/produktas\/clementoni-supercolor-maxi-d-lion-disney-frozen-2-60-pcs\/#breadcrumb"},"inLanguage":"lv-LV","potentialAction":[{"@type":"ReadAction","target":["https:\/\/toys.lt\/lv\/produktas\/clementoni-supercolor-maxi-d-lion-disney-frozen-2-60-pcs\/"]}]},{"@type":"ImageObject","inLanguage":"lv-LV","@id":"https:\/\/toys.lt\/lv\/produktas\/clementoni-supercolor-maxi-d-lion-disney-frozen-2-60-pcs\/#primaryimage","url":"https:\/\/toys.lt\/wp-content\/uploads\/2023\/11\/products-5421.jpg","contentUrl":"https:\/\/toys.lt\/wp-content\/uploads\/2023\/11\/products-5421.jpg","width":1500,"height":1087,"caption":"Clementoni Supercolor Maxi d\u0117lion\u0117 &#8220;Disney Frozen 2&#8221; 60 pcs"},{"@type":"BreadcrumbList","@id":"https:\/\/toys.lt\/lv\/produktas\/clementoni-supercolor-maxi-d-lion-disney-frozen-2-60-pcs\/#breadcrumb","itemListElement":[{"@type":"ListItem","position":1,"name":"Home","item":"https:\/\/toys.lt\/lv\/"},{"@type":"ListItem","position":2,"name":"Veikals","item":"https:\/\/toys.lt\/lv\/shop\/"},{"@type":"ListItem","position":3,"name":"Clementoni Supercolor Maxi d\u0117lion\u0117 &#8220;Disney Frozen 2&#8221; 60 pcs"}]},{"@type":"WebSite","@id":"https:\/\/toys.lt\/lv\/#website","url":"https:\/\/toys.lt\/lv\/","name":"Toys.lt","description":"","potentialAction":[{"@type":"SearchAction","target":{"@type":"EntryPoint","urlTemplate":"https:\/\/toys.lt\/lv\/?s={search_term_string}"},"query-input":{"@type":"PropertyValueSpecification","valueRequired":true,"valueName":"search_term_string"}}],"inLanguage":"lv-LV"}]}},"_links":{"self":[{"href":"https:\/\/toys.lt\/lv\/wp-json\/wp\/v2\/product\/30580","targetHints":{"allow":["GET"]}}],"collection":[{"href":"https:\/\/toys.lt\/lv\/wp-json\/wp\/v2\/product"}],"about":[{"href":"https:\/\/toys.lt\/lv\/wp-json\/wp\/v2\/types\/product"}],"replies":[{"embeddable":true,"href":"https:\/\/toys.lt\/lv\/wp-json\/wp\/v2\/comments?post=30580"}],"version-history":[{"count":1,"href":"https:\/\/toys.lt\/lv\/wp-json\/wp\/v2\/product\/30580\/revisions"}],"predecessor-version":[{"id":33166,"href":"https:\/\/toys.lt\/lv\/wp-json\/wp\/v2\/product\/30580\/revisions\/33166"}],"wp:featuredmedia":[{"embeddable":true,"href":"https:\/\/toys.lt\/lv\/wp-json\/wp\/v2\/media\/30581"}],"wp:attachment":[{"href":"https:\/\/toys.lt\/lv\/wp-json\/wp\/v2\/media?parent=30580"}],"wp:term":[{"taxonomy":"product_brand","embeddable":true,"href":"https:\/\/toys.lt\/lv\/wp-json\/wp\/v2\/product_brand?post=30580"},{"taxonomy":"product_cat","embeddable":true,"href":"https:\/\/toys.lt\/lv\/wp-json\/wp\/v2\/product_cat?post=30580"},{"taxonomy":"product_tag","embeddable":true,"href":"https:\/\/toys.lt\/lv\/wp-json\/wp\/v2\/product_tag?post=30580"}],"curies":[{"name":"wp","href":"https:\/\/api.w.org\/{rel}","templated":true}]}}