{"id":30492,"date":"2023-11-10T03:32:26","date_gmt":"2023-11-10T03:32:26","guid":{"rendered":"https:\/\/toys.lt\/?post_type=product&#038;p=30492"},"modified":"2026-04-07T00:01:53","modified_gmt":"2026-04-07T00:01:53","slug":"clementoni-superkit-d-lion-domino-frozen-2-2x30-pcs","status":"publish","type":"product","link":"https:\/\/toys.lt\/lv\/produktas\/clementoni-superkit-d-lion-domino-frozen-2-2x30-pcs\/","title":{"rendered":"Clementoni Superkit d\u0117lion\u0117 + domino &#8220;Frozen 2&#8221; 2&#215;30 pcs"},"content":{"rendered":"<p class=\"MsoNormal\" style=\"text-align: center\" align=\"center\"><i><span style=\"font-size: 8.5pt;font-family: Verdana, 'sans-serif';color: #000000\">Kompanija &#8220;Clementoni&#8221; &#8211; \u012fkurta Italijoje ir\u00a0s\u0117kmingai dirba\u00a0daugiau nei 50 met\u0173! Kompanijos misija &#8211; kurti \u017eaidimus, kurie padeda vaikams augimo procese.\u00a0<\/span><\/i><\/p>\n<p class=\"MsoNormal\" style=\"text-align: center\" align=\"center\"><i><span style=\"font-size: 8.5pt;font-family: Verdana, 'sans-serif';color: #000000\">Vis\u0105 tai skirta patenkinti jaunimo poreikius, atsi\u017evelgiant \u012f \u0161iuolaikines technologijas ir pasaulio \u0161vietimo tendencijas.<\/span><\/i><\/p>\n<p class=\"MsoNormal\" style=\"text-align: center\" align=\"center\"><i><span style=\"font-size: 8.5pt;font-family: Verdana, 'sans-serif';color: #000000\">D\u0117lion\u0117 &#8211; tai puiki pramoga visai \u0161eimai.\u00a0Ram\u016bs ir jauk\u016bs vakarai, praleisti \u0161ios nuostabios veiklos metu, ilgai i\u0161liks j\u016bs\u0173 atmintyje!<\/span><\/i><\/p>\n<p><strong>Savyb\u0117s:<\/strong><\/p>\n<ul style=\"list-style-type: square\">\n<li style=\"margin: 0px;padding: 0px;font: inherit;border: 0px\">60 d\u0117lion\u0117s dali\u0173 (2 atskiros po 30 dali\u0173)<\/li>\n<li style=\"margin: 0px;padding: 0px;font: inherit;border: 0px\">Med\u017eiag\u0173 kokyb\u0117 ir i\u0161skirtin\u0117s spausdinimo technikos naudojimas suteikia gra\u017eius, gyvus ir ry\u0161kius vaizdus \u017eaidime<\/li>\n<li style=\"margin: 0px;padding: 0px;font: inherit;border: 0px\">Papildomai prid\u0117tos domino dalys<\/li>\n<li style=\"margin: 0px;padding: 0px;font: inherit;border: 0px\">Detal\u0117s pagamintos i\u0161 storo ir kokybi\u0161ko kartono<\/li>\n<li style=\"margin: 0px;padding: 0px;font: inherit;border: 0px\">Lygios ir grak\u0161\u010dios detali\u0173 linijos<\/li>\n<li style=\"margin: 0px;padding: 0px;font: inherit;border: 0px\">Puikus dali\u0173 sujungimas<\/li>\n<li style=\"margin: 0px;padding: 0px;font: inherit;border: 0px\">Skatina rank\u0173 ir aki\u0173 koordinacij\u0105, lavina atmint\u012f,\u00a0motorinius\u00a0\u012fg\u016bd\u017eius, vaizduot\u0119, k\u016brybi\u0161kum\u0105<\/li>\n<\/ul>\n","protected":false},"excerpt":{"rendered":"<p>Prek\u0117s tipas: d\u0117lion\u0117<\/p>\n<p>Prek\u0117s \u017eenklas: Clementoni<\/p>\n<p>Kilm\u0117s \u0161alis: Italija<\/p>\n<p>Dali\u0173 skai\u010dius: 60<\/p>\n<p>D\u0117lion\u0117s i\u0161matavimai: 37,5 x 28,5 x 5 cm<\/p>\n<p>Rekomenduojamas am\u017eius: nuo 4 met\u0173<\/p>\n","protected":false},"featured_media":30493,"comment_status":"open","ping_status":"closed","template":"","meta":[],"product_brand":[384],"product_cat":[399],"product_tag":[],"class_list":{"0":"post-30492","1":"product","2":"type-product","3":"status-publish","4":"has-post-thumbnail","6":"product_brand-clementoni-2","7":"product_cat-deliones-maziesiems","8":"pa_dali-skaicius-694","9":"pa_prekes-zenklas-clementoni","10":"pa_tema-disney-herojai","12":"first","13":"outofstock","14":"taxable","15":"shipping-taxable","16":"purchasable","17":"product-type-simple"},"yoast_head":"<!-- This site is optimized with the Yoast SEO plugin v26.3 - https:\/\/yoast.com\/wordpress\/plugins\/seo\/ -->\n<title>Clementoni Superkit d\u0117lion\u0117 + domino &quot;Frozen 2&quot; 2x30 pcs - Toys.lt<\/title>\n<meta name=\"robots\" content=\"index, follow, max-snippet:-1, max-image-preview:large, max-video-preview:-1\" \/>\n<link rel=\"canonical\" href=\"https:\/\/toys.lt\/lv\/produktas\/clementoni-superkit-d-lion-domino-frozen-2-2x30-pcs\/\" \/>\n<meta property=\"og:locale\" content=\"lv_LV\" \/>\n<meta property=\"og:type\" content=\"article\" \/>\n<meta property=\"og:title\" content=\"Clementoni Superkit d\u0117lion\u0117 + domino &quot;Frozen 2&quot; 2x30 pcs - Toys.lt\" \/>\n<meta property=\"og:description\" content=\"Prek\u0117s tipas: d\u0117lion\u0117  Prek\u0117s \u017eenklas: Clementoni  Kilm\u0117s \u0161alis: Italija  Dali\u0173 skai\u010dius: 60  D\u0117lion\u0117s i\u0161matavimai: 37,5 x 28,5 x 5 cm  Rekomenduojamas am\u017eius: nuo 4 met\u0173\" \/>\n<meta property=\"og:url\" content=\"https:\/\/toys.lt\/lv\/produktas\/clementoni-superkit-d-lion-domino-frozen-2-2x30-pcs\/\" \/>\n<meta property=\"og:site_name\" content=\"Toys.lt\" \/>\n<meta property=\"article:modified_time\" content=\"2026-04-07T00:01:53+00:00\" \/>\n<meta property=\"og:image\" content=\"https:\/\/toys.lt\/wp-content\/uploads\/2023\/11\/products-5298.jpg\" \/>\n\t<meta property=\"og:image:width\" content=\"1500\" \/>\n\t<meta property=\"og:image:height\" content=\"798\" \/>\n\t<meta property=\"og:image:type\" content=\"image\/jpeg\" \/>\n<meta name=\"twitter:card\" content=\"summary_large_image\" \/>\n<meta name=\"twitter:label1\" content=\"Est. reading time\" \/>\n\t<meta name=\"twitter:data1\" content=\"1 minute\" \/>\n<script type=\"application\/ld+json\" class=\"yoast-schema-graph\">{\"@context\":\"https:\/\/schema.org\",\"@graph\":[{\"@type\":\"WebPage\",\"@id\":\"https:\/\/toys.lt\/lv\/produktas\/clementoni-superkit-d-lion-domino-frozen-2-2x30-pcs\/\",\"url\":\"https:\/\/toys.lt\/lv\/produktas\/clementoni-superkit-d-lion-domino-frozen-2-2x30-pcs\/\",\"name\":\"Clementoni Superkit d\u0117lion\u0117 + domino \\\"Frozen 2\\\" 2x30 pcs - Toys.lt\",\"isPartOf\":{\"@id\":\"https:\/\/toys.lt\/lv\/#website\"},\"primaryImageOfPage\":{\"@id\":\"https:\/\/toys.lt\/lv\/produktas\/clementoni-superkit-d-lion-domino-frozen-2-2x30-pcs\/#primaryimage\"},\"image\":{\"@id\":\"https:\/\/toys.lt\/lv\/produktas\/clementoni-superkit-d-lion-domino-frozen-2-2x30-pcs\/#primaryimage\"},\"thumbnailUrl\":\"https:\/\/toys.lt\/wp-content\/uploads\/2023\/11\/products-5298.jpg\",\"datePublished\":\"2023-11-10T03:32:26+00:00\",\"dateModified\":\"2026-04-07T00:01:53+00:00\",\"breadcrumb\":{\"@id\":\"https:\/\/toys.lt\/lv\/produktas\/clementoni-superkit-d-lion-domino-frozen-2-2x30-pcs\/#breadcrumb\"},\"inLanguage\":\"lv-LV\",\"potentialAction\":[{\"@type\":\"ReadAction\",\"target\":[\"https:\/\/toys.lt\/lv\/produktas\/clementoni-superkit-d-lion-domino-frozen-2-2x30-pcs\/\"]}]},{\"@type\":\"ImageObject\",\"inLanguage\":\"lv-LV\",\"@id\":\"https:\/\/toys.lt\/lv\/produktas\/clementoni-superkit-d-lion-domino-frozen-2-2x30-pcs\/#primaryimage\",\"url\":\"https:\/\/toys.lt\/wp-content\/uploads\/2023\/11\/products-5298.jpg\",\"contentUrl\":\"https:\/\/toys.lt\/wp-content\/uploads\/2023\/11\/products-5298.jpg\",\"width\":1500,\"height\":798,\"caption\":\"Clementoni Superkit d\u0117lion\u0117 + domino &#8220;Frozen 2&#8221; 2&#215;30 pcs\"},{\"@type\":\"BreadcrumbList\",\"@id\":\"https:\/\/toys.lt\/lv\/produktas\/clementoni-superkit-d-lion-domino-frozen-2-2x30-pcs\/#breadcrumb\",\"itemListElement\":[{\"@type\":\"ListItem\",\"position\":1,\"name\":\"Home\",\"item\":\"https:\/\/toys.lt\/lv\/\"},{\"@type\":\"ListItem\",\"position\":2,\"name\":\"Veikals\",\"item\":\"https:\/\/toys.lt\/lv\/shop\/\"},{\"@type\":\"ListItem\",\"position\":3,\"name\":\"Clementoni Superkit d\u0117lion\u0117 + domino &#8222;Frozen 2&#8221; 2&#215;30 pcs\"}]},{\"@type\":\"WebSite\",\"@id\":\"https:\/\/toys.lt\/lv\/#website\",\"url\":\"https:\/\/toys.lt\/lv\/\",\"name\":\"Toys.lt\",\"description\":\"\",\"potentialAction\":[{\"@type\":\"SearchAction\",\"target\":{\"@type\":\"EntryPoint\",\"urlTemplate\":\"https:\/\/toys.lt\/lv\/?s={search_term_string}\"},\"query-input\":{\"@type\":\"PropertyValueSpecification\",\"valueRequired\":true,\"valueName\":\"search_term_string\"}}],\"inLanguage\":\"lv-LV\"}]}<\/script>\n<!-- \/ Yoast SEO plugin. -->","yoast_head_json":{"title":"Clementoni Superkit d\u0117lion\u0117 + domino \"Frozen 2\" 2x30 pcs - Toys.lt","robots":{"index":"index","follow":"follow","max-snippet":"max-snippet:-1","max-image-preview":"max-image-preview:large","max-video-preview":"max-video-preview:-1"},"canonical":"https:\/\/toys.lt\/lv\/produktas\/clementoni-superkit-d-lion-domino-frozen-2-2x30-pcs\/","og_locale":"lv_LV","og_type":"article","og_title":"Clementoni Superkit d\u0117lion\u0117 + domino \"Frozen 2\" 2x30 pcs - Toys.lt","og_description":"Prek\u0117s tipas: d\u0117lion\u0117  Prek\u0117s \u017eenklas: Clementoni  Kilm\u0117s \u0161alis: Italija  Dali\u0173 skai\u010dius: 60  D\u0117lion\u0117s i\u0161matavimai: 37,5 x 28,5 x 5 cm  Rekomenduojamas am\u017eius: nuo 4 met\u0173","og_url":"https:\/\/toys.lt\/lv\/produktas\/clementoni-superkit-d-lion-domino-frozen-2-2x30-pcs\/","og_site_name":"Toys.lt","article_modified_time":"2026-04-07T00:01:53+00:00","og_image":[{"width":1500,"height":798,"url":"https:\/\/toys.lt\/wp-content\/uploads\/2023\/11\/products-5298.jpg","type":"image\/jpeg"}],"twitter_card":"summary_large_image","twitter_misc":{"Est. reading time":"1 minute"},"schema":{"@context":"https:\/\/schema.org","@graph":[{"@type":"WebPage","@id":"https:\/\/toys.lt\/lv\/produktas\/clementoni-superkit-d-lion-domino-frozen-2-2x30-pcs\/","url":"https:\/\/toys.lt\/lv\/produktas\/clementoni-superkit-d-lion-domino-frozen-2-2x30-pcs\/","name":"Clementoni Superkit d\u0117lion\u0117 + domino \"Frozen 2\" 2x30 pcs - Toys.lt","isPartOf":{"@id":"https:\/\/toys.lt\/lv\/#website"},"primaryImageOfPage":{"@id":"https:\/\/toys.lt\/lv\/produktas\/clementoni-superkit-d-lion-domino-frozen-2-2x30-pcs\/#primaryimage"},"image":{"@id":"https:\/\/toys.lt\/lv\/produktas\/clementoni-superkit-d-lion-domino-frozen-2-2x30-pcs\/#primaryimage"},"thumbnailUrl":"https:\/\/toys.lt\/wp-content\/uploads\/2023\/11\/products-5298.jpg","datePublished":"2023-11-10T03:32:26+00:00","dateModified":"2026-04-07T00:01:53+00:00","breadcrumb":{"@id":"https:\/\/toys.lt\/lv\/produktas\/clementoni-superkit-d-lion-domino-frozen-2-2x30-pcs\/#breadcrumb"},"inLanguage":"lv-LV","potentialAction":[{"@type":"ReadAction","target":["https:\/\/toys.lt\/lv\/produktas\/clementoni-superkit-d-lion-domino-frozen-2-2x30-pcs\/"]}]},{"@type":"ImageObject","inLanguage":"lv-LV","@id":"https:\/\/toys.lt\/lv\/produktas\/clementoni-superkit-d-lion-domino-frozen-2-2x30-pcs\/#primaryimage","url":"https:\/\/toys.lt\/wp-content\/uploads\/2023\/11\/products-5298.jpg","contentUrl":"https:\/\/toys.lt\/wp-content\/uploads\/2023\/11\/products-5298.jpg","width":1500,"height":798,"caption":"Clementoni Superkit d\u0117lion\u0117 + domino &#8220;Frozen 2&#8221; 2&#215;30 pcs"},{"@type":"BreadcrumbList","@id":"https:\/\/toys.lt\/lv\/produktas\/clementoni-superkit-d-lion-domino-frozen-2-2x30-pcs\/#breadcrumb","itemListElement":[{"@type":"ListItem","position":1,"name":"Home","item":"https:\/\/toys.lt\/lv\/"},{"@type":"ListItem","position":2,"name":"Veikals","item":"https:\/\/toys.lt\/lv\/shop\/"},{"@type":"ListItem","position":3,"name":"Clementoni Superkit d\u0117lion\u0117 + domino &#8222;Frozen 2&#8221; 2&#215;30 pcs"}]},{"@type":"WebSite","@id":"https:\/\/toys.lt\/lv\/#website","url":"https:\/\/toys.lt\/lv\/","name":"Toys.lt","description":"","potentialAction":[{"@type":"SearchAction","target":{"@type":"EntryPoint","urlTemplate":"https:\/\/toys.lt\/lv\/?s={search_term_string}"},"query-input":{"@type":"PropertyValueSpecification","valueRequired":true,"valueName":"search_term_string"}}],"inLanguage":"lv-LV"}]}},"_links":{"self":[{"href":"https:\/\/toys.lt\/lv\/wp-json\/wp\/v2\/product\/30492","targetHints":{"allow":["GET"]}}],"collection":[{"href":"https:\/\/toys.lt\/lv\/wp-json\/wp\/v2\/product"}],"about":[{"href":"https:\/\/toys.lt\/lv\/wp-json\/wp\/v2\/types\/product"}],"replies":[{"embeddable":true,"href":"https:\/\/toys.lt\/lv\/wp-json\/wp\/v2\/comments?post=30492"}],"version-history":[{"count":2,"href":"https:\/\/toys.lt\/lv\/wp-json\/wp\/v2\/product\/30492\/revisions"}],"predecessor-version":[{"id":43283,"href":"https:\/\/toys.lt\/lv\/wp-json\/wp\/v2\/product\/30492\/revisions\/43283"}],"wp:featuredmedia":[{"embeddable":true,"href":"https:\/\/toys.lt\/lv\/wp-json\/wp\/v2\/media\/30493"}],"wp:attachment":[{"href":"https:\/\/toys.lt\/lv\/wp-json\/wp\/v2\/media?parent=30492"}],"wp:term":[{"taxonomy":"product_brand","embeddable":true,"href":"https:\/\/toys.lt\/lv\/wp-json\/wp\/v2\/product_brand?post=30492"},{"taxonomy":"product_cat","embeddable":true,"href":"https:\/\/toys.lt\/lv\/wp-json\/wp\/v2\/product_cat?post=30492"},{"taxonomy":"product_tag","embeddable":true,"href":"https:\/\/toys.lt\/lv\/wp-json\/wp\/v2\/product_tag?post=30492"}],"curies":[{"name":"wp","href":"https:\/\/api.w.org\/{rel}","templated":true}]}}