{"id":30370,"date":"2023-10-25T23:35:40","date_gmt":"2023-10-25T23:35:40","guid":{"rendered":"https:\/\/toys.lt\/?post_type=product&#038;p=30370"},"modified":"2026-05-11T02:43:11","modified_gmt":"2026-05-11T02:43:11","slug":"clementoni-d-lion-amerigo-vespucci-1000pcs","status":"publish","type":"product","link":"https:\/\/toys.lt\/lv\/produktas\/clementoni-d-lion-amerigo-vespucci-1000pcs\/","title":{"rendered":"Clementoni d\u0117lion\u0117 &#8220;Amerigo Vespucci&#8221; 1000pcs"},"content":{"rendered":"<p><strong>Savyb\u0117s:<\/strong><\/p>\n<ul style=\"list-style-type: square;\">\n<li style=\"margin: 0px; padding: 0px; font: inherit; border: 0px;\">Auk\u0161tos kokyb\u0117s kolekcija<\/li>\n<li style=\"margin: 0px; padding: 0px; font: inherit; border: 0px;\">1000 d\u0117lion\u0117s dali\u0173<\/li>\n<li style=\"margin: 0px; padding: 0px; font: inherit; border: 0px;\">Med\u017eiag\u0173 kokyb\u0117 ir i\u0161skirtin\u0117s spausdinimo technikos naudojimas suteikia gra\u017eius, gyvus ir ry\u0161kius vaizdus<\/li>\n<li style=\"margin: 0px; padding: 0px; font: inherit; border: 0px;\">Detal\u0117s pagamintos i\u0161 storo ir kokybi\u0161ko kartono<\/li>\n<li style=\"margin: 0px; padding: 0px; font: inherit; border: 0px;\">Lygios ir grak\u0161\u010dios detali\u0173 linijos<\/li>\n<li style=\"margin: 0px; padding: 0px; font: inherit; border: 0px;\">Puikus dali\u0173 sujungimas<\/li>\n<li style=\"margin: 0px; padding: 0px; font: inherit; border: 0px;\">Kompanija \u201eClementoni\u201c visada r\u016bpindamasi ekologin\u0117mis problemomis, naudoja daug perdirbam\u0173 med\u017eiag\u0173 ir taip i\u0161vengia ter\u0161ian\u010di\u0173 komponent\u0173<\/li>\n<li style=\"margin: 0px; padding: 0px; font: inherit; border: 0px;\">Skatina rank\u0173 ir aki\u0173 koordinacij\u0105, lavina atmint\u012f,\u00a0motorinius\u00a0\u012fg\u016bd\u017eius, vaizduot\u0119, k\u016brybi\u0161kum\u0105<\/li>\n<\/ul>\n","protected":false},"excerpt":{"rendered":"<p>Prek\u0117s tipas: d\u0117lion\u0117<\/p>\n<p>Prek\u0117s \u017eenklas: Clementoni<\/p>\n<p>Kilm\u0117s \u0161alis: Italija<\/p>\n<p>Pakuot\u0117s i\u0161matavimai: 28 x 5 x 37 cm<\/p>\n<p>Dali\u0173 skai\u010dius: 1000<\/p>\n<p>D\u0117lion\u0117s matmenys: 69 x 50 cm<\/p>\n<p>Rekomenduojamas am\u017eius: nuo 10 met\u0173<\/p>\n","protected":false},"featured_media":30371,"comment_status":"open","ping_status":"closed","template":"","meta":[],"product_brand":[384],"product_cat":[426,1405],"product_tag":[],"class_list":{"0":"post-30370","1":"product","2":"type-product","3":"status-publish","4":"has-post-thumbnail","6":"product_brand-clementoni-2","7":"product_cat-deliones-nuo-500-iki-1000-detaliu","8":"product_cat-pigiausia","9":"pa_amziaus-grupe-83","10":"pa_dali-skaicius-1000-2","11":"pa_prekes-zenklas-clementoni","12":"pa_special-s-pasi-lymai-gera-kaina","13":"pa_tema-transporto-priemon-s","15":"first","16":"instock","17":"sale","18":"taxable","19":"shipping-taxable","20":"purchasable","21":"product-type-simple"},"yoast_head":"<!-- This site is optimized with the Yoast SEO plugin v27.6 - https:\/\/yoast.com\/product\/yoast-seo-wordpress\/ -->\n<title>Clementoni d\u0117lion\u0117 &quot;Amerigo Vespucci&quot; 1000pcs - Toys.lt<\/title>\n<meta name=\"robots\" content=\"index, follow, max-snippet:-1, max-image-preview:large, max-video-preview:-1\" \/>\n<link rel=\"canonical\" href=\"https:\/\/toys.lt\/lv\/produktas\/clementoni-d-lion-amerigo-vespucci-1000pcs\/\" \/>\n<meta property=\"og:locale\" content=\"lv_LV\" \/>\n<meta property=\"og:type\" content=\"article\" \/>\n<meta property=\"og:title\" content=\"Clementoni d\u0117lion\u0117 &quot;Amerigo Vespucci&quot; 1000pcs - Toys.lt\" \/>\n<meta property=\"og:description\" content=\"Prek\u0117s tipas: d\u0117lion\u0117  Prek\u0117s \u017eenklas: Clementoni  Kilm\u0117s \u0161alis: Italija  Pakuot\u0117s i\u0161matavimai: 28 x 5 x 37 cm  Dali\u0173 skai\u010dius: 1000  D\u0117lion\u0117s matmenys: 69 x 50 cm  Rekomenduojamas am\u017eius: nuo 10 met\u0173\" \/>\n<meta property=\"og:url\" content=\"https:\/\/toys.lt\/lv\/produktas\/clementoni-d-lion-amerigo-vespucci-1000pcs\/\" \/>\n<meta property=\"og:site_name\" content=\"Toys.lt\" \/>\n<meta property=\"article:modified_time\" content=\"2026-05-11T02:43:11+00:00\" \/>\n<meta property=\"og:image\" content=\"https:\/\/toys.lt\/wp-content\/uploads\/2023\/10\/products-5124.jpg\" \/>\n\t<meta property=\"og:image:width\" content=\"1136\" \/>\n\t<meta property=\"og:image:height\" content=\"1500\" \/>\n\t<meta property=\"og:image:type\" content=\"image\/jpeg\" \/>\n<meta name=\"twitter:card\" content=\"summary_large_image\" \/>\n<meta name=\"twitter:label1\" content=\"Est. reading time\" \/>\n\t<meta name=\"twitter:data1\" content=\"1 minute\" \/>\n<script type=\"application\/ld+json\" class=\"yoast-schema-graph\">{\"@context\":\"https:\\\/\\\/schema.org\",\"@graph\":[{\"@type\":\"WebPage\",\"@id\":\"https:\\\/\\\/toys.lt\\\/lv\\\/produktas\\\/clementoni-d-lion-amerigo-vespucci-1000pcs\\\/\",\"url\":\"https:\\\/\\\/toys.lt\\\/lv\\\/produktas\\\/clementoni-d-lion-amerigo-vespucci-1000pcs\\\/\",\"name\":\"Clementoni d\u0117lion\u0117 \\\"Amerigo Vespucci\\\" 1000pcs - Toys.lt\",\"isPartOf\":{\"@id\":\"https:\\\/\\\/toys.lt\\\/lv\\\/#website\"},\"primaryImageOfPage\":{\"@id\":\"https:\\\/\\\/toys.lt\\\/lv\\\/produktas\\\/clementoni-d-lion-amerigo-vespucci-1000pcs\\\/#primaryimage\"},\"image\":{\"@id\":\"https:\\\/\\\/toys.lt\\\/lv\\\/produktas\\\/clementoni-d-lion-amerigo-vespucci-1000pcs\\\/#primaryimage\"},\"thumbnailUrl\":\"https:\\\/\\\/toys.lt\\\/wp-content\\\/uploads\\\/2023\\\/10\\\/products-5124.jpg\",\"datePublished\":\"2023-10-25T23:35:40+00:00\",\"dateModified\":\"2026-05-11T02:43:11+00:00\",\"breadcrumb\":{\"@id\":\"https:\\\/\\\/toys.lt\\\/lv\\\/produktas\\\/clementoni-d-lion-amerigo-vespucci-1000pcs\\\/#breadcrumb\"},\"inLanguage\":\"lv-LV\",\"potentialAction\":[{\"@type\":\"ReadAction\",\"target\":[\"https:\\\/\\\/toys.lt\\\/lv\\\/produktas\\\/clementoni-d-lion-amerigo-vespucci-1000pcs\\\/\"]}]},{\"@type\":\"ImageObject\",\"inLanguage\":\"lv-LV\",\"@id\":\"https:\\\/\\\/toys.lt\\\/lv\\\/produktas\\\/clementoni-d-lion-amerigo-vespucci-1000pcs\\\/#primaryimage\",\"url\":\"https:\\\/\\\/toys.lt\\\/wp-content\\\/uploads\\\/2023\\\/10\\\/products-5124.jpg\",\"contentUrl\":\"https:\\\/\\\/toys.lt\\\/wp-content\\\/uploads\\\/2023\\\/10\\\/products-5124.jpg\",\"width\":1136,\"height\":1500,\"caption\":\"Clementoni d\u0117lion\u0117 &#8220;Amerigo Vespucci&#8221; 1000pcs\"},{\"@type\":\"BreadcrumbList\",\"@id\":\"https:\\\/\\\/toys.lt\\\/lv\\\/produktas\\\/clementoni-d-lion-amerigo-vespucci-1000pcs\\\/#breadcrumb\",\"itemListElement\":[{\"@type\":\"ListItem\",\"position\":1,\"name\":\"Home\",\"item\":\"https:\\\/\\\/toys.lt\\\/lv\\\/\"},{\"@type\":\"ListItem\",\"position\":2,\"name\":\"Veikals\",\"item\":\"https:\\\/\\\/toys.lt\\\/lv\\\/shop\\\/\"},{\"@type\":\"ListItem\",\"position\":3,\"name\":\"Clementoni d\u0117lion\u0117 &#8220;Amerigo Vespucci&#8221; 1000pcs\"}]},{\"@type\":\"WebSite\",\"@id\":\"https:\\\/\\\/toys.lt\\\/lv\\\/#website\",\"url\":\"https:\\\/\\\/toys.lt\\\/lv\\\/\",\"name\":\"Toys.lt\",\"description\":\"\",\"potentialAction\":[{\"@type\":\"SearchAction\",\"target\":{\"@type\":\"EntryPoint\",\"urlTemplate\":\"https:\\\/\\\/toys.lt\\\/lv\\\/?s={search_term_string}\"},\"query-input\":{\"@type\":\"PropertyValueSpecification\",\"valueRequired\":true,\"valueName\":\"search_term_string\"}}],\"inLanguage\":\"lv-LV\"}]}<\/script>\n<!-- \/ Yoast SEO plugin. -->","yoast_head_json":{"title":"Clementoni d\u0117lion\u0117 \"Amerigo Vespucci\" 1000pcs - Toys.lt","robots":{"index":"index","follow":"follow","max-snippet":"max-snippet:-1","max-image-preview":"max-image-preview:large","max-video-preview":"max-video-preview:-1"},"canonical":"https:\/\/toys.lt\/lv\/produktas\/clementoni-d-lion-amerigo-vespucci-1000pcs\/","og_locale":"lv_LV","og_type":"article","og_title":"Clementoni d\u0117lion\u0117 \"Amerigo Vespucci\" 1000pcs - Toys.lt","og_description":"Prek\u0117s tipas: d\u0117lion\u0117  Prek\u0117s \u017eenklas: Clementoni  Kilm\u0117s \u0161alis: Italija  Pakuot\u0117s i\u0161matavimai: 28 x 5 x 37 cm  Dali\u0173 skai\u010dius: 1000  D\u0117lion\u0117s matmenys: 69 x 50 cm  Rekomenduojamas am\u017eius: nuo 10 met\u0173","og_url":"https:\/\/toys.lt\/lv\/produktas\/clementoni-d-lion-amerigo-vespucci-1000pcs\/","og_site_name":"Toys.lt","article_modified_time":"2026-05-11T02:43:11+00:00","og_image":[{"width":1136,"height":1500,"url":"https:\/\/toys.lt\/wp-content\/uploads\/2023\/10\/products-5124.jpg","type":"image\/jpeg"}],"twitter_card":"summary_large_image","twitter_misc":{"Est. reading time":"1 minute"},"schema":{"@context":"https:\/\/schema.org","@graph":[{"@type":"WebPage","@id":"https:\/\/toys.lt\/lv\/produktas\/clementoni-d-lion-amerigo-vespucci-1000pcs\/","url":"https:\/\/toys.lt\/lv\/produktas\/clementoni-d-lion-amerigo-vespucci-1000pcs\/","name":"Clementoni d\u0117lion\u0117 \"Amerigo Vespucci\" 1000pcs - Toys.lt","isPartOf":{"@id":"https:\/\/toys.lt\/lv\/#website"},"primaryImageOfPage":{"@id":"https:\/\/toys.lt\/lv\/produktas\/clementoni-d-lion-amerigo-vespucci-1000pcs\/#primaryimage"},"image":{"@id":"https:\/\/toys.lt\/lv\/produktas\/clementoni-d-lion-amerigo-vespucci-1000pcs\/#primaryimage"},"thumbnailUrl":"https:\/\/toys.lt\/wp-content\/uploads\/2023\/10\/products-5124.jpg","datePublished":"2023-10-25T23:35:40+00:00","dateModified":"2026-05-11T02:43:11+00:00","breadcrumb":{"@id":"https:\/\/toys.lt\/lv\/produktas\/clementoni-d-lion-amerigo-vespucci-1000pcs\/#breadcrumb"},"inLanguage":"lv-LV","potentialAction":[{"@type":"ReadAction","target":["https:\/\/toys.lt\/lv\/produktas\/clementoni-d-lion-amerigo-vespucci-1000pcs\/"]}]},{"@type":"ImageObject","inLanguage":"lv-LV","@id":"https:\/\/toys.lt\/lv\/produktas\/clementoni-d-lion-amerigo-vespucci-1000pcs\/#primaryimage","url":"https:\/\/toys.lt\/wp-content\/uploads\/2023\/10\/products-5124.jpg","contentUrl":"https:\/\/toys.lt\/wp-content\/uploads\/2023\/10\/products-5124.jpg","width":1136,"height":1500,"caption":"Clementoni d\u0117lion\u0117 &#8220;Amerigo Vespucci&#8221; 1000pcs"},{"@type":"BreadcrumbList","@id":"https:\/\/toys.lt\/lv\/produktas\/clementoni-d-lion-amerigo-vespucci-1000pcs\/#breadcrumb","itemListElement":[{"@type":"ListItem","position":1,"name":"Home","item":"https:\/\/toys.lt\/lv\/"},{"@type":"ListItem","position":2,"name":"Veikals","item":"https:\/\/toys.lt\/lv\/shop\/"},{"@type":"ListItem","position":3,"name":"Clementoni d\u0117lion\u0117 &#8220;Amerigo Vespucci&#8221; 1000pcs"}]},{"@type":"WebSite","@id":"https:\/\/toys.lt\/lv\/#website","url":"https:\/\/toys.lt\/lv\/","name":"Toys.lt","description":"","potentialAction":[{"@type":"SearchAction","target":{"@type":"EntryPoint","urlTemplate":"https:\/\/toys.lt\/lv\/?s={search_term_string}"},"query-input":{"@type":"PropertyValueSpecification","valueRequired":true,"valueName":"search_term_string"}}],"inLanguage":"lv-LV"}]}},"_links":{"self":[{"href":"https:\/\/toys.lt\/lv\/wp-json\/wp\/v2\/product\/30370","targetHints":{"allow":["GET"]}}],"collection":[{"href":"https:\/\/toys.lt\/lv\/wp-json\/wp\/v2\/product"}],"about":[{"href":"https:\/\/toys.lt\/lv\/wp-json\/wp\/v2\/types\/product"}],"replies":[{"embeddable":true,"href":"https:\/\/toys.lt\/lv\/wp-json\/wp\/v2\/comments?post=30370"}],"version-history":[{"count":4,"href":"https:\/\/toys.lt\/lv\/wp-json\/wp\/v2\/product\/30370\/revisions"}],"predecessor-version":[{"id":47515,"href":"https:\/\/toys.lt\/lv\/wp-json\/wp\/v2\/product\/30370\/revisions\/47515"}],"wp:featuredmedia":[{"embeddable":true,"href":"https:\/\/toys.lt\/lv\/wp-json\/wp\/v2\/media\/30371"}],"wp:attachment":[{"href":"https:\/\/toys.lt\/lv\/wp-json\/wp\/v2\/media?parent=30370"}],"wp:term":[{"taxonomy":"product_brand","embeddable":true,"href":"https:\/\/toys.lt\/lv\/wp-json\/wp\/v2\/product_brand?post=30370"},{"taxonomy":"product_cat","embeddable":true,"href":"https:\/\/toys.lt\/lv\/wp-json\/wp\/v2\/product_cat?post=30370"},{"taxonomy":"product_tag","embeddable":true,"href":"https:\/\/toys.lt\/lv\/wp-json\/wp\/v2\/product_tag?post=30370"}],"curies":[{"name":"wp","href":"https:\/\/api.w.org\/{rel}","templated":true}]}}