{"id":30267,"date":"2023-09-21T03:13:26","date_gmt":"2023-09-21T03:13:26","guid":{"rendered":"https:\/\/toys.lt\/?post_type=product&#038;p=30267"},"modified":"2026-04-16T22:53:03","modified_gmt":"2026-04-16T22:53:03","slug":"clementoni-konstruktorius-roadster-dragster-75079bl","status":"publish","type":"product","link":"https:\/\/toys.lt\/lv\/produktas\/clementoni-konstruktorius-roadster-dragster-75079bl\/","title":{"rendered":"Clementoni konstruktorius &#8220;ROADSTER AND DRAGSTER&#8221;"},"content":{"rendered":"<p class=\"MsoNormal\" style=\"margin: 0px; font-size: medium; color: #7a7a7a; padding: 0px; line-height: inherit; border: 0px; font-family: Roboto, sans-serif; background-color: #fefefe; text-align: center;\" align=\"center\"><i style=\"line-height: inherit; margin: 0px; padding: 0px; border: 0px; font-variant: inherit; font-weight: inherit; font-size: inherit; font-family: inherit;\"><span style=\"margin: 0px; padding: 0px; border: 0px; font-style: inherit; font-variant: inherit; font-weight: inherit; font-size: 8.5pt; line-height: inherit; font-family: Verdana, sans-serif; color: #000000;\">Kompanija &#8220;Clementoni&#8221; &#8211; \u012fkurta Italijoje ir\u00a0s\u0117kmingai dirba\u00a0daugiau nei 50 met\u0173! Kompanijos misija &#8211; kurti \u017eaidimus, kurie padeda vaikams augimo procese.\u00a0<\/span><\/i><\/p>\n<p class=\"MsoNormal\" style=\"margin: 0px; font-size: medium; color: #7a7a7a; padding: 0px; line-height: inherit; border: 0px; font-family: Roboto, sans-serif; background-color: #fefefe; text-align: center;\" align=\"center\"><i style=\"line-height: inherit; margin: 0px; padding: 0px; border: 0px; font-variant: inherit; font-weight: inherit; font-size: inherit; font-family: inherit;\"><span style=\"margin: 0px; padding: 0px; border: 0px; font-style: inherit; font-variant: inherit; font-weight: inherit; font-size: 8.5pt; line-height: inherit; font-family: Verdana, sans-serif; color: #000000;\">Vis\u0105 tai skirta patenkinti jaunimo poreikius, atsi\u017evelgiant \u012f \u0161iuolaikines technologijas ir pasaulio \u0161vietimo tendencijas.<\/span><\/i><\/p>\n<p data-start=\"589\" data-end=\"853\">Clementoni \u201eRoadster &amp; Dragster\u201c \u2013 STEM serijos konstruktorius, skirtas motocikl\u0173 gerb\u0117jams. Rinkinyje yra <strong data-start=\"720\" data-end=\"735\">130 detali\u0173<\/strong>, i\u0161 kuri\u0173 galima sukonstruoti net du skirtingus motocikl\u0173 modelius \u2013 klasikin\u012f \u201eRoadster\u201c ir lenktynin\u012f \u201eDragster\u201c.<\/p>\n<p data-start=\"855\" data-end=\"1039\">Naudojant pridedam\u0105 naudotojo vadov\u0105, surinkimas tampa paprastas ir \u012ftraukiantis. Tai puiki priemon\u0117 susipa\u017einti su in\u017einerijos ir mechanikos pagrindais bei lavinti technin\u012f m\u0105stym\u0105.<\/p>\n<p data-start=\"1041\" data-end=\"1055\"><strong data-start=\"1041\" data-end=\"1053\">Savyb\u0117s:<\/strong><\/p>\n<ul data-start=\"1056\" data-end=\"1268\">\n<li data-start=\"1056\" data-end=\"1109\">\n<p data-start=\"1058\" data-end=\"1109\">Galima surinkti 2 modelius: Roadster ir Dragster;<\/p>\n<\/li>\n<li data-start=\"1110\" data-end=\"1141\">\n<p data-start=\"1112\" data-end=\"1141\">130 detali\u0173 konstruktorius;<\/p>\n<\/li>\n<li data-start=\"1142\" data-end=\"1178\">\n<p data-start=\"1144\" data-end=\"1178\">Komplekte yra naudotojo vadovas;<\/p>\n<\/li>\n<li data-start=\"1179\" data-end=\"1268\">\n<p data-start=\"1181\" data-end=\"1268\">Lavina k\u016brybi\u0161kum\u0105, login\u012f m\u0105stym\u0105, problem\u0173 sprendimo \u012fg\u016bd\u017eius ir technin\u012f suvokim\u0105.<\/p>\n<\/li>\n<\/ul>\n<p data-start=\"1270\" data-end=\"1499\"><strong data-start=\"1270\" data-end=\"1299\">Kiti techniniai duomenys:<\/strong><br data-start=\"1299\" data-end=\"1302\" \/>Am\u017eiaus rekomendacija: nuo 8 met\u0173.<br data-start=\"1336\" data-end=\"1339\" \/>Serija: Science &amp; Play \u2013 Mechanics.<br data-start=\"1374\" data-end=\"1377\" \/>Pagaminta Italijoje.<br data-start=\"1397\" data-end=\"1400\" \/>Saugumo \u012fsp\u0117jimas: netinka vaikams iki 3 met\u0173 (36 m\u0117n.) d\u0117l smulki\u0173 detali\u0173 \u2013 pavojus u\u017espringti.<\/p>\n","protected":false},"excerpt":{"rendered":"<p>Prek\u0117s tipas:\u00a0mokomasis<\/p>\n<p>Prek\u0117s \u017eenklas: Clementoni<\/p>\n<p>Kilm\u0117s \u0161alis:\u00a0Italija<\/p>\n<p>Pakuot\u0117s i\u0161matavimai: 27 x 18 x 4 cm<\/p>\n<p>Rekomenduojamas am\u017eius: nuo\u00a08 met\u0173<\/p>\n","protected":false},"featured_media":30268,"comment_status":"open","ping_status":"closed","template":"","meta":[],"product_brand":[384],"product_cat":[418,385],"product_tag":[],"class_list":{"0":"post-30267","1":"product","2":"type-product","3":"status-publish","4":"has-post-thumbnail","6":"product_brand-clementoni-2","7":"product_cat-pigu","8":"product_cat-konstruktoriai-2","9":"pa_amziaus-grupe-81","10":"pa_prek-s-tipas-konstruktoriai-ir-kalad-l-s","11":"pa_prekes-zenklas-clementoni","13":"first","14":"instock","15":"taxable","16":"shipping-taxable","17":"purchasable","18":"product-type-simple"},"yoast_head":"<!-- This site is optimized with the Yoast SEO plugin v26.3 - https:\/\/yoast.com\/wordpress\/plugins\/seo\/ -->\n<title>Clementoni konstruktorius &quot;ROADSTER AND DRAGSTER&quot; - Toys.lt<\/title>\n<meta name=\"description\" content=\"Clementoni konstruktorius Roadster &amp; Dragster i\u0161 130 detali\u0173. Surink 2 motocikl\u0173 modelius, lavink k\u016brybi\u0161kum\u0105 ir atrask mechanikos pagrindus.\" \/>\n<meta name=\"robots\" content=\"index, follow, max-snippet:-1, max-image-preview:large, max-video-preview:-1\" \/>\n<link rel=\"canonical\" href=\"https:\/\/toys.lt\/lv\/produktas\/clementoni-konstruktorius-roadster-dragster-75079bl\/\" \/>\n<meta property=\"og:locale\" content=\"lv_LV\" \/>\n<meta property=\"og:type\" content=\"article\" \/>\n<meta property=\"og:title\" content=\"Clementoni konstruktorius &quot;ROADSTER AND DRAGSTER&quot; - Toys.lt\" \/>\n<meta property=\"og:description\" content=\"Clementoni konstruktorius Roadster &amp; Dragster i\u0161 130 detali\u0173. Surink 2 motocikl\u0173 modelius, lavink k\u016brybi\u0161kum\u0105 ir atrask mechanikos pagrindus.\" \/>\n<meta property=\"og:url\" content=\"https:\/\/toys.lt\/lv\/produktas\/clementoni-konstruktorius-roadster-dragster-75079bl\/\" \/>\n<meta property=\"og:site_name\" content=\"Toys.lt\" \/>\n<meta property=\"article:modified_time\" content=\"2026-04-16T22:53:03+00:00\" \/>\n<meta property=\"og:image\" content=\"https:\/\/toys.lt\/wp-content\/uploads\/2023\/09\/products-4958-1300x800.jpg\" \/>\n\t<meta property=\"og:image:width\" content=\"1300\" \/>\n\t<meta property=\"og:image:height\" content=\"800\" \/>\n\t<meta property=\"og:image:type\" content=\"image\/jpeg\" \/>\n<meta name=\"twitter:card\" content=\"summary_large_image\" \/>\n<meta name=\"twitter:label1\" content=\"Est. reading time\" \/>\n\t<meta name=\"twitter:data1\" content=\"1 minute\" \/>\n<script type=\"application\/ld+json\" class=\"yoast-schema-graph\">{\"@context\":\"https:\/\/schema.org\",\"@graph\":[{\"@type\":\"WebPage\",\"@id\":\"https:\/\/toys.lt\/lv\/produktas\/clementoni-konstruktorius-roadster-dragster-75079bl\/\",\"url\":\"https:\/\/toys.lt\/lv\/produktas\/clementoni-konstruktorius-roadster-dragster-75079bl\/\",\"name\":\"Clementoni konstruktorius \\\"ROADSTER AND DRAGSTER\\\" - Toys.lt\",\"isPartOf\":{\"@id\":\"https:\/\/toys.lt\/lv\/#website\"},\"primaryImageOfPage\":{\"@id\":\"https:\/\/toys.lt\/lv\/produktas\/clementoni-konstruktorius-roadster-dragster-75079bl\/#primaryimage\"},\"image\":{\"@id\":\"https:\/\/toys.lt\/lv\/produktas\/clementoni-konstruktorius-roadster-dragster-75079bl\/#primaryimage\"},\"thumbnailUrl\":\"https:\/\/toys.lt\/wp-content\/uploads\/2023\/09\/products-4958.jpg\",\"datePublished\":\"2023-09-21T03:13:26+00:00\",\"dateModified\":\"2026-04-16T22:53:03+00:00\",\"description\":\"Clementoni konstruktorius Roadster & Dragster i\u0161 130 detali\u0173. Surink 2 motocikl\u0173 modelius, lavink k\u016brybi\u0161kum\u0105 ir atrask mechanikos pagrindus.\",\"breadcrumb\":{\"@id\":\"https:\/\/toys.lt\/lv\/produktas\/clementoni-konstruktorius-roadster-dragster-75079bl\/#breadcrumb\"},\"inLanguage\":\"lv-LV\",\"potentialAction\":[{\"@type\":\"ReadAction\",\"target\":[\"https:\/\/toys.lt\/lv\/produktas\/clementoni-konstruktorius-roadster-dragster-75079bl\/\"]}]},{\"@type\":\"ImageObject\",\"inLanguage\":\"lv-LV\",\"@id\":\"https:\/\/toys.lt\/lv\/produktas\/clementoni-konstruktorius-roadster-dragster-75079bl\/#primaryimage\",\"url\":\"https:\/\/toys.lt\/wp-content\/uploads\/2023\/09\/products-4958.jpg\",\"contentUrl\":\"https:\/\/toys.lt\/wp-content\/uploads\/2023\/09\/products-4958.jpg\",\"width\":1061,\"height\":772,\"caption\":\"Clementoni konstruktorius &#8220;ROADSTER AND DRAGSTER&#8221;\"},{\"@type\":\"BreadcrumbList\",\"@id\":\"https:\/\/toys.lt\/lv\/produktas\/clementoni-konstruktorius-roadster-dragster-75079bl\/#breadcrumb\",\"itemListElement\":[{\"@type\":\"ListItem\",\"position\":1,\"name\":\"Home\",\"item\":\"https:\/\/toys.lt\/lv\/\"},{\"@type\":\"ListItem\",\"position\":2,\"name\":\"Veikals\",\"item\":\"https:\/\/toys.lt\/lv\/shop\/\"},{\"@type\":\"ListItem\",\"position\":3,\"name\":\"Clementoni konstruktorius &#8222;ROADSTER AND DRAGSTER&#8221;\"}]},{\"@type\":\"WebSite\",\"@id\":\"https:\/\/toys.lt\/lv\/#website\",\"url\":\"https:\/\/toys.lt\/lv\/\",\"name\":\"Toys.lt\",\"description\":\"\",\"potentialAction\":[{\"@type\":\"SearchAction\",\"target\":{\"@type\":\"EntryPoint\",\"urlTemplate\":\"https:\/\/toys.lt\/lv\/?s={search_term_string}\"},\"query-input\":{\"@type\":\"PropertyValueSpecification\",\"valueRequired\":true,\"valueName\":\"search_term_string\"}}],\"inLanguage\":\"lv-LV\"}]}<\/script>\n<!-- \/ Yoast SEO plugin. -->","yoast_head_json":{"title":"Clementoni konstruktorius \"ROADSTER AND DRAGSTER\" - Toys.lt","description":"Clementoni konstruktorius Roadster & Dragster i\u0161 130 detali\u0173. Surink 2 motocikl\u0173 modelius, lavink k\u016brybi\u0161kum\u0105 ir atrask mechanikos pagrindus.","robots":{"index":"index","follow":"follow","max-snippet":"max-snippet:-1","max-image-preview":"max-image-preview:large","max-video-preview":"max-video-preview:-1"},"canonical":"https:\/\/toys.lt\/lv\/produktas\/clementoni-konstruktorius-roadster-dragster-75079bl\/","og_locale":"lv_LV","og_type":"article","og_title":"Clementoni konstruktorius \"ROADSTER AND DRAGSTER\" - Toys.lt","og_description":"Clementoni konstruktorius Roadster & Dragster i\u0161 130 detali\u0173. Surink 2 motocikl\u0173 modelius, lavink k\u016brybi\u0161kum\u0105 ir atrask mechanikos pagrindus.","og_url":"https:\/\/toys.lt\/lv\/produktas\/clementoni-konstruktorius-roadster-dragster-75079bl\/","og_site_name":"Toys.lt","article_modified_time":"2026-04-16T22:53:03+00:00","og_image":[{"width":1300,"height":800,"url":"https:\/\/toys.lt\/wp-content\/uploads\/2023\/09\/products-4958-1300x800.jpg","type":"image\/jpeg"}],"twitter_card":"summary_large_image","twitter_misc":{"Est. reading time":"1 minute"},"schema":{"@context":"https:\/\/schema.org","@graph":[{"@type":"WebPage","@id":"https:\/\/toys.lt\/lv\/produktas\/clementoni-konstruktorius-roadster-dragster-75079bl\/","url":"https:\/\/toys.lt\/lv\/produktas\/clementoni-konstruktorius-roadster-dragster-75079bl\/","name":"Clementoni konstruktorius \"ROADSTER AND DRAGSTER\" - Toys.lt","isPartOf":{"@id":"https:\/\/toys.lt\/lv\/#website"},"primaryImageOfPage":{"@id":"https:\/\/toys.lt\/lv\/produktas\/clementoni-konstruktorius-roadster-dragster-75079bl\/#primaryimage"},"image":{"@id":"https:\/\/toys.lt\/lv\/produktas\/clementoni-konstruktorius-roadster-dragster-75079bl\/#primaryimage"},"thumbnailUrl":"https:\/\/toys.lt\/wp-content\/uploads\/2023\/09\/products-4958.jpg","datePublished":"2023-09-21T03:13:26+00:00","dateModified":"2026-04-16T22:53:03+00:00","description":"Clementoni konstruktorius Roadster & Dragster i\u0161 130 detali\u0173. Surink 2 motocikl\u0173 modelius, lavink k\u016brybi\u0161kum\u0105 ir atrask mechanikos pagrindus.","breadcrumb":{"@id":"https:\/\/toys.lt\/lv\/produktas\/clementoni-konstruktorius-roadster-dragster-75079bl\/#breadcrumb"},"inLanguage":"lv-LV","potentialAction":[{"@type":"ReadAction","target":["https:\/\/toys.lt\/lv\/produktas\/clementoni-konstruktorius-roadster-dragster-75079bl\/"]}]},{"@type":"ImageObject","inLanguage":"lv-LV","@id":"https:\/\/toys.lt\/lv\/produktas\/clementoni-konstruktorius-roadster-dragster-75079bl\/#primaryimage","url":"https:\/\/toys.lt\/wp-content\/uploads\/2023\/09\/products-4958.jpg","contentUrl":"https:\/\/toys.lt\/wp-content\/uploads\/2023\/09\/products-4958.jpg","width":1061,"height":772,"caption":"Clementoni konstruktorius &#8220;ROADSTER AND DRAGSTER&#8221;"},{"@type":"BreadcrumbList","@id":"https:\/\/toys.lt\/lv\/produktas\/clementoni-konstruktorius-roadster-dragster-75079bl\/#breadcrumb","itemListElement":[{"@type":"ListItem","position":1,"name":"Home","item":"https:\/\/toys.lt\/lv\/"},{"@type":"ListItem","position":2,"name":"Veikals","item":"https:\/\/toys.lt\/lv\/shop\/"},{"@type":"ListItem","position":3,"name":"Clementoni konstruktorius &#8222;ROADSTER AND DRAGSTER&#8221;"}]},{"@type":"WebSite","@id":"https:\/\/toys.lt\/lv\/#website","url":"https:\/\/toys.lt\/lv\/","name":"Toys.lt","description":"","potentialAction":[{"@type":"SearchAction","target":{"@type":"EntryPoint","urlTemplate":"https:\/\/toys.lt\/lv\/?s={search_term_string}"},"query-input":{"@type":"PropertyValueSpecification","valueRequired":true,"valueName":"search_term_string"}}],"inLanguage":"lv-LV"}]}},"_links":{"self":[{"href":"https:\/\/toys.lt\/lv\/wp-json\/wp\/v2\/product\/30267","targetHints":{"allow":["GET"]}}],"collection":[{"href":"https:\/\/toys.lt\/lv\/wp-json\/wp\/v2\/product"}],"about":[{"href":"https:\/\/toys.lt\/lv\/wp-json\/wp\/v2\/types\/product"}],"replies":[{"embeddable":true,"href":"https:\/\/toys.lt\/lv\/wp-json\/wp\/v2\/comments?post=30267"}],"version-history":[{"count":4,"href":"https:\/\/toys.lt\/lv\/wp-json\/wp\/v2\/product\/30267\/revisions"}],"predecessor-version":[{"id":44307,"href":"https:\/\/toys.lt\/lv\/wp-json\/wp\/v2\/product\/30267\/revisions\/44307"}],"wp:featuredmedia":[{"embeddable":true,"href":"https:\/\/toys.lt\/lv\/wp-json\/wp\/v2\/media\/30268"}],"wp:attachment":[{"href":"https:\/\/toys.lt\/lv\/wp-json\/wp\/v2\/media?parent=30267"}],"wp:term":[{"taxonomy":"product_brand","embeddable":true,"href":"https:\/\/toys.lt\/lv\/wp-json\/wp\/v2\/product_brand?post=30267"},{"taxonomy":"product_cat","embeddable":true,"href":"https:\/\/toys.lt\/lv\/wp-json\/wp\/v2\/product_cat?post=30267"},{"taxonomy":"product_tag","embeddable":true,"href":"https:\/\/toys.lt\/lv\/wp-json\/wp\/v2\/product_tag?post=30267"}],"curies":[{"name":"wp","href":"https:\/\/api.w.org\/{rel}","templated":true}]}}