{"id":30258,"date":"2023-09-21T02:59:17","date_gmt":"2023-09-21T02:59:17","guid":{"rendered":"https:\/\/toys.lt\/?post_type=product&#038;p=30258"},"modified":"2026-04-29T00:28:53","modified_gmt":"2026-04-29T00:28:53","slug":"clementoni-konstruktorius-mechanical-labs-firefighting-helicopter","status":"publish","type":"product","link":"https:\/\/toys.lt\/lv\/produktas\/clementoni-konstruktorius-mechanical-labs-firefighting-helicopter\/","title":{"rendered":"Clementoni konstruktorius &#8220;Firefighting Helicopter\u201c"},"content":{"rendered":"<p class=\"MsoNormal\" style=\"margin: 0px; font-size: medium; color: #7a7a7a; padding: 0px; line-height: inherit; border: 0px; font-family: Roboto, sans-serif; background-color: #fefefe; text-align: center;\" align=\"center\"><i style=\"line-height: inherit; margin: 0px; padding: 0px; border: 0px; font-variant: inherit; font-weight: inherit; font-size: inherit; font-family: inherit;\"><span style=\"margin: 0px; padding: 0px; border: 0px; font-style: inherit; font-variant: inherit; font-weight: inherit; font-size: 8.5pt; line-height: inherit; font-family: Verdana, sans-serif; color: #000000;\">Kompanija &#8220;Clementoni&#8221; &#8211; \u012fkurta Italijoje ir\u00a0s\u0117kmingai dirba\u00a0daugiau nei 50 met\u0173! Kompanijos misija &#8211; kurti \u017eaidimus, kurie padeda vaikams augimo procese.\u00a0<\/span><\/i><\/p>\n<p class=\"MsoNormal\" style=\"margin: 0px; font-size: medium; color: #7a7a7a; padding: 0px; line-height: inherit; border: 0px; font-family: Roboto, sans-serif; background-color: #fefefe; text-align: center;\" align=\"center\"><i style=\"line-height: inherit; margin: 0px; padding: 0px; border: 0px; font-variant: inherit; font-weight: inherit; font-size: inherit; font-family: inherit;\"><span style=\"margin: 0px; padding: 0px; border: 0px; font-style: inherit; font-variant: inherit; font-weight: inherit; font-size: 8.5pt; line-height: inherit; font-family: Verdana, sans-serif; color: #000000;\">Vis\u0105 tai skirta patenkinti jaunimo poreikius, atsi\u017evelgiant \u012f \u0161iuolaikines technologijas ir pasaulio \u0161vietimo tendencijas.<\/span><\/i><\/p>\n<p data-start=\"883\" data-end=\"1185\">Clementoni \u201eMechanical Labs \u2013 Firefighting Helicopter\u201c \u2013 \u012ftraukiantis STEM konstruktorius, leid\u017eiantis surinkti net 2 skirtingus sraigtasparni\u0173 modelius. Rinkinyje yra 160 detali\u0173 ir i\u0161samus naudotojo vadovas, padedantis \u017eingsnis po \u017eingsnio sukonstruoti veikian\u010dius modelius.<\/p>\n<p data-start=\"1187\" data-end=\"1388\">Tai puiki priemon\u0117 vaikams susipa\u017einti su mechanikos principais, lavinti k\u016brybi\u0161kum\u0105, login\u012f m\u0105stym\u0105 ir rank\u0173 miklum\u0105. Sukurtas specialiai tiems, kurie nori derinti \u017eaidim\u0105 su in\u017einerijos pagrindais.<\/p>\n<p data-start=\"1390\" data-end=\"1404\"><strong data-start=\"1390\" data-end=\"1402\">Savyb\u0117s:<\/strong><\/p>\n<ul data-start=\"1405\" data-end=\"1653\">\n<li data-start=\"1405\" data-end=\"1462\">\n<p data-start=\"1407\" data-end=\"1462\">Galima surinkti 2 skirtingus sraigtasparni\u0173 modelius;<\/p>\n<\/li>\n<li data-start=\"1463\" data-end=\"1493\">\n<p data-start=\"1465\" data-end=\"1493\">Rinkinyje yra 160 detali\u0173;<\/p>\n<\/li>\n<li data-start=\"1494\" data-end=\"1563\">\n<p data-start=\"1496\" data-end=\"1563\">Komplekte prid\u0117tas naudotojo vadovas su surinkimo instrukcijomis;<\/p>\n<\/li>\n<li data-start=\"1564\" data-end=\"1653\">\n<p data-start=\"1566\" data-end=\"1653\">Lavina k\u016brybi\u0161kum\u0105, problem\u0173 sprendimo \u012fg\u016bd\u017eius, login\u012f m\u0105stym\u0105 ir technin\u012f suvokim\u0105.<\/p>\n<\/li>\n<\/ul>\n<p data-start=\"1655\" data-end=\"1880\"><strong data-start=\"1655\" data-end=\"1684\">Kiti techniniai duomenys:<\/strong><br data-start=\"1684\" data-end=\"1687\" \/>Am\u017eiaus rekomendacija: nuo 8 met\u0173.<br data-start=\"1721\" data-end=\"1724\" \/>Serija: Science &amp; Play \u2013 Mechanical Labs.<br data-start=\"1765\" data-end=\"1768\" \/>Pagaminta Italijoje.<br data-start=\"1788\" data-end=\"1791\" \/>Saugumo \u012fsp\u0117jimas: netinka vaikams iki 3 met\u0173 d\u0117l smulki\u0173 detali\u0173 (pavojus u\u017espringti).<\/p>\n","protected":false},"excerpt":{"rendered":"<p>Prek\u0117s tipas:\u00a0mokomasis<\/p>\n<p>Prek\u0117s \u017eenklas: Clementoni<\/p>\n<p>Kilm\u0117s \u0161alis:\u00a0Italija<\/p>\n<p>Pakuot\u0117s i\u0161matavimai: 27 x 18 x 4 cm<\/p>\n<p>Rekomenduojamas am\u017eius: nuo\u00a08 met\u0173<\/p>\n","protected":false},"featured_media":30259,"comment_status":"open","ping_status":"closed","template":"","meta":[],"product_brand":[384],"product_cat":[418,385],"product_tag":[],"class_list":{"0":"post-30258","1":"product","2":"type-product","3":"status-publish","4":"has-post-thumbnail","6":"product_brand-clementoni-2","7":"product_cat-pigu","8":"product_cat-konstruktoriai-2","9":"pa_amziaus-grupe-81","10":"pa_prek-s-tipas-konstruktoriai-ir-kalad-l-s","11":"pa_prekes-zenklas-clementoni","13":"first","14":"instock","15":"sale","16":"taxable","17":"shipping-taxable","18":"purchasable","19":"product-type-simple"},"yoast_head":"<!-- This site is optimized with the Yoast SEO plugin v26.3 - https:\/\/yoast.com\/wordpress\/plugins\/seo\/ -->\n<title>Clementoni konstruktorius &quot;Firefighting Helicopter\u201c - Toys.lt<\/title>\n<meta name=\"description\" content=\"Clementoni konstruktorius \u201eMechanical Labs \u2013 Firefighting Helicopter\u201c i\u0161 160 detali\u0173. Sukurk 2 sraigtasparnio modelius ir atrask mechanikos pagrindus.\" \/>\n<meta name=\"robots\" content=\"index, follow, max-snippet:-1, max-image-preview:large, max-video-preview:-1\" \/>\n<link rel=\"canonical\" href=\"https:\/\/toys.lt\/lv\/produktas\/clementoni-konstruktorius-mechanical-labs-firefighting-helicopter\/\" \/>\n<meta property=\"og:locale\" content=\"lv_LV\" \/>\n<meta property=\"og:type\" content=\"article\" \/>\n<meta property=\"og:title\" content=\"Clementoni konstruktorius &quot;Firefighting Helicopter\u201c - Toys.lt\" \/>\n<meta property=\"og:description\" content=\"Clementoni konstruktorius \u201eMechanical Labs \u2013 Firefighting Helicopter\u201c i\u0161 160 detali\u0173. Sukurk 2 sraigtasparnio modelius ir atrask mechanikos pagrindus.\" \/>\n<meta property=\"og:url\" content=\"https:\/\/toys.lt\/lv\/produktas\/clementoni-konstruktorius-mechanical-labs-firefighting-helicopter\/\" \/>\n<meta property=\"og:site_name\" content=\"Toys.lt\" \/>\n<meta property=\"article:modified_time\" content=\"2026-04-29T00:28:53+00:00\" \/>\n<meta property=\"og:image\" content=\"https:\/\/toys.lt\/wp-content\/uploads\/2023\/09\/products-4946.jpg\" \/>\n\t<meta property=\"og:image:width\" content=\"1280\" \/>\n\t<meta property=\"og:image:height\" content=\"1042\" \/>\n\t<meta property=\"og:image:type\" content=\"image\/jpeg\" \/>\n<meta name=\"twitter:card\" content=\"summary_large_image\" \/>\n<meta name=\"twitter:label1\" content=\"Est. reading time\" \/>\n\t<meta name=\"twitter:data1\" content=\"1 minute\" \/>\n<script type=\"application\/ld+json\" class=\"yoast-schema-graph\">{\"@context\":\"https:\/\/schema.org\",\"@graph\":[{\"@type\":\"WebPage\",\"@id\":\"https:\/\/toys.lt\/lv\/produktas\/clementoni-konstruktorius-mechanical-labs-firefighting-helicopter\/\",\"url\":\"https:\/\/toys.lt\/lv\/produktas\/clementoni-konstruktorius-mechanical-labs-firefighting-helicopter\/\",\"name\":\"Clementoni konstruktorius \\\"Firefighting Helicopter\u201c - Toys.lt\",\"isPartOf\":{\"@id\":\"https:\/\/toys.lt\/lv\/#website\"},\"primaryImageOfPage\":{\"@id\":\"https:\/\/toys.lt\/lv\/produktas\/clementoni-konstruktorius-mechanical-labs-firefighting-helicopter\/#primaryimage\"},\"image\":{\"@id\":\"https:\/\/toys.lt\/lv\/produktas\/clementoni-konstruktorius-mechanical-labs-firefighting-helicopter\/#primaryimage\"},\"thumbnailUrl\":\"https:\/\/toys.lt\/wp-content\/uploads\/2023\/09\/products-4946.jpg\",\"datePublished\":\"2023-09-21T02:59:17+00:00\",\"dateModified\":\"2026-04-29T00:28:53+00:00\",\"description\":\"Clementoni konstruktorius \u201eMechanical Labs \u2013 Firefighting Helicopter\u201c i\u0161 160 detali\u0173. Sukurk 2 sraigtasparnio modelius ir atrask mechanikos pagrindus.\",\"breadcrumb\":{\"@id\":\"https:\/\/toys.lt\/lv\/produktas\/clementoni-konstruktorius-mechanical-labs-firefighting-helicopter\/#breadcrumb\"},\"inLanguage\":\"lv-LV\",\"potentialAction\":[{\"@type\":\"ReadAction\",\"target\":[\"https:\/\/toys.lt\/lv\/produktas\/clementoni-konstruktorius-mechanical-labs-firefighting-helicopter\/\"]}]},{\"@type\":\"ImageObject\",\"inLanguage\":\"lv-LV\",\"@id\":\"https:\/\/toys.lt\/lv\/produktas\/clementoni-konstruktorius-mechanical-labs-firefighting-helicopter\/#primaryimage\",\"url\":\"https:\/\/toys.lt\/wp-content\/uploads\/2023\/09\/products-4946.jpg\",\"contentUrl\":\"https:\/\/toys.lt\/wp-content\/uploads\/2023\/09\/products-4946.jpg\",\"width\":1280,\"height\":1042,\"caption\":\"Clementoni konstruktorius &#8220;FIREFIGHTING HELICOPTER&#8221;\"},{\"@type\":\"BreadcrumbList\",\"@id\":\"https:\/\/toys.lt\/lv\/produktas\/clementoni-konstruktorius-mechanical-labs-firefighting-helicopter\/#breadcrumb\",\"itemListElement\":[{\"@type\":\"ListItem\",\"position\":1,\"name\":\"Home\",\"item\":\"https:\/\/toys.lt\/lv\/\"},{\"@type\":\"ListItem\",\"position\":2,\"name\":\"Veikals\",\"item\":\"https:\/\/toys.lt\/lv\/shop\/\"},{\"@type\":\"ListItem\",\"position\":3,\"name\":\"Clementoni konstruktorius &#8222;Firefighting Helicopter\u201c\"}]},{\"@type\":\"WebSite\",\"@id\":\"https:\/\/toys.lt\/lv\/#website\",\"url\":\"https:\/\/toys.lt\/lv\/\",\"name\":\"Toys.lt\",\"description\":\"\",\"potentialAction\":[{\"@type\":\"SearchAction\",\"target\":{\"@type\":\"EntryPoint\",\"urlTemplate\":\"https:\/\/toys.lt\/lv\/?s={search_term_string}\"},\"query-input\":{\"@type\":\"PropertyValueSpecification\",\"valueRequired\":true,\"valueName\":\"search_term_string\"}}],\"inLanguage\":\"lv-LV\"}]}<\/script>\n<!-- \/ Yoast SEO plugin. -->","yoast_head_json":{"title":"Clementoni konstruktorius \"Firefighting Helicopter\u201c - Toys.lt","description":"Clementoni konstruktorius \u201eMechanical Labs \u2013 Firefighting Helicopter\u201c i\u0161 160 detali\u0173. Sukurk 2 sraigtasparnio modelius ir atrask mechanikos pagrindus.","robots":{"index":"index","follow":"follow","max-snippet":"max-snippet:-1","max-image-preview":"max-image-preview:large","max-video-preview":"max-video-preview:-1"},"canonical":"https:\/\/toys.lt\/lv\/produktas\/clementoni-konstruktorius-mechanical-labs-firefighting-helicopter\/","og_locale":"lv_LV","og_type":"article","og_title":"Clementoni konstruktorius \"Firefighting Helicopter\u201c - Toys.lt","og_description":"Clementoni konstruktorius \u201eMechanical Labs \u2013 Firefighting Helicopter\u201c i\u0161 160 detali\u0173. Sukurk 2 sraigtasparnio modelius ir atrask mechanikos pagrindus.","og_url":"https:\/\/toys.lt\/lv\/produktas\/clementoni-konstruktorius-mechanical-labs-firefighting-helicopter\/","og_site_name":"Toys.lt","article_modified_time":"2026-04-29T00:28:53+00:00","og_image":[{"width":1280,"height":1042,"url":"https:\/\/toys.lt\/wp-content\/uploads\/2023\/09\/products-4946.jpg","type":"image\/jpeg"}],"twitter_card":"summary_large_image","twitter_misc":{"Est. reading time":"1 minute"},"schema":{"@context":"https:\/\/schema.org","@graph":[{"@type":"WebPage","@id":"https:\/\/toys.lt\/lv\/produktas\/clementoni-konstruktorius-mechanical-labs-firefighting-helicopter\/","url":"https:\/\/toys.lt\/lv\/produktas\/clementoni-konstruktorius-mechanical-labs-firefighting-helicopter\/","name":"Clementoni konstruktorius \"Firefighting Helicopter\u201c - Toys.lt","isPartOf":{"@id":"https:\/\/toys.lt\/lv\/#website"},"primaryImageOfPage":{"@id":"https:\/\/toys.lt\/lv\/produktas\/clementoni-konstruktorius-mechanical-labs-firefighting-helicopter\/#primaryimage"},"image":{"@id":"https:\/\/toys.lt\/lv\/produktas\/clementoni-konstruktorius-mechanical-labs-firefighting-helicopter\/#primaryimage"},"thumbnailUrl":"https:\/\/toys.lt\/wp-content\/uploads\/2023\/09\/products-4946.jpg","datePublished":"2023-09-21T02:59:17+00:00","dateModified":"2026-04-29T00:28:53+00:00","description":"Clementoni konstruktorius \u201eMechanical Labs \u2013 Firefighting Helicopter\u201c i\u0161 160 detali\u0173. Sukurk 2 sraigtasparnio modelius ir atrask mechanikos pagrindus.","breadcrumb":{"@id":"https:\/\/toys.lt\/lv\/produktas\/clementoni-konstruktorius-mechanical-labs-firefighting-helicopter\/#breadcrumb"},"inLanguage":"lv-LV","potentialAction":[{"@type":"ReadAction","target":["https:\/\/toys.lt\/lv\/produktas\/clementoni-konstruktorius-mechanical-labs-firefighting-helicopter\/"]}]},{"@type":"ImageObject","inLanguage":"lv-LV","@id":"https:\/\/toys.lt\/lv\/produktas\/clementoni-konstruktorius-mechanical-labs-firefighting-helicopter\/#primaryimage","url":"https:\/\/toys.lt\/wp-content\/uploads\/2023\/09\/products-4946.jpg","contentUrl":"https:\/\/toys.lt\/wp-content\/uploads\/2023\/09\/products-4946.jpg","width":1280,"height":1042,"caption":"Clementoni konstruktorius &#8220;FIREFIGHTING HELICOPTER&#8221;"},{"@type":"BreadcrumbList","@id":"https:\/\/toys.lt\/lv\/produktas\/clementoni-konstruktorius-mechanical-labs-firefighting-helicopter\/#breadcrumb","itemListElement":[{"@type":"ListItem","position":1,"name":"Home","item":"https:\/\/toys.lt\/lv\/"},{"@type":"ListItem","position":2,"name":"Veikals","item":"https:\/\/toys.lt\/lv\/shop\/"},{"@type":"ListItem","position":3,"name":"Clementoni konstruktorius &#8222;Firefighting Helicopter\u201c"}]},{"@type":"WebSite","@id":"https:\/\/toys.lt\/lv\/#website","url":"https:\/\/toys.lt\/lv\/","name":"Toys.lt","description":"","potentialAction":[{"@type":"SearchAction","target":{"@type":"EntryPoint","urlTemplate":"https:\/\/toys.lt\/lv\/?s={search_term_string}"},"query-input":{"@type":"PropertyValueSpecification","valueRequired":true,"valueName":"search_term_string"}}],"inLanguage":"lv-LV"}]}},"_links":{"self":[{"href":"https:\/\/toys.lt\/lv\/wp-json\/wp\/v2\/product\/30258","targetHints":{"allow":["GET"]}}],"collection":[{"href":"https:\/\/toys.lt\/lv\/wp-json\/wp\/v2\/product"}],"about":[{"href":"https:\/\/toys.lt\/lv\/wp-json\/wp\/v2\/types\/product"}],"replies":[{"embeddable":true,"href":"https:\/\/toys.lt\/lv\/wp-json\/wp\/v2\/comments?post=30258"}],"version-history":[{"count":4,"href":"https:\/\/toys.lt\/lv\/wp-json\/wp\/v2\/product\/30258\/revisions"}],"predecessor-version":[{"id":44300,"href":"https:\/\/toys.lt\/lv\/wp-json\/wp\/v2\/product\/30258\/revisions\/44300"}],"wp:featuredmedia":[{"embeddable":true,"href":"https:\/\/toys.lt\/lv\/wp-json\/wp\/v2\/media\/30259"}],"wp:attachment":[{"href":"https:\/\/toys.lt\/lv\/wp-json\/wp\/v2\/media?parent=30258"}],"wp:term":[{"taxonomy":"product_brand","embeddable":true,"href":"https:\/\/toys.lt\/lv\/wp-json\/wp\/v2\/product_brand?post=30258"},{"taxonomy":"product_cat","embeddable":true,"href":"https:\/\/toys.lt\/lv\/wp-json\/wp\/v2\/product_cat?post=30258"},{"taxonomy":"product_tag","embeddable":true,"href":"https:\/\/toys.lt\/lv\/wp-json\/wp\/v2\/product_tag?post=30258"}],"curies":[{"name":"wp","href":"https:\/\/api.w.org\/{rel}","templated":true}]}}